{"id":1848,"date":"2018-02-08T10:41:24","date_gmt":"2018-02-08T09:41:24","guid":{"rendered":"http:\/\/agora.xtec.cat\/ceipponent-granollers\/?page_id=1848"},"modified":"2018-02-14T23:52:17","modified_gmt":"2018-02-14T22:52:17","slug":"projecte-de-convivencia-pdc","status":"publish","type":"page","link":"https:\/\/agora.xtec.cat\/ceipponent-granollers\/casal-destiu\/projecte-de-convivencia-pdc\/","title":{"rendered":"Projecte de Conviv\u00e8ncia (PdC)"},"content":{"rendered":"<p>Al llarg del curs 2016-2017 l&#8217;escola va elaborar el protocol de conviv\u00e8ncia que estem portant a terme amb \u00e8xit des d&#8217;aleshores.<\/p>\n<p>Us adjuntem el protocol per a que pogueu veure quines tasques i actuacions s&#8217;estan portant a terme tant a nivell d&#8217;aula com de centre com d&#8217;entorn per a millorar la conviv\u00e8ncia entre els nostres alumnes.<\/p>\n<p style=\"text-align: center;\"><a href=\"http:\/\/agora.xtec.cat\/ceipponent-granollers\/wp-content\/uploads\/usu1522\/2018\/02\/mans.png\"><img loading=\"lazy\" decoding=\"async\" class=\"alignnone size-medium wp-image-1852\" src=\"http:\/\/agora.xtec.cat\/ceipponent-granollers\/wp-content\/uploads\/usu1522\/2018\/02\/mans-300x288.png\" alt=\"\" width=\"300\" height=\"288\" srcset=\"https:\/\/agora.xtec.cat\/ceipponent-granollers\/wp-content\/uploads\/usu1522\/2018\/02\/mans-300x288.png 300w, https:\/\/agora.xtec.cat\/ceipponent-granollers\/wp-content\/uploads\/usu1522\/2018\/02\/mans.png 738w\" sizes=\"auto, (max-width: 300px) 100vw, 300px\" \/><\/a><\/p>\n<p style=\"text-align: center;\">Protocol de conviv\u00e8ncia:<\/p>\n<p style=\"text-align: center;\"><a href=\"http:\/\/agora.xtec.cat\/ceipponent-granollers\/wp-content\/uploads\/usu1522\/2018\/02\/PROTOCOL-de-CONVIV\u00c8NCIA-escola-Ponent.pdf\">PROTOCOL de CONVIV\u00c8NCIA escola Ponent<\/a><\/p>\n<p style=\"text-align: center;\">\n","protected":false},"excerpt":{"rendered":"<p>Al llarg del curs 2016-2017 l&#8217;escola va elaborar el protocol de conviv\u00e8ncia que estem portant a terme amb \u00e8xit des d&#8217;aleshores.<br \/>\nUs adjuntem el protocol per a que pogueu veure quines tasques i actuacions s&#8217;estan portant a terme tant a nivell d&#8217;aula com de centre com&hellip;  <a href=\"https:\/\/agora.xtec.cat\/ceipponent-granollers\/casal-destiu\/projecte-de-convivencia-pdc\/\" title=\"Read Projecte de Conviv\u00e8ncia (PdC)\">Llegeix m\u00e9s\u00bb<\/a><\/p>\n","protected":false},"author":1,"featured_media":0,"parent":82,"menu_order":3,"comment_status":"closed","ping_status":"closed","template":"page-templates\/side-menu.php","meta":{"_bbp_topic_count":0,"_bbp_reply_count":0,"_bbp_total_topic_count":0,"_bbp_total_reply_count":0,"_bbp_voice_count":0,"_bbp_anonymous_reply_count":0,"_bbp_topic_count_hidden":0,"_bbp_reply_count_hidden":0,"_bbp_forum_subforum_count":0,"footnotes":""},"class_list":["post-1848","page","type-page","status-publish","hentry"],"post_mailing_queue_ids":[],"_links":{"self":[{"href":"https:\/\/agora.xtec.cat\/ceipponent-granollers\/wp-json\/wp\/v2\/pages\/1848","targetHints":{"allow":["GET"]}}],"collection":[{"href":"https:\/\/agora.xtec.cat\/ceipponent-granollers\/wp-json\/wp\/v2\/pages"}],"about":[{"href":"https:\/\/agora.xtec.cat\/ceipponent-granollers\/wp-json\/wp\/v2\/types\/page"}],"author":[{"embeddable":true,"href":"https:\/\/agora.xtec.cat\/ceipponent-granollers\/wp-json\/wp\/v2\/users\/1"}],"replies":[{"embeddable":true,"href":"https:\/\/agora.xtec.cat\/ceipponent-granollers\/wp-json\/wp\/v2\/comments?post=1848"}],"version-history":[{"count":3,"href":"https:\/\/agora.xtec.cat\/ceipponent-granollers\/wp-json\/wp\/v2\/pages\/1848\/revisions"}],"predecessor-version":[{"id":1940,"href":"https:\/\/agora.xtec.cat\/ceipponent-granollers\/wp-json\/wp\/v2\/pages\/1848\/revisions\/1940"}],"up":[{"embeddable":true,"href":"https:\/\/agora.xtec.cat\/ceipponent-granollers\/wp-json\/wp\/v2\/pages\/82"}],"wp:attachment":[{"href":"https:\/\/agora.xtec.cat\/ceipponent-granollers\/wp-json\/wp\/v2\/media?parent=1848"}],"curies":[{"name":"wp","href":"https:\/\/api.w.org\/{rel}","templated":true}]}}