{"id":1839,"date":"2018-02-08T10:25:31","date_gmt":"2018-02-08T09:25:31","guid":{"rendered":"http:\/\/agora.xtec.cat\/ceipponent-granollers\/?page_id=1839"},"modified":"2018-02-08T11:23:10","modified_gmt":"2018-02-08T10:23:10","slug":"projectes-escola","status":"publish","type":"page","link":"https:\/\/agora.xtec.cat\/ceipponent-granollers\/projectes-escola\/","title":{"rendered":"PROJECTES ESCOLA"},"content":{"rendered":"<p>L&#8217;escola Ponent potencia l&#8217;art i el pluriling\u00fcisme al m\u00e0xim, per aquest motiu desenvolupa els seg\u00fcents projectes:<\/p>\n<ul>\n<li>Teatre<\/li>\n<li>Assignatures en angl\u00e8s i English Day: science, arts &amp; crafts, pla lector i angl\u00e8s<\/li>\n<li>Setmana Cultral<\/li>\n<li>Cant\u00e0nia<\/li>\n<li>Compet\u00e8ncia digital<\/li>\n<li>Matem\u00e0tiques manipulatives i vivencials<\/li>\n<li>Hort<\/li>\n<\/ul>\n","protected":false},"excerpt":{"rendered":"<p>L&#8217;escola Ponent potencia l&#8217;art i el pluriling\u00fcisme al m\u00e0xim, per aquest motiu desenvolupa els seg\u00fcents projectes:<\/p>\n<ul>\n<li>Teatre<\/li>\n<li>Assignatures en angl\u00e8s i English Day: science, arts &amp; crafts, pla lector i angl\u00e8s<\/li>\n<li>Setmana Cultral<\/li>\n<li>Cant\u00e0nia<\/li>\n<li>Compet\u00e8ncia digital<\/li>\n<li>Matem\u00e0tiques manipulatives i vivencials<\/li>\n<li>Hort<\/li>\n<\/ul>\n","protected":false},"author":1,"featured_media":0,"parent":0,"menu_order":3,"comment_status":"closed","ping_status":"closed","template":"page-templates\/side-menu.php","meta":{"_bbp_topic_count":0,"_bbp_reply_count":0,"_bbp_total_topic_count":0,"_bbp_total_reply_count":0,"_bbp_voice_count":0,"_bbp_anonymous_reply_count":0,"_bbp_topic_count_hidden":0,"_bbp_reply_count_hidden":0,"_bbp_forum_subforum_count":0,"footnotes":""},"class_list":["post-1839","page","type-page","status-publish","hentry"],"post_mailing_queue_ids":[],"_links":{"self":[{"href":"https:\/\/agora.xtec.cat\/ceipponent-granollers\/wp-json\/wp\/v2\/pages\/1839","targetHints":{"allow":["GET"]}}],"collection":[{"href":"https:\/\/agora.xtec.cat\/ceipponent-granollers\/wp-json\/wp\/v2\/pages"}],"about":[{"href":"https:\/\/agora.xtec.cat\/ceipponent-granollers\/wp-json\/wp\/v2\/types\/page"}],"author":[{"embeddable":true,"href":"https:\/\/agora.xtec.cat\/ceipponent-granollers\/wp-json\/wp\/v2\/users\/1"}],"replies":[{"embeddable":true,"href":"https:\/\/agora.xtec.cat\/ceipponent-granollers\/wp-json\/wp\/v2\/comments?post=1839"}],"version-history":[{"count":1,"href":"https:\/\/agora.xtec.cat\/ceipponent-granollers\/wp-json\/wp\/v2\/pages\/1839\/revisions"}],"predecessor-version":[{"id":1840,"href":"https:\/\/agora.xtec.cat\/ceipponent-granollers\/wp-json\/wp\/v2\/pages\/1839\/revisions\/1840"}],"wp:attachment":[{"href":"https:\/\/agora.xtec.cat\/ceipponent-granollers\/wp-json\/wp\/v2\/media?parent=1839"}],"curies":[{"name":"wp","href":"https:\/\/api.w.org\/{rel}","templated":true}]}}