{"id":1583,"date":"2018-01-12T15:50:24","date_gmt":"2018-01-12T14:50:24","guid":{"rendered":"http:\/\/agora.xtec.cat\/ceipponent-granollers\/?page_id=1583"},"modified":"2020-02-02T23:48:15","modified_gmt":"2020-02-02T22:48:15","slug":"mares-i-pares-delegats","status":"publish","type":"page","link":"https:\/\/agora.xtec.cat\/ceipponent-granollers\/ampa\/mares-i-pares-delegats\/","title":{"rendered":"Mares i pares delegats"},"content":{"rendered":"<p>Cada classe t\u00e9 un pare o mare delegat, que representa a les fam\u00edlies de la classe i actua com a interlocutor amb els mestres i l&#8217;escola. Per aix\u00f2, els pares i mares delegats tenen un rol clau en l&#8217;engranatge educatiu de l&#8217;escola.<\/p>\n<p>&nbsp;<\/p>\n<p>Els pares i mares Delegats:<\/p>\n<ul>\n<li>Participen a les reunions bimensuals que es fan amb l&#8217;equip directiu de l&#8217;escola<\/li>\n<li>Fan de transmisors\/es d&#8217;informacions als altres pares i mares de la classe.<\/li>\n<li>Participen i col\u00b7laboren a la neteja i repartici\u00f3 de la fruita que ens porta el Departament d&#8217;Esducaci\u00f3 un cop al mes dins del programa &#8220;Fruita a les escoles&#8221;<\/li>\n<li>Pregunten dubtes de les seves classes als mestres i\/o a l&#8217;Equip Directiu com a portaveus dels altres pares de la classe.<\/li>\n<li>S\u00d3N IPORTANTS!!!!!!<\/li>\n<\/ul>\n<p>&nbsp;<\/p>\n<p>Si vols formar part dels pares i mares delegats de Ponent nom\u00e9s ho has de dir a la reuni\u00f3 d&#8217;inici de curs i ja podr\u00e0s participar de les reunions.<\/p>\n<p>&nbsp;<\/p>\n<p style=\"text-align: center;\"><strong>ANIMA&#8217;T A PARTICIPAR DE LA VIDA DI\u00c0RIA DE L&#8217;ESCOLA DELS TEUS FILLS I FILLES!!!!<\/strong><\/p>\n<p>&nbsp;<\/p>\n<p><img decoding=\"async\" class=\"aligncenter\" src=\"https:\/\/lh3.googleusercontent.com\/proxy\/JJwi0nBXnu9WdgPMr-hmijj-1XtOaM8SqT_NmwoAnhx6u4O5GFEW4-qrRmHCrfpMmafcwYu0OTM0yyD2q6FN6qM--hGMahp7lPQCNOmAduZzD9a3jybY4I90f1A\" alt=\"Resultat d'imatges de reunions\" \/><\/p>\n<p>&nbsp;<\/p>\n<p>&nbsp;<\/p>\n<p>&nbsp;<\/p>\n","protected":false},"excerpt":{"rendered":"<p>Cada classe t\u00e9 un pare o mare delegat, que representa a les fam\u00edlies de la classe i actua com a interlocutor amb els mestres i l&#8217;escola. Per aix\u00f2, els pares i mares delegats tenen un rol clau en l&#8217;engranatge educatiu de l&#8217;escola.<br \/>\n&nbsp;<br \/>\nEls pares i mares&hellip;  <a href=\"https:\/\/agora.xtec.cat\/ceipponent-granollers\/ampa\/mares-i-pares-delegats\/\" title=\"Read Mares i pares delegats\">Llegeix m\u00e9s\u00bb<\/a><\/p>\n","protected":false},"author":25,"featured_media":0,"parent":1468,"menu_order":3,"comment_status":"closed","ping_status":"closed","template":"page-templates\/side-menu.php","meta":{"_bbp_topic_count":0,"_bbp_reply_count":0,"_bbp_total_topic_count":0,"_bbp_total_reply_count":0,"_bbp_voice_count":0,"_bbp_anonymous_reply_count":0,"_bbp_topic_count_hidden":0,"_bbp_reply_count_hidden":0,"_bbp_forum_subforum_count":0,"footnotes":""},"class_list":["post-1583","page","type-page","status-publish","hentry"],"post_mailing_queue_ids":[],"_links":{"self":[{"href":"https:\/\/agora.xtec.cat\/ceipponent-granollers\/wp-json\/wp\/v2\/pages\/1583","targetHints":{"allow":["GET"]}}],"collection":[{"href":"https:\/\/agora.xtec.cat\/ceipponent-granollers\/wp-json\/wp\/v2\/pages"}],"about":[{"href":"https:\/\/agora.xtec.cat\/ceipponent-granollers\/wp-json\/wp\/v2\/types\/page"}],"author":[{"embeddable":true,"href":"https:\/\/agora.xtec.cat\/ceipponent-granollers\/wp-json\/wp\/v2\/users\/25"}],"replies":[{"embeddable":true,"href":"https:\/\/agora.xtec.cat\/ceipponent-granollers\/wp-json\/wp\/v2\/comments?post=1583"}],"version-history":[{"count":4,"href":"https:\/\/agora.xtec.cat\/ceipponent-granollers\/wp-json\/wp\/v2\/pages\/1583\/revisions"}],"predecessor-version":[{"id":4854,"href":"https:\/\/agora.xtec.cat\/ceipponent-granollers\/wp-json\/wp\/v2\/pages\/1583\/revisions\/4854"}],"up":[{"embeddable":true,"href":"https:\/\/agora.xtec.cat\/ceipponent-granollers\/wp-json\/wp\/v2\/pages\/1468"}],"wp:attachment":[{"href":"https:\/\/agora.xtec.cat\/ceipponent-granollers\/wp-json\/wp\/v2\/media?parent=1583"}],"curies":[{"name":"wp","href":"https:\/\/api.w.org\/{rel}","templated":true}]}}