{"id":1474,"date":"2018-01-04T17:12:01","date_gmt":"2018-01-04T16:12:01","guid":{"rendered":"http:\/\/agora.xtec.cat\/ceipponent-granollers\/?page_id=1474"},"modified":"2018-01-22T23:14:29","modified_gmt":"2018-01-22T22:14:29","slug":"com-puc-collaborar-hi","status":"publish","type":"page","link":"https:\/\/agora.xtec.cat\/ceipponent-granollers\/ampa\/com-puc-collaborar-hi\/","title":{"rendered":"Com puc col\u00b7laborar-hi?"},"content":{"rendered":"<p>Tots els pares i mares de l\u2019Escola Ponent poden col\u00b7laborar amb l\u2019AMPA. Nom\u00e9s cal que decideixis de quant temps disposes i en quina activitat t\u2019agradaria participar:<\/p>\n<ul>\n<li>Col\u00b7laborar amb un<a href=\"http:\/\/agora.xtec.cat\/ceipponent-granollers\/ampa\/grups-de-treball\/\" target=\"_blank\" rel=\"noopener noreferrer\"> grup de treball o comissi\u00f3<\/a>: menjador, biblioteca, hort, festes, taller de mares i pares, comunicaci\u00f3, etc.<\/li>\n<li>Ajudar puntualment en les activitats: festes, mercadets, etc.<\/li>\n<li>Fer de delegat o delegada dels pares i mares de la teva classe<\/li>\n<li>Representar l\u2019AMPA al Consell Escolar de l\u2019escola<\/li>\n<li>Assistir a les assemblees anuals de l\u2019AMPA per con\u00e8ixer com s&#8217;hi treballa<\/li>\n<\/ul>\n<p style=\"text-align: center;\"><iframe loading=\"lazy\" src=\"\/\/www.youtube.com\/embed\/VFYaQUJTlVk\" width=\"560\" height=\"314\" allowfullscreen=\"allowfullscreen\"><\/iframe><\/p>\n<p>Per qu\u00e8 haig de col\u00b7laborar amb l\u2019AMPA?<\/p>\n<ul>\n<li>Perqu\u00e8 com a mares i pares la nostra preocupaci\u00f3 principal \u00e9s <span style=\"color: #1489cc;\">l\u2019\u00e8xit educatiu dels nostres fills i filles<\/span>.<\/li>\n<li>Perqu\u00e8 com a mares i pares <span style=\"color: #1489cc;\">volem construir un m\u00f3n i una comunitat millors<\/span> per als nostres fills i filles: inclusiva, equitativa i democr\u00e0tica.<\/li>\n<li><span style=\"color: #1489cc;\">Perqu\u00e8 la comunitat educativa som tots i totes.<\/span><\/li>\n<li><span style=\"color: #1489cc;\">Perqu\u00e8 com a AMPA podem exercir un paper important <\/span>en la creaci\u00f3 de capacitats i oportunitats d\u2019organitzaci\u00f3, de comunicaci\u00f3, de treball col\u00b7laboratiu i en xarxa.<\/li>\n<\/ul>\n<p>&nbsp;<\/p>\n<p>I, recorda: tots i totes som de l\u2019AMPA!<\/p>\n","protected":false},"excerpt":{"rendered":"<p>Tots els pares i mares de l\u2019Escola Ponent poden col\u00b7laborar amb l\u2019AMPA. Nom\u00e9s cal que decideixis de quant temps disposes i en quina activitat t\u2019agradaria participar:<\/p>\n<ul>\n<li>Col\u00b7laborar amb un<a href=\"http:\/\/agora.xtec.cat\/ceipponent-granollers\/ampa\/grups-de-treball\/\" target=\"_blank\" rel=\"noopener noreferrer\"> grup de treball o comissi\u00f3<\/a>: menjador, biblioteca, hort, festes, taller de mares i&hellip;  <a href=\"https:\/\/agora.xtec.cat\/ceipponent-granollers\/ampa\/com-puc-collaborar-hi\/\" title=\"Read Com puc col\u00b7laborar-hi?\">Llegeix m\u00e9s\u00bb<\/a><br \/>\n","protected":false},"author":25,"featured_media":0,"parent":1468,"menu_order":0,"comment_status":"closed","ping_status":"closed","template":"page-templates\/side-menu.php","meta":{"_bbp_topic_count":0,"_bbp_reply_count":0,"_bbp_total_topic_count":0,"_bbp_total_reply_count":0,"_bbp_voice_count":0,"_bbp_anonymous_reply_count":0,"_bbp_topic_count_hidden":0,"_bbp_reply_count_hidden":0,"_bbp_forum_subforum_count":0,"footnotes":""},"class_list":["post-1474","page","type-page","status-publish","hentry"],"post_mailing_queue_ids":[],"_links":{"self":[{"href":"https:\/\/agora.xtec.cat\/ceipponent-granollers\/wp-json\/wp\/v2\/pages\/1474","targetHints":{"allow":["GET"]}}],"collection":[{"href":"https:\/\/agora.xtec.cat\/ceipponent-granollers\/wp-json\/wp\/v2\/pages"}],"about":[{"href":"https:\/\/agora.xtec.cat\/ceipponent-granollers\/wp-json\/wp\/v2\/types\/page"}],"author":[{"embeddable":true,"href":"https:\/\/agora.xtec.cat\/ceipponent-granollers\/wp-json\/wp\/v2\/users\/25"}],"replies":[{"embeddable":true,"href":"https:\/\/agora.xtec.cat\/ceipponent-granollers\/wp-json\/wp\/v2\/comments?post=1474"}],"version-history":[{"count":3,"href":"https:\/\/agora.xtec.cat\/ceipponent-granollers\/wp-json\/wp\/v2\/pages\/1474\/revisions"}],"predecessor-version":[{"id":1605,"href":"https:\/\/agora.xtec.cat\/ceipponent-granollers\/wp-json\/wp\/v2\/pages\/1474\/revisions\/1605"}],"up":[{"embeddable":true,"href":"https:\/\/agora.xtec.cat\/ceipponent-granollers\/wp-json\/wp\/v2\/pages\/1468"}],"wp:attachment":[{"href":"https:\/\/agora.xtec.cat\/ceipponent-granollers\/wp-json\/wp\/v2\/media?parent=1474"}],"curies":[{"name":"wp","href":"https:\/\/api.w.org\/{rel}","templated":true}]}}