{"id":14395,"date":"2025-10-20T13:51:14","date_gmt":"2025-10-20T11:51:14","guid":{"rendered":"https:\/\/agora.xtec.cat\/ceipponent-granollers\/?page_id=14395"},"modified":"2025-11-07T16:11:14","modified_gmt":"2025-11-07T15:11:14","slug":"autoritzacions-i-documents-del-centre","status":"publish","type":"page","link":"https:\/\/agora.xtec.cat\/ceipponent-granollers\/autoritzacions-i-documents-del-centre\/","title":{"rendered":"Autoritzacions i documents del centre"},"content":{"rendered":"<p data-start=\"158\" data-end=\"421\">En aquest espai les fam\u00edlies podeu trobar tots els documents i autoritzacions oficials que l\u2019escola utilitza al llarg del curs. L\u2019objectiu \u00e9s facilitar-ne l\u2019acc\u00e9s, garantir la transpar\u00e8ncia i assegurar que totes les gestions es puguin fer de manera \u00e0gil i c\u00f2moda.<\/p>\n<p data-start=\"423\" data-end=\"476\">Aqu\u00ed hi trobareu les autoritzacions relacionades amb:<\/p>\n<ul>\n<li data-start=\"423\" data-end=\"476\"><a href=\"https:\/\/drive.google.com\/file\/d\/1W56hrAx0twz7u7S9udeTxcpiAqGKbF2P\/view?usp=sharing\">Carta de Comprom\u00eds Educatiu.<\/a><\/li>\n<li data-start=\"423\" data-end=\"476\"><a href=\"https:\/\/drive.google.com\/file\/d\/1-ate8u0pIJV0egqjP1HzKyJXDcfUt2Jk\/view?usp=sharing\">Drets d&#8217;imatge per Educaci\u00f3 Infantil.<\/a><\/li>\n<li data-start=\"423\" data-end=\"476\"><a href=\"https:\/\/drive.google.com\/file\/d\/1nTqqcPR8H-Z1lv6xlxHIYEM6qHtlntxs\/view?usp=sharing\">Dret d&#8217;imatge per Educaci\u00f3 Prim\u00e0ria.<\/a><\/li>\n<li data-start=\"423\" data-end=\"476\"><a href=\"https:\/\/drive.google.com\/file\/d\/1tcL7AdVVRTexTWlJbx-R1CH4qFl-0wat\/view?usp=sharing\">Sortides i excursions fora de Granollers.<\/a><\/li>\n<li data-start=\"423\" data-end=\"476\"><a href=\"https:\/\/drive.google.com\/file\/d\/1zjE5lmlKQw2f49hUtHuEOoypkzggd4Kv\/view?usp=sharing\">Autoritzaci\u00f3 per sortir sol\/-a de l&#8217;escola o acompanyat\/-ada.<\/a><\/li>\n<li><a href=\"https:\/\/drive.google.com\/file\/d\/1KW6uY4kzycgeibGHRgj1wvXhb11ZJgeB\/view?usp=sharing\">Autoritzaci\u00f3 Classdojo (d&#8217;I3 fins a 2n de Prim\u00e0ria)<\/a><\/li>\n<li><a href=\"https:\/\/drive.google.com\/file\/d\/13kWivrzFS5yNF7EXZN_W1WL9HFg1U48v\/view?usp=sharing\">Autoritzaci\u00f3 \u00fas de serveis i recursos digitals a Internet (de 3r a 6\u00e8 de Prim\u00e0ria)<\/a><\/li>\n<li><a href=\"https:\/\/drive.google.com\/file\/d\/10faLVbBsITAeVoVKAUDRlfiOkF9IfOcf\/view?usp=sharing\">Autoritzaci\u00f3 EAP i professionals externs<\/a><\/li>\n<li><a href=\"https:\/\/drive.google.com\/file\/d\/1cmyC3GRcUd7Be-QcauvUnDQ0SuFf0PFV\/view?usp=sharing\">Autoritzaci\u00f3 per l&#8217;administraci\u00f3 de Paracetamol.<\/a><\/li>\n<li><a href=\"https:\/\/drive.google.com\/file\/d\/1aCji7azxXuaRbbZfZMVKToJuq26-r0AS\/view?usp=sharing\">Autoritzaci\u00f3 per a l&#8217;administraci\u00f3 de medicaments.<\/a><\/li>\n<li data-start=\"423\" data-end=\"476\"><a href=\"https:\/\/drive.google.com\/file\/d\/1yFzCA8RfV2KZKeNKVMgrLUrxSxz2rN9L\/view?usp=sharing\">Autoritzaci\u00f3 medicaments en cas d\u2019al\u00b7l\u00e8rgia.<\/a><\/li>\n<li data-start=\"423\" data-end=\"476\"><a href=\"https:\/\/drive.google.com\/file\/d\/1RoOFNz2SrbHl6jpiKRAtngBBEBsXc6F2\/view?usp=sharing\">Autoritzaci\u00f3 sortides de l&#8217;escola a peu.<\/a><\/li>\n<li data-start=\"423\" data-end=\"476\"><a href=\"https:\/\/drive.google.com\/file\/d\/1qk5J8saRueA_cJdLrMdy6OVW-ysO_RS2\/view?usp=sharing\">Autoritzaci\u00f3 Piscina (2n de Prim\u00e0ria)<\/a><\/li>\n<li><a href=\"https:\/\/drive.google.com\/file\/d\/1HtGyh4Z-F_qxMf1wg7pz5muXxkW6arap\/view?usp=sharing\">Comunicaci\u00f3 d\u2019al\u00b7l\u00e8rgies dels infants al centre.\u00a0<\/a><\/li>\n<li data-start=\"423\" data-end=\"476\"><a href=\"https:\/\/drive.google.com\/file\/d\/1qTjAgKYZz5C1LbCsPCfj4UYjBBWInV1w\/view?usp=sharing\">Creaci\u00f3 i \u00fas de correus electr\u00f2nics fam\u00edlies.<\/a><\/li>\n<\/ul>\n<p data-start=\"698\" data-end=\"897\">\ud83d\udccc <strong data-start=\"701\" data-end=\"732\">Com utilitzar aquest espai?<\/strong><br data-start=\"732\" data-end=\"735\" \/>Podeu visualitzar, descarregar i, quan s\u2019indiqui, retornar els documents signats a trav\u00e9s dels canals habituals del centre (tutora, direcci\u00f3 o formulari digital).<\/p>\n<p data-start=\"899\" data-end=\"1059\">L\u2019Escola Ponent aposta per una relaci\u00f3 flu\u00efda i clara amb les fam\u00edlies. Per aix\u00f2, habilitem aquest espai com a punt de consulta sempre disponible i actualitzat.<\/p>\n","protected":false},"excerpt":{"rendered":"<p>En aquest espai les fam\u00edlies podeu trobar tots els documents i autoritzacions oficials que l\u2019escola utilitza al llarg del curs. L\u2019objectiu \u00e9s facilitar-ne l\u2019acc\u00e9s, garantir la transpar\u00e8ncia i assegurar que totes les gestions es puguin fer de manera \u00e0gil i c\u00f2moda.<br \/>\nAqu\u00ed hi trobareu les autoritzacions&hellip;  <a href=\"https:\/\/agora.xtec.cat\/ceipponent-granollers\/autoritzacions-i-documents-del-centre\/\" title=\"Read Autoritzacions i documents del centre\">Llegeix m\u00e9s\u00bb<\/a><\/p>\n","protected":false},"author":24,"featured_media":0,"parent":0,"menu_order":0,"comment_status":"closed","ping_status":"closed","template":"","meta":{"_bbp_topic_count":0,"_bbp_reply_count":0,"_bbp_total_topic_count":0,"_bbp_total_reply_count":0,"_bbp_voice_count":0,"_bbp_anonymous_reply_count":0,"_bbp_topic_count_hidden":0,"_bbp_reply_count_hidden":0,"_bbp_forum_subforum_count":0,"footnotes":""},"class_list":["post-14395","page","type-page","status-publish","hentry"],"post_mailing_queue_ids":[],"_links":{"self":[{"href":"https:\/\/agora.xtec.cat\/ceipponent-granollers\/wp-json\/wp\/v2\/pages\/14395","targetHints":{"allow":["GET"]}}],"collection":[{"href":"https:\/\/agora.xtec.cat\/ceipponent-granollers\/wp-json\/wp\/v2\/pages"}],"about":[{"href":"https:\/\/agora.xtec.cat\/ceipponent-granollers\/wp-json\/wp\/v2\/types\/page"}],"author":[{"embeddable":true,"href":"https:\/\/agora.xtec.cat\/ceipponent-granollers\/wp-json\/wp\/v2\/users\/24"}],"replies":[{"embeddable":true,"href":"https:\/\/agora.xtec.cat\/ceipponent-granollers\/wp-json\/wp\/v2\/comments?post=14395"}],"version-history":[{"count":2,"href":"https:\/\/agora.xtec.cat\/ceipponent-granollers\/wp-json\/wp\/v2\/pages\/14395\/revisions"}],"predecessor-version":[{"id":14520,"href":"https:\/\/agora.xtec.cat\/ceipponent-granollers\/wp-json\/wp\/v2\/pages\/14395\/revisions\/14520"}],"wp:attachment":[{"href":"https:\/\/agora.xtec.cat\/ceipponent-granollers\/wp-json\/wp\/v2\/media?parent=14395"}],"curies":[{"name":"wp","href":"https:\/\/api.w.org\/{rel}","templated":true}]}}