{"id":14207,"date":"2025-09-01T13:41:45","date_gmt":"2025-09-01T11:41:45","guid":{"rendered":"https:\/\/agora.xtec.cat\/ceipponent-granollers\/?page_id=14207"},"modified":"2025-09-01T13:43:24","modified_gmt":"2025-09-01T11:43:24","slug":"programacio-general-anual-i-memoria-anual-de-centre","status":"publish","type":"page","link":"https:\/\/agora.xtec.cat\/ceipponent-granollers\/programacio-general-anual-i-memoria-anual-de-centre\/","title":{"rendered":"Programaci\u00f3 general anual i mem\u00f2ria Anual de centre"},"content":{"rendered":"<p data-start=\"272\" data-end=\"416\">La <strong data-start=\"275\" data-end=\"310\">Programaci\u00f3 General Anual (PGA)<\/strong> i la <strong data-start=\"316\" data-end=\"333\">Mem\u00f2ria Anual<\/strong> s\u00f3n els documents de planificaci\u00f3 i avaluaci\u00f3 m\u00e9s rellevants de l\u2019Escola Ponent.<\/p>\n<ul data-start=\"418\" data-end=\"985\">\n<li data-start=\"418\" data-end=\"736\">\n<p data-start=\"420\" data-end=\"736\"><strong data-start=\"420\" data-end=\"458\">La Programaci\u00f3 General Anual (PGA)<\/strong> estableix els objectius, l\u00ednies d\u2019actuaci\u00f3 i organitzaci\u00f3 del centre per a cada curs escolar. Recull els projectes prioritaris, les actuacions pedag\u00f2giques i organitzatives, la planificaci\u00f3 de les activitats i els criteris que guiaran l\u2019acci\u00f3 educativa durant l\u2019any acad\u00e8mic.<\/p>\n<\/li>\n<li data-start=\"738\" data-end=\"985\">\n<p data-start=\"740\" data-end=\"985\"><strong data-start=\"740\" data-end=\"760\">La Mem\u00f2ria Anual<\/strong> \u00e9s el document que valora i analitza el grau d\u2019assoliment dels objectius plantejats a la PGA. Serveix per fer balan\u00e7 del curs, identificar punts forts i aspectes de millora, i orientar la planificaci\u00f3 dels cursos seg\u00fcents.<\/p>\n<\/li>\n<\/ul>\n<p data-start=\"987\" data-end=\"1181\">Aquests documents s\u00f3n elaborats de manera col\u00b7lectiva pel claustre i l\u2019equip directiu, i responen al comprom\u00eds del centre amb la <strong data-start=\"1116\" data-end=\"1178\">qualitat educativa, la transpar\u00e8ncia i la millora cont\u00ednua<\/strong>.<\/p>\n<p data-start=\"987\" data-end=\"1181\"><strong>Acc\u00e9s als documents:<\/strong><\/p>\n<ul>\n<li data-start=\"987\" data-end=\"1181\">Programaci\u00f3 general anual de l&#8217;escola i la mem\u00f2ria del curs 24-25: <a href=\"https:\/\/agora.xtec.cat\/ceipponent-granollers\/wp-content\/uploads\/usu1522\/2025\/09\/PGA-_-MA-2.0-ampliada.pdf\">Cliqueu aqu\u00ed.<\/a><\/li>\n<\/ul>\n","protected":false},"excerpt":{"rendered":"<p>La Programaci\u00f3 General Anual (PGA) i la Mem\u00f2ria Anual s\u00f3n els documents de planificaci\u00f3 i avaluaci\u00f3 m\u00e9s rellevants de l\u2019Escola Ponent.<\/p>\n<ul data-start=\"418\" data-end=\"985\">\n<li data-start=\"418\" data-end=\"736\">\nLa Programaci\u00f3 General Anual (PGA) estableix els objectius, l\u00ednies d\u2019actuaci\u00f3 i organitzaci\u00f3 del centre per a cada curs escolar. Recull els&hellip;  <a href=\"https:\/\/agora.xtec.cat\/ceipponent-granollers\/programacio-general-anual-i-memoria-anual-de-centre\/\" title=\"Read Programaci\u00f3 general anual i mem\u00f2ria Anual de centre\">Llegeix m\u00e9s\u00bb<\/a><\/p>\n","protected":false},"author":24,"featured_media":0,"parent":0,"menu_order":0,"comment_status":"closed","ping_status":"closed","template":"","meta":{"_bbp_topic_count":0,"_bbp_reply_count":0,"_bbp_total_topic_count":0,"_bbp_total_reply_count":0,"_bbp_voice_count":0,"_bbp_anonymous_reply_count":0,"_bbp_topic_count_hidden":0,"_bbp_reply_count_hidden":0,"_bbp_forum_subforum_count":0,"footnotes":""},"class_list":["post-14207","page","type-page","status-publish","hentry"],"post_mailing_queue_ids":[],"_links":{"self":[{"href":"https:\/\/agora.xtec.cat\/ceipponent-granollers\/wp-json\/wp\/v2\/pages\/14207","targetHints":{"allow":["GET"]}}],"collection":[{"href":"https:\/\/agora.xtec.cat\/ceipponent-granollers\/wp-json\/wp\/v2\/pages"}],"about":[{"href":"https:\/\/agora.xtec.cat\/ceipponent-granollers\/wp-json\/wp\/v2\/types\/page"}],"author":[{"embeddable":true,"href":"https:\/\/agora.xtec.cat\/ceipponent-granollers\/wp-json\/wp\/v2\/users\/24"}],"replies":[{"embeddable":true,"href":"https:\/\/agora.xtec.cat\/ceipponent-granollers\/wp-json\/wp\/v2\/comments?post=14207"}],"version-history":[{"count":2,"href":"https:\/\/agora.xtec.cat\/ceipponent-granollers\/wp-json\/wp\/v2\/pages\/14207\/revisions"}],"predecessor-version":[{"id":14211,"href":"https:\/\/agora.xtec.cat\/ceipponent-granollers\/wp-json\/wp\/v2\/pages\/14207\/revisions\/14211"}],"wp:attachment":[{"href":"https:\/\/agora.xtec.cat\/ceipponent-granollers\/wp-json\/wp\/v2\/media?parent=14207"}],"curies":[{"name":"wp","href":"https:\/\/api.w.org\/{rel}","templated":true}]}}