{"id":13259,"date":"2025-01-12T20:12:10","date_gmt":"2025-01-12T19:12:10","guid":{"rendered":"https:\/\/agora.xtec.cat\/ceipponent-granollers\/?page_id=13259"},"modified":"2025-01-12T20:12:23","modified_gmt":"2025-01-12T19:12:23","slug":"robocat-2022-2023-castellers","status":"publish","type":"page","link":"https:\/\/agora.xtec.cat\/ceipponent-granollers\/robocat-2022-2023-castellers\/","title":{"rendered":"Robocat 2021-2022 Castellers"},"content":{"rendered":"<p>El curs <strong>2021-2022<\/strong>, l\u2019Escola Ponent va participar en la competici\u00f3 <strong>Robocat<\/strong>, una iniciativa que fomenta l\u2019aprenentatge de la rob\u00f2tica i la programaci\u00f3 entre l\u2019alumnat. Aquesta edici\u00f3 estava inspirada en una tradici\u00f3 ben arrelada a la nostra cultura: els <strong>castellers<\/strong>. Aquesta tem\u00e0tica va fer de la competici\u00f3 un repte tan emocionant com aut\u00e8ntic, combinant tecnologia i patrimoni cultural catal\u00e0.<\/p>\n<p>La competici\u00f3 consistia a dissenyar, construir i programar un robot capa\u00e7 de superar diversos reptes en un taulell de joc ambientat en el m\u00f3n dels castells. Entre les tasques principals, el robot havia de reproduir accions com:<\/p>\n<ul>\n<li><strong>Recollir i transportar peces<\/strong> que representaven els castellers.<\/li>\n<li><strong>Col\u00b7locar aquestes peces amb precisi\u00f3<\/strong> per formar estructures que simbolitzaven els castells humans.<\/li>\n<li><strong>Resoldre obstacles<\/strong> i executar moviments estrat\u00e8gics per puntuar al m\u00e0xim en cada prova.<\/li>\n<\/ul>\n<p>Aquesta experi\u00e8ncia va permetre al nostre alumnat treballar en equip, fomentar la creativitat i posar en pr\u00e0ctica els seus coneixements en rob\u00f2tica i programaci\u00f3, tot connectant-los amb una tradici\u00f3 emblem\u00e0tica de Catalunya. A m\u00e9s, van descobrir la import\u00e0ncia de conceptes com la col\u00b7laboraci\u00f3 i la confian\u00e7a, valors que tamb\u00e9 es reflecteixen en el m\u00f3n casteller.<\/p>\n<p>La participaci\u00f3 a Robocat 2022-2023 no nom\u00e9s va ser un \u00e8xit a nivell educatiu, sin\u00f3 tamb\u00e9 una viv\u00e8ncia enriquidora i motivadora per a tot l\u2019equip. Va ser una oportunitat \u00fanica per demostrar que la tecnologia i la cultura poden anar de la m\u00e0, creant sinergies que fan del nostre projecte educatiu una proposta innovadora i compromesa amb l\u2019entorn.<\/p>\n<p>Estem molt orgulloses del treball fet tot i que, finalment, no vam poder acudir a la gran final que es va celebrar a Matar\u00f3.<\/p>\n<p><iframe loading=\"lazy\" title=\"YouTube video player\" src=\"https:\/\/www.youtube.com\/embed\/TxZ5n9wKQwQ?si=VKk8fsfHsHZARSDR\" width=\"560\" height=\"315\" frameborder=\"0\" allowfullscreen=\"allowfullscreen\"><\/iframe><\/p>\n<p><iframe loading=\"lazy\" title=\"YouTube video player\" src=\"https:\/\/www.youtube.com\/embed\/QCl2Z462Buk?si=PkvozZI9kJxQVJc1\" width=\"560\" height=\"315\" frameborder=\"0\" allowfullscreen=\"allowfullscreen\"><\/iframe><\/p>\n","protected":false},"excerpt":{"rendered":"<p>El curs 2021-2022, l\u2019Escola Ponent va participar en la competici\u00f3 Robocat, una iniciativa que fomenta l\u2019aprenentatge de la rob\u00f2tica i la programaci\u00f3 entre l\u2019alumnat. Aquesta edici\u00f3 estava inspirada en una tradici\u00f3 ben arrelada a la nostra cultura: els castellers. Aquesta tem\u00e0tica va fer de la&hellip;  <a href=\"https:\/\/agora.xtec.cat\/ceipponent-granollers\/robocat-2022-2023-castellers\/\" title=\"Read Robocat 2021-2022 Castellers\">Llegeix m\u00e9s\u00bb<\/a><\/p>\n","protected":false},"author":24,"featured_media":0,"parent":0,"menu_order":0,"comment_status":"closed","ping_status":"closed","template":"","meta":{"_bbp_topic_count":0,"_bbp_reply_count":0,"_bbp_total_topic_count":0,"_bbp_total_reply_count":0,"_bbp_voice_count":0,"_bbp_anonymous_reply_count":0,"_bbp_topic_count_hidden":0,"_bbp_reply_count_hidden":0,"_bbp_forum_subforum_count":0,"footnotes":""},"class_list":["post-13259","page","type-page","status-publish","hentry"],"post_mailing_queue_ids":[],"_links":{"self":[{"href":"https:\/\/agora.xtec.cat\/ceipponent-granollers\/wp-json\/wp\/v2\/pages\/13259","targetHints":{"allow":["GET"]}}],"collection":[{"href":"https:\/\/agora.xtec.cat\/ceipponent-granollers\/wp-json\/wp\/v2\/pages"}],"about":[{"href":"https:\/\/agora.xtec.cat\/ceipponent-granollers\/wp-json\/wp\/v2\/types\/page"}],"author":[{"embeddable":true,"href":"https:\/\/agora.xtec.cat\/ceipponent-granollers\/wp-json\/wp\/v2\/users\/24"}],"replies":[{"embeddable":true,"href":"https:\/\/agora.xtec.cat\/ceipponent-granollers\/wp-json\/wp\/v2\/comments?post=13259"}],"version-history":[{"count":2,"href":"https:\/\/agora.xtec.cat\/ceipponent-granollers\/wp-json\/wp\/v2\/pages\/13259\/revisions"}],"predecessor-version":[{"id":13261,"href":"https:\/\/agora.xtec.cat\/ceipponent-granollers\/wp-json\/wp\/v2\/pages\/13259\/revisions\/13261"}],"wp:attachment":[{"href":"https:\/\/agora.xtec.cat\/ceipponent-granollers\/wp-json\/wp\/v2\/media?parent=13259"}],"curies":[{"name":"wp","href":"https:\/\/api.w.org\/{rel}","templated":true}]}}