{"id":13244,"date":"2025-01-12T20:03:57","date_gmt":"2025-01-12T19:03:57","guid":{"rendered":"https:\/\/agora.xtec.cat\/ceipponent-granollers\/?page_id=13244"},"modified":"2025-01-12T20:13:38","modified_gmt":"2025-01-12T19:13:38","slug":"first-lego-league-2016-2021","status":"publish","type":"page","link":"https:\/\/agora.xtec.cat\/ceipponent-granollers\/first-lego-league-2016-2021\/","title":{"rendered":"First Lego League 2016-2021"},"content":{"rendered":"<p>A l\u2019Escola Ponent, fomentem la creativitat, el treball en equip i el pensament cr\u00edtic com a pilars fonamentals del nostre projecte educatiu. \u00c9s per aix\u00f2 que, durant diversos anys, el nostre alumnat ha tingut l\u2019oportunitat de participar a la <strong>First Lego League (FLL)<\/strong>, un esdeveniment internacional que combina rob\u00f2tica, ci\u00e8ncia i innovaci\u00f3.<\/p>\n<p>Des del curs <strong>2016-2017 fins al curs 2020-2021<\/strong>, l\u2019Escola Ponent ha format part d\u2019aquest emocionant repte celebrat a Barcelona. Durant aquestes quatre edicions, els nostres equips van demostrar la seva capacitat per afrontar desafiaments cient\u00edfics i tecnol\u00f2gics, dissenyant i programant robots Lego per superar proves i presentar projectes d\u2019investigaci\u00f3 amb solucions creatives a problem\u00e0tiques reals.<\/p>\n<p>Gr\u00e0cies a aquesta experi\u00e8ncia, el nostre alumnat no nom\u00e9s va aprendre conceptes relacionats amb la ci\u00e8ncia i la tecnologia, sin\u00f3 que tamb\u00e9 va desenvolupar habilitats fonamentals com el treball col\u00b7laboratiu, la resoluci\u00f3 de problemes i la comunicaci\u00f3 efectiva. A m\u00e9s, participar a la First Lego League va permetre\u2019ls descobrir el valor de la perseveran\u00e7a, l\u2019esfor\u00e7 i el respecte per la feina dels altres.<\/p>\n<p>Estem molt orgulloses del cam\u00ed recorregut a la FLL i de tot el que aquesta experi\u00e8ncia ha aportat al nostre projecte educatiu. Seguirem treballant per oferir al nostre alumnat activitats que els permetin cr\u00e9ixer i descobrir tot el seu potencial.<\/p>\n\n\t\t<style type=\"text\/css\">\n\t\t\t#gallery-1 {\n\t\t\t\tmargin: auto;\n\t\t\t}\n\t\t\t#gallery-1 .gallery-item {\n\t\t\t\tfloat: left;\n\t\t\t\tmargin-top: 10px;\n\t\t\t\ttext-align: center;\n\t\t\t\twidth: 25%;\n\t\t\t}\n\t\t\t#gallery-1 img {\n\t\t\t\tborder: 2px solid #cfcfcf;\n\t\t\t}\n\t\t\t#gallery-1 .gallery-caption {\n\t\t\t\tmargin-left: 0;\n\t\t\t}\n\t\t\t\/* see gallery_shortcode() in wp-includes\/media.php *\/\n\t\t<\/style>\n\t\t<div id='gallery-1' class='gallery galleryid-13244 gallery-columns-4 gallery-size-medium'><dl class='gallery-item'>\n\t\t\t<dt class='gallery-icon landscape'>\n\t\t\t\t<a href='https:\/\/agora.xtec.cat\/ceipponent-granollers\/first-lego-league-2016-2021\/attachment\/img-20200210-wa0013\/'><img loading=\"lazy\" decoding=\"async\" width=\"300\" height=\"225\" src=\"https:\/\/agora.xtec.cat\/ceipponent-granollers\/wp-content\/uploads\/usu1522\/2025\/01\/IMG-20200210-WA0013-300x225.jpg\" class=\"attachment-medium size-medium\" alt=\"\" srcset=\"https:\/\/agora.xtec.cat\/ceipponent-granollers\/wp-content\/uploads\/usu1522\/2025\/01\/IMG-20200210-WA0013-300x225.jpg 300w, https:\/\/agora.xtec.cat\/ceipponent-granollers\/wp-content\/uploads\/usu1522\/2025\/01\/IMG-20200210-WA0013-1024x768.jpg 1024w, https:\/\/agora.xtec.cat\/ceipponent-granollers\/wp-content\/uploads\/usu1522\/2025\/01\/IMG-20200210-WA0013-768x576.jpg 768w, https:\/\/agora.xtec.cat\/ceipponent-granollers\/wp-content\/uploads\/usu1522\/2025\/01\/IMG-20200210-WA0013-1536x1152.jpg 1536w, https:\/\/agora.xtec.cat\/ceipponent-granollers\/wp-content\/uploads\/usu1522\/2025\/01\/IMG-20200210-WA0013-200x150.jpg 200w, https:\/\/agora.xtec.cat\/ceipponent-granollers\/wp-content\/uploads\/usu1522\/2025\/01\/IMG-20200210-WA0013.jpg 1600w\" sizes=\"auto, (max-width: 300px) 100vw, 300px\" \/><\/a>\n\t\t\t<\/dt><\/dl><dl class='gallery-item'>\n\t\t\t<dt class='gallery-icon portrait'>\n\t\t\t\t<a href='https:\/\/agora.xtec.cat\/ceipponent-granollers\/first-lego-league-2016-2021\/attachment\/img-20200210-wa0002\/'><img loading=\"lazy\" decoding=\"async\" width=\"225\" height=\"300\" src=\"https:\/\/agora.xtec.cat\/ceipponent-granollers\/wp-content\/uploads\/usu1522\/2025\/01\/IMG-20200210-WA0002-225x300.jpg\" class=\"attachment-medium size-medium\" alt=\"\" srcset=\"https:\/\/agora.xtec.cat\/ceipponent-granollers\/wp-content\/uploads\/usu1522\/2025\/01\/IMG-20200210-WA0002-225x300.jpg 225w, https:\/\/agora.xtec.cat\/ceipponent-granollers\/wp-content\/uploads\/usu1522\/2025\/01\/IMG-20200210-WA0002-768x1024.jpg 768w, https:\/\/agora.xtec.cat\/ceipponent-granollers\/wp-content\/uploads\/usu1522\/2025\/01\/IMG-20200210-WA0002-1152x1536.jpg 1152w, https:\/\/agora.xtec.cat\/ceipponent-granollers\/wp-content\/uploads\/usu1522\/2025\/01\/IMG-20200210-WA0002.jpg 1200w\" sizes=\"auto, (max-width: 225px) 100vw, 225px\" \/><\/a>\n\t\t\t<\/dt><\/dl><dl class='gallery-item'>\n\t\t\t<dt class='gallery-icon landscape'>\n\t\t\t\t<a href='https:\/\/agora.xtec.cat\/ceipponent-granollers\/first-lego-league-2016-2021\/attachment\/img-20200210-wa0001\/'><img loading=\"lazy\" decoding=\"async\" width=\"300\" height=\"225\" src=\"https:\/\/agora.xtec.cat\/ceipponent-granollers\/wp-content\/uploads\/usu1522\/2025\/01\/IMG-20200210-WA0001-300x225.jpg\" class=\"attachment-medium size-medium\" alt=\"\" srcset=\"https:\/\/agora.xtec.cat\/ceipponent-granollers\/wp-content\/uploads\/usu1522\/2025\/01\/IMG-20200210-WA0001-300x225.jpg 300w, https:\/\/agora.xtec.cat\/ceipponent-granollers\/wp-content\/uploads\/usu1522\/2025\/01\/IMG-20200210-WA0001-1024x768.jpg 1024w, https:\/\/agora.xtec.cat\/ceipponent-granollers\/wp-content\/uploads\/usu1522\/2025\/01\/IMG-20200210-WA0001-768x576.jpg 768w, https:\/\/agora.xtec.cat\/ceipponent-granollers\/wp-content\/uploads\/usu1522\/2025\/01\/IMG-20200210-WA0001-1536x1152.jpg 1536w, https:\/\/agora.xtec.cat\/ceipponent-granollers\/wp-content\/uploads\/usu1522\/2025\/01\/IMG-20200210-WA0001-200x150.jpg 200w, https:\/\/agora.xtec.cat\/ceipponent-granollers\/wp-content\/uploads\/usu1522\/2025\/01\/IMG-20200210-WA0001.jpg 1600w\" sizes=\"auto, (max-width: 300px) 100vw, 300px\" \/><\/a>\n\t\t\t<\/dt><\/dl><dl class='gallery-item'>\n\t\t\t<dt class='gallery-icon landscape'>\n\t\t\t\t<a href='https:\/\/agora.xtec.cat\/ceipponent-granollers\/first-lego-league-2016-2021\/attachment\/first-8\/'><img loading=\"lazy\" decoding=\"async\" width=\"300\" height=\"300\" src=\"https:\/\/agora.xtec.cat\/ceipponent-granollers\/wp-content\/uploads\/usu1522\/2025\/01\/First-8-300x300.webp\" class=\"attachment-medium size-medium\" alt=\"\" srcset=\"https:\/\/agora.xtec.cat\/ceipponent-granollers\/wp-content\/uploads\/usu1522\/2025\/01\/First-8-300x300.webp 300w, https:\/\/agora.xtec.cat\/ceipponent-granollers\/wp-content\/uploads\/usu1522\/2025\/01\/First-8-1024x1024.webp 1024w, https:\/\/agora.xtec.cat\/ceipponent-granollers\/wp-content\/uploads\/usu1522\/2025\/01\/First-8-150x150.webp 150w, https:\/\/agora.xtec.cat\/ceipponent-granollers\/wp-content\/uploads\/usu1522\/2025\/01\/First-8-768x768.webp 768w, https:\/\/agora.xtec.cat\/ceipponent-granollers\/wp-content\/uploads\/usu1522\/2025\/01\/First-8.webp 1336w\" sizes=\"auto, (max-width: 300px) 100vw, 300px\" \/><\/a>\n\t\t\t<\/dt><\/dl><br style=\"clear: both\" \/><dl class='gallery-item'>\n\t\t\t<dt class='gallery-icon landscape'>\n\t\t\t\t<a href='https:\/\/agora.xtec.cat\/ceipponent-granollers\/first-lego-league-2016-2021\/attachment\/first-7\/'><img loading=\"lazy\" decoding=\"async\" width=\"300\" height=\"300\" src=\"https:\/\/agora.xtec.cat\/ceipponent-granollers\/wp-content\/uploads\/usu1522\/2025\/01\/first-7-300x300.webp\" class=\"attachment-medium size-medium\" alt=\"\" srcset=\"https:\/\/agora.xtec.cat\/ceipponent-granollers\/wp-content\/uploads\/usu1522\/2025\/01\/first-7-300x300.webp 300w, https:\/\/agora.xtec.cat\/ceipponent-granollers\/wp-content\/uploads\/usu1522\/2025\/01\/first-7-1024x1024.webp 1024w, https:\/\/agora.xtec.cat\/ceipponent-granollers\/wp-content\/uploads\/usu1522\/2025\/01\/first-7-150x150.webp 150w, https:\/\/agora.xtec.cat\/ceipponent-granollers\/wp-content\/uploads\/usu1522\/2025\/01\/first-7-768x768.webp 768w, https:\/\/agora.xtec.cat\/ceipponent-granollers\/wp-content\/uploads\/usu1522\/2025\/01\/first-7.webp 1440w\" sizes=\"auto, (max-width: 300px) 100vw, 300px\" \/><\/a>\n\t\t\t<\/dt><\/dl><dl class='gallery-item'>\n\t\t\t<dt class='gallery-icon landscape'>\n\t\t\t\t<a href='https:\/\/agora.xtec.cat\/ceipponent-granollers\/first-lego-league-2016-2021\/attachment\/first-6\/'><img loading=\"lazy\" decoding=\"async\" width=\"300\" height=\"300\" src=\"https:\/\/agora.xtec.cat\/ceipponent-granollers\/wp-content\/uploads\/usu1522\/2025\/01\/first-6-300x300.webp\" class=\"attachment-medium size-medium\" alt=\"\" srcset=\"https:\/\/agora.xtec.cat\/ceipponent-granollers\/wp-content\/uploads\/usu1522\/2025\/01\/first-6-300x300.webp 300w, https:\/\/agora.xtec.cat\/ceipponent-granollers\/wp-content\/uploads\/usu1522\/2025\/01\/first-6-1024x1024.webp 1024w, https:\/\/agora.xtec.cat\/ceipponent-granollers\/wp-content\/uploads\/usu1522\/2025\/01\/first-6-150x150.webp 150w, https:\/\/agora.xtec.cat\/ceipponent-granollers\/wp-content\/uploads\/usu1522\/2025\/01\/first-6-768x768.webp 768w, https:\/\/agora.xtec.cat\/ceipponent-granollers\/wp-content\/uploads\/usu1522\/2025\/01\/first-6.webp 1440w\" sizes=\"auto, (max-width: 300px) 100vw, 300px\" \/><\/a>\n\t\t\t<\/dt><\/dl><dl class='gallery-item'>\n\t\t\t<dt class='gallery-icon landscape'>\n\t\t\t\t<a href='https:\/\/agora.xtec.cat\/ceipponent-granollers\/first-lego-league-2016-2021\/attachment\/first-5\/'><img loading=\"lazy\" decoding=\"async\" width=\"300\" height=\"300\" src=\"https:\/\/agora.xtec.cat\/ceipponent-granollers\/wp-content\/uploads\/usu1522\/2025\/01\/First-5-300x300.webp\" class=\"attachment-medium size-medium\" alt=\"\" srcset=\"https:\/\/agora.xtec.cat\/ceipponent-granollers\/wp-content\/uploads\/usu1522\/2025\/01\/First-5-300x300.webp 300w, https:\/\/agora.xtec.cat\/ceipponent-granollers\/wp-content\/uploads\/usu1522\/2025\/01\/First-5-1024x1024.webp 1024w, https:\/\/agora.xtec.cat\/ceipponent-granollers\/wp-content\/uploads\/usu1522\/2025\/01\/First-5-150x150.webp 150w, https:\/\/agora.xtec.cat\/ceipponent-granollers\/wp-content\/uploads\/usu1522\/2025\/01\/First-5-768x768.webp 768w, https:\/\/agora.xtec.cat\/ceipponent-granollers\/wp-content\/uploads\/usu1522\/2025\/01\/First-5.webp 1440w\" sizes=\"auto, (max-width: 300px) 100vw, 300px\" \/><\/a>\n\t\t\t<\/dt><\/dl><dl class='gallery-item'>\n\t\t\t<dt class='gallery-icon landscape'>\n\t\t\t\t<a href='https:\/\/agora.xtec.cat\/ceipponent-granollers\/first-lego-league-2016-2021\/attachment\/first-4\/'><img loading=\"lazy\" decoding=\"async\" width=\"300\" height=\"300\" src=\"https:\/\/agora.xtec.cat\/ceipponent-granollers\/wp-content\/uploads\/usu1522\/2025\/01\/first-4-300x300.webp\" class=\"attachment-medium size-medium\" alt=\"\" srcset=\"https:\/\/agora.xtec.cat\/ceipponent-granollers\/wp-content\/uploads\/usu1522\/2025\/01\/first-4-300x300.webp 300w, https:\/\/agora.xtec.cat\/ceipponent-granollers\/wp-content\/uploads\/usu1522\/2025\/01\/first-4-1024x1024.webp 1024w, https:\/\/agora.xtec.cat\/ceipponent-granollers\/wp-content\/uploads\/usu1522\/2025\/01\/first-4-150x150.webp 150w, https:\/\/agora.xtec.cat\/ceipponent-granollers\/wp-content\/uploads\/usu1522\/2025\/01\/first-4-768x768.webp 768w, https:\/\/agora.xtec.cat\/ceipponent-granollers\/wp-content\/uploads\/usu1522\/2025\/01\/first-4.webp 1440w\" sizes=\"auto, (max-width: 300px) 100vw, 300px\" \/><\/a>\n\t\t\t<\/dt><\/dl><br style=\"clear: both\" \/><dl class='gallery-item'>\n\t\t\t<dt class='gallery-icon landscape'>\n\t\t\t\t<a href='https:\/\/agora.xtec.cat\/ceipponent-granollers\/first-lego-league-2016-2021\/attachment\/first-3\/'><img loading=\"lazy\" decoding=\"async\" width=\"300\" height=\"300\" src=\"https:\/\/agora.xtec.cat\/ceipponent-granollers\/wp-content\/uploads\/usu1522\/2025\/01\/first-3-300x300.webp\" class=\"attachment-medium size-medium\" alt=\"\" srcset=\"https:\/\/agora.xtec.cat\/ceipponent-granollers\/wp-content\/uploads\/usu1522\/2025\/01\/first-3-300x300.webp 300w, https:\/\/agora.xtec.cat\/ceipponent-granollers\/wp-content\/uploads\/usu1522\/2025\/01\/first-3-1024x1024.webp 1024w, https:\/\/agora.xtec.cat\/ceipponent-granollers\/wp-content\/uploads\/usu1522\/2025\/01\/first-3-150x150.webp 150w, https:\/\/agora.xtec.cat\/ceipponent-granollers\/wp-content\/uploads\/usu1522\/2025\/01\/first-3-768x768.webp 768w, https:\/\/agora.xtec.cat\/ceipponent-granollers\/wp-content\/uploads\/usu1522\/2025\/01\/first-3.webp 1440w\" sizes=\"auto, (max-width: 300px) 100vw, 300px\" \/><\/a>\n\t\t\t<\/dt><\/dl><dl class='gallery-item'>\n\t\t\t<dt class='gallery-icon landscape'>\n\t\t\t\t<a href='https:\/\/agora.xtec.cat\/ceipponent-granollers\/first-lego-league-2016-2021\/attachment\/first-lego-2\/'><img loading=\"lazy\" decoding=\"async\" width=\"300\" height=\"300\" src=\"https:\/\/agora.xtec.cat\/ceipponent-granollers\/wp-content\/uploads\/usu1522\/2025\/01\/First-Lego-2-300x300.webp\" class=\"attachment-medium size-medium\" alt=\"\" srcset=\"https:\/\/agora.xtec.cat\/ceipponent-granollers\/wp-content\/uploads\/usu1522\/2025\/01\/First-Lego-2-300x300.webp 300w, https:\/\/agora.xtec.cat\/ceipponent-granollers\/wp-content\/uploads\/usu1522\/2025\/01\/First-Lego-2-1024x1024.webp 1024w, https:\/\/agora.xtec.cat\/ceipponent-granollers\/wp-content\/uploads\/usu1522\/2025\/01\/First-Lego-2-150x150.webp 150w, https:\/\/agora.xtec.cat\/ceipponent-granollers\/wp-content\/uploads\/usu1522\/2025\/01\/First-Lego-2-768x768.webp 768w, https:\/\/agora.xtec.cat\/ceipponent-granollers\/wp-content\/uploads\/usu1522\/2025\/01\/First-Lego-2.webp 1440w\" sizes=\"auto, (max-width: 300px) 100vw, 300px\" \/><\/a>\n\t\t\t<\/dt><\/dl><dl class='gallery-item'>\n\t\t\t<dt class='gallery-icon landscape'>\n\t\t\t\t<a href='https:\/\/agora.xtec.cat\/ceipponent-granollers\/first-lego-league-2016-2021\/attachment\/first-lego\/'><img loading=\"lazy\" decoding=\"async\" width=\"300\" height=\"300\" src=\"https:\/\/agora.xtec.cat\/ceipponent-granollers\/wp-content\/uploads\/usu1522\/2025\/01\/first-lego-300x300.webp\" class=\"attachment-medium size-medium\" alt=\"\" srcset=\"https:\/\/agora.xtec.cat\/ceipponent-granollers\/wp-content\/uploads\/usu1522\/2025\/01\/first-lego-300x300.webp 300w, https:\/\/agora.xtec.cat\/ceipponent-granollers\/wp-content\/uploads\/usu1522\/2025\/01\/first-lego-1024x1024.webp 1024w, https:\/\/agora.xtec.cat\/ceipponent-granollers\/wp-content\/uploads\/usu1522\/2025\/01\/first-lego-150x150.webp 150w, https:\/\/agora.xtec.cat\/ceipponent-granollers\/wp-content\/uploads\/usu1522\/2025\/01\/first-lego-768x768.webp 768w, https:\/\/agora.xtec.cat\/ceipponent-granollers\/wp-content\/uploads\/usu1522\/2025\/01\/first-lego.webp 1440w\" sizes=\"auto, (max-width: 300px) 100vw, 300px\" \/><\/a>\n\t\t\t<\/dt><\/dl>\n\t\t\t<br style='clear: both' \/>\n\t\t<\/div>\n\n","protected":false},"excerpt":{"rendered":"<p>A l\u2019Escola Ponent, fomentem la creativitat, el treball en equip i el pensament cr\u00edtic com a pilars fonamentals del nostre projecte educatiu. \u00c9s per aix\u00f2 que, durant diversos anys, el nostre alumnat ha tingut l\u2019oportunitat de participar a la First Lego League (FLL), un esdeveniment&hellip;  <a href=\"https:\/\/agora.xtec.cat\/ceipponent-granollers\/first-lego-league-2016-2021\/\" title=\"Read First Lego League 2016-2021\">Llegeix m\u00e9s\u00bb<\/a><\/p>\n","protected":false},"author":24,"featured_media":0,"parent":0,"menu_order":0,"comment_status":"closed","ping_status":"closed","template":"","meta":{"_bbp_topic_count":0,"_bbp_reply_count":0,"_bbp_total_topic_count":0,"_bbp_total_reply_count":0,"_bbp_voice_count":0,"_bbp_anonymous_reply_count":0,"_bbp_topic_count_hidden":0,"_bbp_reply_count_hidden":0,"_bbp_forum_subforum_count":0,"footnotes":""},"class_list":["post-13244","page","type-page","status-publish","hentry"],"post_mailing_queue_ids":[],"_links":{"self":[{"href":"https:\/\/agora.xtec.cat\/ceipponent-granollers\/wp-json\/wp\/v2\/pages\/13244","targetHints":{"allow":["GET"]}}],"collection":[{"href":"https:\/\/agora.xtec.cat\/ceipponent-granollers\/wp-json\/wp\/v2\/pages"}],"about":[{"href":"https:\/\/agora.xtec.cat\/ceipponent-granollers\/wp-json\/wp\/v2\/types\/page"}],"author":[{"embeddable":true,"href":"https:\/\/agora.xtec.cat\/ceipponent-granollers\/wp-json\/wp\/v2\/users\/24"}],"replies":[{"embeddable":true,"href":"https:\/\/agora.xtec.cat\/ceipponent-granollers\/wp-json\/wp\/v2\/comments?post=13244"}],"version-history":[{"count":1,"href":"https:\/\/agora.xtec.cat\/ceipponent-granollers\/wp-json\/wp\/v2\/pages\/13244\/revisions"}],"predecessor-version":[{"id":13256,"href":"https:\/\/agora.xtec.cat\/ceipponent-granollers\/wp-json\/wp\/v2\/pages\/13244\/revisions\/13256"}],"wp:attachment":[{"href":"https:\/\/agora.xtec.cat\/ceipponent-granollers\/wp-json\/wp\/v2\/media?parent=13244"}],"curies":[{"name":"wp","href":"https:\/\/api.w.org\/{rel}","templated":true}]}}