{"id":13235,"date":"2025-01-12T19:35:19","date_gmt":"2025-01-12T18:35:19","guid":{"rendered":"https:\/\/agora.xtec.cat\/ceipponent-granollers\/?page_id=13235"},"modified":"2025-01-12T19:52:18","modified_gmt":"2025-01-12T18:52:18","slug":"premi-baldiri-reixac","status":"publish","type":"page","link":"https:\/\/agora.xtec.cat\/ceipponent-granollers\/premi-baldiri-reixac\/","title":{"rendered":"Premi Baldiri Reixac 2022"},"content":{"rendered":"<p data-pm-slice=\"1 1 []\">L&#8217;Escola Ponent de Granollers est\u00e0 d&#8217;enhorabona! L&#8217;any 2022, el centre va rebre el prestig\u00f3s Premi Baldiri Reixac en la categoria de projectes art\u00edstics en llengua catalana pel seu innovador projecte <strong>Meraki<\/strong>. Aquest reconeixement posa en valor la dedicaci\u00f3, creativitat i comprom\u00eds de tota la comunitat educativa de l&#8217;escola.<\/p>\n<p>El premi, dotat amb <strong>4.000 euros<\/strong>, ha estat destinat a <strong>millorar l&#8217;espai de teatre de l&#8217;escola<\/strong>, un lloc clau per al desenvolupament del projecte Meraki i per seguir fomentant les arts esc\u00e8niques entre l&#8217;alumnat. Aquesta millora ha incl\u00f2s la renovaci\u00f3 d&#8217;equipaments, l&#8217;adequaci\u00f3 de l&#8217;espai esc\u00e8nic i la incorporaci\u00f3 de recursos did\u00e0ctics que permeten potenciar les habilitats art\u00edstiques dels alumnes, alhora que s\u2019afavoreix la seva expressi\u00f3 creativa.<\/p>\n<h5 data-pm-slice=\"1 1 []\">Un premi a l&#8217;esfor\u00e7 col\u00b7lectiu<\/h5>\n<p>Aquest guard\u00f3 \u00e9s un reconeixement a l&#8217;esfor\u00e7 i la dedicaci\u00f3 de l&#8217;equip docent, de l&#8217;alumnat i de les fam\u00edlies que hi han participat activament. L&#8217;\u00e8xit del projecte no nom\u00e9s rau en els resultats art\u00edstics obtinguts, sin\u00f3 tamb\u00e9 en l&#8217;impacte positiu que ha tingut en el desenvolupament personal i ling\u00fc\u00edstic dels alumnes.<\/p>\n<p>Aquest \u00e8xit ha estat possible gr\u00e0cies a la implicaci\u00f3 de tota la comunitat educativa, que ha treballat de manera conjunta per fer realitat un projecte transformador que posa els infants al centre de l&#8217;aprenentatge.<\/p>\n<h5>El Premi Baldiri Reixac<\/h5>\n<p>Els Premis Baldiri Reixac, atorgats per la Fundaci\u00f3 Carulla, tenen com a objectiu recon\u00e8ixer i impulsar iniciatives educatives que contribueixin a la normalitzaci\u00f3 de la llengua catalana, a la creativitat i a la transformaci\u00f3 social. L&#8217;Escola Ponent de Granollers se suma aix\u00ed a una llarga llista d&#8217;escoles que treballen dia a dia per una educaci\u00f3 innovadora i arrelada al territori.<\/p>\n<p>Aquests premis, considerats un referent en l&#8217;\u00e0mbit educatiu, representen un impuls per continuar apostant per projectes que combinin la innovaci\u00f3 pedag\u00f2gica amb la preservaci\u00f3 i difusi\u00f3 del patrimoni cultural catal\u00e0.<\/p>\n<h5>Mirant cap al futur<\/h5>\n<p>Amb el projecte Meraki com a exemple d&#8217;\u00e8xit, l&#8217;Escola Ponent continua treballant per oferir als seus alumnes una educaci\u00f3 de qualitat, basada en els valors de la creativitat, el treball en equip i l&#8217;amor per la llengua catalana. La millora de l&#8217;espai de teatre \u00e9s nom\u00e9s el primer pas d&#8217;un llarg cam\u00ed per seguir apostant per una educaci\u00f3 on les arts i la llengua catalana vagin de la m\u00e0.<\/p>\n<p>Felicitats a tota la comunitat de l&#8217;Escola Ponent per aquest merescut reconeixement! Seguim construint somnis junts.<\/p>\n<p><iframe loading=\"lazy\" title=\"YouTube video player\" src=\"https:\/\/www.youtube.com\/embed\/aKRrkdux8YY?si=klj3RAT3m9xf8Rri\" width=\"560\" height=\"315\" frameborder=\"0\" allowfullscreen=\"allowfullscreen\"><\/iframe><\/p>\n<p>&nbsp;<\/p>\n<p><iframe loading=\"lazy\" title=\"YouTube video player\" src=\"https:\/\/www.youtube.com\/embed\/_A6MKuOtWIA?si=lRsyUh4T4dGCn2iv\" width=\"560\" height=\"315\" frameborder=\"0\" allowfullscreen=\"allowfullscreen\"><\/iframe><\/p>\n","protected":false},"excerpt":{"rendered":"<p>L&#8217;Escola Ponent de Granollers est\u00e0 d&#8217;enhorabona! L&#8217;any 2022, el centre va rebre el prestig\u00f3s Premi Baldiri Reixac en la categoria de projectes art\u00edstics en llengua catalana pel seu innovador projecte Meraki. Aquest reconeixement posa en valor la dedicaci\u00f3, creativitat i comprom\u00eds de tota la comunitat&hellip;  <a href=\"https:\/\/agora.xtec.cat\/ceipponent-granollers\/premi-baldiri-reixac\/\" title=\"Read Premi Baldiri Reixac 2022\">Llegeix m\u00e9s\u00bb<\/a><\/p>\n","protected":false},"author":24,"featured_media":0,"parent":0,"menu_order":0,"comment_status":"closed","ping_status":"closed","template":"","meta":{"_bbp_topic_count":0,"_bbp_reply_count":0,"_bbp_total_topic_count":0,"_bbp_total_reply_count":0,"_bbp_voice_count":0,"_bbp_anonymous_reply_count":0,"_bbp_topic_count_hidden":0,"_bbp_reply_count_hidden":0,"_bbp_forum_subforum_count":0,"footnotes":""},"class_list":["post-13235","page","type-page","status-publish","hentry"],"post_mailing_queue_ids":[],"_links":{"self":[{"href":"https:\/\/agora.xtec.cat\/ceipponent-granollers\/wp-json\/wp\/v2\/pages\/13235","targetHints":{"allow":["GET"]}}],"collection":[{"href":"https:\/\/agora.xtec.cat\/ceipponent-granollers\/wp-json\/wp\/v2\/pages"}],"about":[{"href":"https:\/\/agora.xtec.cat\/ceipponent-granollers\/wp-json\/wp\/v2\/types\/page"}],"author":[{"embeddable":true,"href":"https:\/\/agora.xtec.cat\/ceipponent-granollers\/wp-json\/wp\/v2\/users\/24"}],"replies":[{"embeddable":true,"href":"https:\/\/agora.xtec.cat\/ceipponent-granollers\/wp-json\/wp\/v2\/comments?post=13235"}],"version-history":[{"count":6,"href":"https:\/\/agora.xtec.cat\/ceipponent-granollers\/wp-json\/wp\/v2\/pages\/13235\/revisions"}],"predecessor-version":[{"id":13243,"href":"https:\/\/agora.xtec.cat\/ceipponent-granollers\/wp-json\/wp\/v2\/pages\/13235\/revisions\/13243"}],"wp:attachment":[{"href":"https:\/\/agora.xtec.cat\/ceipponent-granollers\/wp-json\/wp\/v2\/media?parent=13235"}],"curies":[{"name":"wp","href":"https:\/\/api.w.org\/{rel}","templated":true}]}}