{"id":11643,"date":"2023-10-10T09:06:42","date_gmt":"2023-10-10T07:06:42","guid":{"rendered":"https:\/\/agora.xtec.cat\/ceipponent-granollers\/?page_id=11643"},"modified":"2026-02-15T09:43:21","modified_gmt":"2026-02-15T08:43:21","slug":"el-pressupost-del-centre","status":"publish","type":"page","link":"https:\/\/agora.xtec.cat\/ceipponent-granollers\/el-pressupost-del-centre\/","title":{"rendered":"El pressupost del Centre"},"content":{"rendered":"<p>Un centre educatiu \u00e9s un ens p\u00fablic i, com a tal, s\u2019ha de gestionar d\u2019acord amb els principis de transpar\u00e8ncia, fiabilitat i control social.<\/p>\n<p>La transpar\u00e8ncia i la fiabilitat es poden assegurar amb l\u2019\u00fas d\u2019eines com el pressupost i la comptabilitat. El control social s\u2019estableix en el consell escolar del centre, \u00f2rgan col\u00b7legiat de participaci\u00f3 en el govern del centre, el qual s\u2019ha de consultar de manera preceptiva i que manifesta el suport per majoria simple al pressupost que presenta i aprova el director o directora.<\/p>\n<p>El pressupost s\u2019ha d\u2019entendre com a eina de refer\u00e8ncia que facilita la planificaci\u00f3, la previsi\u00f3 i el seguiment d\u2019ingressos i despeses. En cap cas no s\u2019ha de considerar un pur formulisme de la gesti\u00f3 econ\u00f2mica. La comptabilitat no nom\u00e9s ha de ser all\u00f2 que exigeix la normativa, sin\u00f3 tamb\u00e9 una eina de control i ajuda al seguiment pressupostari.<\/p>\n<p>La compet\u00e8ncia i la responsabilitat de la gesti\u00f3 econ\u00f2mica corresponen a la direcci\u00f3 del centre. La direcci\u00f3 del centre educatiu ha de gestionar tots els ingressos que rep, els assignats pel Departament d\u2019Educaci\u00f3, els que provenen de l\u2019aplicaci\u00f3 de preus p\u00fablics, els que provenen d\u2019altres administracions, les aportacions volunt\u00e0ries de les fam\u00edlies, donacions i, fins i tot, els que derivin de la mateixa activitat del centre.<\/p>\n<p><strong>1. El pressupost<\/strong><\/p>\n<p>\u00c9s el document que recull la previsi\u00f3 dels ingressos i la capacitat m\u00e0xima de despeses que es poden fer durant un exercici econ\u00f2mic. \u00c9s \u00fanic, inclou els conceptes pressupostaris i la seva vig\u00e8ncia coincideix amb l\u2019any natural.<\/p>\n<p>El cicle pressupostari engloba l\u2019elaboraci\u00f3 i aprovaci\u00f3 del pressupost, les modificacions necess\u00e0ries durant l\u2019exercici pressupostari, l\u2019execuci\u00f3 que es reflecteix en la comptabilitat del centre, i la liquidaci\u00f3 i l\u2019avaluaci\u00f3.<\/p>\n<p><strong>2. Elaboraci\u00f3 del pressupost<\/strong><\/p>\n<p>L\u2019Equip Directiu elabora el pressupost a l\u2019inici de l\u2019exercici pressupostari i la directora l\u2019aprova, si escau, pr\u00e8via consulta preceptiva al consell escolar, abans del 31 de gener.<\/p>\n<p>El pressupost del centre \u00e9s \u00fanic i est\u00e0 compost per un estat d\u2019ingressos i un de despeses.<\/p>\n<p>El pressupost d\u2019ingressos ha d\u2019incloure:<\/p>\n<p>\u25a0 El romanent del pressupost anterior.<br \/>\n\u25a0 Les aportacions que fa el Departament,<br \/>\n\u25a0 Els ingressos provinents d\u2019altres administracions.<br \/>\n\u25a0 Els ingressos afectats per una finalitat determinada.<br \/>\n\u25a0 Les aportacions per a material escolar.<br \/>\n\u25a0 Les aportacions de les fam\u00edlies per a activitats complement\u00e0ries, sortides escolars i material escolar.<br \/>\n\u25a0 Les indemnitzacions d\u2019assegurances.<\/p>\n<p><strong>3. Execuci\u00f3 del pressupost<\/strong><\/p>\n<p>Durant l\u2019exercici, el pressupost s\u2019ha d\u2019adaptar a les actuacions del centre, fet que, en alguns casos, implica la necessitat de fer-hi modificacions; aquestes, per\u00f2, sempre han de garantir l\u2019equilibri pressupostari i la coher\u00e8ncia amb la previsi\u00f3 d\u2019ingressos i despeses de l\u2019exercici.<\/p>\n<p>\u00c9s necessari tamb\u00e9 que s\u2019incorpori a la gesti\u00f3 econ\u00f2mica ordin\u00e0ria la realitzaci\u00f3 de conciliacions banc\u00e0ries, arquejos de les caixes d\u2019efectiu, revisi\u00f3 dels comptes dels prove\u00efdors i dels aportadors, i qualsevol altra actuaci\u00f3 amb la finalitat de garantir la m\u00e0xima correcci\u00f3 en els registres comptables.<\/p>\n<p><strong>4. Liquidaci\u00f3 del pressupost<\/strong><\/p>\n<p>L\u2019Equip Directiu ha de preparar la liquidaci\u00f3 pressupost\u00e0ria la proposta d\u2019eventuals romanents del pressupost de l\u2019exercici seg\u00fcent i, la directora, les ha de presentar al consell escolar perqu\u00e8 les valori.<\/p>\n<p>Els documents de la liquidaci\u00f3 del pressupost, s\u00f3n els seg\u00fcents:<\/p>\n<p>\u25a0 Compte general de rendes p\u00fabliques<br \/>\n\u25a0 Compte general de despeses<br \/>\n\u25a0 Compte general d\u2019operacions extra pressupost\u00e0ries<br \/>\n\u25a0 Compte general de tresoreria<br \/>\n\u25a0 Exc\u00e9s de fons i balan\u00e7<br \/>\n\u25a0 Liquidaci\u00f3 del pressupost<br \/>\n\u25a0 Acta d\u2019arqueig amb data 31 de desembre<br \/>\n\u25a0 Certificat del saldo de cada compte bancari a nom del centre<br \/>\n\u25a0 Certificat del director o directora del centre del saldo de totes les caixes de diners en met\u00e0l\u00b7lic<br \/>\n\u25a0 Certificat del director o directora conforme s\u2019ha dut a terme la gesti\u00f3 econ\u00f2mica del centre d\u2019acord amb la legislaci\u00f3 vigent.<\/p>\n<p>A continuaci\u00f3 us deixem la liquidaci\u00f3 del pressupost de l&#8217;any 2024: <strong><a href=\"https:\/\/agora.xtec.cat\/ceipponent-granollers\/wp-content\/uploads\/usu1522\/2026\/02\/Liquidacio-del-pressupost-8-1.pdf\">Liquidaci\u00f3 del pressupost 2025<\/a><\/strong><\/p>\n<p>Ara, teniu el pressupost pel 2025: <strong><a href=\"https:\/\/agora.xtec.cat\/ceipponent-granollers\/wp-content\/uploads\/usu1522\/2026\/02\/ilovepdf_merged.pdf\">Pressupost pel 2026<\/a><\/strong><\/p>\n","protected":false},"excerpt":{"rendered":"<p>Un centre educatiu \u00e9s un ens p\u00fablic i, com a tal, s\u2019ha de gestionar d\u2019acord amb els principis de transpar\u00e8ncia, fiabilitat i control social.<br \/>\nLa transpar\u00e8ncia i la fiabilitat es poden assegurar amb l\u2019\u00fas d\u2019eines com el pressupost i la comptabilitat. El control social s\u2019estableix en&hellip;  <a href=\"https:\/\/agora.xtec.cat\/ceipponent-granollers\/el-pressupost-del-centre\/\" title=\"Read El pressupost del Centre\">Llegeix m\u00e9s\u00bb<\/a><\/p>\n","protected":false},"author":24,"featured_media":0,"parent":0,"menu_order":0,"comment_status":"closed","ping_status":"closed","template":"","meta":{"_bbp_topic_count":0,"_bbp_reply_count":0,"_bbp_total_topic_count":0,"_bbp_total_reply_count":0,"_bbp_voice_count":0,"_bbp_anonymous_reply_count":0,"_bbp_topic_count_hidden":0,"_bbp_reply_count_hidden":0,"_bbp_forum_subforum_count":0,"footnotes":""},"class_list":["post-11643","page","type-page","status-publish","hentry"],"post_mailing_queue_ids":[],"_links":{"self":[{"href":"https:\/\/agora.xtec.cat\/ceipponent-granollers\/wp-json\/wp\/v2\/pages\/11643","targetHints":{"allow":["GET"]}}],"collection":[{"href":"https:\/\/agora.xtec.cat\/ceipponent-granollers\/wp-json\/wp\/v2\/pages"}],"about":[{"href":"https:\/\/agora.xtec.cat\/ceipponent-granollers\/wp-json\/wp\/v2\/types\/page"}],"author":[{"embeddable":true,"href":"https:\/\/agora.xtec.cat\/ceipponent-granollers\/wp-json\/wp\/v2\/users\/24"}],"replies":[{"embeddable":true,"href":"https:\/\/agora.xtec.cat\/ceipponent-granollers\/wp-json\/wp\/v2\/comments?post=11643"}],"version-history":[{"count":4,"href":"https:\/\/agora.xtec.cat\/ceipponent-granollers\/wp-json\/wp\/v2\/pages\/11643\/revisions"}],"predecessor-version":[{"id":15109,"href":"https:\/\/agora.xtec.cat\/ceipponent-granollers\/wp-json\/wp\/v2\/pages\/11643\/revisions\/15109"}],"wp:attachment":[{"href":"https:\/\/agora.xtec.cat\/ceipponent-granollers\/wp-json\/wp\/v2\/media?parent=11643"}],"curies":[{"name":"wp","href":"https:\/\/api.w.org\/{rel}","templated":true}]}}