{"id":1145,"date":"2017-09-24T21:35:51","date_gmt":"2017-09-24T19:35:51","guid":{"rendered":"http:\/\/agora.xtec.cat\/ceipponent-granollers\/?page_id=1145"},"modified":"2022-08-31T20:48:31","modified_gmt":"2022-08-31T18:48:31","slug":"gep","status":"publish","type":"page","link":"https:\/\/agora.xtec.cat\/ceipponent-granollers\/projectes-escola\/gep\/","title":{"rendered":"Science-GEP"},"content":{"rendered":"<p>Us mostrem alguns dels treballs que han fet els alumnes:<\/p>\n<p><strong>6th grade:\u00a0Living things.<\/strong><\/p>\n<p>Aqu\u00ed teniu els nostres nens i nenes de sis\u00e8 fent les seves exposicions sobre diferents \u00e9seers vius&#8230; in English! Oh my God!!!<\/p>\n<p><em>Here you have our 6th graders giving their talks about living things. They did it great!!<\/em><\/p>\n<p><iframe loading=\"lazy\" title=\"Escola Ponent Granollers\" width=\"500\" height=\"281\" src=\"https:\/\/www.youtube.com\/embed\/GwQNEgYBOx0?feature=oembed\" frameborder=\"0\" allow=\"accelerometer; autoplay; clipboard-write; encrypted-media; gyroscope; picture-in-picture; web-share\" referrerpolicy=\"strict-origin-when-cross-origin\" allowfullscreen><\/iframe><\/p>\n<p><iframe loading=\"lazy\" title=\"Escola Ponent Granollers\" width=\"500\" height=\"281\" src=\"https:\/\/www.youtube.com\/embed\/qGjKEagwMa0?feature=oembed\" frameborder=\"0\" allow=\"accelerometer; autoplay; clipboard-write; encrypted-media; gyroscope; picture-in-picture; web-share\" referrerpolicy=\"strict-origin-when-cross-origin\" allowfullscreen><\/iframe><\/p>\n<p><iframe loading=\"lazy\" title=\"Escola Ponent Granollers\" width=\"500\" height=\"281\" src=\"https:\/\/www.youtube.com\/embed\/1_laDTR0_tw?feature=oembed\" frameborder=\"0\" allow=\"accelerometer; autoplay; clipboard-write; encrypted-media; gyroscope; picture-in-picture; web-share\" referrerpolicy=\"strict-origin-when-cross-origin\" allowfullscreen><\/iframe><\/p>\n<p><iframe loading=\"lazy\" title=\"Students talks\" width=\"500\" height=\"281\" src=\"https:\/\/www.youtube.com\/embed\/nGVrVRmrScU?feature=oembed\" frameborder=\"0\" allow=\"accelerometer; autoplay; clipboard-write; encrypted-media; gyroscope; picture-in-picture; web-share\" referrerpolicy=\"strict-origin-when-cross-origin\" allowfullscreen><\/iframe><\/p>\n<p><iframe loading=\"lazy\" title=\"Students talks\" width=\"500\" height=\"281\" src=\"https:\/\/www.youtube.com\/embed\/3sJSMzQFXBA?feature=oembed\" frameborder=\"0\" allow=\"accelerometer; autoplay; clipboard-write; encrypted-media; gyroscope; picture-in-picture; web-share\" referrerpolicy=\"strict-origin-when-cross-origin\" allowfullscreen><\/iframe><\/p>\n<p><iframe loading=\"lazy\" title=\"Students talks\" width=\"500\" height=\"281\" src=\"https:\/\/www.youtube.com\/embed\/_348mpxB-lA?feature=oembed\" frameborder=\"0\" allow=\"accelerometer; autoplay; clipboard-write; encrypted-media; gyroscope; picture-in-picture; web-share\" referrerpolicy=\"strict-origin-when-cross-origin\" allowfullscreen><\/iframe><\/p>\n<p><iframe loading=\"lazy\" title=\"Students talks\" width=\"500\" height=\"281\" src=\"https:\/\/www.youtube.com\/embed\/QJVbj2wlVDk?feature=oembed\" frameborder=\"0\" allow=\"accelerometer; autoplay; clipboard-write; encrypted-media; gyroscope; picture-in-picture; web-share\" referrerpolicy=\"strict-origin-when-cross-origin\" allowfullscreen><\/iframe><\/p>\n<p><iframe loading=\"lazy\" title=\"Students talks\" width=\"500\" height=\"281\" src=\"https:\/\/www.youtube.com\/embed\/-lIXDHt-5hs?feature=oembed\" frameborder=\"0\" allow=\"accelerometer; autoplay; clipboard-write; encrypted-media; gyroscope; picture-in-picture; web-share\" referrerpolicy=\"strict-origin-when-cross-origin\" allowfullscreen><\/iframe><\/p>\n<p><iframe loading=\"lazy\" title=\"Students talks\" width=\"500\" height=\"281\" src=\"https:\/\/www.youtube.com\/embed\/A2Pn2BgPYEc?feature=oembed\" frameborder=\"0\" allow=\"accelerometer; autoplay; clipboard-write; encrypted-media; gyroscope; picture-in-picture; web-share\" referrerpolicy=\"strict-origin-when-cross-origin\" allowfullscreen><\/iframe><\/p>\n<p><iframe loading=\"lazy\" title=\"Students talks\" width=\"500\" height=\"281\" src=\"https:\/\/www.youtube.com\/embed\/hje13VrtBH8?feature=oembed\" frameborder=\"0\" allow=\"accelerometer; autoplay; clipboard-write; encrypted-media; gyroscope; picture-in-picture; web-share\" referrerpolicy=\"strict-origin-when-cross-origin\" allowfullscreen><\/iframe><\/p>\n<p><iframe loading=\"lazy\" title=\"Students talks\" width=\"500\" height=\"281\" src=\"https:\/\/www.youtube.com\/embed\/j7HQYdHXRf8?feature=oembed\" frameborder=\"0\" allow=\"accelerometer; autoplay; clipboard-write; encrypted-media; gyroscope; picture-in-picture; web-share\" referrerpolicy=\"strict-origin-when-cross-origin\" allowfullscreen><\/iframe><\/p>\n<p><iframe loading=\"lazy\" title=\"Students talks\" width=\"500\" height=\"281\" src=\"https:\/\/www.youtube.com\/embed\/9TxV783LJ3U?feature=oembed\" frameborder=\"0\" allow=\"accelerometer; autoplay; clipboard-write; encrypted-media; gyroscope; picture-in-picture; web-share\" referrerpolicy=\"strict-origin-when-cross-origin\" allowfullscreen><\/iframe><\/p>\n<p><iframe loading=\"lazy\" title=\"Students talks\" width=\"500\" height=\"281\" src=\"https:\/\/www.youtube.com\/embed\/yoM2FruL94o?feature=oembed\" frameborder=\"0\" allow=\"accelerometer; autoplay; clipboard-write; encrypted-media; gyroscope; picture-in-picture; web-share\" referrerpolicy=\"strict-origin-when-cross-origin\" allowfullscreen><\/iframe><\/p>\n<p><iframe loading=\"lazy\" title=\"Students talks\" width=\"500\" height=\"281\" src=\"https:\/\/www.youtube.com\/embed\/mRqBv2GCt5k?feature=oembed\" frameborder=\"0\" allow=\"accelerometer; autoplay; clipboard-write; encrypted-media; gyroscope; picture-in-picture; web-share\" referrerpolicy=\"strict-origin-when-cross-origin\" allowfullscreen><\/iframe><\/p>\n<p>A continuaci\u00f3 us posem un dels v\u00eddeos introductoris del tema per tal que el pugueu tornar a veure tots i totes des de casa. El v\u00eddeo es titula &#8220;The Characteristics of living things&#8221;.\u00a0 Esperem que en gaudiu!<\/p>\n<p><iframe loading=\"lazy\" title=\"The Characteristics of Living Things\" width=\"500\" height=\"375\" src=\"https:\/\/www.youtube.com\/embed\/OvMBJZLEwFs?feature=oembed\" frameborder=\"0\" allow=\"accelerometer; autoplay; clipboard-write; encrypted-media; gyroscope; picture-in-picture; web-share\" referrerpolicy=\"strict-origin-when-cross-origin\" allowfullscreen><\/iframe><\/p>\n","protected":false},"excerpt":{"rendered":"<p>Us mostrem alguns dels treballs que han fet els alumnes:<br \/>\n6th grade:\u00a0Living things.<br \/>\nAqu\u00ed teniu els nostres nens i nenes de sis\u00e8 fent les seves exposicions sobre diferents \u00e9seers vius&#8230; in English! Oh my God!!!<br \/>\nHere you have our 6th graders giving their talks about living things. They&hellip;  <a href=\"https:\/\/agora.xtec.cat\/ceipponent-granollers\/projectes-escola\/gep\/\" title=\"Read Science-GEP\">Llegeix m\u00e9s\u00bb<\/a><\/p>\n","protected":false},"author":1,"featured_media":0,"parent":1839,"menu_order":1,"comment_status":"closed","ping_status":"closed","template":"page-templates\/side-menu.php","meta":{"_bbp_topic_count":0,"_bbp_reply_count":0,"_bbp_total_topic_count":0,"_bbp_total_reply_count":0,"_bbp_voice_count":0,"_bbp_anonymous_reply_count":0,"_bbp_topic_count_hidden":0,"_bbp_reply_count_hidden":0,"_bbp_forum_subforum_count":0,"footnotes":""},"class_list":["post-1145","page","type-page","status-publish","hentry"],"post_mailing_queue_ids":[],"_links":{"self":[{"href":"https:\/\/agora.xtec.cat\/ceipponent-granollers\/wp-json\/wp\/v2\/pages\/1145","targetHints":{"allow":["GET"]}}],"collection":[{"href":"https:\/\/agora.xtec.cat\/ceipponent-granollers\/wp-json\/wp\/v2\/pages"}],"about":[{"href":"https:\/\/agora.xtec.cat\/ceipponent-granollers\/wp-json\/wp\/v2\/types\/page"}],"author":[{"embeddable":true,"href":"https:\/\/agora.xtec.cat\/ceipponent-granollers\/wp-json\/wp\/v2\/users\/1"}],"replies":[{"embeddable":true,"href":"https:\/\/agora.xtec.cat\/ceipponent-granollers\/wp-json\/wp\/v2\/comments?post=1145"}],"version-history":[{"count":5,"href":"https:\/\/agora.xtec.cat\/ceipponent-granollers\/wp-json\/wp\/v2\/pages\/1145\/revisions"}],"predecessor-version":[{"id":9169,"href":"https:\/\/agora.xtec.cat\/ceipponent-granollers\/wp-json\/wp\/v2\/pages\/1145\/revisions\/9169"}],"up":[{"embeddable":true,"href":"https:\/\/agora.xtec.cat\/ceipponent-granollers\/wp-json\/wp\/v2\/pages\/1839"}],"wp:attachment":[{"href":"https:\/\/agora.xtec.cat\/ceipponent-granollers\/wp-json\/wp\/v2\/media?parent=1145"}],"curies":[{"name":"wp","href":"https:\/\/api.w.org\/{rel}","templated":true}]}}