{"id":11181,"date":"2023-05-08T11:00:13","date_gmt":"2023-05-08T09:00:13","guid":{"rendered":"https:\/\/agora.xtec.cat\/ceipponent-granollers\/?page_id=11181"},"modified":"2023-05-08T12:21:34","modified_gmt":"2023-05-08T10:21:34","slug":"acords-digitals","status":"publish","type":"page","link":"https:\/\/agora.xtec.cat\/ceipponent-granollers\/acords-digitals\/","title":{"rendered":"Acords Digitals"},"content":{"rendered":"<p>A partir de la FIC realitzada al llarg del curs 2022-2023, l&#8217;escola Ponent ha arribat als seg\u00fcents acords digitals que, portarem a terme, a partir del curs 2023-2023.<\/p>\n<p>Aquests acords han estat consensuats amb el claustre i donats a con\u00e8ixer al consell escolar del centre, com a \u00f2rgan de govern del mateix.<\/p>\n<p>Aix\u00ed doncs, els acords presos s\u00f3n:<\/p>\n<ul>\n<li>Crearem una unitat compartida amb d&#8217;organitzaci\u00f3 interna pel claustre. Assignarem els diferents rols segons les coordinacions i les funcions dels membres del claustre.<\/li>\n<li>Les carpetes que contenguin informaci\u00f3 cr\u00edtica de l&#8217;alumnat, nom\u00e9s tindr\u00e0 acc\u00e9s el tutor o equip docent que desenvolupa la seva tasca amb aquells infants.<\/li>\n<li>Les carpetes que contenguin informaci\u00f3 confidencial i privada de l&#8217;alumnat, nom\u00e9s tindr\u00e0 acc\u00e9s els i les mestres especialistes per al suport inclusiu, aix\u00ed com la direcci\u00f3 del centre i el tutor o tutora que tingui aquell infant.<\/li>\n<li>La informaci\u00f3 delicada de l&#8217;alumnat referent a intoler\u00e0ncies, al\u00b7l\u00e8rgies, situacions familiars determinades&#8230; es recollir\u00e0 en un document de c\u00e0lcul. Aquest document haur\u00e0 d&#8217;estar a la classe penjada en un lloc visible, per\u00f2, tapada perqu\u00e8 no ho pugui veure tothom.<\/li>\n<li>En refer\u00e8ncia a les xarxes socials de l&#8217;escola aix\u00ed com a la p\u00e0gina web, s&#8217;ha decidit donar m\u00e9s import\u00e0ncia a l&#8217;activitat i no donar-li la import\u00e0ncia a la imatge del menor. A partir del curs 2023-2024, a les xarxes socials sortiran imatges de les activitats (intentant que nom\u00e9s surten parts dels nens i nenes com ara; mans, esquenes, peus&#8230;) i a la p\u00e0gina web es podr\u00e0 accedir a veure les diferents fotografies mitjan\u00e7ant una carpeta amb contrasenya que, se li donar\u00e0 als familiars a l&#8217;inici de cada curs.<\/li>\n<li>En refer\u00e8ncia als diferents espais virtuals d&#8217;aprenentatge a tota Prim\u00e0ria es tindr\u00e0 el Classroom. Aix\u00ed doncs, per a Cicle Inicial de Prim\u00e0ria ser\u00e0 un entorn virtual d&#8217;aprenentatge nom\u00e9s a l&#8217;aula (no es penjaran deures que han de fer a casa, no suposar\u00e0 una feina extra a casa) mentre que a Cicle Mitj\u00e0 i Cicle Superior de Prim\u00e0ria s&#8217;utilitzar\u00e0 per enviar deures, fer treballs en grups, individuals, realitzar coavaluacions, autoavaluacions&#8230; Com s&#8217;ha anat portant a cap fins ara.<\/li>\n<li>A Educaci\u00f3 Infantil s&#8217;emprar\u00e0 el Classdojo com entorn virtual d&#8217;aprenentatge. Cicle Inicial de Prim\u00e0ria, far\u00e0 servir el Classdojo com a eina de comunicaci\u00f3 amb les fam\u00edlies.<\/li>\n<li>Educaci\u00f3 Infantil i Cicle Inicial de Prim\u00e0ria comptaran amb un Symbaloo com a centre de recursos propis. All\u00e0 els i les docents hauran de penjar els diferents recursos que porten a terme en les diferents situacions d&#8217;aprenentatge.<\/li>\n<li>A Cicle Mitj\u00e0 i a Cicle Superior, es tindr\u00e0 un Classroom com a centre de recursos propis. All\u00e0 els i les docents hauran de penjar els diferents recursos que porten a terme a les aules.<\/li>\n<li>S&#8217;acorda fer servir les diferents Kudis treballades a la FIC Digital, almenys un cop al trimestre. S&#8217;agafar\u00e0 la Kudi que millor convingui segons la situaci\u00f3 d&#8217;aprenentatge que s&#8217;estigui treballant.<\/li>\n<li>La Compet\u00e8ncia digital es desenvolupar\u00e0 en totes i cadascuna de les situacions d&#8217;aprenentatge realitzades al centre. Des d&#8217;Educaci\u00f3 Infantil fins a Educaci\u00f3 Prim\u00e0ria. Es far\u00e0 un recull, a les actes d&#8217;avaluaci\u00f3 hauran de deixar plasmades quins indicadors operatius s&#8217;han desenvolupat al llarg del trimestre.<\/li>\n<\/ul>\n","protected":false},"excerpt":{"rendered":"<p>A partir de la FIC realitzada al llarg del curs 2022-2023, l&#8217;escola Ponent ha arribat als seg\u00fcents acords digitals que, portarem a terme, a partir del curs 2023-2023.<br \/>\nAquests acords han estat consensuats amb el claustre i donats a con\u00e8ixer al consell escolar del centre, com&hellip;  <a href=\"https:\/\/agora.xtec.cat\/ceipponent-granollers\/acords-digitals\/\" title=\"Read Acords Digitals\">Llegeix m\u00e9s\u00bb<\/a><\/p>\n","protected":false},"author":24,"featured_media":0,"parent":0,"menu_order":0,"comment_status":"closed","ping_status":"closed","template":"","meta":{"_bbp_topic_count":0,"_bbp_reply_count":0,"_bbp_total_topic_count":0,"_bbp_total_reply_count":0,"_bbp_voice_count":0,"_bbp_anonymous_reply_count":0,"_bbp_topic_count_hidden":0,"_bbp_reply_count_hidden":0,"_bbp_forum_subforum_count":0,"footnotes":""},"class_list":["post-11181","page","type-page","status-publish","hentry"],"post_mailing_queue_ids":[],"_links":{"self":[{"href":"https:\/\/agora.xtec.cat\/ceipponent-granollers\/wp-json\/wp\/v2\/pages\/11181","targetHints":{"allow":["GET"]}}],"collection":[{"href":"https:\/\/agora.xtec.cat\/ceipponent-granollers\/wp-json\/wp\/v2\/pages"}],"about":[{"href":"https:\/\/agora.xtec.cat\/ceipponent-granollers\/wp-json\/wp\/v2\/types\/page"}],"author":[{"embeddable":true,"href":"https:\/\/agora.xtec.cat\/ceipponent-granollers\/wp-json\/wp\/v2\/users\/24"}],"replies":[{"embeddable":true,"href":"https:\/\/agora.xtec.cat\/ceipponent-granollers\/wp-json\/wp\/v2\/comments?post=11181"}],"version-history":[{"count":3,"href":"https:\/\/agora.xtec.cat\/ceipponent-granollers\/wp-json\/wp\/v2\/pages\/11181\/revisions"}],"predecessor-version":[{"id":11201,"href":"https:\/\/agora.xtec.cat\/ceipponent-granollers\/wp-json\/wp\/v2\/pages\/11181\/revisions\/11201"}],"wp:attachment":[{"href":"https:\/\/agora.xtec.cat\/ceipponent-granollers\/wp-json\/wp\/v2\/media?parent=11181"}],"curies":[{"name":"wp","href":"https:\/\/api.w.org\/{rel}","templated":true}]}}