{"id":11179,"date":"2023-05-08T10:59:15","date_gmt":"2023-05-08T08:59:15","guid":{"rendered":"https:\/\/agora.xtec.cat\/ceipponent-granollers\/?page_id=11179"},"modified":"2023-05-08T11:28:35","modified_gmt":"2023-05-08T09:28:35","slug":"recursos-digitals","status":"publish","type":"page","link":"https:\/\/agora.xtec.cat\/ceipponent-granollers\/recursos-digitals\/","title":{"rendered":"Recursos digitals"},"content":{"rendered":"<p>Al centre comptem amb un gran desplegament de recursos digitals. Si els dividim per cicles, s\u00f3n els seg\u00fcents:<\/p>\n<ul>\n<li>\n<h4><strong>Educaci\u00f3 Infantil:<\/strong><\/h4>\n<\/li>\n<\/ul>\n<table style=\"border-collapse: collapse; width: 100%;\">\n<tbody>\n<tr>\n<td style=\"width: 17.6137%;\"><img loading=\"lazy\" decoding=\"async\" class=\"alignnone size-full wp-image-11186\" src=\"https:\/\/agora.xtec.cat\/ceipponent-granollers\/wp-content\/uploads\/usu1522\/2023\/05\/baixa.jpg\" alt=\"\" width=\"225\" height=\"225\" srcset=\"https:\/\/agora.xtec.cat\/ceipponent-granollers\/wp-content\/uploads\/usu1522\/2023\/05\/baixa.jpg 225w, https:\/\/agora.xtec.cat\/ceipponent-granollers\/wp-content\/uploads\/usu1522\/2023\/05\/baixa-150x150.jpg 150w\" sizes=\"auto, (max-width: 225px) 100vw, 225px\" \/><\/td>\n<td style=\"width: 15.7197%;\"><img loading=\"lazy\" decoding=\"async\" class=\"alignnone size-full wp-image-11187\" src=\"https:\/\/agora.xtec.cat\/ceipponent-granollers\/wp-content\/uploads\/usu1522\/2023\/05\/baixa-1.jpg\" alt=\"\" width=\"225\" height=\"225\" srcset=\"https:\/\/agora.xtec.cat\/ceipponent-granollers\/wp-content\/uploads\/usu1522\/2023\/05\/baixa-1.jpg 225w, https:\/\/agora.xtec.cat\/ceipponent-granollers\/wp-content\/uploads\/usu1522\/2023\/05\/baixa-1-150x150.jpg 150w\" sizes=\"auto, (max-width: 225px) 100vw, 225px\" \/><\/td>\n<td style=\"width: 16.6667%;\"><img loading=\"lazy\" decoding=\"async\" class=\"alignnone size-full wp-image-11189\" src=\"https:\/\/agora.xtec.cat\/ceipponent-granollers\/wp-content\/uploads\/usu1522\/2023\/05\/Captura-de-pantalla-2023-05-08-111019.png\" alt=\"\" width=\"475\" height=\"433\" srcset=\"https:\/\/agora.xtec.cat\/ceipponent-granollers\/wp-content\/uploads\/usu1522\/2023\/05\/Captura-de-pantalla-2023-05-08-111019.png 475w, https:\/\/agora.xtec.cat\/ceipponent-granollers\/wp-content\/uploads\/usu1522\/2023\/05\/Captura-de-pantalla-2023-05-08-111019-300x273.png 300w\" sizes=\"auto, (max-width: 475px) 100vw, 475px\" \/><\/td>\n<td style=\"width: 16.6667%;\"><img loading=\"lazy\" decoding=\"async\" class=\"alignnone size-full wp-image-11190\" src=\"https:\/\/agora.xtec.cat\/ceipponent-granollers\/wp-content\/uploads\/usu1522\/2023\/05\/baixa-2.jpg\" alt=\"\" width=\"275\" height=\"183\" \/><\/td>\n<\/tr>\n<tr>\n<td style=\"width: 17.6137%;\">\n<h5><strong>5 jocs de Mouse-boot<\/strong><\/h5>\n<\/td>\n<td style=\"width: 15.7197%;\">\n<h5><strong>22 tauletes<\/strong><\/h5>\n<\/td>\n<td style=\"width: 16.6667%;\">\n<h5>\u00a0<strong>6 Pantalles digitals<\/strong><\/h5>\n<\/td>\n<td style=\"width: 16.6667%;\">\n<h5><strong>4 taules de llum<\/strong><\/h5>\n<\/td>\n<\/tr>\n<\/tbody>\n<\/table>\n<p>&nbsp;<\/p>\n<ul>\n<li>\n<h4><strong>Cicle Inicial d&#8217;Educaci\u00f3 Prim\u00e0ria:<\/strong><\/h4>\n<\/li>\n<\/ul>\n<table style=\"width: 99.9998%; border-collapse: collapse; height: 309px;\">\n<tbody>\n<tr style=\"height: 238px;\">\n<td style=\"width: 12.816%; height: 238px;\"><img loading=\"lazy\" decoding=\"async\" class=\"alignnone size-full wp-image-11186\" src=\"https:\/\/agora.xtec.cat\/ceipponent-granollers\/wp-content\/uploads\/usu1522\/2023\/05\/baixa.jpg\" alt=\"\" width=\"225\" height=\"225\" srcset=\"https:\/\/agora.xtec.cat\/ceipponent-granollers\/wp-content\/uploads\/usu1522\/2023\/05\/baixa.jpg 225w, https:\/\/agora.xtec.cat\/ceipponent-granollers\/wp-content\/uploads\/usu1522\/2023\/05\/baixa-150x150.jpg 150w\" sizes=\"auto, (max-width: 225px) 100vw, 225px\" \/><\/td>\n<td style=\"width: 14.9671%; height: 238px;\"><img loading=\"lazy\" decoding=\"async\" class=\"alignnone size-full wp-image-11187\" src=\"https:\/\/agora.xtec.cat\/ceipponent-granollers\/wp-content\/uploads\/usu1522\/2023\/05\/baixa-1.jpg\" alt=\"\" width=\"225\" height=\"225\" srcset=\"https:\/\/agora.xtec.cat\/ceipponent-granollers\/wp-content\/uploads\/usu1522\/2023\/05\/baixa-1.jpg 225w, https:\/\/agora.xtec.cat\/ceipponent-granollers\/wp-content\/uploads\/usu1522\/2023\/05\/baixa-1-150x150.jpg 150w\" sizes=\"auto, (max-width: 225px) 100vw, 225px\" \/><\/td>\n<td style=\"width: 15.6319%; height: 238px;\"><img loading=\"lazy\" decoding=\"async\" class=\"alignnone wp-image-11189\" src=\"https:\/\/agora.xtec.cat\/ceipponent-granollers\/wp-content\/uploads\/usu1522\/2023\/05\/Captura-de-pantalla-2023-05-08-111019.png\" alt=\"\" width=\"237\" height=\"216\" srcset=\"https:\/\/agora.xtec.cat\/ceipponent-granollers\/wp-content\/uploads\/usu1522\/2023\/05\/Captura-de-pantalla-2023-05-08-111019.png 475w, https:\/\/agora.xtec.cat\/ceipponent-granollers\/wp-content\/uploads\/usu1522\/2023\/05\/Captura-de-pantalla-2023-05-08-111019-300x273.png 300w\" sizes=\"auto, (max-width: 237px) 100vw, 237px\" \/><\/td>\n<td style=\"width: 11.9487%; height: 238px;\"><img loading=\"lazy\" decoding=\"async\" class=\"alignnone wp-image-11191\" src=\"https:\/\/agora.xtec.cat\/ceipponent-granollers\/wp-content\/uploads\/usu1522\/2023\/05\/informacitca.png\" alt=\"\" width=\"211\" height=\"204\" \/><\/td>\n<td style=\"width: 11.3545%; height: 238px;\"><img loading=\"lazy\" decoding=\"async\" class=\"alignnone size-full wp-image-11192\" src=\"https:\/\/agora.xtec.cat\/ceipponent-granollers\/wp-content\/uploads\/usu1522\/2023\/05\/baixa-3.jpg\" alt=\"\" width=\"268\" height=\"188\" \/><\/td>\n<\/tr>\n<tr style=\"height: 71px;\">\n<td style=\"width: 12.816%; text-align: center; height: 71px;\">\n<h5><strong>5 jocs de Mouse-boot<\/strong><\/h5>\n<\/td>\n<td style=\"width: 14.9671%; text-align: center; height: 71px;\">\n<h5><strong>20 tauletes<\/strong><\/h5>\n<\/td>\n<td style=\"width: 15.6319%; text-align: center; height: 71px;\">\n<h5><strong>\u00a04 Pantalles digitals<\/strong><\/h5>\n<\/td>\n<td style=\"width: 11.9487%; text-align: center; height: 71px;\">\n<h5><strong>1 Sala d&#8217;inform\u00e0tica<\/strong><\/h5>\n<\/td>\n<td style=\"width: 11.3545%; text-align: center; height: 71px;\">\n<h5><strong>Scratchjr a totes les tauletes<\/strong><\/h5>\n<\/td>\n<\/tr>\n<\/tbody>\n<\/table>\n<p>&nbsp;<\/p>\n<ul>\n<li>\n<h4><strong>Cicle Mitj\u00e0 d&#8217;Educaci\u00f3 Prim\u00e0ria<\/strong><\/h4>\n<\/li>\n<\/ul>\n<table style=\"width: 98.864%; border-collapse: collapse; height: 309px;\">\n<tbody>\n<tr style=\"height: 238px;\">\n<td style=\"width: 9.88042%; height: 238px;\"><img loading=\"lazy\" decoding=\"async\" class=\"alignnone wp-image-11187\" src=\"https:\/\/agora.xtec.cat\/ceipponent-granollers\/wp-content\/uploads\/usu1522\/2023\/05\/baixa-1.jpg\" alt=\"\" width=\"159\" height=\"159\" srcset=\"https:\/\/agora.xtec.cat\/ceipponent-granollers\/wp-content\/uploads\/usu1522\/2023\/05\/baixa-1.jpg 225w, https:\/\/agora.xtec.cat\/ceipponent-granollers\/wp-content\/uploads\/usu1522\/2023\/05\/baixa-1-150x150.jpg 150w\" sizes=\"auto, (max-width: 159px) 100vw, 159px\" \/><\/td>\n<td style=\"width: 10.8004%; height: 238px;\"><img loading=\"lazy\" decoding=\"async\" class=\"alignnone wp-image-11189\" src=\"https:\/\/agora.xtec.cat\/ceipponent-granollers\/wp-content\/uploads\/usu1522\/2023\/05\/Captura-de-pantalla-2023-05-08-111019.png\" alt=\"\" width=\"177\" height=\"162\" srcset=\"https:\/\/agora.xtec.cat\/ceipponent-granollers\/wp-content\/uploads\/usu1522\/2023\/05\/Captura-de-pantalla-2023-05-08-111019.png 475w, https:\/\/agora.xtec.cat\/ceipponent-granollers\/wp-content\/uploads\/usu1522\/2023\/05\/Captura-de-pantalla-2023-05-08-111019-300x273.png 300w\" sizes=\"auto, (max-width: 177px) 100vw, 177px\" \/><\/td>\n<td style=\"width: 11.4653%; height: 238px;\"><img loading=\"lazy\" decoding=\"async\" class=\"alignnone wp-image-11191\" src=\"https:\/\/agora.xtec.cat\/ceipponent-granollers\/wp-content\/uploads\/usu1522\/2023\/05\/informacitca.png\" alt=\"\" width=\"211\" height=\"204\" \/><\/td>\n<td style=\"width: 11.0963%; height: 238px;\"><img loading=\"lazy\" decoding=\"async\" class=\"alignnone size-full wp-image-11193\" src=\"https:\/\/agora.xtec.cat\/ceipponent-granollers\/wp-content\/uploads\/usu1522\/2023\/05\/baixa-1-1.jpg\" alt=\"\" width=\"278\" height=\"181\" \/><\/td>\n<td style=\"width: 10.6016%; height: 238px;\"><img loading=\"lazy\" decoding=\"async\" class=\"alignnone size-full wp-image-11194\" src=\"https:\/\/agora.xtec.cat\/ceipponent-granollers\/wp-content\/uploads\/usu1522\/2023\/05\/baixa-2-1.jpg\" alt=\"\" width=\"318\" height=\"159\" srcset=\"https:\/\/agora.xtec.cat\/ceipponent-granollers\/wp-content\/uploads\/usu1522\/2023\/05\/baixa-2-1.jpg 318w, https:\/\/agora.xtec.cat\/ceipponent-granollers\/wp-content\/uploads\/usu1522\/2023\/05\/baixa-2-1-300x150.jpg 300w\" sizes=\"auto, (max-width: 318px) 100vw, 318px\" \/><\/td>\n<td style=\"width: 11.7378%;\"><img loading=\"lazy\" decoding=\"async\" class=\"alignnone size-full wp-image-11195\" src=\"https:\/\/agora.xtec.cat\/ceipponent-granollers\/wp-content\/uploads\/usu1522\/2023\/05\/baixa-3-1.jpg\" alt=\"\" width=\"258\" height=\"195\" srcset=\"https:\/\/agora.xtec.cat\/ceipponent-granollers\/wp-content\/uploads\/usu1522\/2023\/05\/baixa-3-1.jpg 258w, https:\/\/agora.xtec.cat\/ceipponent-granollers\/wp-content\/uploads\/usu1522\/2023\/05\/baixa-3-1-200x150.jpg 200w\" sizes=\"auto, (max-width: 258px) 100vw, 258px\" \/><\/td>\n<\/tr>\n<tr style=\"height: 71px;\">\n<td style=\"width: 9.88042%; text-align: center; height: 71px;\">\n<h5><strong>20 tauletes<\/strong><\/h5>\n<\/td>\n<td style=\"width: 10.8004%; text-align: center; height: 71px;\">\n<h5><strong>\u00a04 Pantalles digitals<\/strong><\/h5>\n<\/td>\n<td style=\"width: 11.4653%; text-align: center; height: 71px;\">\n<h5><strong>1 Sala d&#8217;inform\u00e0tica<\/strong><\/h5>\n<\/td>\n<td style=\"width: 11.0963%; text-align: center; height: 71px;\">\n<h5><strong>Scratch a totes les tauletes<\/strong><\/h5>\n<\/td>\n<td style=\"width: 10.6016%; text-align: center; height: 71px;\">\n<h5>10 robots Edison<\/h5>\n<\/td>\n<td style=\"width: 11.7378%; text-align: center;\">\n<h5>3 Jocs de Robots Wedo 2.0<\/h5>\n<\/td>\n<\/tr>\n<\/tbody>\n<\/table>\n<p>&nbsp;<\/p>\n<ul>\n<li>\n<h4><strong>Cicle Superior d&#8217;Educaci\u00f3 Prim\u00e0ria<\/strong><\/h4>\n<\/li>\n<\/ul>\n<table style=\"width: 98.864%; border-collapse: collapse; height: 309px;\">\n<tbody>\n<tr style=\"height: 238px;\">\n<td style=\"width: 9.88042%; height: 238px;\"><img loading=\"lazy\" decoding=\"async\" class=\"alignnone size-full wp-image-11196\" src=\"https:\/\/agora.xtec.cat\/ceipponent-granollers\/wp-content\/uploads\/usu1522\/2023\/05\/chrome.png\" alt=\"\" width=\"190\" height=\"166\" \/><\/td>\n<td style=\"width: 10.8004%; height: 238px;\"><img loading=\"lazy\" decoding=\"async\" class=\"alignnone wp-image-11189\" src=\"https:\/\/agora.xtec.cat\/ceipponent-granollers\/wp-content\/uploads\/usu1522\/2023\/05\/Captura-de-pantalla-2023-05-08-111019.png\" alt=\"\" width=\"177\" height=\"162\" srcset=\"https:\/\/agora.xtec.cat\/ceipponent-granollers\/wp-content\/uploads\/usu1522\/2023\/05\/Captura-de-pantalla-2023-05-08-111019.png 475w, https:\/\/agora.xtec.cat\/ceipponent-granollers\/wp-content\/uploads\/usu1522\/2023\/05\/Captura-de-pantalla-2023-05-08-111019-300x273.png 300w\" sizes=\"auto, (max-width: 177px) 100vw, 177px\" \/><\/td>\n<td style=\"width: 11.4653%; height: 238px;\"><img loading=\"lazy\" decoding=\"async\" class=\"alignnone wp-image-11191\" src=\"https:\/\/agora.xtec.cat\/ceipponent-granollers\/wp-content\/uploads\/usu1522\/2023\/05\/informacitca.png\" alt=\"\" width=\"211\" height=\"204\" \/><\/td>\n<td style=\"width: 11.0963%; height: 238px;\"><img loading=\"lazy\" decoding=\"async\" class=\"alignnone size-full wp-image-11197\" src=\"https:\/\/agora.xtec.cat\/ceipponent-granollers\/wp-content\/uploads\/usu1522\/2023\/05\/baixa-4.jpg\" alt=\"\" width=\"250\" height=\"202\" \/><\/td>\n<td style=\"width: 10.6016%; height: 238px;\">\n<h5><img loading=\"lazy\" decoding=\"async\" class=\"alignnone size-full wp-image-11198\" src=\"https:\/\/agora.xtec.cat\/ceipponent-granollers\/wp-content\/uploads\/usu1522\/2023\/05\/baixa-5.jpg\" alt=\"\" width=\"233\" height=\"217\" \/><\/h5>\n<\/td>\n<td style=\"width: 11.7378%;\"><img loading=\"lazy\" decoding=\"async\" class=\"alignnone size-full wp-image-11195\" src=\"https:\/\/agora.xtec.cat\/ceipponent-granollers\/wp-content\/uploads\/usu1522\/2023\/05\/baixa-3-1.jpg\" alt=\"\" width=\"258\" height=\"195\" srcset=\"https:\/\/agora.xtec.cat\/ceipponent-granollers\/wp-content\/uploads\/usu1522\/2023\/05\/baixa-3-1.jpg 258w, https:\/\/agora.xtec.cat\/ceipponent-granollers\/wp-content\/uploads\/usu1522\/2023\/05\/baixa-3-1-200x150.jpg 200w\" sizes=\"auto, (max-width: 258px) 100vw, 258px\" \/><\/td>\n<\/tr>\n<tr style=\"height: 71px;\">\n<td style=\"width: 9.88042%; text-align: center; height: 71px;\">\n<h5><strong>Chromebook per cada infant<\/strong><\/h5>\n<\/td>\n<td style=\"width: 10.8004%; text-align: center; height: 71px;\">\n<h5><strong>\u00a04 Pantalles de 75&#8242; a la classe<\/strong><\/h5>\n<\/td>\n<td style=\"width: 11.4653%; text-align: center; height: 71px;\">\n<h5><strong>1 Sala d&#8217;inform\u00e0tica<\/strong><\/h5>\n<\/td>\n<td style=\"width: 11.0963%; text-align: center; height: 71px;\">\n<h5><strong>6 jocs de Micro:bits<\/strong><\/h5>\n<\/td>\n<td style=\"width: 10.6016%; text-align: center; height: 71px;\">\n<h5>4 jocs de Lego Mindstorm EV3<\/h5>\n<\/td>\n<td style=\"width: 11.7378%; text-align: center;\">\n<h5>3 Jocs de Robots Wedo 2.0<\/h5>\n<\/td>\n<\/tr>\n<\/tbody>\n<\/table>\n","protected":false},"excerpt":{"rendered":"<p>Al centre comptem amb un gran desplegament de recursos digitals. Si els dividim per cicles, s\u00f3n els seg\u00fcents:<\/p>\n<ul>\n<li>\nEducaci\u00f3 Infantil:\n<\/li>\n<\/ul>\n<p>5 jocs de Mouse-boot<\/p>\n<p>22 tauletes<\/p>\n<p>\u00a06 Pantalles digitals<\/p>\n<p>4 taules de llum<\/p>\n<p>&nbsp;<\/p>\n<ul>\n<li>\nCicle Inicial d&#8217;Educaci\u00f3 Prim\u00e0ria:\n<\/li>\n<\/ul>\n<p>5 jocs de Mouse-boot<\/p>\n<p>20 tauletes<\/p>\n<p>\u00a04 Pantalles digitals<\/p>\n<p>1 Sala d&#8217;inform\u00e0tica<\/p>\n<p>Scratchjr a totes les tauletes<\/p>\n<p>&nbsp;<\/p>\n<ul>\n<li>\nCicle Mitj\u00e0 d&#8217;Educaci\u00f3&hellip;  <a href=\"https:\/\/agora.xtec.cat\/ceipponent-granollers\/recursos-digitals\/\" title=\"Read Recursos digitals\">Llegeix m\u00e9s\u00bb<\/a><\/p>\n","protected":false},"author":24,"featured_media":0,"parent":0,"menu_order":0,"comment_status":"closed","ping_status":"closed","template":"","meta":{"_bbp_topic_count":0,"_bbp_reply_count":0,"_bbp_total_topic_count":0,"_bbp_total_reply_count":0,"_bbp_voice_count":0,"_bbp_anonymous_reply_count":0,"_bbp_topic_count_hidden":0,"_bbp_reply_count_hidden":0,"_bbp_forum_subforum_count":0,"footnotes":""},"class_list":["post-11179","page","type-page","status-publish","hentry"],"post_mailing_queue_ids":[],"_links":{"self":[{"href":"https:\/\/agora.xtec.cat\/ceipponent-granollers\/wp-json\/wp\/v2\/pages\/11179","targetHints":{"allow":["GET"]}}],"collection":[{"href":"https:\/\/agora.xtec.cat\/ceipponent-granollers\/wp-json\/wp\/v2\/pages"}],"about":[{"href":"https:\/\/agora.xtec.cat\/ceipponent-granollers\/wp-json\/wp\/v2\/types\/page"}],"author":[{"embeddable":true,"href":"https:\/\/agora.xtec.cat\/ceipponent-granollers\/wp-json\/wp\/v2\/users\/24"}],"replies":[{"embeddable":true,"href":"https:\/\/agora.xtec.cat\/ceipponent-granollers\/wp-json\/wp\/v2\/comments?post=11179"}],"version-history":[{"count":3,"href":"https:\/\/agora.xtec.cat\/ceipponent-granollers\/wp-json\/wp\/v2\/pages\/11179\/revisions"}],"predecessor-version":[{"id":11199,"href":"https:\/\/agora.xtec.cat\/ceipponent-granollers\/wp-json\/wp\/v2\/pages\/11179\/revisions\/11199"}],"wp:attachment":[{"href":"https:\/\/agora.xtec.cat\/ceipponent-granollers\/wp-json\/wp\/v2\/media?parent=11179"}],"curies":[{"name":"wp","href":"https:\/\/api.w.org\/{rel}","templated":true}]}}