{"id":10316,"date":"2023-01-31T11:51:25","date_gmt":"2023-01-31T10:51:25","guid":{"rendered":"https:\/\/agora.xtec.cat\/ceipponent-granollers\/?page_id=10316"},"modified":"2023-02-06T16:35:16","modified_gmt":"2023-02-06T15:35:16","slug":"acolliment-digital","status":"publish","type":"page","link":"https:\/\/agora.xtec.cat\/ceipponent-granollers\/acolliment-digital\/","title":{"rendered":"Acolliment digital"},"content":{"rendered":"<p>Per poder rebre al nou alumnat i als i les docents, a l&#8217;escola Ponent de Granollers, estem preparant un seguit de documents\u00a0 on podran estar informats d\u2019una manera r\u00e0pida de tots els aspectes digitals que treballem al centre.<\/p>\n<p>Per aquest motiu, el nostre centre, ha elaborat un seguit de documents referits a:<\/p>\n<ul>\n<li style=\"list-style-type: none;\">\n<ul>\n<li style=\"list-style-type: none;\">\n<ul>\n<li style=\"list-style-type: none;\">\n<ul>\n<li style=\"list-style-type: none;\">\n<ul>\n<li style=\"list-style-type: none;\">\n<ul>\n<li style=\"list-style-type: none;\">\n<ul>\n<li style=\"list-style-type: none;\">\n<ul>\n<li>La comunicaci\u00f3 del centre amb els diferents \u00e0mbits (pla de comunicaci\u00f3).<\/li>\n<li>L&#8217; Acolliment de l&#8217;alumnat, docents i fam\u00edlies a l&#8217;escola.<\/li>\n<\/ul>\n<\/li>\n<\/ul>\n<\/li>\n<\/ul>\n<\/li>\n<\/ul>\n<\/li>\n<\/ul>\n<\/li>\n<\/ul>\n<\/li>\n<\/ul>\n<\/li>\n<\/ul>\n<p><span style=\"color: #339966;\"><strong>Pla de comunicaci\u00f3 del centre<\/strong><\/span><\/p>\n<p><a href=\"https:\/\/agora.xtec.cat\/ceipponent-granollers\/pla-de-comunicacio-de-lescola-ponent\/\"><img loading=\"lazy\" decoding=\"async\" class=\" wp-image-10317 aligncenter\" src=\"https:\/\/agora.xtec.cat\/ceipponent-granollers\/wp-content\/uploads\/usu1522\/2023\/01\/Captura-de-pantalla-2023-01-31-114701.jpg\" alt=\"\" width=\"625\" height=\"211\" srcset=\"https:\/\/agora.xtec.cat\/ceipponent-granollers\/wp-content\/uploads\/usu1522\/2023\/01\/Captura-de-pantalla-2023-01-31-114701.jpg 613w, https:\/\/agora.xtec.cat\/ceipponent-granollers\/wp-content\/uploads\/usu1522\/2023\/01\/Captura-de-pantalla-2023-01-31-114701-300x101.jpg 300w\" sizes=\"auto, (max-width: 625px) 100vw, 625px\" \/><\/a><\/p>\n<p><span style=\"color: #339966;\"><strong>Pla d&#8217;acollida al centre<\/strong><\/span><\/p>\n<p><a href=\"https:\/\/agora.xtec.cat\/ceipponent-granollers\/general\/pla-dacollida-del-centre\/\"><img loading=\"lazy\" decoding=\"async\" class=\" wp-image-10318 aligncenter\" src=\"https:\/\/agora.xtec.cat\/ceipponent-granollers\/wp-content\/uploads\/usu1522\/2023\/01\/Captura-de-pantalla-2023-01-31-115035.jpg\" alt=\"\" width=\"391\" height=\"330\" srcset=\"https:\/\/agora.xtec.cat\/ceipponent-granollers\/wp-content\/uploads\/usu1522\/2023\/01\/Captura-de-pantalla-2023-01-31-115035.jpg 370w, https:\/\/agora.xtec.cat\/ceipponent-granollers\/wp-content\/uploads\/usu1522\/2023\/01\/Captura-de-pantalla-2023-01-31-115035-300x253.jpg 300w\" sizes=\"auto, (max-width: 391px) 100vw, 391px\" \/><\/a><\/p>\n","protected":false},"excerpt":{"rendered":"<p>Per poder rebre al nou alumnat i als i les docents, a l&#8217;escola Ponent de Granollers, estem preparant un seguit de documents\u00a0 on podran estar informats d\u2019una manera r\u00e0pida de tots els aspectes digitals que treballem al centre.<br \/>\nPer aquest motiu, el nostre centre, ha elaborat&hellip;  <a href=\"https:\/\/agora.xtec.cat\/ceipponent-granollers\/acolliment-digital\/\" title=\"Read Acolliment digital\">Llegeix m\u00e9s\u00bb<\/a><\/p>\n","protected":false},"author":24,"featured_media":0,"parent":0,"menu_order":0,"comment_status":"closed","ping_status":"closed","template":"","meta":{"_bbp_topic_count":0,"_bbp_reply_count":0,"_bbp_total_topic_count":0,"_bbp_total_reply_count":0,"_bbp_voice_count":0,"_bbp_anonymous_reply_count":0,"_bbp_topic_count_hidden":0,"_bbp_reply_count_hidden":0,"_bbp_forum_subforum_count":0,"footnotes":""},"class_list":["post-10316","page","type-page","status-publish","hentry"],"post_mailing_queue_ids":[],"_links":{"self":[{"href":"https:\/\/agora.xtec.cat\/ceipponent-granollers\/wp-json\/wp\/v2\/pages\/10316","targetHints":{"allow":["GET"]}}],"collection":[{"href":"https:\/\/agora.xtec.cat\/ceipponent-granollers\/wp-json\/wp\/v2\/pages"}],"about":[{"href":"https:\/\/agora.xtec.cat\/ceipponent-granollers\/wp-json\/wp\/v2\/types\/page"}],"author":[{"embeddable":true,"href":"https:\/\/agora.xtec.cat\/ceipponent-granollers\/wp-json\/wp\/v2\/users\/24"}],"replies":[{"embeddable":true,"href":"https:\/\/agora.xtec.cat\/ceipponent-granollers\/wp-json\/wp\/v2\/comments?post=10316"}],"version-history":[{"count":3,"href":"https:\/\/agora.xtec.cat\/ceipponent-granollers\/wp-json\/wp\/v2\/pages\/10316\/revisions"}],"predecessor-version":[{"id":10403,"href":"https:\/\/agora.xtec.cat\/ceipponent-granollers\/wp-json\/wp\/v2\/pages\/10316\/revisions\/10403"}],"wp:attachment":[{"href":"https:\/\/agora.xtec.cat\/ceipponent-granollers\/wp-json\/wp\/v2\/media?parent=10316"}],"curies":[{"name":"wp","href":"https:\/\/api.w.org\/{rel}","templated":true}]}}