{"id":30,"date":"2014-09-18T12:30:23","date_gmt":"2014-09-18T12:30:23","guid":{"rendered":"http:\/\/agora.xtec.cat\/ceippompeufabrasantadria\/\/?page_id=30"},"modified":"2026-01-22T23:20:34","modified_gmt":"2026-01-22T22:20:34","slug":"instal%c2%b7lacions","status":"publish","type":"page","link":"https:\/\/agora.xtec.cat\/ceippompeufabrasantadria\/lescola\/instal%c2%b7lacions\/","title":{"rendered":"Les nostres instal\u00b7lacions"},"content":{"rendered":"<p>L\u2019edifici actual de l\u2019Escola Pompeu Fabra, situat a l\u2019avinguda Santa Caterina, es va estrenar el setembre de <strong>1992<\/strong> i es va inaugurar oficialment l\u2019any <strong>1994<\/strong>. Des del seu disseny original, el centre va ser concebut <strong>sense barreres arquitect\u00f2niques<\/strong>, garantint l\u2019accessibilitat total mitjan\u00e7ant rampes i ascensor, el que ens permet ser un centre de refer\u00e8ncia per a l\u2019escolaritzaci\u00f3 d\u2019alumnat amb <strong>discapacitat motriu<\/strong>.<\/p>\n<p>&nbsp;<\/p>\n<h4>Espais pedag\u00f2gics i especialitzats<\/h4>\n<p>L\u2019escola compta amb una infraestructura moderna i funcional, adaptada als reptes de l\u2019educaci\u00f3 digital i inclusiva:<\/p>\n<ul>\n<li><strong>Aules ordin\u00e0ries<\/strong>: Espais amplis i lluminosos, tots ells equipats amb <strong>panells interactius<\/strong> d\u2019\u00faltima generaci\u00f3.<\/li>\n<li><strong>Aules d&#8217;especialitat<\/strong>: Disposem de dues aules d\u2019<strong>inform\u00e0tica<\/strong> totalment equipades, aula de <strong>m\u00fasica<\/strong>, aula d\u2019<strong>angl\u00e8s<\/strong>, laboratori (que funciona tamb\u00e9 com a aula de <strong>pl\u00e0stica<\/strong>) i una biblioteca escolar activa.<\/li>\n<li><strong>Atenci\u00f3 a la diversitat<\/strong>: Comptem amb espais espec\u00edfics per garantir l&#8217;equitat, com dues aules d\u2019<strong>educaci\u00f3 especial<\/strong>, l&#8217;aula <strong>SIEI<\/strong> (Suport Intensiu d\u2019Escolaritzaci\u00f3 Inclusiva) i l&#8217;aula <strong>SIAL<\/strong> (Suport Intensiu d\u2019Audici\u00f3 i Llenguatge), a m\u00e9s d&#8217;una sala de fisioter\u00e0pia i una de psicomotricitat.<\/li>\n<li><strong>Sales polivalents<\/strong>: El centre disposa de tres sales polivalents i una <strong>sala rodona multifunci\u00f3<\/strong> que permeten realitzar activitats diverses i de gran grup.<\/li>\n<\/ul>\n<p>&nbsp;<\/p>\n<h4>Els nostres patis: Espais de joc i conviv\u00e8ncia<\/h4>\n<p>L\u2019escola disposa de tres zones d\u2019esbarjo diferenciades, pensades per a les necessitats de cada etapa:<\/p>\n<ol>\n<li><strong>Pati d\u2019I3 i I4<\/strong>: Un espai segur amb sorral, jocs infantils, pissarra mural i el nostre <strong>hort escolar<\/strong>, on els m\u00e9s petits connecten amb la natura.<\/li>\n<li><strong>Pati d\u2019I5 i Cicle Inicial<\/strong>: Equipat amb pissarra mural, jocs i un <strong>roc\u00f2drom<\/strong>, a m\u00e9s de lavabos propis per facilitar l\u2019autonomia dels infants.<\/li>\n<li><strong>Pati de Cicle Mitj\u00e0 i Superior<\/strong>: L\u2019espai m\u00e9s ampli, que inclou una <strong>pista esportiva<\/strong>, roc\u00f2drom, taules de p\u00edcnic, vestidors i lavabos.<\/li>\n<\/ol>\n<p>&nbsp;<\/p>\n<h4>Edifici annex i gesti\u00f3<\/h4>\n<p>A l\u2019edifici annex trobem el <strong>menjador escolar<\/strong> (amb cuina pr\u00f2pia on s&#8217;elabora el men\u00fa di\u00e0riament) i una aula polivalent utilitzada habitualment per l\u2019etapa d&#8217;Educaci\u00f3 Infantil.<\/p>\n<p>Pel que fa a la gesti\u00f3 del centre, disposem de despatxos de direcci\u00f3 i administraci\u00f3, consergeria i una sala de mestres que afavoreix el treball col\u00b7laboratiu. Aix\u00ed mateix, comptem amb un <strong>espai ampli per a l\u2019AFA<\/strong> i un despatx espec\u00edfic per a les intervencions de l\u2019<strong>EAP<\/strong>.<\/p>\n<p>Tots aquests espais estan pensats per oferir un entorn segur, net i acollidor que afavoreixi el benestar i l&#8217;\u00e8xit educatiu de tot el nostre alumnat.<\/p>\n","protected":false},"excerpt":{"rendered":"<p>L\u2019edifici actual de l\u2019Escola Pompeu Fabra, situat a l\u2019avinguda Santa Caterina, es va estrenar el setembre de 1992 i es va inaugurar oficialment l\u2019any 1994. Des del seu disseny original, el centre va ser concebut sense barreres arquitect\u00f2niques, garantint l\u2019accessibilitat total mitjan\u00e7ant rampes i ascensor,&hellip;  <a href=\"https:\/\/agora.xtec.cat\/ceippompeufabrasantadria\/lescola\/instal%c2%b7lacions\/\" title=\"Read Les nostres instal\u00b7lacions\">Llegeix m\u00e9s\u00bb<\/a><\/p>\n","protected":false},"author":2,"featured_media":0,"parent":22,"menu_order":40,"comment_status":"closed","ping_status":"closed","template":"page-templates\/side-menu.php","meta":{"_bbp_topic_count":0,"_bbp_reply_count":0,"_bbp_total_topic_count":0,"_bbp_total_reply_count":0,"_bbp_voice_count":0,"_bbp_anonymous_reply_count":0,"_bbp_topic_count_hidden":0,"_bbp_reply_count_hidden":0,"_bbp_forum_subforum_count":0,"footnotes":""},"class_list":["post-30","page","type-page","status-publish","hentry"],"post_mailing_queue_ids":[],"_links":{"self":[{"href":"https:\/\/agora.xtec.cat\/ceippompeufabrasantadria\/wp-json\/wp\/v2\/pages\/30","targetHints":{"allow":["GET"]}}],"collection":[{"href":"https:\/\/agora.xtec.cat\/ceippompeufabrasantadria\/wp-json\/wp\/v2\/pages"}],"about":[{"href":"https:\/\/agora.xtec.cat\/ceippompeufabrasantadria\/wp-json\/wp\/v2\/types\/page"}],"author":[{"embeddable":true,"href":"https:\/\/agora.xtec.cat\/ceippompeufabrasantadria\/wp-json\/wp\/v2\/users\/2"}],"replies":[{"embeddable":true,"href":"https:\/\/agora.xtec.cat\/ceippompeufabrasantadria\/wp-json\/wp\/v2\/comments?post=30"}],"version-history":[{"count":6,"href":"https:\/\/agora.xtec.cat\/ceippompeufabrasantadria\/wp-json\/wp\/v2\/pages\/30\/revisions"}],"predecessor-version":[{"id":14148,"href":"https:\/\/agora.xtec.cat\/ceippompeufabrasantadria\/wp-json\/wp\/v2\/pages\/30\/revisions\/14148"}],"up":[{"embeddable":true,"href":"https:\/\/agora.xtec.cat\/ceippompeufabrasantadria\/wp-json\/wp\/v2\/pages\/22"}],"wp:attachment":[{"href":"https:\/\/agora.xtec.cat\/ceippompeufabrasantadria\/wp-json\/wp\/v2\/media?parent=30"}],"curies":[{"name":"wp","href":"https:\/\/api.w.org\/{rel}","templated":true}]}}