{"id":250,"date":"2015-03-02T08:59:07","date_gmt":"2015-03-02T07:59:07","guid":{"rendered":"http:\/\/blocs.xtec.cat\/3rdelpompeu\/?page_id=250"},"modified":"2015-03-02T08:59:07","modified_gmt":"2015-03-02T07:59:07","slug":"les-hores-en-catala","status":"publish","type":"page","link":"https:\/\/agora.xtec.cat\/ceippompeufabrasantadria\/matematiques\/les-hores-en-catala\/","title":{"rendered":"Les hores en catal\u00e0"},"content":{"rendered":"<p>Aqu\u00ed teniu unes quantes adreces per practicar i entendre les hores en catal\u00e0.<\/p>\n<p><a href=\"http:\/\/clic.xtec.cat\/db\/jclicApplet.jsp?project=http:\/\/clic.xtec.cat\/projects\/hores\/jclic\/hores.jclic.zip&amp;lang=ca&amp;title=Les+hores\" target=\"_blank\">Jclic de les hores per cicle Mig<\/a><\/p>\n<p><a href=\"http:\/\/clic.xtec.cat\/gali\/gali\/galiPackage.jsp?page=2&amp;pack=1&amp;level=0&amp;cons=si&amp;light=1\" target=\"_blank\">Exercicis de les hores<\/a><\/p>\n<p><b><span style=\"text-decoration: underline;\">Com es diuen les hores en catal\u00e0?<\/span><\/b><\/p>\n<p>En catal\u00e0, es diuen les hores dient quants quarts porta l\u2019hora anterior, o b\u00e9 es diu l\u2019hora en punt.<\/p>\n<p>\u00c9s a dir, com a exemple:<\/p>\n<p>Un quart de cinc (16:15).<\/p>\n<p>Dos quarts de cinc (16:30).<\/p>\n<p>Tres quarts de cinc (16:45).<\/p>\n<p>Les cinc en punt (17:00).<\/p>\n<p>Es poden dir els minuts avan\u00e7ats o retardats.<\/p>\n<p>Per exemple:<\/p>\n<p>Les quatre i cinc minuts (16:05).<\/p>\n<p>Un quart i cinc de cinc (16:20).<\/p>\n<p>Dos quarts menys cinc de cinc (16:25).<\/p>\n<p>Dos quarts i cinc de cinc (16:35).<\/p>\n<p>(No es sol dir: Un quart i un de cinc (16:16); es solen dir intervals de cinc minuts.).<\/p>\n<p>&nbsp;<\/p>\n<p>&nbsp;<\/p>\n","protected":false},"excerpt":{"rendered":"<p>Aqu\u00ed teniu unes quantes adreces per practicar i entendre les hores en catal\u00e0.<br \/>\n<a href=\"http:\/\/clic.xtec.cat\/db\/jclicApplet.jsp?project=http:\/\/clic.xtec.cat\/projects\/hores\/jclic\/hores.jclic.zip&amp;lang=ca&amp;title=Les+hores\" target=\"_blank\">Jclic de les hores per cicle Mig<\/a><br \/>\n<a href=\"http:\/\/clic.xtec.cat\/gali\/gali\/galiPackage.jsp?page=2&amp;pack=1&amp;level=0&amp;cons=si&amp;light=1\" target=\"_blank\">Exercicis de les hores<\/a><br \/>\nCom es diuen les hores en catal\u00e0?<br \/>\nEn catal\u00e0, es diuen les hores dient quants quarts porta l\u2019hora anterior, o b\u00e9&hellip;  <a href=\"https:\/\/agora.xtec.cat\/ceippompeufabrasantadria\/matematiques\/les-hores-en-catala\/\" title=\"Read Les hores en catal\u00e0\">Llegeix m\u00e9s\u00bb<\/a><\/p>\n","protected":false},"author":3,"featured_media":0,"parent":235,"menu_order":0,"comment_status":"open","ping_status":"closed","template":"","meta":{"_bbp_topic_count":0,"_bbp_reply_count":0,"_bbp_total_topic_count":0,"_bbp_total_reply_count":0,"_bbp_voice_count":0,"_bbp_anonymous_reply_count":0,"_bbp_topic_count_hidden":0,"_bbp_reply_count_hidden":0,"_bbp_forum_subforum_count":0,"footnotes":""},"class_list":["post-250","page","type-page","status-publish","hentry"],"post_mailing_queue_ids":[],"_links":{"self":[{"href":"https:\/\/agora.xtec.cat\/ceippompeufabrasantadria\/wp-json\/wp\/v2\/pages\/250","targetHints":{"allow":["GET"]}}],"collection":[{"href":"https:\/\/agora.xtec.cat\/ceippompeufabrasantadria\/wp-json\/wp\/v2\/pages"}],"about":[{"href":"https:\/\/agora.xtec.cat\/ceippompeufabrasantadria\/wp-json\/wp\/v2\/types\/page"}],"author":[{"embeddable":true,"href":"https:\/\/agora.xtec.cat\/ceippompeufabrasantadria\/wp-json\/wp\/v2\/users\/3"}],"replies":[{"embeddable":true,"href":"https:\/\/agora.xtec.cat\/ceippompeufabrasantadria\/wp-json\/wp\/v2\/comments?post=250"}],"version-history":[{"count":0,"href":"https:\/\/agora.xtec.cat\/ceippompeufabrasantadria\/wp-json\/wp\/v2\/pages\/250\/revisions"}],"up":[{"embeddable":true,"href":"https:\/\/agora.xtec.cat\/ceippompeufabrasantadria\/wp-json\/wp\/v2\/pages\/235"}],"wp:attachment":[{"href":"https:\/\/agora.xtec.cat\/ceippompeufabrasantadria\/wp-json\/wp\/v2\/media?parent=250"}],"curies":[{"name":"wp","href":"https:\/\/api.w.org\/{rel}","templated":true}]}}