{"id":1943,"date":"2016-12-09T16:27:48","date_gmt":"2016-12-09T15:27:48","guid":{"rendered":"http:\/\/agora.xtec.cat\/ceippompeufabrasantadria\/?page_id=1943"},"modified":"2026-02-06T09:58:57","modified_gmt":"2026-02-06T08:58:57","slug":"biblioteca-2","status":"publish","type":"page","link":"https:\/\/agora.xtec.cat\/ceippompeufabrasantadria\/projecte-educatiu\/biblioteca-2\/","title":{"rendered":"Biblioteca escolar"},"content":{"rendered":"<h3 data-start=\"238\" data-end=\"314\">La biblioteca escolar: un centre de recursos per aprendre, crear i gaudir<\/h3>\n<p data-start=\"316\" data-end=\"631\">A la nostra escola, la <strong data-start=\"339\" data-end=\"361\">biblioteca escolar<\/strong> es concep com molt m\u00e9s que un espai destinat a la lectura o a l\u2019\u00e0rea de llengua. \u00c9s un Centre de Recursos per a l\u2019Aprenentatge i el Lleure plenament integrat en el Projecte Educatiu de Centre, que d\u00f3na suport a totes les \u00e0rees i dimensions de l\u2019aprenentatge.<\/p>\n<p data-start=\"633\" data-end=\"839\">La biblioteca \u00e9s un espai viu, din\u00e0mic i en constant evoluci\u00f3, que acompanya l\u2019alumnat en el desenvolupament de compet\u00e8ncies clau i en la construcci\u00f3 d\u2019h\u00e0bits culturals i d\u2019aprenentatge al llarg de la vida.<\/p>\n<p>&nbsp;<\/p>\n<h4 data-start=\"841\" data-end=\"875\">Un entorn d\u2019aprenentatge actiu<\/h4>\n<p data-start=\"877\" data-end=\"1171\">La biblioteca no s\u2019ent\u00e9n com un espai passiu, sin\u00f3 com un <strong data-start=\"935\" data-end=\"966\">entorn d\u2019aprenentatge actiu<\/strong> que facilita metodologies basades en la recerca, la investigaci\u00f3 i el descobriment. \u00c9s un espai privilegiat per treballar projectes, cercar informaci\u00f3, contrastar fonts i desenvolupar el pensament cr\u00edtic.<\/p>\n<p data-start=\"1173\" data-end=\"1382\">En aquest sentit, la biblioteca esdev\u00e9 un motor per a l\u2019adquisici\u00f3 de les compet\u00e8ncies b\u00e0siques, especialment aquelles vinculades a l\u2019autonomia, l\u2019aprendre a aprendre i el gust per la lectura i el coneixement.<\/p>\n<p>&nbsp;<\/p>\n<h4 data-start=\"1384\" data-end=\"1429\">Desenvolupar la compet\u00e8ncia informacional<\/h4>\n<p data-start=\"1431\" data-end=\"1686\">Una de les funcions clau de la biblioteca escolar \u00e9s el <strong data-start=\"1487\" data-end=\"1538\">desenvolupament de la compet\u00e8ncia informacional<\/strong>. L\u2019alumnat apr\u00e8n a cercar, seleccionar, analitzar i utilitzar la informaci\u00f3 de manera cr\u00edtica i responsable, tant en suports impresos com digitals.<\/p>\n<p data-start=\"1688\" data-end=\"1893\">Aquest proc\u00e9s va acompanyat d\u2019una orientaci\u00f3 progressiva cap a l\u2019autonomia, de manera que els infants aprenen a gestionar la informaci\u00f3 com una eina al servei del seu aprenentatge, dins i fora de l\u2019escola.<\/p>\n<p>&nbsp;<\/p>\n<h4 data-start=\"1895\" data-end=\"1923\">Cap a una biblioteca 2.0<\/h4>\n<p data-start=\"1925\" data-end=\"2155\">La biblioteca escolar evoluciona paral\u00b7lelament als canvis de la societat de la informaci\u00f3. Per aix\u00f2, el centre aposta per una <strong data-start=\"2052\" data-end=\"2074\">biblioteca digital<\/strong> que complementa l\u2019espai f\u00edsic i amplia les possibilitats d\u2019acc\u00e9s al coneixement.<\/p>\n<p data-start=\"2157\" data-end=\"2494\">Aquest vessant virtual es concreta en l\u2019\u00fas d\u2019eines com el <strong data-start=\"2215\" data-end=\"2227\">Symbaloo<\/strong>, accessible des del web de l\u2019escola, que ofereix enlla\u00e7os a obres de refer\u00e8ncia, diccionaris en l\u00ednia, diaris i altres recursos digitals. A m\u00e9s, el fons documental es gestiona mitjan\u00e7ant el programa <strong data-start=\"2427\" data-end=\"2438\">eP\u00e8rgam<\/strong>, que facilita la catalogaci\u00f3 i consulta dels materials.<\/p>\n<p>&nbsp;<\/p>\n<h4 data-start=\"2496\" data-end=\"2537\">Un espai social, cultural i de lleure<\/h4>\n<p data-start=\"2539\" data-end=\"2762\">La biblioteca compleix tamb\u00e9 una important funci\u00f3 <strong data-start=\"2589\" data-end=\"2610\">social i cultural<\/strong>. Com a espai obert i accessible, contribueix a la compensaci\u00f3 de desigualtats, garantint que tot l\u2019alumnat tingui acc\u00e9s a la cultura i a la informaci\u00f3.<\/p>\n<p data-start=\"2764\" data-end=\"3091\">Alhora, \u00e9s un espai de <strong data-start=\"2787\" data-end=\"2808\">lleure i benestar<\/strong>, pensat perqu\u00e8 els infants puguin gaudir de la lectura de ficci\u00f3, de l\u2019expressi\u00f3 creativa i del plaer de llegir en un entorn acollidor. La pres\u00e8ncia de la <strong data-start=\"2964\" data-end=\"2979\">mascota Kuo<\/strong>, pr\u00f2pia del centre, ajuda a dinamitzar activitats lectores i a refor\u00e7ar el sentiment de pertinen\u00e7a i identitat.<\/p>\n<p>&nbsp;<\/p>\n<h4 data-start=\"3093\" data-end=\"3128\">Organitzaci\u00f3 i treball en xarxa<\/h4>\n<p data-start=\"3130\" data-end=\"3470\">La biblioteca est\u00e0 gestionada per una <strong data-start=\"3168\" data-end=\"3194\">comissi\u00f3 de biblioteca<\/strong> formada per representants de tots els cicles, fet que garanteix una visi\u00f3 global i coherent amb les necessitats reals del centre. Aquesta organitzaci\u00f3 permet disposar de recursos i lots bibliogr\u00e0fics adequats per a totes les \u00e0rees curriculars, m\u00e9s enll\u00e0 de les ling\u00fc\u00edstiques.<\/p>\n<p data-start=\"3472\" data-end=\"3753\">Finalment, la biblioteca escolar mant\u00e9 una estreta <strong data-start=\"3523\" data-end=\"3547\">relaci\u00f3 amb l\u2019entorn<\/strong>, col\u00b7laborant amb les biblioteques municipals de Sant Adri\u00e0 de Bes\u00f2s i amb el Centre de Recursos Pedag\u00f2gics (CRP), enriquint aix\u00ed les oportunitats d\u2019aprenentatge i fomentant una cultura lectora compartida.<\/p>\n","protected":false},"excerpt":{"rendered":"<p>La biblioteca escolar: un centre de recursos per aprendre, crear i gaudir<br \/>\nA la nostra escola, la biblioteca escolar es concep com molt m\u00e9s que un espai destinat a la lectura o a l\u2019\u00e0rea de llengua. \u00c9s un Centre de Recursos per a l\u2019Aprenentatge i el&hellip;  <a href=\"https:\/\/agora.xtec.cat\/ceippompeufabrasantadria\/projecte-educatiu\/biblioteca-2\/\" title=\"Read Biblioteca escolar\">Llegeix m\u00e9s\u00bb<\/a><\/p>\n","protected":false},"author":4,"featured_media":0,"parent":64,"menu_order":0,"comment_status":"closed","ping_status":"closed","template":"page-templates\/side-menu.php","meta":{"_bbp_topic_count":0,"_bbp_reply_count":0,"_bbp_total_topic_count":0,"_bbp_total_reply_count":0,"_bbp_voice_count":0,"_bbp_anonymous_reply_count":0,"_bbp_topic_count_hidden":0,"_bbp_reply_count_hidden":0,"_bbp_forum_subforum_count":0,"footnotes":""},"class_list":["post-1943","page","type-page","status-publish","hentry"],"post_mailing_queue_ids":[],"_links":{"self":[{"href":"https:\/\/agora.xtec.cat\/ceippompeufabrasantadria\/wp-json\/wp\/v2\/pages\/1943","targetHints":{"allow":["GET"]}}],"collection":[{"href":"https:\/\/agora.xtec.cat\/ceippompeufabrasantadria\/wp-json\/wp\/v2\/pages"}],"about":[{"href":"https:\/\/agora.xtec.cat\/ceippompeufabrasantadria\/wp-json\/wp\/v2\/types\/page"}],"author":[{"embeddable":true,"href":"https:\/\/agora.xtec.cat\/ceippompeufabrasantadria\/wp-json\/wp\/v2\/users\/4"}],"replies":[{"embeddable":true,"href":"https:\/\/agora.xtec.cat\/ceippompeufabrasantadria\/wp-json\/wp\/v2\/comments?post=1943"}],"version-history":[{"count":6,"href":"https:\/\/agora.xtec.cat\/ceippompeufabrasantadria\/wp-json\/wp\/v2\/pages\/1943\/revisions"}],"predecessor-version":[{"id":15500,"href":"https:\/\/agora.xtec.cat\/ceippompeufabrasantadria\/wp-json\/wp\/v2\/pages\/1943\/revisions\/15500"}],"up":[{"embeddable":true,"href":"https:\/\/agora.xtec.cat\/ceippompeufabrasantadria\/wp-json\/wp\/v2\/pages\/64"}],"wp:attachment":[{"href":"https:\/\/agora.xtec.cat\/ceippompeufabrasantadria\/wp-json\/wp\/v2\/media?parent=1943"}],"curies":[{"name":"wp","href":"https:\/\/api.w.org\/{rel}","templated":true}]}}