{"id":1884,"date":"2016-11-25T15:20:09","date_gmt":"2016-11-25T14:20:09","guid":{"rendered":"http:\/\/agora.xtec.cat\/ceippompeufabrasantadria\/?page_id=1884"},"modified":"2026-01-23T13:14:32","modified_gmt":"2026-01-23T12:14:32","slug":"documents-2","status":"publish","type":"page","link":"https:\/\/agora.xtec.cat\/ceippompeufabrasantadria\/projecte-educatiu\/documents-2\/","title":{"rendered":"Carta de comprom\u00eds"},"content":{"rendered":"<p data-start=\"166\" data-end=\"432\">La <strong data-start=\"169\" data-end=\"200\">Carta de Comprom\u00eds Educatiu<\/strong> \u00e9s un document oficial que recull l\u2019<strong data-start=\"237\" data-end=\"296\">acord de corresponsabilitat entre l\u2019escola i la fam\u00edlia<\/strong> per afavorir el benestar, l\u2019aprenentatge i el desenvolupament integral dels infants, d\u2019acord amb la Llei d\u2019Educaci\u00f3 de Catalunya (LEC).<\/p>\n<p data-start=\"434\" data-end=\"612\">A trav\u00e9s d\u2019aquesta carta, escola i fam\u00edlies ens comprometem a treballar conjuntament en un <strong data-start=\"525\" data-end=\"573\">clima de confian\u00e7a, respecte i col\u00b7laboraci\u00f3<\/strong>, imprescindible per a l\u2019\u00e8xit educatiu.<\/p>\n<p data-start=\"614\" data-end=\"645\">En aquest document hi trobareu:<\/p>\n<ul data-start=\"646\" data-end=\"1269\">\n<li data-start=\"646\" data-end=\"831\">\n<p data-start=\"648\" data-end=\"831\"><strong data-start=\"648\" data-end=\"678\">Els compromisos del centre<\/strong>, com oferir una educaci\u00f3 de qualitat, garantir una conviv\u00e8ncia positiva i mantenir una comunicaci\u00f3 regular sobre l\u2019evoluci\u00f3 dels vostres fills i filles.<\/p>\n<\/li>\n<li data-start=\"832\" data-end=\"1010\">\n<p data-start=\"834\" data-end=\"1010\"><strong data-start=\"834\" data-end=\"867\">Els compromisos de la fam\u00edlia<\/strong>, com vetllar per l\u2019assist\u00e8ncia i la puntualitat, acompanyar els infants en el seu proc\u00e9s educatiu i respectar el Projecte Educatiu del centre.<\/p>\n<\/li>\n<li data-start=\"1011\" data-end=\"1108\">\n<p data-start=\"1013\" data-end=\"1108\"><strong data-start=\"1013\" data-end=\"1038\">Els valors compartits<\/strong>, basats en la responsabilitat, l\u2019esfor\u00e7, el respecte i la cooperaci\u00f3.<\/p>\n<\/li>\n<li data-start=\"1109\" data-end=\"1269\">\n<p data-start=\"1111\" data-end=\"1269\"><strong data-start=\"1111\" data-end=\"1132\">Aspectes pr\u00e0ctics<\/strong>, com la signatura del document en el moment de la matr\u00edcula i la seva renovaci\u00f3 a l\u2019inici de cada etapa educativa (I3 i 1r de Prim\u00e0ria).<\/p>\n<\/li>\n<\/ul>\n<p data-start=\"1271\" data-end=\"1486\">\ud83d\udcce <strong data-start=\"1274\" data-end=\"1293\">Document adjunt<\/strong><br data-start=\"1293\" data-end=\"1296\" \/>Us animem a consultar la <a href=\"https:\/\/agora.xtec.cat\/ceippompeufabrasantadria\/wp-content\/uploads\/usu271\/2026\/01\/Carta-de-compromis.pdf\" target=\"_blank\" rel=\"noopener\"><strong data-start=\"1321\" data-end=\"1352\"><span style=\"text-decoration: underline;\">Carta de Comprom\u00eds Educatiu<\/span><\/strong><\/a> completa, ja que \u00e9s una eina clau per refor\u00e7ar la participaci\u00f3 de les fam\u00edlies en el projecte educatiu de l\u2019escola.<\/p>\n","protected":false},"excerpt":{"rendered":"<p>La Carta de Comprom\u00eds Educatiu \u00e9s un document oficial que recull l\u2019acord de corresponsabilitat entre l\u2019escola i la fam\u00edlia per afavorir el benestar, l\u2019aprenentatge i el desenvolupament integral dels infants, d\u2019acord amb la Llei d\u2019Educaci\u00f3 de Catalunya (LEC).<br \/>\nA trav\u00e9s d\u2019aquesta carta, escola i fam\u00edlies ens&hellip;  <a href=\"https:\/\/agora.xtec.cat\/ceippompeufabrasantadria\/projecte-educatiu\/documents-2\/\" title=\"Read Carta de comprom\u00eds\">Llegeix m\u00e9s\u00bb<\/a><\/p>\n","protected":false},"author":4,"featured_media":0,"parent":64,"menu_order":0,"comment_status":"closed","ping_status":"closed","template":"","meta":{"_bbp_topic_count":0,"_bbp_reply_count":0,"_bbp_total_topic_count":0,"_bbp_total_reply_count":0,"_bbp_voice_count":0,"_bbp_anonymous_reply_count":0,"_bbp_topic_count_hidden":0,"_bbp_reply_count_hidden":0,"_bbp_forum_subforum_count":0,"footnotes":""},"class_list":["post-1884","page","type-page","status-publish","hentry"],"post_mailing_queue_ids":[],"_links":{"self":[{"href":"https:\/\/agora.xtec.cat\/ceippompeufabrasantadria\/wp-json\/wp\/v2\/pages\/1884","targetHints":{"allow":["GET"]}}],"collection":[{"href":"https:\/\/agora.xtec.cat\/ceippompeufabrasantadria\/wp-json\/wp\/v2\/pages"}],"about":[{"href":"https:\/\/agora.xtec.cat\/ceippompeufabrasantadria\/wp-json\/wp\/v2\/types\/page"}],"author":[{"embeddable":true,"href":"https:\/\/agora.xtec.cat\/ceippompeufabrasantadria\/wp-json\/wp\/v2\/users\/4"}],"replies":[{"embeddable":true,"href":"https:\/\/agora.xtec.cat\/ceippompeufabrasantadria\/wp-json\/wp\/v2\/comments?post=1884"}],"version-history":[{"count":6,"href":"https:\/\/agora.xtec.cat\/ceippompeufabrasantadria\/wp-json\/wp\/v2\/pages\/1884\/revisions"}],"predecessor-version":[{"id":14188,"href":"https:\/\/agora.xtec.cat\/ceippompeufabrasantadria\/wp-json\/wp\/v2\/pages\/1884\/revisions\/14188"}],"up":[{"embeddable":true,"href":"https:\/\/agora.xtec.cat\/ceippompeufabrasantadria\/wp-json\/wp\/v2\/pages\/64"}],"wp:attachment":[{"href":"https:\/\/agora.xtec.cat\/ceippompeufabrasantadria\/wp-json\/wp\/v2\/media?parent=1884"}],"curies":[{"name":"wp","href":"https:\/\/api.w.org\/{rel}","templated":true}]}}