{"id":1794,"date":"2015-12-11T11:58:23","date_gmt":"2015-12-11T10:58:23","guid":{"rendered":"http:\/\/agora.xtec.cat\/ceippompeufabrasantadria\/?page_id=1794"},"modified":"2026-02-13T13:45:22","modified_gmt":"2026-02-13T12:45:22","slug":"horaris","status":"publish","type":"page","link":"https:\/\/agora.xtec.cat\/ceippompeufabrasantadria\/lescola\/horaris\/","title":{"rendered":"Horaris"},"content":{"rendered":"<h4><b>HORARI ESCOLAR<\/b><\/h4>\n<table style=\"width: 98.4049%; height: 96px;\">\n<tbody>\n<tr style=\"height: 32px;\">\n<td style=\"height: 96px; width: 15.2582%;\" rowspan=\"3\"><span style=\"font-weight: 400;\">Educaci\u00f3 Infantil:<\/span><\/td>\n<td style=\"height: 32px; width: 33.8028%;\"><span style=\"font-weight: 400;\">Mat\u00ed: de 9h a 12h20.<\/span><\/td>\n<td style=\"height: 96px; width: 17.0188%;\" rowspan=\"3\"><span style=\"font-weight: 400;\">Educaci\u00f3 Prim\u00e0ria:\u00a0<\/span><\/td>\n<td style=\"height: 32px; width: 32.5117%;\"><span style=\"font-weight: 400;\">Mat\u00ed: de 9h a 12h30.<\/span><\/td>\n<\/tr>\n<tr style=\"height: 32px;\">\n<td style=\"height: 32px; width: 33.8028%;\"><span style=\"font-weight: 400;\">Tarda: de 15h a 16h20.<\/span><\/td>\n<td style=\"height: 32px; width: 32.5117%;\"><span style=\"font-weight: 400;\">Tarda: de 15h a 16h30.<\/span><\/td>\n<\/tr>\n<tr style=\"height: 32px;\">\n<td style=\"height: 32px; width: 33.8028%;\"><span style=\"font-weight: 400;\">Horari d\u2019espai de migdia: de 12h20 a 15h.<\/span><\/td>\n<td style=\"height: 32px; width: 32.5117%;\"><span style=\"font-weight: 400;\">Horari espai de migdia: de 12h30 a 15h.<\/span><\/td>\n<\/tr>\n<\/tbody>\n<\/table>\n<h6><strong>Aquest curs seguirem fent dos torns per dinar:<\/strong><\/h6>\n<ul>\n<li style=\"font-weight: 400;\" aria-level=\"1\"><span style=\"font-weight: 400;\">L\u2019alumnat d&#8217;Educaci\u00f3 Infantil i Cicle Inicial dinaran a les 12h45.<\/span><\/li>\n<li style=\"font-weight: 400;\" aria-level=\"1\"><span style=\"font-weight: 400;\">L\u2019alumnat del Cicle Mitj\u00e0 i els del Cicle Superior dinaran a les 13h45.<\/span><\/li>\n<\/ul>\n<h6><strong>Els dies de jornada intensiva s\u00f3n:<\/strong><\/h6>\n<ul>\n<li style=\"font-weight: 400;\" aria-level=\"1\"><span style=\"font-weight: 400;\">El divendres 19 de desembre de 2025.<\/span><\/li>\n<li style=\"font-weight: 400;\" aria-level=\"1\"><span style=\"font-weight: 400;\">Del dilluns 8 de juny al divendres 19 de juny de 2026.<\/span><\/li>\n<li style=\"font-weight: 400;\" aria-level=\"1\"><span style=\"font-weight: 400;\">L\u2019horari de l\u2019Educaci\u00f3 Infantil ser\u00e0 de les 9h a les 12h50. L\u2019horari d\u2019Educaci\u00f3 Prim\u00e0ria ser\u00e0 de les 9h\u00a0 a les 13 h, l&#8217;alumnat de menjador romandr\u00e0 a l\u2019escola fins a les 15h30.<\/span><\/li>\n<\/ul>\n<h6><strong>Alumnat de I3:\u00a0<\/strong><\/h6>\n<ul>\n<li style=\"font-weight: 400;\" aria-level=\"1\"><span style=\"font-weight: 400;\">Com cada any, per tal de facilitar l\u2019adaptaci\u00f3 a l\u2019escola de l&#8217;alumnat nou de tres anys, s\u2019ha organitzat fer-ho de manera progressiva. Les fam\u00edlies d\u2019aquest alumnat ja han estat convocades i informades pr\u00e8viament.<\/span><\/li>\n<\/ul>\n<p>&nbsp;<\/p>\n<h4><b>HORARI D&#8217;ADMINISTRACI\u00d3 I DIRECCI\u00d3<\/b><\/h4>\n<p><b>NOM\u00c9S PODREU SER ATESOS I ATESES DINS D\u2019AQUESTS HORARIS<\/b><\/p>\n<h6><span style=\"font-weight: 400;\">ADMINISTRACI\u00d3:<\/span><\/h6>\n<ul>\n<li style=\"font-weight: 400;\" aria-level=\"1\"><span style=\"font-weight: 400;\">Dilluns i dijous de 9h15\u00a0 a 10h15.<\/span><\/li>\n<li style=\"font-weight: 400;\" aria-level=\"1\"><span style=\"font-weight: 400;\">Dimarts de 15h15 a 16h15.<\/span><\/li>\n<\/ul>\n<p><i><span style=\"font-weight: 400;\">\ud83d\udccc <\/span><\/i><i><span style=\"font-weight: 400;\">Important: Recordeu que aquest horari s\u2019ampliar\u00e0 en \u00e8poques de gesti\u00f3 de beques i preinscripci\u00f3.<\/span><\/i><\/p>\n<h6><span style=\"font-weight: 400;\">DIRECCI\u00d3:\u00a0<\/span><\/h6>\n<ul>\n<li style=\"font-weight: 400;\" aria-level=\"1\"><span style=\"font-weight: 400;\">Dilluns de 9h15 a 10h30.<\/span><\/li>\n<li style=\"font-weight: 400;\" aria-level=\"1\"><span style=\"font-weight: 400;\">Dijous de 15h15 a 16h15.<\/span><\/li>\n<\/ul>\n<p><i><span style=\"font-weight: 400;\">\ud83d\udccc <\/span><\/i><i><span style=\"font-weight: 400;\">Important: Sempre s\u2019ha demanar cita pr\u00e8via per escrit a trav\u00e9s d\u2019administraci\u00f3.<\/span><\/i><\/p>\n<p>&nbsp;<\/p>\n<h4 data-start=\"2687\" data-end=\"2734\"><strong>HORARIS DE LES CLASSES D\u2019EDUCACI\u00d3 PRIM\u00c0RIA<\/strong><\/h4>\n<p data-start=\"2736\" data-end=\"2847\">Podeu consultar els <strong data-start=\"2756\" data-end=\"2828\">horaris detallats de cadascuna de les 12 classes d\u2019Educaci\u00f3 Prim\u00e0ria<\/strong> a continuaci\u00f3:<\/p>\n<p data-start=\"2849\" data-end=\"2900\"><a href=\"https:\/\/agora.xtec.cat\/ceippompeufabrasantadria\/wp-content\/uploads\/usu271\/2026\/02\/1-8.png\"><img loading=\"lazy\" decoding=\"async\" class=\"aligncenter wp-image-15777\" src=\"https:\/\/agora.xtec.cat\/ceippompeufabrasantadria\/wp-content\/uploads\/usu271\/2026\/02\/1-8-1024x724.png\" alt=\"\" width=\"1000\" height=\"707\" srcset=\"https:\/\/agora.xtec.cat\/ceippompeufabrasantadria\/wp-content\/uploads\/usu271\/2026\/02\/1-8-1024x724.png 1024w, https:\/\/agora.xtec.cat\/ceippompeufabrasantadria\/wp-content\/uploads\/usu271\/2026\/02\/1-8-300x212.png 300w, https:\/\/agora.xtec.cat\/ceippompeufabrasantadria\/wp-content\/uploads\/usu271\/2026\/02\/1-8-768x543.png 768w, https:\/\/agora.xtec.cat\/ceippompeufabrasantadria\/wp-content\/uploads\/usu271\/2026\/02\/1-8-1536x1086.png 1536w, https:\/\/agora.xtec.cat\/ceippompeufabrasantadria\/wp-content\/uploads\/usu271\/2026\/02\/1-8.png 2000w\" sizes=\"auto, (max-width: 1000px) 100vw, 1000px\" \/><\/a><\/p>\n<p data-start=\"2849\" data-end=\"2900\"><a href=\"https:\/\/agora.xtec.cat\/ceippompeufabrasantadria\/wp-content\/uploads\/usu271\/2026\/02\/2-8.png\"><img loading=\"lazy\" decoding=\"async\" class=\"aligncenter wp-image-15766\" src=\"https:\/\/agora.xtec.cat\/ceippompeufabrasantadria\/wp-content\/uploads\/usu271\/2026\/02\/2-8-1024x724.png\" alt=\"\" width=\"1000\" height=\"707\" srcset=\"https:\/\/agora.xtec.cat\/ceippompeufabrasantadria\/wp-content\/uploads\/usu271\/2026\/02\/2-8-1024x724.png 1024w, https:\/\/agora.xtec.cat\/ceippompeufabrasantadria\/wp-content\/uploads\/usu271\/2026\/02\/2-8-300x212.png 300w, https:\/\/agora.xtec.cat\/ceippompeufabrasantadria\/wp-content\/uploads\/usu271\/2026\/02\/2-8-768x543.png 768w, https:\/\/agora.xtec.cat\/ceippompeufabrasantadria\/wp-content\/uploads\/usu271\/2026\/02\/2-8-1536x1086.png 1536w, https:\/\/agora.xtec.cat\/ceippompeufabrasantadria\/wp-content\/uploads\/usu271\/2026\/02\/2-8.png 2000w\" sizes=\"auto, (max-width: 1000px) 100vw, 1000px\" \/><\/a><\/p>\n<p data-start=\"2849\" data-end=\"2900\"><a href=\"https:\/\/agora.xtec.cat\/ceippompeufabrasantadria\/wp-content\/uploads\/usu271\/2026\/02\/3-6.png\"><img loading=\"lazy\" decoding=\"async\" class=\"aligncenter wp-image-15767\" src=\"https:\/\/agora.xtec.cat\/ceippompeufabrasantadria\/wp-content\/uploads\/usu271\/2026\/02\/3-6-1024x724.png\" alt=\"\" width=\"1000\" height=\"707\" srcset=\"https:\/\/agora.xtec.cat\/ceippompeufabrasantadria\/wp-content\/uploads\/usu271\/2026\/02\/3-6-1024x724.png 1024w, https:\/\/agora.xtec.cat\/ceippompeufabrasantadria\/wp-content\/uploads\/usu271\/2026\/02\/3-6-300x212.png 300w, https:\/\/agora.xtec.cat\/ceippompeufabrasantadria\/wp-content\/uploads\/usu271\/2026\/02\/3-6-768x543.png 768w, https:\/\/agora.xtec.cat\/ceippompeufabrasantadria\/wp-content\/uploads\/usu271\/2026\/02\/3-6-1536x1086.png 1536w, https:\/\/agora.xtec.cat\/ceippompeufabrasantadria\/wp-content\/uploads\/usu271\/2026\/02\/3-6.png 2000w\" sizes=\"auto, (max-width: 1000px) 100vw, 1000px\" \/><\/a><\/p>\n<p><a href=\"https:\/\/agora.xtec.cat\/ceippompeufabrasantadria\/wp-content\/uploads\/usu271\/2026\/02\/4-6.png\"><img loading=\"lazy\" decoding=\"async\" class=\"aligncenter wp-image-15768\" src=\"https:\/\/agora.xtec.cat\/ceippompeufabrasantadria\/wp-content\/uploads\/usu271\/2026\/02\/4-6-1024x724.png\" alt=\"\" width=\"1000\" height=\"707\" srcset=\"https:\/\/agora.xtec.cat\/ceippompeufabrasantadria\/wp-content\/uploads\/usu271\/2026\/02\/4-6-1024x724.png 1024w, https:\/\/agora.xtec.cat\/ceippompeufabrasantadria\/wp-content\/uploads\/usu271\/2026\/02\/4-6-300x212.png 300w, https:\/\/agora.xtec.cat\/ceippompeufabrasantadria\/wp-content\/uploads\/usu271\/2026\/02\/4-6-768x543.png 768w, https:\/\/agora.xtec.cat\/ceippompeufabrasantadria\/wp-content\/uploads\/usu271\/2026\/02\/4-6-1536x1086.png 1536w, https:\/\/agora.xtec.cat\/ceippompeufabrasantadria\/wp-content\/uploads\/usu271\/2026\/02\/4-6.png 2000w\" sizes=\"auto, (max-width: 1000px) 100vw, 1000px\" \/><\/a><\/p>\n<p><a href=\"https:\/\/agora.xtec.cat\/ceippompeufabrasantadria\/wp-content\/uploads\/usu271\/2026\/02\/5-3.png\"><img loading=\"lazy\" decoding=\"async\" class=\"aligncenter wp-image-15769\" src=\"https:\/\/agora.xtec.cat\/ceippompeufabrasantadria\/wp-content\/uploads\/usu271\/2026\/02\/5-3-1024x724.png\" alt=\"\" width=\"1000\" height=\"707\" srcset=\"https:\/\/agora.xtec.cat\/ceippompeufabrasantadria\/wp-content\/uploads\/usu271\/2026\/02\/5-3-1024x724.png 1024w, https:\/\/agora.xtec.cat\/ceippompeufabrasantadria\/wp-content\/uploads\/usu271\/2026\/02\/5-3-300x212.png 300w, https:\/\/agora.xtec.cat\/ceippompeufabrasantadria\/wp-content\/uploads\/usu271\/2026\/02\/5-3-768x543.png 768w, https:\/\/agora.xtec.cat\/ceippompeufabrasantadria\/wp-content\/uploads\/usu271\/2026\/02\/5-3-1536x1086.png 1536w, https:\/\/agora.xtec.cat\/ceippompeufabrasantadria\/wp-content\/uploads\/usu271\/2026\/02\/5-3.png 2000w\" sizes=\"auto, (max-width: 1000px) 100vw, 1000px\" \/><\/a><\/p>\n<p><a href=\"https:\/\/agora.xtec.cat\/ceippompeufabrasantadria\/wp-content\/uploads\/usu271\/2026\/02\/6-2.png\"><img loading=\"lazy\" decoding=\"async\" class=\"aligncenter wp-image-15770\" src=\"https:\/\/agora.xtec.cat\/ceippompeufabrasantadria\/wp-content\/uploads\/usu271\/2026\/02\/6-2-1024x724.png\" alt=\"\" width=\"1000\" height=\"707\" srcset=\"https:\/\/agora.xtec.cat\/ceippompeufabrasantadria\/wp-content\/uploads\/usu271\/2026\/02\/6-2-1024x724.png 1024w, https:\/\/agora.xtec.cat\/ceippompeufabrasantadria\/wp-content\/uploads\/usu271\/2026\/02\/6-2-300x212.png 300w, https:\/\/agora.xtec.cat\/ceippompeufabrasantadria\/wp-content\/uploads\/usu271\/2026\/02\/6-2-768x543.png 768w, https:\/\/agora.xtec.cat\/ceippompeufabrasantadria\/wp-content\/uploads\/usu271\/2026\/02\/6-2-1536x1086.png 1536w, https:\/\/agora.xtec.cat\/ceippompeufabrasantadria\/wp-content\/uploads\/usu271\/2026\/02\/6-2.png 2000w\" sizes=\"auto, (max-width: 1000px) 100vw, 1000px\" \/><\/a><\/p>\n<p><a href=\"https:\/\/agora.xtec.cat\/ceippompeufabrasantadria\/wp-content\/uploads\/usu271\/2026\/02\/7.png\"><img loading=\"lazy\" decoding=\"async\" class=\"aligncenter wp-image-15771\" src=\"https:\/\/agora.xtec.cat\/ceippompeufabrasantadria\/wp-content\/uploads\/usu271\/2026\/02\/7-1024x724.png\" alt=\"\" width=\"1000\" height=\"707\" srcset=\"https:\/\/agora.xtec.cat\/ceippompeufabrasantadria\/wp-content\/uploads\/usu271\/2026\/02\/7-1024x724.png 1024w, https:\/\/agora.xtec.cat\/ceippompeufabrasantadria\/wp-content\/uploads\/usu271\/2026\/02\/7-300x212.png 300w, https:\/\/agora.xtec.cat\/ceippompeufabrasantadria\/wp-content\/uploads\/usu271\/2026\/02\/7-768x543.png 768w, https:\/\/agora.xtec.cat\/ceippompeufabrasantadria\/wp-content\/uploads\/usu271\/2026\/02\/7-1536x1086.png 1536w, https:\/\/agora.xtec.cat\/ceippompeufabrasantadria\/wp-content\/uploads\/usu271\/2026\/02\/7.png 2000w\" sizes=\"auto, (max-width: 1000px) 100vw, 1000px\" \/><\/a><\/p>\n<p><a href=\"https:\/\/agora.xtec.cat\/ceippompeufabrasantadria\/wp-content\/uploads\/usu271\/2026\/02\/8.png\"><img loading=\"lazy\" decoding=\"async\" class=\"aligncenter wp-image-15772\" src=\"https:\/\/agora.xtec.cat\/ceippompeufabrasantadria\/wp-content\/uploads\/usu271\/2026\/02\/8-1024x724.png\" alt=\"\" width=\"1000\" height=\"707\" srcset=\"https:\/\/agora.xtec.cat\/ceippompeufabrasantadria\/wp-content\/uploads\/usu271\/2026\/02\/8-1024x724.png 1024w, https:\/\/agora.xtec.cat\/ceippompeufabrasantadria\/wp-content\/uploads\/usu271\/2026\/02\/8-300x212.png 300w, https:\/\/agora.xtec.cat\/ceippompeufabrasantadria\/wp-content\/uploads\/usu271\/2026\/02\/8-768x543.png 768w, https:\/\/agora.xtec.cat\/ceippompeufabrasantadria\/wp-content\/uploads\/usu271\/2026\/02\/8-1536x1086.png 1536w, https:\/\/agora.xtec.cat\/ceippompeufabrasantadria\/wp-content\/uploads\/usu271\/2026\/02\/8.png 2000w\" sizes=\"auto, (max-width: 1000px) 100vw, 1000px\" \/><\/a><\/p>\n<p><a href=\"https:\/\/agora.xtec.cat\/ceippompeufabrasantadria\/wp-content\/uploads\/usu271\/2026\/02\/9.png\"><img loading=\"lazy\" decoding=\"async\" class=\"aligncenter wp-image-15773\" src=\"https:\/\/agora.xtec.cat\/ceippompeufabrasantadria\/wp-content\/uploads\/usu271\/2026\/02\/9-1024x724.png\" alt=\"\" width=\"1000\" height=\"707\" srcset=\"https:\/\/agora.xtec.cat\/ceippompeufabrasantadria\/wp-content\/uploads\/usu271\/2026\/02\/9-1024x724.png 1024w, https:\/\/agora.xtec.cat\/ceippompeufabrasantadria\/wp-content\/uploads\/usu271\/2026\/02\/9-300x212.png 300w, https:\/\/agora.xtec.cat\/ceippompeufabrasantadria\/wp-content\/uploads\/usu271\/2026\/02\/9-768x543.png 768w, https:\/\/agora.xtec.cat\/ceippompeufabrasantadria\/wp-content\/uploads\/usu271\/2026\/02\/9-1536x1086.png 1536w, https:\/\/agora.xtec.cat\/ceippompeufabrasantadria\/wp-content\/uploads\/usu271\/2026\/02\/9.png 2000w\" sizes=\"auto, (max-width: 1000px) 100vw, 1000px\" \/><\/a><\/p>\n<p><a href=\"https:\/\/agora.xtec.cat\/ceippompeufabrasantadria\/wp-content\/uploads\/usu271\/2026\/02\/10.png\"><img loading=\"lazy\" decoding=\"async\" class=\"aligncenter wp-image-15774\" src=\"https:\/\/agora.xtec.cat\/ceippompeufabrasantadria\/wp-content\/uploads\/usu271\/2026\/02\/10-1024x724.png\" alt=\"\" width=\"1000\" height=\"707\" srcset=\"https:\/\/agora.xtec.cat\/ceippompeufabrasantadria\/wp-content\/uploads\/usu271\/2026\/02\/10-1024x724.png 1024w, https:\/\/agora.xtec.cat\/ceippompeufabrasantadria\/wp-content\/uploads\/usu271\/2026\/02\/10-300x212.png 300w, https:\/\/agora.xtec.cat\/ceippompeufabrasantadria\/wp-content\/uploads\/usu271\/2026\/02\/10-768x543.png 768w, https:\/\/agora.xtec.cat\/ceippompeufabrasantadria\/wp-content\/uploads\/usu271\/2026\/02\/10-1536x1086.png 1536w, https:\/\/agora.xtec.cat\/ceippompeufabrasantadria\/wp-content\/uploads\/usu271\/2026\/02\/10.png 2000w\" sizes=\"auto, (max-width: 1000px) 100vw, 1000px\" \/><\/a><\/p>\n<p><a href=\"https:\/\/agora.xtec.cat\/ceippompeufabrasantadria\/wp-content\/uploads\/usu271\/2026\/02\/11.png\"><img loading=\"lazy\" decoding=\"async\" class=\"aligncenter wp-image-15775\" src=\"https:\/\/agora.xtec.cat\/ceippompeufabrasantadria\/wp-content\/uploads\/usu271\/2026\/02\/11-1024x724.png\" alt=\"\" width=\"1000\" height=\"707\" srcset=\"https:\/\/agora.xtec.cat\/ceippompeufabrasantadria\/wp-content\/uploads\/usu271\/2026\/02\/11-1024x724.png 1024w, https:\/\/agora.xtec.cat\/ceippompeufabrasantadria\/wp-content\/uploads\/usu271\/2026\/02\/11-300x212.png 300w, https:\/\/agora.xtec.cat\/ceippompeufabrasantadria\/wp-content\/uploads\/usu271\/2026\/02\/11-768x543.png 768w, https:\/\/agora.xtec.cat\/ceippompeufabrasantadria\/wp-content\/uploads\/usu271\/2026\/02\/11-1536x1086.png 1536w, https:\/\/agora.xtec.cat\/ceippompeufabrasantadria\/wp-content\/uploads\/usu271\/2026\/02\/11.png 2000w\" sizes=\"auto, (max-width: 1000px) 100vw, 1000px\" \/><\/a><\/p>\n<p><a href=\"https:\/\/agora.xtec.cat\/ceippompeufabrasantadria\/wp-content\/uploads\/usu271\/2026\/02\/12.png\"><img loading=\"lazy\" decoding=\"async\" class=\"aligncenter wp-image-15776\" src=\"https:\/\/agora.xtec.cat\/ceippompeufabrasantadria\/wp-content\/uploads\/usu271\/2026\/02\/12-1024x724.png\" alt=\"\" width=\"1000\" height=\"707\" srcset=\"https:\/\/agora.xtec.cat\/ceippompeufabrasantadria\/wp-content\/uploads\/usu271\/2026\/02\/12-1024x724.png 1024w, https:\/\/agora.xtec.cat\/ceippompeufabrasantadria\/wp-content\/uploads\/usu271\/2026\/02\/12-300x212.png 300w, https:\/\/agora.xtec.cat\/ceippompeufabrasantadria\/wp-content\/uploads\/usu271\/2026\/02\/12-768x543.png 768w, https:\/\/agora.xtec.cat\/ceippompeufabrasantadria\/wp-content\/uploads\/usu271\/2026\/02\/12-1536x1086.png 1536w, https:\/\/agora.xtec.cat\/ceippompeufabrasantadria\/wp-content\/uploads\/usu271\/2026\/02\/12.png 2000w\" sizes=\"auto, (max-width: 1000px) 100vw, 1000px\" \/><\/a><\/p>\n<p>&nbsp;<\/p>\n","protected":false},"excerpt":{"rendered":"<p>HORARI ESCOLAR<\/p>\n<p>Educaci\u00f3 Infantil:<br \/>\nMat\u00ed: de 9h a 12h20.<br \/>\nEducaci\u00f3 Prim\u00e0ria:\u00a0<br \/>\nMat\u00ed: de 9h a 12h30.<\/p>\n<p>Tarda: de 15h a 16h20.<br \/>\nTarda: de 15h a 16h30.<\/p>\n<p>Horari d\u2019espai de migdia: de 12h20 a 15h.<br \/>\nHorari espai de migdia: de 12h30 a 15h.<\/p>\n<p>Aquest curs seguirem fent dos torns per dinar:<\/p>\n<ul>\n<li style=\"font-weight: 400;\" aria-level=\"1\">L\u2019alumnat d&#8217;Educaci\u00f3&hellip;  <a href=\"https:\/\/agora.xtec.cat\/ceippompeufabrasantadria\/lescola\/horaris\/\" title=\"Read Horaris\">Llegeix m\u00e9s\u00bb<\/a><br \/>\n","protected":false},"author":3,"featured_media":0,"parent":22,"menu_order":11,"comment_status":"closed","ping_status":"closed","template":"page-templates\/side-menu.php","meta":{"_bbp_topic_count":0,"_bbp_reply_count":0,"_bbp_total_topic_count":0,"_bbp_total_reply_count":0,"_bbp_voice_count":0,"_bbp_anonymous_reply_count":0,"_bbp_topic_count_hidden":0,"_bbp_reply_count_hidden":0,"_bbp_forum_subforum_count":0,"footnotes":""},"class_list":["post-1794","page","type-page","status-publish","hentry"],"post_mailing_queue_ids":[],"_links":{"self":[{"href":"https:\/\/agora.xtec.cat\/ceippompeufabrasantadria\/wp-json\/wp\/v2\/pages\/1794","targetHints":{"allow":["GET"]}}],"collection":[{"href":"https:\/\/agora.xtec.cat\/ceippompeufabrasantadria\/wp-json\/wp\/v2\/pages"}],"about":[{"href":"https:\/\/agora.xtec.cat\/ceippompeufabrasantadria\/wp-json\/wp\/v2\/types\/page"}],"author":[{"embeddable":true,"href":"https:\/\/agora.xtec.cat\/ceippompeufabrasantadria\/wp-json\/wp\/v2\/users\/3"}],"replies":[{"embeddable":true,"href":"https:\/\/agora.xtec.cat\/ceippompeufabrasantadria\/wp-json\/wp\/v2\/comments?post=1794"}],"version-history":[{"count":8,"href":"https:\/\/agora.xtec.cat\/ceippompeufabrasantadria\/wp-json\/wp\/v2\/pages\/1794\/revisions"}],"predecessor-version":[{"id":15793,"href":"https:\/\/agora.xtec.cat\/ceippompeufabrasantadria\/wp-json\/wp\/v2\/pages\/1794\/revisions\/15793"}],"up":[{"embeddable":true,"href":"https:\/\/agora.xtec.cat\/ceippompeufabrasantadria\/wp-json\/wp\/v2\/pages\/22"}],"wp:attachment":[{"href":"https:\/\/agora.xtec.cat\/ceippompeufabrasantadria\/wp-json\/wp\/v2\/media?parent=1794"}],"curies":[{"name":"wp","href":"https:\/\/api.w.org\/{rel}","templated":true}]}}