{"id":14410,"date":"2026-01-23T20:57:45","date_gmt":"2026-01-23T19:57:45","guid":{"rendered":"https:\/\/agora.xtec.cat\/ceippompeufabrasantadria\/?page_id=14410"},"modified":"2026-03-02T15:51:07","modified_gmt":"2026-03-02T14:51:07","slug":"preinscripcio","status":"publish","type":"page","link":"https:\/\/agora.xtec.cat\/ceippompeufabrasantadria\/preinscripcio\/","title":{"rendered":"Preinscripci\u00f3"},"content":{"rendered":"<h3 class=\"entry-title\"><a href=\"https:\/\/preinscripcio.gencat.cat\/ca\/estudis\/infantil-3-6\/inici\/\">INFORMACI\u00d3 DE SOL\u00b7LICITUDS DE PREINSCRIPCI\u00d3 CURS 2026-2027<\/a><\/h3>\n<p>Aquesta p\u00e0gina \u00e9s una eina per facilitar-vos el proc\u00e9s d\u2019escollir escola pel vostre fill\/a. Anirem publicant tota aquella informaci\u00f3 que ens arribi sobre la preinscripci\u00f3 i matr\u00edcula pel curs 2026-27.<\/p>\n<h4 data-start=\"199\" data-end=\"266\">\ud83d\uddd3\ufe0f <strong data-start=\"203\" data-end=\"224\">3 de mar\u00e7 de 2026<\/strong><br data-start=\"224\" data-end=\"227\" \/>\ud83d\udcd8 Publicaci\u00f3 de l\u2019<strong data-start=\"246\" data-end=\"266\">oferta educativa<\/strong><\/h4>\n<p>&nbsp;<\/p>\n<h4 data-start=\"273\" data-end=\"341\">\ud83d\uddd3\ufe0f <strong data-start=\"277\" data-end=\"299\">15 d\u2019abril de 2026<\/strong><br data-start=\"299\" data-end=\"302\" \/>\ud83d\udcca Publicaci\u00f3 del <strong data-start=\"320\" data-end=\"341\">b\u00e0rem provisional<\/strong><\/h4>\n<p>&nbsp;<\/p>\n<h4 data-start=\"348\" data-end=\"413\">\ud83d\uddd3\ufe0f <strong data-start=\"352\" data-end=\"374\">23 d\u2019abril de 2026<\/strong><br data-start=\"374\" data-end=\"377\" \/>\u2705 Publicaci\u00f3 del <strong data-start=\"394\" data-end=\"413\">b\u00e0rem definitiu<\/strong><\/h4>\n<p>&nbsp;<\/p>\n<h4 data-start=\"420\" data-end=\"491\">\ud83d\uddd3\ufe0f <strong data-start=\"424\" data-end=\"446\">29 d\u2019abril de 2026<\/strong><br data-start=\"446\" data-end=\"449\" \/>\ud83d\udcc4 Publicaci\u00f3 dels <strong data-start=\"468\" data-end=\"491\">llistats definitius<\/strong><\/h4>\n<p>&nbsp;<\/p>\n<h4 data-start=\"498\" data-end=\"728\">\ud83d\uddd3\ufe0f <strong data-start=\"502\" data-end=\"524\">10 de maig de 2026<\/strong><br data-start=\"524\" data-end=\"527\" \/>\ud83d\udcd1 Publicaci\u00f3 de l\u2019<strong data-start=\"546\" data-end=\"589\">informe d\u2019alumnes preinscrits al centre<\/strong><br data-start=\"589\" data-end=\"592\" \/>\ud83d\udccc Publicaci\u00f3 del <strong data-start=\"610\" data-end=\"676\">llistat d\u2019alumnes assignats (amb indicaci\u00f3 de primera petici\u00f3)<\/strong><br data-start=\"676\" data-end=\"679\" \/>\u23f3 Publicaci\u00f3 de la <strong data-start=\"698\" data-end=\"728\">llista d\u2019espera del centre<\/strong><\/h4>\n","protected":false},"excerpt":{"rendered":"<p><a href=\"https:\/\/preinscripcio.gencat.cat\/ca\/estudis\/infantil-3-6\/inici\/\">INFORMACI\u00d3 DE SOL\u00b7LICITUDS DE PREINSCRIPCI\u00d3 CURS 2026-2027<\/a><br \/>\nAquesta p\u00e0gina \u00e9s una eina per facilitar-vos el proc\u00e9s d\u2019escollir escola pel vostre fill\/a. Anirem publicant tota aquella informaci\u00f3 que ens arribi sobre la preinscripci\u00f3 i matr\u00edcula pel curs 2026-27.<br \/>\n\ud83d\uddd3\ufe0f 3 de mar\u00e7 de 2026\ud83d\udcd8 Publicaci\u00f3 de l\u2019oferta&hellip;  <a href=\"https:\/\/agora.xtec.cat\/ceippompeufabrasantadria\/preinscripcio\/\" title=\"Read Preinscripci\u00f3\">Llegeix m\u00e9s\u00bb<\/a><\/p>\n","protected":false},"author":8,"featured_media":0,"parent":0,"menu_order":0,"comment_status":"closed","ping_status":"closed","template":"","meta":{"_bbp_topic_count":0,"_bbp_reply_count":0,"_bbp_total_topic_count":0,"_bbp_total_reply_count":0,"_bbp_voice_count":0,"_bbp_anonymous_reply_count":0,"_bbp_topic_count_hidden":0,"_bbp_reply_count_hidden":0,"_bbp_forum_subforum_count":0,"footnotes":""},"class_list":["post-14410","page","type-page","status-publish","hentry"],"post_mailing_queue_ids":[],"_links":{"self":[{"href":"https:\/\/agora.xtec.cat\/ceippompeufabrasantadria\/wp-json\/wp\/v2\/pages\/14410","targetHints":{"allow":["GET"]}}],"collection":[{"href":"https:\/\/agora.xtec.cat\/ceippompeufabrasantadria\/wp-json\/wp\/v2\/pages"}],"about":[{"href":"https:\/\/agora.xtec.cat\/ceippompeufabrasantadria\/wp-json\/wp\/v2\/types\/page"}],"author":[{"embeddable":true,"href":"https:\/\/agora.xtec.cat\/ceippompeufabrasantadria\/wp-json\/wp\/v2\/users\/8"}],"replies":[{"embeddable":true,"href":"https:\/\/agora.xtec.cat\/ceippompeufabrasantadria\/wp-json\/wp\/v2\/comments?post=14410"}],"version-history":[{"count":6,"href":"https:\/\/agora.xtec.cat\/ceippompeufabrasantadria\/wp-json\/wp\/v2\/pages\/14410\/revisions"}],"predecessor-version":[{"id":15911,"href":"https:\/\/agora.xtec.cat\/ceippompeufabrasantadria\/wp-json\/wp\/v2\/pages\/14410\/revisions\/15911"}],"wp:attachment":[{"href":"https:\/\/agora.xtec.cat\/ceippompeufabrasantadria\/wp-json\/wp\/v2\/media?parent=14410"}],"curies":[{"name":"wp","href":"https:\/\/api.w.org\/{rel}","templated":true}]}}