{"id":14379,"date":"2026-01-23T15:45:40","date_gmt":"2026-01-23T14:45:40","guid":{"rendered":"https:\/\/agora.xtec.cat\/ceippompeufabrasantadria\/?page_id=14379"},"modified":"2026-02-13T13:12:06","modified_gmt":"2026-02-13T12:12:06","slug":"families-delegades","status":"publish","type":"page","link":"https:\/\/agora.xtec.cat\/ceippompeufabrasantadria\/families-delegades\/","title":{"rendered":"Fam\u00edlies delegades"},"content":{"rendered":"<p data-start=\"451\" data-end=\"650\">A cada grup classe hi ha una o dues <strong data-start=\"487\" data-end=\"509\">fam\u00edlies delegades<\/strong> que actuen com a enlla\u00e7 entre les fam\u00edlies i l\u2019escola. La seva funci\u00f3 \u00e9s facilitar la comunicaci\u00f3 i contribuir al bon funcionament del grup.<\/p>\n<p data-start=\"652\" data-end=\"739\">\u00c9s important con\u00e8ixer b\u00e9 quin \u00e9s el seu paper per tal que tothom en faci un \u00fas adequat.<\/p>\n<p>&nbsp;<\/p>\n<h4 data-start=\"746\" data-end=\"802\">Quines s\u00f3n les funcions de les fam\u00edlies delegades?<\/h4>\n<p data-start=\"804\" data-end=\"827\">Les fam\u00edlies delegades:<\/p>\n<ul data-start=\"829\" data-end=\"1242\">\n<li data-start=\"829\" data-end=\"907\">\n<p data-start=\"831\" data-end=\"907\">\ud83d\udce2 Transmeten informaci\u00f3 general del centre o del tutor\/a quan se\u2019ls demana.<\/p>\n<\/li>\n<li data-start=\"908\" data-end=\"981\">\n<p data-start=\"910\" data-end=\"981\">\ud83e\udd1d Faciliten la comunicaci\u00f3 entre fam\u00edlies en q\u00fcestions organitzatives.<\/p>\n<\/li>\n<li data-start=\"982\" data-end=\"1063\">\n<p data-start=\"984\" data-end=\"1063\">\ud83d\uddd3\ufe0f Ajuden en la coordinaci\u00f3 d\u2019activitats (festes, sortides, col\u00b7laboracions\u2026).<\/p>\n<\/li>\n<li data-start=\"1064\" data-end=\"1162\">\n<p data-start=\"1066\" data-end=\"1162\">\ud83e\udde9 Detecten inquietuds generals del grup i les poden traslladar al tutor\/a o a l\u2019equip directiu.<\/p>\n<\/li>\n<li data-start=\"1163\" data-end=\"1242\">\n<p data-start=\"1165\" data-end=\"1242\">\ud83c\udf31 Contribueixen a crear un clima de respecte i col\u00b7laboraci\u00f3 entre fam\u00edlies.<\/p>\n<\/li>\n<\/ul>\n<p>&nbsp;<\/p>\n<h4 data-start=\"1249\" data-end=\"1280\">\ud83d\udcf1 \u00das dels grups de WhatsApp<\/h4>\n<p data-start=\"1282\" data-end=\"1385\">Els grups de WhatsApp s\u00f3n una eina \u00fatil si s\u2019utilitzen correctament. Han de servir principalment per a:<\/p>\n<p data-start=\"1387\" data-end=\"1557\">\u2714\ufe0f Recordatoris d\u2019informaci\u00f3 ja enviada per l\u2019escola<br data-start=\"1439\" data-end=\"1442\" \/>\u2714\ufe0f Q\u00fcestions log\u00edstiques (horaris, material, organitzaci\u00f3 d\u2019activitats)<br data-start=\"1513\" data-end=\"1516\" \/>\u2714\ufe0f Comunicacions pr\u00e0ctiques i concretes<\/p>\n<p>&nbsp;<\/p>\n<h4 data-start=\"1564\" data-end=\"1613\">\ud83d\udeab Qu\u00e8 NO ha de passar pels grups de WhatsApp?<\/h4>\n<p data-start=\"1615\" data-end=\"1695\">Per garantir el respecte i la conviv\u00e8ncia, els grups no s\u00f3n l\u2019espai adequat per:<\/p>\n<p data-start=\"1697\" data-end=\"1973\">\u274c Parlar de situacions concretes d\u2019alumnes<br data-start=\"1739\" data-end=\"1742\" \/>\u274c Fer valoracions sobre mestres o decisions pedag\u00f2giques<br data-start=\"1798\" data-end=\"1801\" \/>\u274c Compartir queixes individuals<br data-start=\"1832\" data-end=\"1835\" \/>\u274c Difondre rumors o informacions no contrastades<br data-start=\"1883\" data-end=\"1886\" \/>\u274c Debatre conflictes entre infants<br data-start=\"1920\" data-end=\"1923\" \/>\u274c Compartir imatges d\u2019alumnes sense autoritzaci\u00f3<\/p>\n<p data-start=\"1975\" data-end=\"2116\">Quan hi ha una situaci\u00f3 que afecta un alumne o una fam\u00edlia concreta, cal adre\u00e7ar-se directament al tutor\/a o al centre per les vies oficials.<\/p>\n<p>&nbsp;<\/p>\n<h4 data-start=\"2123\" data-end=\"2157\">Com comunicar una inquietud?<\/h4>\n<p data-start=\"2159\" data-end=\"2204\">Si una fam\u00edlia t\u00e9 un dubte o una preocupaci\u00f3:<\/p>\n<ol data-start=\"2206\" data-end=\"2304\">\n<li data-start=\"2206\" data-end=\"2247\">\n<p data-start=\"2209\" data-end=\"2247\">Primer cal parlar amb el\/la tutor\/a.<\/p>\n<\/li>\n<li data-start=\"2248\" data-end=\"2304\">\n<p data-start=\"2251\" data-end=\"2304\">Si cal, es pot demanar reuni\u00f3 amb l\u2019equip directiu.<\/p>\n<\/li>\n<\/ol>\n<p data-start=\"2306\" data-end=\"2392\">Els grups de WhatsApp no substitueixen els canals oficials de comunicaci\u00f3 de l\u2019escola.<\/p>\n<p>&nbsp;<\/p>\n<h4 data-start=\"2399\" data-end=\"2439\">Un paper clau per a la conviv\u00e8ncia<\/h4>\n<p data-start=\"2441\" data-end=\"2610\">Les fam\u00edlies delegades fan una tasca volunt\u00e0ria i molt valuosa. El seu paper \u00e9s facilitar, no mediar en conflictes ni assumir responsabilitats que corresponen al centre.<\/p>\n<p data-start=\"2612\" data-end=\"2751\">Amb la col\u00b7laboraci\u00f3 de tothom, els grups poden ser una eina positiva que afavoreixi la conviv\u00e8ncia i la confian\u00e7a entre fam\u00edlies i escola.<\/p>\n","protected":false},"excerpt":{"rendered":"<p>A cada grup classe hi ha una o dues fam\u00edlies delegades que actuen com a enlla\u00e7 entre les fam\u00edlies i l\u2019escola. La seva funci\u00f3 \u00e9s facilitar la comunicaci\u00f3 i contribuir al bon funcionament del grup.<br \/>\n\u00c9s important con\u00e8ixer b\u00e9 quin \u00e9s el seu paper per tal&hellip;  <a href=\"https:\/\/agora.xtec.cat\/ceippompeufabrasantadria\/families-delegades\/\" title=\"Read Fam\u00edlies delegades\">Llegeix m\u00e9s\u00bb<\/a><\/p>\n","protected":false},"author":8,"featured_media":0,"parent":0,"menu_order":0,"comment_status":"closed","ping_status":"closed","template":"","meta":{"_bbp_topic_count":0,"_bbp_reply_count":0,"_bbp_total_topic_count":0,"_bbp_total_reply_count":0,"_bbp_voice_count":0,"_bbp_anonymous_reply_count":0,"_bbp_topic_count_hidden":0,"_bbp_reply_count_hidden":0,"_bbp_forum_subforum_count":0,"footnotes":""},"class_list":["post-14379","page","type-page","status-publish","hentry"],"post_mailing_queue_ids":[],"_links":{"self":[{"href":"https:\/\/agora.xtec.cat\/ceippompeufabrasantadria\/wp-json\/wp\/v2\/pages\/14379","targetHints":{"allow":["GET"]}}],"collection":[{"href":"https:\/\/agora.xtec.cat\/ceippompeufabrasantadria\/wp-json\/wp\/v2\/pages"}],"about":[{"href":"https:\/\/agora.xtec.cat\/ceippompeufabrasantadria\/wp-json\/wp\/v2\/types\/page"}],"author":[{"embeddable":true,"href":"https:\/\/agora.xtec.cat\/ceippompeufabrasantadria\/wp-json\/wp\/v2\/users\/8"}],"replies":[{"embeddable":true,"href":"https:\/\/agora.xtec.cat\/ceippompeufabrasantadria\/wp-json\/wp\/v2\/comments?post=14379"}],"version-history":[{"count":5,"href":"https:\/\/agora.xtec.cat\/ceippompeufabrasantadria\/wp-json\/wp\/v2\/pages\/14379\/revisions"}],"predecessor-version":[{"id":15786,"href":"https:\/\/agora.xtec.cat\/ceippompeufabrasantadria\/wp-json\/wp\/v2\/pages\/14379\/revisions\/15786"}],"wp:attachment":[{"href":"https:\/\/agora.xtec.cat\/ceippompeufabrasantadria\/wp-json\/wp\/v2\/media?parent=14379"}],"curies":[{"name":"wp","href":"https:\/\/api.w.org\/{rel}","templated":true}]}}