{"id":14377,"date":"2026-01-23T15:45:39","date_gmt":"2026-01-23T14:45:39","guid":{"rendered":"https:\/\/agora.xtec.cat\/ceippompeufabrasantadria\/?page_id=14377"},"modified":"2026-02-05T15:41:45","modified_gmt":"2026-02-05T14:41:45","slug":"ecodelegats-i-ecodelegades","status":"publish","type":"page","link":"https:\/\/agora.xtec.cat\/ceippompeufabrasantadria\/ecodelegats-i-ecodelegades\/","title":{"rendered":"Ecodelegats i ecodelegades"},"content":{"rendered":"<h4 data-start=\"299\" data-end=\"369\">L\u2019alumnat com a motor de la sostenibilitat a l\u2019Escola Pompeu Fabra<\/h4>\n<p data-start=\"371\" data-end=\"697\">A l\u2019Escola Pompeu Fabra de Sant Adri\u00e0 de Bes\u00f2s, l\u2019educaci\u00f3 per a la sostenibilitat \u00e9s un dels pilars del nostre projecte educatiu. En aquest context, la figura dels <strong data-start=\"536\" data-end=\"566\">ecodelegats i ecodelegades<\/strong> esdev\u00e9 clau per fomentar una <strong data-start=\"596\" data-end=\"628\">consci\u00e8ncia ambiental activa<\/strong> i un comprom\u00eds real de l\u2019alumnat amb la cura del seu entorn escolar.<\/p>\n<p data-start=\"699\" data-end=\"930\">A partir de <strong data-start=\"711\" data-end=\"726\">Cicle Mitj\u00e0<\/strong>, cada grup classe escull un ecodelegat o ecodelegada, que actua com a <strong data-start=\"797\" data-end=\"844\">representant dels seus companys i companyes<\/strong> en tot all\u00f2 relacionat amb l\u2019Escola Verda i les accions de sostenibilitat del centre.<\/p>\n<p>&nbsp;<\/p>\n<h4 data-start=\"937\" data-end=\"985\">Representants de l\u2019alumnat en l\u2019Escola Verda<\/h4>\n<p data-start=\"987\" data-end=\"1355\">Els ecodelegats i ecodelegades formen part de la <strong data-start=\"1036\" data-end=\"1063\">Comissi\u00f3 d\u2019Escola Verda<\/strong> i del <strong data-start=\"1070\" data-end=\"1090\">Comit\u00e8 Ambiental<\/strong>, juntament amb mestres, membres de l\u2019equip directiu i representants de l\u2019AFA. En aquest espai col\u00b7laboratiu es planifiquen, es desenvolupen i es fan seguiment de les actuacions ambientals del centre, d\u2019acord amb el <strong data-start=\"1306\" data-end=\"1354\">Pla d\u2019Educaci\u00f3 per a la Sostenibilitat (PES)<\/strong>.<\/p>\n<p data-start=\"1357\" data-end=\"1541\">Aquesta participaci\u00f3 garanteix que la mirada de l\u2019alumnat estigui present en la presa de decisions i que les accions de sostenibilitat neixin tamb\u00e9 de les seves propostes i inquietuds.<\/p>\n<p>&nbsp;<\/p>\n<h4 data-start=\"1548\" data-end=\"1588\">Responsabilitats i accions concretes<\/h4>\n<p data-start=\"1590\" data-end=\"1696\">La tasca dels ecodelegats i ecodelegades es concreta en diferents funcions dins del dia a dia de l\u2019escola:<\/p>\n<ul data-start=\"1698\" data-end=\"2205\">\n<li data-start=\"1698\" data-end=\"1836\">\n<p data-start=\"1700\" data-end=\"1836\"><strong data-start=\"1700\" data-end=\"1733\">Gesti\u00f3 dels residus de l\u2019aula<\/strong>, assegurant el correcte buidatge dels contenidors al punt verd o als contenidors externs del centre.<\/p>\n<\/li>\n<li data-start=\"1837\" data-end=\"1950\">\n<p data-start=\"1839\" data-end=\"1950\"><strong data-start=\"1839\" data-end=\"1874\">Vigil\u00e0ncia i observaci\u00f3 al pati<\/strong>, promovent la reducci\u00f3 de residus i un \u00fas responsable dels espais comuns.<\/p>\n<\/li>\n<li data-start=\"1951\" data-end=\"2084\">\n<p data-start=\"1953\" data-end=\"2084\"><strong data-start=\"1953\" data-end=\"1985\">Sensibilitzaci\u00f3 de l\u2019alumnat<\/strong>, fomentant bones pr\u00e0ctiques com la cura del material fungible i la reducci\u00f3 del consum de paper.<\/p>\n<\/li>\n<li data-start=\"2085\" data-end=\"2205\">\n<p data-start=\"2087\" data-end=\"2205\"><strong data-start=\"2087\" data-end=\"2124\">Dinamitzaci\u00f3 d\u2019h\u00e0bits sostenibles<\/strong>, ajudant a crear consci\u00e8ncia ambiental entre els companys i companyes de classe.<\/p>\n<\/li>\n<\/ul>\n<p data-start=\"2207\" data-end=\"2351\">Aquestes accions contribueixen a fer visible que la sostenibilitat no \u00e9s nom\u00e9s un contingut curricular, sin\u00f3 una pr\u00e0ctica quotidiana compartida.<\/p>\n<p>&nbsp;<\/p>\n<h4 data-start=\"2358\" data-end=\"2393\">Un comprom\u00eds actiu amb l\u2019entorn<\/h4>\n<p data-start=\"2395\" data-end=\"2717\">La figura dels ecodelegats i ecodelegades permet que l\u2019alumnat assumeixi un <strong data-start=\"2471\" data-end=\"2515\">paper actiu, responsable i transformador<\/strong> dins de la comunitat educativa. A trav\u00e9s de la seva implicaci\u00f3, els infants aprenen que les petites accions del dia a dia tenen un impacte real i que cuidar l\u2019entorn \u00e9s una responsabilitat col\u00b7lectiva.<\/p>\n<p data-start=\"2719\" data-end=\"2964\">Amb aquesta iniciativa, l\u2019Escola Pompeu Fabra refor\u00e7a el seu comprom\u00eds amb una educaci\u00f3 basada en els valors de la <strong data-start=\"2834\" data-end=\"2893\">sostenibilitat, la participaci\u00f3 i la corresponsabilitat<\/strong>, formant ciutadans i ciutadanes conscients i compromesos amb el futur.<\/p>\n","protected":false},"excerpt":{"rendered":"<p>L\u2019alumnat com a motor de la sostenibilitat a l\u2019Escola Pompeu Fabra<br \/>\nA l\u2019Escola Pompeu Fabra de Sant Adri\u00e0 de Bes\u00f2s, l\u2019educaci\u00f3 per a la sostenibilitat \u00e9s un dels pilars del nostre projecte educatiu. En aquest context, la figura dels ecodelegats i ecodelegades esdev\u00e9 clau per fomentar&hellip;  <a href=\"https:\/\/agora.xtec.cat\/ceippompeufabrasantadria\/ecodelegats-i-ecodelegades\/\" title=\"Read Ecodelegats i ecodelegades\">Llegeix m\u00e9s\u00bb<\/a><\/p>\n","protected":false},"author":8,"featured_media":0,"parent":0,"menu_order":0,"comment_status":"closed","ping_status":"closed","template":"","meta":{"_bbp_topic_count":0,"_bbp_reply_count":0,"_bbp_total_topic_count":0,"_bbp_total_reply_count":0,"_bbp_voice_count":0,"_bbp_anonymous_reply_count":0,"_bbp_topic_count_hidden":0,"_bbp_reply_count_hidden":0,"_bbp_forum_subforum_count":0,"footnotes":""},"class_list":["post-14377","page","type-page","status-publish","hentry"],"post_mailing_queue_ids":[],"_links":{"self":[{"href":"https:\/\/agora.xtec.cat\/ceippompeufabrasantadria\/wp-json\/wp\/v2\/pages\/14377","targetHints":{"allow":["GET"]}}],"collection":[{"href":"https:\/\/agora.xtec.cat\/ceippompeufabrasantadria\/wp-json\/wp\/v2\/pages"}],"about":[{"href":"https:\/\/agora.xtec.cat\/ceippompeufabrasantadria\/wp-json\/wp\/v2\/types\/page"}],"author":[{"embeddable":true,"href":"https:\/\/agora.xtec.cat\/ceippompeufabrasantadria\/wp-json\/wp\/v2\/users\/8"}],"replies":[{"embeddable":true,"href":"https:\/\/agora.xtec.cat\/ceippompeufabrasantadria\/wp-json\/wp\/v2\/comments?post=14377"}],"version-history":[{"count":4,"href":"https:\/\/agora.xtec.cat\/ceippompeufabrasantadria\/wp-json\/wp\/v2\/pages\/14377\/revisions"}],"predecessor-version":[{"id":15488,"href":"https:\/\/agora.xtec.cat\/ceippompeufabrasantadria\/wp-json\/wp\/v2\/pages\/14377\/revisions\/15488"}],"wp:attachment":[{"href":"https:\/\/agora.xtec.cat\/ceippompeufabrasantadria\/wp-json\/wp\/v2\/media?parent=14377"}],"curies":[{"name":"wp","href":"https:\/\/api.w.org\/{rel}","templated":true}]}}