{"id":14376,"date":"2026-01-23T15:45:39","date_gmt":"2026-01-23T14:45:39","guid":{"rendered":"https:\/\/agora.xtec.cat\/ceippompeufabrasantadria\/?page_id=14376"},"modified":"2026-02-02T21:52:32","modified_gmt":"2026-02-02T20:52:32","slug":"consell-dels-infants","status":"publish","type":"page","link":"https:\/\/agora.xtec.cat\/ceippompeufabrasantadria\/consell-dels-infants\/","title":{"rendered":"Consell dels infants"},"content":{"rendered":"<h3 data-start=\"282\" data-end=\"353\">El Consell dels Infants: la veu de l\u2019alumnat a l\u2019Escola Pompeu Fabra<\/h3>\n<p data-start=\"355\" data-end=\"682\">A l\u2019Escola Pompeu Fabra de Sant Adri\u00e0 de Bes\u00f2s entenem la participaci\u00f3 com un element clau del nostre projecte educatiu. En aquest marc, el <strong data-start=\"495\" data-end=\"519\">Consell dels Infants<\/strong> \u00e9s un dels principals \u00f2rgans de participaci\u00f3 i presa de decisions de l\u2019alumnat, creat per fomentar una cultura escolar <strong data-start=\"639\" data-end=\"681\">democr\u00e0tica, participativa i inclusiva<\/strong>.<\/p>\n<p data-start=\"684\" data-end=\"877\">Aquest espai garanteix que els infants no nom\u00e9s siguin escoltats, sin\u00f3 que tinguin un paper actiu en la millora de la vida del centre i en les decisions que afecten el seu dia a dia a l\u2019escola.<\/p>\n<p>&nbsp;<\/p>\n<h4 data-start=\"879\" data-end=\"918\">Un \u00f2rgan representatiu de l\u2019alumnat<\/h4>\n<p data-start=\"920\" data-end=\"1276\">El Consell dels Infants est\u00e0 actiu a partir de l\u2019<strong data-start=\"969\" data-end=\"990\">Educaci\u00f3 Prim\u00e0ria<\/strong>. Cada grup classe escull un <strong data-start=\"1019\" data-end=\"1048\">representant o delegat\/da<\/strong>, que actua com a portaveu del seu grup i com a enlla\u00e7 entre els companys i el Consell. Aquesta estructura assegura que totes les veus estiguin representades i que les propostes sorgeixin de la reflexi\u00f3 col\u00b7lectiva de l\u2019alumnat.<\/p>\n<p>&nbsp;<\/p>\n<h4 data-start=\"1278\" data-end=\"1312\">Un espai de decisi\u00f3 i proposta<\/h4>\n<p data-start=\"1314\" data-end=\"1648\">La funci\u00f3 principal del Consell dels Infants \u00e9s permetre que l\u2019alumnat faci sentir la seva <strong data-start=\"1405\" data-end=\"1418\">veu i vot<\/strong> en aquells aspectes rellevants de la vida escolar. Els representants recullen propostes de millora, inquietuds, necessitats o queixes del seu grup classe i les traslladen al Consell, contribuint a construir solucions compartides.<\/p>\n<p data-start=\"1650\" data-end=\"2026\">D\u2019acord amb el <strong data-start=\"1665\" data-end=\"1699\">Projecte de Direcci\u00f3 2024\u20132028<\/strong>, el centre es proposa consolidar aquest espai de participaci\u00f3 mitjan\u00e7ant la realitzaci\u00f3 d\u2019un m\u00ednim de <strong data-start=\"1802\" data-end=\"1833\">tres reunions per trimestre<\/strong>. Entre els \u00e0mbits de treball destacats hi ha el disseny i la millora d\u2019espais comuns, com el pati, aix\u00ed com altres decisions que incideixen directament en l\u2019experi\u00e8ncia educativa de l\u2019alumnat.<\/p>\n<p>&nbsp;<\/p>\n<h4 data-start=\"2028\" data-end=\"2086\">Transpar\u00e8ncia i comunicaci\u00f3 amb la comunitat educativa<\/h4>\n<p data-start=\"2088\" data-end=\"2389\">Per garantir una participaci\u00f3 real i informada, l\u2019escola assumeix el comprom\u00eds de <strong data-start=\"2170\" data-end=\"2197\">fer p\u00fabliques les actes<\/strong> del Consell dels Infants i les actuacions que se\u2019n deriven. D\u2019aquesta manera, tota la comunitat educativa pot con\u00e8ixer les propostes, els acords i les l\u00ednies de treball que s\u2019hi desenvolupen.<\/p>\n<p>&nbsp;<\/p>\n<p data-start=\"2391\" data-end=\"2517\"><strong data-start=\"2394\" data-end=\"2477\">\ud83d\udcce Podeu consultar les actes del Consell dels Infants a trav\u00e9s del seg\u00fcent enlla\u00e7:<\/strong><\/p>\n<ul>\n<li data-start=\"2391\" data-end=\"2517\"><a href=\"https:\/\/agora.xtec.cat\/ceippompeufabrasantadria\/categoria\/consell-dels-infants\/\">ACTES DEL CONSELL DELS INFANTS<\/a><\/li>\n<\/ul>\n","protected":false},"excerpt":{"rendered":"<p>El Consell dels Infants: la veu de l\u2019alumnat a l\u2019Escola Pompeu Fabra<br \/>\nA l\u2019Escola Pompeu Fabra de Sant Adri\u00e0 de Bes\u00f2s entenem la participaci\u00f3 com un element clau del nostre projecte educatiu. En aquest marc, el Consell dels Infants \u00e9s un dels principals \u00f2rgans de participaci\u00f3&hellip;  <a href=\"https:\/\/agora.xtec.cat\/ceippompeufabrasantadria\/consell-dels-infants\/\" title=\"Read Consell dels infants\">Llegeix m\u00e9s\u00bb<\/a><\/p>\n","protected":false},"author":8,"featured_media":0,"parent":0,"menu_order":0,"comment_status":"closed","ping_status":"closed","template":"","meta":{"_bbp_topic_count":0,"_bbp_reply_count":0,"_bbp_total_topic_count":0,"_bbp_total_reply_count":0,"_bbp_voice_count":0,"_bbp_anonymous_reply_count":0,"_bbp_topic_count_hidden":0,"_bbp_reply_count_hidden":0,"_bbp_forum_subforum_count":0,"footnotes":""},"class_list":["post-14376","page","type-page","status-publish","hentry"],"post_mailing_queue_ids":[],"_links":{"self":[{"href":"https:\/\/agora.xtec.cat\/ceippompeufabrasantadria\/wp-json\/wp\/v2\/pages\/14376","targetHints":{"allow":["GET"]}}],"collection":[{"href":"https:\/\/agora.xtec.cat\/ceippompeufabrasantadria\/wp-json\/wp\/v2\/pages"}],"about":[{"href":"https:\/\/agora.xtec.cat\/ceippompeufabrasantadria\/wp-json\/wp\/v2\/types\/page"}],"author":[{"embeddable":true,"href":"https:\/\/agora.xtec.cat\/ceippompeufabrasantadria\/wp-json\/wp\/v2\/users\/8"}],"replies":[{"embeddable":true,"href":"https:\/\/agora.xtec.cat\/ceippompeufabrasantadria\/wp-json\/wp\/v2\/comments?post=14376"}],"version-history":[{"count":4,"href":"https:\/\/agora.xtec.cat\/ceippompeufabrasantadria\/wp-json\/wp\/v2\/pages\/14376\/revisions"}],"predecessor-version":[{"id":14969,"href":"https:\/\/agora.xtec.cat\/ceippompeufabrasantadria\/wp-json\/wp\/v2\/pages\/14376\/revisions\/14969"}],"wp:attachment":[{"href":"https:\/\/agora.xtec.cat\/ceippompeufabrasantadria\/wp-json\/wp\/v2\/media?parent=14376"}],"curies":[{"name":"wp","href":"https:\/\/api.w.org\/{rel}","templated":true}]}}