{"id":14259,"date":"2026-01-23T15:32:37","date_gmt":"2026-01-23T14:32:37","guid":{"rendered":"https:\/\/agora.xtec.cat\/ceippompeufabrasantadria\/?page_id=14259"},"modified":"2026-02-07T13:07:19","modified_gmt":"2026-02-07T12:07:19","slug":"educacio-fisica","status":"publish","type":"page","link":"https:\/\/agora.xtec.cat\/ceippompeufabrasantadria\/educacio-fisica\/","title":{"rendered":"Educaci\u00f3 F\u00edsica"},"content":{"rendered":"<h4 data-start=\"143\" data-end=\"182\">Metodologia i tipus d\u2019activitats<\/h4>\n<p data-start=\"184\" data-end=\"461\">L\u2019\u00e0rea d\u2019Educaci\u00f3 F\u00edsica es treballa a partir d\u2019una metodologia <strong data-start=\"248\" data-end=\"283\">activa, vivencial i progressiva<\/strong>, adaptada a l\u2019edat i al nivell de desenvolupament de l\u2019alumnat. Les sessions combinen diferents tipus d\u2019activitats amb l\u2019objectiu de garantir un aprenentatge global i motivador.<\/p>\n<p data-start=\"463\" data-end=\"503\">Entre les propostes habituals hi trobem:<\/p>\n<ul data-start=\"505\" data-end=\"900\">\n<li data-start=\"505\" data-end=\"588\">\n<p data-start=\"507\" data-end=\"588\"><strong data-start=\"507\" data-end=\"537\">Jocs motrius i cooperatius<\/strong>, que afavoreixen la participaci\u00f3 de tot l\u2019alumnat.<\/p>\n<\/li>\n<li data-start=\"589\" data-end=\"654\">\n<p data-start=\"591\" data-end=\"654\"><strong data-start=\"591\" data-end=\"653\">Activitats de coordinaci\u00f3, equilibri i orientaci\u00f3 espacial<\/strong>.<\/p>\n<\/li>\n<li data-start=\"655\" data-end=\"747\">\n<p data-start=\"657\" data-end=\"747\"><strong data-start=\"657\" data-end=\"680\">Iniciaci\u00f3 esportiva<\/strong>, adaptada i no competitiva, especialment a Cicle Mitj\u00e0 i Superior.<\/p>\n<\/li>\n<li data-start=\"748\" data-end=\"821\">\n<p data-start=\"750\" data-end=\"821\"><strong data-start=\"750\" data-end=\"772\">Expressi\u00f3 corporal<\/strong>, per treballar el cos com a eina de comunicaci\u00f3.<\/p>\n<\/li>\n<li data-start=\"822\" data-end=\"900\">\n<p data-start=\"824\" data-end=\"900\"><strong data-start=\"824\" data-end=\"852\">Circuits i reptes motors<\/strong>, que fomenten l\u2019esfor\u00e7 i la superaci\u00f3 personal.<\/p>\n<\/li>\n<\/ul>\n<p data-start=\"902\" data-end=\"1044\">Aquest enfocament permet desenvolupar les habilitats motrius b\u00e0siques alhora que es reforcen valors com el respecte, la cooperaci\u00f3 i l\u2019esfor\u00e7.<\/p>\n<p>&nbsp;<\/p>\n<h4 data-start=\"1051\" data-end=\"1092\">Atenci\u00f3 a la diversitat i inclusi\u00f3<\/h4>\n<p data-start=\"1094\" data-end=\"1298\">L\u2019Educaci\u00f3 F\u00edsica es planteja des d\u2019una mirada <strong data-start=\"1141\" data-end=\"1154\">inclusiva<\/strong>, adaptant les activitats perqu\u00e8 tot l\u2019alumnat hi pugui participar, independentment de les seves capacitats f\u00edsiques o necessitats espec\u00edfiques.<\/p>\n<p data-start=\"1300\" data-end=\"1520\">Quan cal, es fan <strong data-start=\"1317\" data-end=\"1347\">adaptacions metodol\u00f2giques<\/strong> o d\u2019organitzaci\u00f3 per garantir la participaci\u00f3 activa i segura de tots els infants, afavorint una experi\u00e8ncia positiva i respectuosa amb els diferents ritmes d\u2019aprenentatge.<\/p>\n<p>&nbsp;<\/p>\n<h4 data-start=\"1527\" data-end=\"1553\">Avaluaci\u00f3 de l\u2019\u00e0rea<\/h4>\n<p data-start=\"1555\" data-end=\"1685\">L\u2019avaluaci\u00f3 en Educaci\u00f3 F\u00edsica \u00e9s <strong data-start=\"1589\" data-end=\"1615\">continuada i formativa<\/strong>. No es centra \u00fanicament en el rendiment f\u00edsic, sin\u00f3 que t\u00e9 en compte:<\/p>\n<ul data-start=\"1687\" data-end=\"1886\">\n<li data-start=\"1687\" data-end=\"1731\">\n<p data-start=\"1689\" data-end=\"1731\">La <strong data-start=\"1692\" data-end=\"1715\">participaci\u00f3 activa<\/strong> a les sessions.<\/p>\n<\/li>\n<li data-start=\"1732\" data-end=\"1759\">\n<p data-start=\"1734\" data-end=\"1759\">L\u2019esfor\u00e7 i la const\u00e0ncia.<\/p>\n<\/li>\n<li data-start=\"1760\" data-end=\"1819\">\n<p data-start=\"1762\" data-end=\"1819\">El <strong data-start=\"1765\" data-end=\"1790\">respecte a les normes<\/strong>, al material i als companys.<\/p>\n<\/li>\n<li data-start=\"1820\" data-end=\"1886\">\n<p data-start=\"1822\" data-end=\"1886\">La capacitat de treballar en equip i d\u2019autoregular les emocions.<\/p>\n<\/li>\n<\/ul>\n<p data-start=\"1888\" data-end=\"2025\">Aquest tipus d\u2019avaluaci\u00f3 permet valorar el progr\u00e9s individual de cada alumne\/a i refor\u00e7ar una actitud positiva envers l\u2019activitat f\u00edsica.<\/p>\n<p>&nbsp;<\/p>\n<h4 data-start=\"2032\" data-end=\"2078\">Educaci\u00f3 per a la salut i h\u00e0bits actius<\/h4>\n<p data-start=\"2080\" data-end=\"2282\">A trav\u00e9s de l\u2019\u00e0rea d\u2019Educaci\u00f3 F\u00edsica, l\u2019escola promou <strong data-start=\"2134\" data-end=\"2163\">h\u00e0bits de vida saludables<\/strong>, destacant la import\u00e0ncia de l\u2019activitat f\u00edsica regular, la higiene despr\u00e9s de l\u2019exercici i el respecte pel propi cos.<\/p>\n<p data-start=\"2284\" data-end=\"2478\">L\u2019objectiu \u00e9s que l\u2019alumnat entengui l\u2019activitat f\u00edsica no nom\u00e9s com una assignatura escolar, sin\u00f3 com una pr\u00e0ctica beneficiosa per al <strong data-start=\"2419\" data-end=\"2457\">benestar f\u00edsic, emocional i social<\/strong> al llarg de la vida.<\/p>\n<p>&nbsp;<\/p>\n<h4 data-start=\"2485\" data-end=\"2530\">L\u2019Educaci\u00f3 F\u00edsica com a eina educativa<\/h4>\n<p data-start=\"2532\" data-end=\"2789\">A l\u2019Escola Pompeu Fabra, l\u2019Educaci\u00f3 F\u00edsica \u00e9s una eina clau per treballar compet\u00e8ncies personals i socials que van m\u00e9s enll\u00e0 del moviment. A trav\u00e9s del joc i l\u2019activitat corporal, l\u2019alumnat apr\u00e8n a <strong data-start=\"2730\" data-end=\"2788\">conviure, respectar, cooperar i gestionar les emocions<\/strong>.<\/p>\n<p data-start=\"2791\" data-end=\"2982\">Amb aquest enfocament, el centre reafirma el seu comprom\u00eds amb una <strong data-start=\"2858\" data-end=\"2879\">educaci\u00f3 integral<\/strong>, en qu\u00e8 el cos, el moviment i els valors tenen un paper fonamental en el desenvolupament dels infants.<\/p>\n","protected":false},"excerpt":{"rendered":"<p>Metodologia i tipus d\u2019activitats<br \/>\nL\u2019\u00e0rea d\u2019Educaci\u00f3 F\u00edsica es treballa a partir d\u2019una metodologia activa, vivencial i progressiva, adaptada a l\u2019edat i al nivell de desenvolupament de l\u2019alumnat. Les sessions combinen diferents tipus d\u2019activitats amb l\u2019objectiu de garantir un aprenentatge global i motivador.<br \/>\nEntre les propostes habituals hi&hellip;  <a href=\"https:\/\/agora.xtec.cat\/ceippompeufabrasantadria\/educacio-fisica\/\" title=\"Read Educaci\u00f3 F\u00edsica\">Llegeix m\u00e9s\u00bb<\/a><\/p>\n","protected":false},"author":8,"featured_media":0,"parent":0,"menu_order":0,"comment_status":"closed","ping_status":"closed","template":"","meta":{"_bbp_topic_count":0,"_bbp_reply_count":0,"_bbp_total_topic_count":0,"_bbp_total_reply_count":0,"_bbp_voice_count":0,"_bbp_anonymous_reply_count":0,"_bbp_topic_count_hidden":0,"_bbp_reply_count_hidden":0,"_bbp_forum_subforum_count":0,"footnotes":""},"class_list":["post-14259","page","type-page","status-publish","hentry"],"post_mailing_queue_ids":[],"_links":{"self":[{"href":"https:\/\/agora.xtec.cat\/ceippompeufabrasantadria\/wp-json\/wp\/v2\/pages\/14259","targetHints":{"allow":["GET"]}}],"collection":[{"href":"https:\/\/agora.xtec.cat\/ceippompeufabrasantadria\/wp-json\/wp\/v2\/pages"}],"about":[{"href":"https:\/\/agora.xtec.cat\/ceippompeufabrasantadria\/wp-json\/wp\/v2\/types\/page"}],"author":[{"embeddable":true,"href":"https:\/\/agora.xtec.cat\/ceippompeufabrasantadria\/wp-json\/wp\/v2\/users\/8"}],"replies":[{"embeddable":true,"href":"https:\/\/agora.xtec.cat\/ceippompeufabrasantadria\/wp-json\/wp\/v2\/comments?post=14259"}],"version-history":[{"count":4,"href":"https:\/\/agora.xtec.cat\/ceippompeufabrasantadria\/wp-json\/wp\/v2\/pages\/14259\/revisions"}],"predecessor-version":[{"id":15753,"href":"https:\/\/agora.xtec.cat\/ceippompeufabrasantadria\/wp-json\/wp\/v2\/pages\/14259\/revisions\/15753"}],"wp:attachment":[{"href":"https:\/\/agora.xtec.cat\/ceippompeufabrasantadria\/wp-json\/wp\/v2\/media?parent=14259"}],"curies":[{"name":"wp","href":"https:\/\/api.w.org\/{rel}","templated":true}]}}