{"id":14258,"date":"2026-01-23T15:32:37","date_gmt":"2026-01-23T14:32:37","guid":{"rendered":"https:\/\/agora.xtec.cat\/ceippompeufabrasantadria\/?page_id=14258"},"modified":"2026-02-05T15:46:06","modified_gmt":"2026-02-05T14:46:06","slug":"angles","status":"publish","type":"page","link":"https:\/\/agora.xtec.cat\/ceippompeufabrasantadria\/angles\/","title":{"rendered":"Angl\u00e8s"},"content":{"rendered":"<h4 data-start=\"293\" data-end=\"358\">Aprendre lleng\u00fces per comunicar, comprendre i obrir-se al m\u00f3n<\/h4>\n<p data-start=\"360\" data-end=\"669\">A l\u2019Escola Pompeu Fabra de Sant Adri\u00e0 de Bes\u00f2s, l\u2019ensenyament de la llengua anglesa forma part d\u2019un <strong data-start=\"460\" data-end=\"493\">projecte educatiu pluriling\u00fce<\/strong>, en qu\u00e8 el <strong data-start=\"505\" data-end=\"563\">catal\u00e0 actua com a llengua vehicular i eix vertebrador<\/strong>, alhora que es promou l\u2019aprenentatge d\u2019altres lleng\u00fces per garantir una educaci\u00f3 integral i competencial.<\/p>\n<p data-start=\"671\" data-end=\"856\">L\u2019objectiu \u00e9s que l\u2019alumnat desenvolupi progressivament les seves <strong data-start=\"737\" data-end=\"777\">compet\u00e8ncies comunicatives en angl\u00e8s<\/strong>, utilitzant la llengua com una eina real de comunicaci\u00f3 i d\u2019obertura cultural.<\/p>\n<p>&nbsp;<\/p>\n<h4 data-start=\"863\" data-end=\"908\">Un aprenentatge progressiu des d\u2019Infantil<\/h4>\n<p data-start=\"910\" data-end=\"1117\">L\u2019aprenentatge de la llengua anglesa s\u2019inicia de manera <strong data-start=\"966\" data-end=\"1005\">primerenca a Educaci\u00f3 Infantil (I3)<\/strong>, fet que permet refor\u00e7ar la compet\u00e8ncia ling\u00fc\u00edstica global de l\u2019alumnat des dels primers anys d\u2019escolaritzaci\u00f3.<\/p>\n<p data-start=\"1119\" data-end=\"1604\">A les etapes d\u2019<strong data-start=\"1134\" data-end=\"1171\">Educaci\u00f3 Infantil i Cicle Inicial<\/strong>, el treball de l\u2019angl\u00e8s es planteja amb un enfocament <strong data-start=\"1226\" data-end=\"1247\">l\u00fadic i vivencial<\/strong>, basat en el joc, les can\u00e7ons, les rutines i les situacions comunicatives properes. A mesura que l\u2019alumnat avan\u00e7a cap als <strong data-start=\"1370\" data-end=\"1397\">Cicles Mitj\u00e0 i Superior<\/strong>, l\u2019aprenentatge esdev\u00e9 m\u00e9s sistem\u00e0tic i progressiu, amb l\u2019objectiu que, en finalitzar l\u2019etapa de prim\u00e0ria, els infants siguin capa\u00e7os de <strong data-start=\"1535\" data-end=\"1603\">comprendre i expressar missatges senzills en diferents contextos<\/strong>.<\/p>\n<p>&nbsp;<\/p>\n<h4 data-start=\"1611\" data-end=\"1656\">Metodologia comunicativa i \u00fas de recursos<\/h4>\n<p data-start=\"1658\" data-end=\"1961\">L\u2019ensenyament de l\u2019angl\u00e8s al centre es basa en un <strong data-start=\"1708\" data-end=\"1744\">enfocament comunicatiu-funcional<\/strong>, d\u2019arrel constructivista, que prioritza l\u2019\u00fas real de la llengua. Es treballen de manera integrada la <strong data-start=\"1846\" data-end=\"1879\">comprensi\u00f3 i l\u2019expressi\u00f3 oral<\/strong>, aix\u00ed com la llengua escrita, sempre adaptant-se al nivell evolutiu de l\u2019alumnat.<\/p>\n<p data-start=\"1963\" data-end=\"2200\">Per afavorir l\u2019aprenentatge, es fa un <strong data-start=\"2001\" data-end=\"2052\">\u00fas intensiu de recursos audiovisuals i digitals<\/strong>, com ara ordinadors i panells interactius, que permeten diversificar activitats, personalitzar l\u2019ensenyament i augmentar la motivaci\u00f3 dels infants.<\/p>\n<p data-start=\"2202\" data-end=\"2620\">A m\u00e9s, el centre aplica, sempre que les condicions ho permeten, programes espec\u00edfics com el <strong data-start=\"2294\" data-end=\"2313\">Programa Orator<\/strong> al Cicle Mitj\u00e0 (o iniciatives similars), amb l\u2019objectiu de <strong data-start=\"2373\" data-end=\"2403\">potenciar l\u2019expressi\u00f3 oral<\/strong> i la confian\u00e7a de l\u2019alumnat a l\u2019hora de comunicar-se en angl\u00e8s. Tamb\u00e9 es programen <strong data-start=\"2487\" data-end=\"2522\">sortides d\u2019immersi\u00f3 ling\u00fc\u00edstica<\/strong>, especialment a l\u2019inici de curs, per fomentar l\u2019\u00fas de l\u2019angl\u00e8s en contextos reals fora de l\u2019aula.<\/p>\n<p>&nbsp;<\/p>\n<h4 data-start=\"2627\" data-end=\"2680\">Professorat especialista i coordinaci\u00f3 pedag\u00f2gica<\/h4>\n<p data-start=\"2682\" data-end=\"3009\">L\u2019escola compta amb <strong data-start=\"2702\" data-end=\"2736\">mestres especialistes d\u2019angl\u00e8s<\/strong>, que es dediquen exclusivament a aquesta \u00e0rea. D\u2019acord amb el Projecte Ling\u00fc\u00edstic de Centre, el professorat es dirigeix a l\u2019alumnat <strong data-start=\"2869\" data-end=\"2905\">principalment en llengua anglesa<\/strong> durant les sessions, creant aix\u00ed un entorn d\u2019immersi\u00f3 que afavoreix l\u2019adquisici\u00f3 natural de la llengua.<\/p>\n<p data-start=\"3011\" data-end=\"3234\">El professorat d\u2019angl\u00e8s treballa de manera coordinada amb els <strong data-start=\"3073\" data-end=\"3092\">equips de cicle<\/strong>, assegurant que la programaci\u00f3 de l\u2019\u00e0rea estigui alineada amb el <strong data-start=\"3158\" data-end=\"3195\">Projecte Educatiu de Centre (PEC)<\/strong> i amb la resta d\u2019\u00e0rees del curr\u00edculum.<\/p>\n<p>&nbsp;<\/p>\n<h4 data-start=\"3241\" data-end=\"3285\">Cap a un alumnat competent i pluriling\u00fce<\/h4>\n<p data-start=\"3287\" data-end=\"3522\">L\u2019objectiu final del treball de l\u2019angl\u00e8s a l\u2019Escola Pompeu Fabra \u00e9s formar un <strong data-start=\"3365\" data-end=\"3409\">alumnat competent, aut\u00f2nom i pluriling\u00fce<\/strong>, capa\u00e7 d\u2019utilitzar les lleng\u00fces com a eina per comunicar-se, interpretar la realitat i relacionar-se amb el m\u00f3n.<\/p>\n<p data-start=\"3524\" data-end=\"3741\">Alhora, es fomenta una <strong data-start=\"3547\" data-end=\"3625\">actitud positiva i respectuosa envers la diversitat ling\u00fc\u00edstica i cultural<\/strong>, contribuint a formar ciutadans i ciutadanes oberts, cr\u00edtics i preparats per a una societat cada vegada m\u00e9s global.<\/p>\n","protected":false},"excerpt":{"rendered":"<p>Aprendre lleng\u00fces per comunicar, comprendre i obrir-se al m\u00f3n<br \/>\nA l\u2019Escola Pompeu Fabra de Sant Adri\u00e0 de Bes\u00f2s, l\u2019ensenyament de la llengua anglesa forma part d\u2019un projecte educatiu pluriling\u00fce, en qu\u00e8 el catal\u00e0 actua com a llengua vehicular i eix vertebrador, alhora que es promou l\u2019aprenentatge&hellip;  <a href=\"https:\/\/agora.xtec.cat\/ceippompeufabrasantadria\/angles\/\" title=\"Read Angl\u00e8s\">Llegeix m\u00e9s\u00bb<\/a><\/p>\n","protected":false},"author":8,"featured_media":0,"parent":0,"menu_order":0,"comment_status":"closed","ping_status":"closed","template":"","meta":{"_bbp_topic_count":0,"_bbp_reply_count":0,"_bbp_total_topic_count":0,"_bbp_total_reply_count":0,"_bbp_voice_count":0,"_bbp_anonymous_reply_count":0,"_bbp_topic_count_hidden":0,"_bbp_reply_count_hidden":0,"_bbp_forum_subforum_count":0,"footnotes":""},"class_list":["post-14258","page","type-page","status-publish","hentry"],"post_mailing_queue_ids":[],"_links":{"self":[{"href":"https:\/\/agora.xtec.cat\/ceippompeufabrasantadria\/wp-json\/wp\/v2\/pages\/14258","targetHints":{"allow":["GET"]}}],"collection":[{"href":"https:\/\/agora.xtec.cat\/ceippompeufabrasantadria\/wp-json\/wp\/v2\/pages"}],"about":[{"href":"https:\/\/agora.xtec.cat\/ceippompeufabrasantadria\/wp-json\/wp\/v2\/types\/page"}],"author":[{"embeddable":true,"href":"https:\/\/agora.xtec.cat\/ceippompeufabrasantadria\/wp-json\/wp\/v2\/users\/8"}],"replies":[{"embeddable":true,"href":"https:\/\/agora.xtec.cat\/ceippompeufabrasantadria\/wp-json\/wp\/v2\/comments?post=14258"}],"version-history":[{"count":3,"href":"https:\/\/agora.xtec.cat\/ceippompeufabrasantadria\/wp-json\/wp\/v2\/pages\/14258\/revisions"}],"predecessor-version":[{"id":15490,"href":"https:\/\/agora.xtec.cat\/ceippompeufabrasantadria\/wp-json\/wp\/v2\/pages\/14258\/revisions\/15490"}],"wp:attachment":[{"href":"https:\/\/agora.xtec.cat\/ceippompeufabrasantadria\/wp-json\/wp\/v2\/media?parent=14258"}],"curies":[{"name":"wp","href":"https:\/\/api.w.org\/{rel}","templated":true}]}}