{"id":14250,"date":"2026-01-23T15:32:35","date_gmt":"2026-01-23T14:32:35","guid":{"rendered":"https:\/\/agora.xtec.cat\/ceippompeufabrasantadria\/?page_id=14250"},"modified":"2026-01-25T20:50:11","modified_gmt":"2026-01-25T19:50:11","slug":"science-bits","status":"publish","type":"page","link":"https:\/\/agora.xtec.cat\/ceippompeufabrasantadria\/science-bits\/","title":{"rendered":"Science Bits"},"content":{"rendered":"<p data-start=\"307\" data-end=\"592\">A l\u2019<strong data-start=\"311\" data-end=\"334\">Escola Pompeu Fabra<\/strong>, l\u2019alumnat de <strong data-start=\"349\" data-end=\"389\">Cicle Superior (5\u00e8 i 6\u00e8 de Prim\u00e0ria)<\/strong> treballa l\u2019\u00e0rea del <strong data-start=\"409\" data-end=\"444\">Coneixement del Medi Natural <\/strong>amb el suport del recurs digital <strong data-start=\"478\" data-end=\"494\">Science Bits<\/strong>. Aquesta eina ens permet fer un aprenentatge m\u00e9s <strong data-start=\"544\" data-end=\"591\">din\u00e0mic, visual i adaptat als temps actuals<\/strong>.<\/p>\n<p>&nbsp;<\/p>\n<h3 data-start=\"594\" data-end=\"618\">Qu\u00e8 \u00e9s Science Bits?<\/h3>\n<p data-start=\"619\" data-end=\"925\">Science Bits \u00e9s una plataforma educativa que substitueix el llibre de text tradicional per <strong data-start=\"710\" data-end=\"745\">continguts digitals interactius<\/strong>. A trav\u00e9s de v\u00eddeos, animacions, imatges i activitats guiades, els nens i nenes aprenen ci\u00e8ncies <strong data-start=\"843\" data-end=\"884\">investigant, observant i reflexionant<\/strong> sobre situacions properes al seu entorn.<\/p>\n<p>&nbsp;<\/p>\n<h3 data-start=\"927\" data-end=\"958\">Com es treballa a l\u2019escola?<\/h3>\n<p data-start=\"959\" data-end=\"1045\">A l\u2019aula, Science Bits s\u2019utilitza de manera integrada en el treball diari de ci\u00e8ncies:<\/p>\n<ul data-start=\"1047\" data-end=\"1609\">\n<li data-start=\"1047\" data-end=\"1154\">\n<p data-start=\"1049\" data-end=\"1154\"><strong data-start=\"1049\" data-end=\"1077\">Amb dispositius digitals<\/strong>: l\u2019alumnat accedeix als continguts amb les tauletes o ordinadors del centre.<\/p>\n<\/li>\n<li data-start=\"1155\" data-end=\"1316\">\n<p data-start=\"1157\" data-end=\"1316\"><strong data-start=\"1157\" data-end=\"1192\">Menys paper, m\u00e9s sostenibilitat<\/strong>: el treball digital permet reduir fotoc\u00f2pies i dossiers en paper, en l\u00ednia amb el comprom\u00eds del centre amb el medi ambient.<\/p>\n<\/li>\n<li data-start=\"1317\" data-end=\"1477\">\n<p data-start=\"1319\" data-end=\"1477\"><strong data-start=\"1319\" data-end=\"1359\">Aprenentatge al ritme de cada infant<\/strong>: les activitats permeten avan\u00e7ar de manera progressiva, refor\u00e7ant all\u00f2 que costa m\u00e9s i consolidant els aprenentatges.<\/p>\n<\/li>\n<li data-start=\"1478\" data-end=\"1609\">\n<p data-start=\"1480\" data-end=\"1609\"><strong data-start=\"1480\" data-end=\"1501\">Aprendre a pensar<\/strong>: es fomenta el raonament, l\u2019esperit cr\u00edtic i la capacitat de fer-se preguntes sobre el m\u00f3n que ens envolta.<\/p>\n<\/li>\n<\/ul>\n<p>&nbsp;<\/p>\n<h3 data-start=\"1611\" data-end=\"1649\">Per qu\u00e8 apostem per aquest recurs?<\/h3>\n<p data-start=\"1650\" data-end=\"1691\">L\u2019\u00fas de Science Bits ajuda els infants a:<\/p>\n<ul data-start=\"1692\" data-end=\"1893\">\n<li data-start=\"1692\" data-end=\"1737\">\n<p data-start=\"1694\" data-end=\"1737\">Entendre millor els continguts de ci\u00e8ncies.<\/p>\n<\/li>\n<li data-start=\"1738\" data-end=\"1795\">\n<p data-start=\"1740\" data-end=\"1795\">Desenvolupar habilitats digitals de manera responsable.<\/p>\n<\/li>\n<li data-start=\"1796\" data-end=\"1845\">\n<p data-start=\"1798\" data-end=\"1845\">Relacionar el que aprenen amb situacions reals.<\/p>\n<\/li>\n<li data-start=\"1846\" data-end=\"1893\">\n<p data-start=\"1848\" data-end=\"1893\">Treballar de forma m\u00e9s aut\u00f2noma i motivadora.<\/p>\n<\/li>\n<\/ul>\n<p data-start=\"1895\" data-end=\"2114\">Aquesta eina forma part del projecte digital del centre i del <strong data-start=\"1957\" data-end=\"1999\">Pla d\u2019Educaci\u00f3 per a la Sostenibilitat<\/strong>, refor\u00e7ant una manera d\u2019aprendre m\u00e9s respectuosa amb l\u2019entorn i alineada amb les necessitats actuals de l\u2019alumnat.<\/p>\n","protected":false},"excerpt":{"rendered":"<p>A l\u2019Escola Pompeu Fabra, l\u2019alumnat de Cicle Superior (5\u00e8 i 6\u00e8 de Prim\u00e0ria) treballa l\u2019\u00e0rea del Coneixement del Medi Natural amb el suport del recurs digital Science Bits. Aquesta eina ens permet fer un aprenentatge m\u00e9s din\u00e0mic, visual i adaptat als temps actuals.<br \/>\n&nbsp;<br \/>\nQu\u00e8 \u00e9s Science&hellip;  <a href=\"https:\/\/agora.xtec.cat\/ceippompeufabrasantadria\/science-bits\/\" title=\"Read Science Bits\">Llegeix m\u00e9s\u00bb<\/a><\/p>\n","protected":false},"author":8,"featured_media":0,"parent":0,"menu_order":0,"comment_status":"closed","ping_status":"closed","template":"","meta":{"_bbp_topic_count":0,"_bbp_reply_count":0,"_bbp_total_topic_count":0,"_bbp_total_reply_count":0,"_bbp_voice_count":0,"_bbp_anonymous_reply_count":0,"_bbp_topic_count_hidden":0,"_bbp_reply_count_hidden":0,"_bbp_forum_subforum_count":0,"footnotes":""},"class_list":["post-14250","page","type-page","status-publish","hentry"],"post_mailing_queue_ids":[],"_links":{"self":[{"href":"https:\/\/agora.xtec.cat\/ceippompeufabrasantadria\/wp-json\/wp\/v2\/pages\/14250","targetHints":{"allow":["GET"]}}],"collection":[{"href":"https:\/\/agora.xtec.cat\/ceippompeufabrasantadria\/wp-json\/wp\/v2\/pages"}],"about":[{"href":"https:\/\/agora.xtec.cat\/ceippompeufabrasantadria\/wp-json\/wp\/v2\/types\/page"}],"author":[{"embeddable":true,"href":"https:\/\/agora.xtec.cat\/ceippompeufabrasantadria\/wp-json\/wp\/v2\/users\/8"}],"replies":[{"embeddable":true,"href":"https:\/\/agora.xtec.cat\/ceippompeufabrasantadria\/wp-json\/wp\/v2\/comments?post=14250"}],"version-history":[{"count":2,"href":"https:\/\/agora.xtec.cat\/ceippompeufabrasantadria\/wp-json\/wp\/v2\/pages\/14250\/revisions"}],"predecessor-version":[{"id":14527,"href":"https:\/\/agora.xtec.cat\/ceippompeufabrasantadria\/wp-json\/wp\/v2\/pages\/14250\/revisions\/14527"}],"wp:attachment":[{"href":"https:\/\/agora.xtec.cat\/ceippompeufabrasantadria\/wp-json\/wp\/v2\/media?parent=14250"}],"curies":[{"name":"wp","href":"https:\/\/api.w.org\/{rel}","templated":true}]}}