{"id":14248,"date":"2026-01-23T15:32:35","date_gmt":"2026-01-23T14:32:35","guid":{"rendered":"https:\/\/agora.xtec.cat\/ceippompeufabrasantadria\/?page_id=14248"},"modified":"2026-01-25T20:43:39","modified_gmt":"2026-01-25T19:43:39","slug":"innovamat","status":"publish","type":"page","link":"https:\/\/agora.xtec.cat\/ceippompeufabrasantadria\/innovamat\/","title":{"rendered":"Innovamat"},"content":{"rendered":"<h3 data-start=\"158\" data-end=\"216\">Innovamat: matem\u00e0tiques per entendre, pensar i gaudir<\/h3>\n<p data-start=\"218\" data-end=\"476\">A l\u2019Escola Pompeu Fabra apostem per una manera diferent d\u2019aprendre matem\u00e0tiques. Per aix\u00f2 treballem amb <strong data-start=\"322\" data-end=\"335\">Innovamat<\/strong>, un programa que ajuda els infants a <strong data-start=\"373\" data-end=\"443\">entendre les matem\u00e0tiques des de la viv\u00e8ncia, el joc i la reflexi\u00f3<\/strong>, i no nom\u00e9s des de la repetici\u00f3.<\/p>\n<p data-start=\"478\" data-end=\"641\">A partir del <strong data-start=\"491\" data-end=\"509\">curs 2025-2026<\/strong>, Innovamat s\u2019implanta a <strong data-start=\"534\" data-end=\"570\">tota l\u2019etapa d\u2019Educaci\u00f3 Infantil<\/strong>, amb l\u2019objectiu de potenciar el pensament matem\u00e0tic des de ben petits i petites.<\/p>\n<p>&nbsp;<\/p>\n<h4 data-start=\"643\" data-end=\"684\">Com aprenen matem\u00e0tiques els infants?<\/h4>\n<p data-start=\"685\" data-end=\"821\">Els nens i nenes aprenen a trav\u00e9s de <strong data-start=\"722\" data-end=\"773\">situacions properes, reptes i petites hist\u00f2ries<\/strong> que els conviden a pensar i a provar. A l\u2019aula:<\/p>\n<ul data-start=\"822\" data-end=\"962\">\n<li data-start=\"822\" data-end=\"843\">\n<p data-start=\"824\" data-end=\"843\">Manipulen materials<\/p>\n<\/li>\n<li data-start=\"844\" data-end=\"878\">\n<p data-start=\"846\" data-end=\"878\">Conversen i expliquen qu\u00e8 pensen<\/p>\n<\/li>\n<li data-start=\"879\" data-end=\"919\">\n<p data-start=\"881\" data-end=\"919\">Busquen solucions de diferents maneres<\/p>\n<\/li>\n<li data-start=\"920\" data-end=\"962\">\n<p data-start=\"922\" data-end=\"962\">Aprenen dels encerts i tamb\u00e9 dels errors<\/p>\n<\/li>\n<\/ul>\n<p data-start=\"964\" data-end=\"1048\">D\u2019aquesta manera, les matem\u00e0tiques esdevenen <strong data-start=\"1009\" data-end=\"1047\">comprensibles, \u00fatils i motivadores<\/strong>.<\/p>\n<p>&nbsp;<\/p>\n<h4 data-start=\"1050\" data-end=\"1104\">Aprendre amb materials\u2026 i tamb\u00e9 amb eines digitals<\/h4>\n<p data-start=\"1105\" data-end=\"1196\">El treball a l\u2019aula es complementa amb <strong data-start=\"1144\" data-end=\"1181\">aplicacions digitals interactives<\/strong>, que permeten:<\/p>\n<ul data-start=\"1197\" data-end=\"1342\">\n<li data-start=\"1197\" data-end=\"1245\">\n<p data-start=\"1199\" data-end=\"1245\">Adaptar les activitats al ritme de cada infant<\/p>\n<\/li>\n<li data-start=\"1246\" data-end=\"1291\">\n<p data-start=\"1248\" data-end=\"1291\">Refor\u00e7ar els aprenentatges de manera l\u00fadica<\/p>\n<\/li>\n<li data-start=\"1292\" data-end=\"1342\">\n<p data-start=\"1294\" data-end=\"1342\">Millorar la comprensi\u00f3 dels conceptes matem\u00e0tics<\/p>\n<\/li>\n<\/ul>\n<p data-start=\"1344\" data-end=\"1469\">Aquest \u00fas de la tecnologia ajuda a personalitzar l\u2019aprenentatge, sempre com a <strong data-start=\"1422\" data-end=\"1468\">suport del treball manipulatiu i vivencial<\/strong>.<\/p>\n<p>&nbsp;<\/p>\n<h4 data-start=\"1471\" data-end=\"1517\">Professorat format i acompanyament continu<\/h4>\n<p data-start=\"1518\" data-end=\"1765\">Per garantir una bona aplicaci\u00f3 del programa, l\u2019escola vetlla perqu\u00e8 <strong data-start=\"1587\" data-end=\"1637\">tot el professorat estigui format en Innovamat<\/strong>. Quan s\u2019incorpora personal nou al centre, rep formaci\u00f3 i acompanyament perqu\u00e8 el treball a l\u2019aula sigui coherent i de qualitat.<\/p>\n<p>&nbsp;<\/p>\n<h4 data-start=\"1767\" data-end=\"1796\">Quin \u00e9s l\u2019objectiu final?<\/h4>\n<p data-start=\"1797\" data-end=\"1833\">Amb Innovamat volem que els infants:<\/p>\n<ul data-start=\"1834\" data-end=\"2030\">\n<li data-start=\"1834\" data-end=\"1875\">\n<p data-start=\"1836\" data-end=\"1875\">Desenvolupin el <strong data-start=\"1852\" data-end=\"1875\">raonament matem\u00e0tic<\/strong><\/p>\n<\/li>\n<li data-start=\"1876\" data-end=\"1907\">\n<p data-start=\"1878\" data-end=\"1907\">Guanyin seguretat i confian\u00e7a<\/p>\n<\/li>\n<li data-start=\"1908\" data-end=\"1955\">\n<p data-start=\"1910\" data-end=\"1955\">Aprenguin a <strong data-start=\"1922\" data-end=\"1955\">pensar, explicar i argumentar<\/strong><\/p>\n<\/li>\n<li data-start=\"1956\" data-end=\"2030\">\n<p data-start=\"1958\" data-end=\"2030\">Millorin les seves compet\u00e8ncies matem\u00e0tiques i de resoluci\u00f3 de problemes<\/p>\n<\/li>\n<\/ul>\n<p data-start=\"2032\" data-end=\"2162\">En definitiva, treballem perqu\u00e8 les matem\u00e0tiques siguin una eina per <strong data-start=\"2101\" data-end=\"2138\">pensar millor i comprendre el m\u00f3n<\/strong>, des dels primers anys.<\/p>\n<p>&nbsp;<\/p>\n<p data-start=\"2164\" data-end=\"2252\">\ud83d\udd17 <strong data-start=\"2167\" data-end=\"2206\">Acc\u00e9s directe al programa Innovamat<\/strong><br data-start=\"2206\" data-end=\"2209\" \/><a href=\"https:\/\/www.innovamat.com\/ca\/families\/\" target=\"_blank\" rel=\"noopener\"><img decoding=\"async\" src=\"https:\/\/agora.xtec.cat\/ceipcascavell\/wp-content\/uploads\/usu963\/2024\/02\/innovamat-logo.png\" \/><\/a><\/p>\n","protected":false},"excerpt":{"rendered":"<p>Innovamat: matem\u00e0tiques per entendre, pensar i gaudir<br \/>\nA l\u2019Escola Pompeu Fabra apostem per una manera diferent d\u2019aprendre matem\u00e0tiques. Per aix\u00f2 treballem amb Innovamat, un programa que ajuda els infants a entendre les matem\u00e0tiques des de la viv\u00e8ncia, el joc i la reflexi\u00f3, i no nom\u00e9s des&hellip;  <a href=\"https:\/\/agora.xtec.cat\/ceippompeufabrasantadria\/innovamat\/\" title=\"Read Innovamat\">Llegeix m\u00e9s\u00bb<\/a><\/p>\n","protected":false},"author":8,"featured_media":0,"parent":0,"menu_order":0,"comment_status":"closed","ping_status":"closed","template":"","meta":{"_bbp_topic_count":0,"_bbp_reply_count":0,"_bbp_total_topic_count":0,"_bbp_total_reply_count":0,"_bbp_voice_count":0,"_bbp_anonymous_reply_count":0,"_bbp_topic_count_hidden":0,"_bbp_reply_count_hidden":0,"_bbp_forum_subforum_count":0,"footnotes":""},"class_list":["post-14248","page","type-page","status-publish","hentry"],"post_mailing_queue_ids":[],"_links":{"self":[{"href":"https:\/\/agora.xtec.cat\/ceippompeufabrasantadria\/wp-json\/wp\/v2\/pages\/14248","targetHints":{"allow":["GET"]}}],"collection":[{"href":"https:\/\/agora.xtec.cat\/ceippompeufabrasantadria\/wp-json\/wp\/v2\/pages"}],"about":[{"href":"https:\/\/agora.xtec.cat\/ceippompeufabrasantadria\/wp-json\/wp\/v2\/types\/page"}],"author":[{"embeddable":true,"href":"https:\/\/agora.xtec.cat\/ceippompeufabrasantadria\/wp-json\/wp\/v2\/users\/8"}],"replies":[{"embeddable":true,"href":"https:\/\/agora.xtec.cat\/ceippompeufabrasantadria\/wp-json\/wp\/v2\/comments?post=14248"}],"version-history":[{"count":3,"href":"https:\/\/agora.xtec.cat\/ceippompeufabrasantadria\/wp-json\/wp\/v2\/pages\/14248\/revisions"}],"predecessor-version":[{"id":14526,"href":"https:\/\/agora.xtec.cat\/ceippompeufabrasantadria\/wp-json\/wp\/v2\/pages\/14248\/revisions\/14526"}],"wp:attachment":[{"href":"https:\/\/agora.xtec.cat\/ceippompeufabrasantadria\/wp-json\/wp\/v2\/media?parent=14248"}],"curies":[{"name":"wp","href":"https:\/\/api.w.org\/{rel}","templated":true}]}}