{"id":14244,"date":"2026-01-23T15:32:34","date_gmt":"2026-01-23T14:32:34","guid":{"rendered":"https:\/\/agora.xtec.cat\/ceippompeufabrasantadria\/?page_id=14244"},"modified":"2026-01-25T20:28:08","modified_gmt":"2026-01-25T19:28:08","slug":"english-day","status":"publish","type":"page","link":"https:\/\/agora.xtec.cat\/ceippompeufabrasantadria\/english-day\/","title":{"rendered":"English Day"},"content":{"rendered":"<h3 data-start=\"183\" data-end=\"239\">English Day: aprendre angl\u00e8s jugant i compartint<\/h3>\n<p data-start=\"241\" data-end=\"437\">L\u2019<strong data-start=\"243\" data-end=\"258\">English Day<\/strong> \u00e9s una jornada especial que reuneix l\u2019alumnat de <strong data-start=\"308\" data-end=\"326\">5\u00e8 de prim\u00e0ria<\/strong> de les escoles de Sant Adri\u00e0 de Bes\u00f2s en un entorn l\u00fadic, cooperatiu i totalment immers en la llengua anglesa.<\/p>\n<p data-start=\"439\" data-end=\"619\">A trav\u00e9s del joc, el teatre i la conviv\u00e8ncia amb infants d\u2019altres centres, els nens i nenes viuen l\u2019angl\u00e8s d\u2019una manera <strong data-start=\"559\" data-end=\"597\">natural, divertida i significativa<\/strong>, m\u00e9s enll\u00e0 de l\u2019aula.<\/p>\n<p>&nbsp;<\/p>\n<h4 data-start=\"621\" data-end=\"652\">Com s\u2019organitza la jornada?<\/h4>\n<p data-start=\"653\" data-end=\"742\">L\u2019activitat es divideix en <strong data-start=\"680\" data-end=\"704\">dues grans propostes<\/strong> que es desenvolupen al llarg del dia:<\/p>\n<p data-start=\"744\" data-end=\"985\"><strong data-start=\"744\" data-end=\"768\">\ud83c\udfaf Gimcana en angl\u00e8s<\/strong><br data-start=\"768\" data-end=\"771\" \/>L\u2019alumnat participa en diferents jocs i proves on cal <strong data-start=\"825\" data-end=\"865\">escoltar, parlar i entendre l\u2019angl\u00e8s<\/strong> per poder avan\u00e7ar. Les activitats estan pensades per fomentar la comunicaci\u00f3 oral, el treball en equip i la cooperaci\u00f3.<\/p>\n<p data-start=\"987\" data-end=\"1213\"><strong data-start=\"987\" data-end=\"1022\">\ud83c\udfad Espectacle teatral en angl\u00e8s<\/strong><br data-start=\"1022\" data-end=\"1025\" \/>La jornada es completa amb una <strong data-start=\"1056\" data-end=\"1084\">obra de teatre en angl\u00e8s<\/strong>, adaptada a l\u2019edat dels infants, que refor\u00e7a la comprensi\u00f3 oral i apropa la llengua a trav\u00e9s de l\u2019expressi\u00f3 art\u00edstica i l\u2019humor.<\/p>\n<p>&nbsp;<\/p>\n<h4 data-start=\"1215\" data-end=\"1251\">Grups barrejats i noves amistats<\/h4>\n<p data-start=\"1252\" data-end=\"1424\">Un dels aspectes m\u00e9s enriquidors de l\u2019English Day \u00e9s que els nens i nenes es distribueixen en <strong data-start=\"1346\" data-end=\"1396\">grups formats per alumnat de diferents escoles<\/strong>. Aquesta barreja afavoreix:<\/p>\n<ul data-start=\"1425\" data-end=\"1544\">\n<li data-start=\"1425\" data-end=\"1466\">\n<p data-start=\"1427\" data-end=\"1466\">La <strong data-start=\"1430\" data-end=\"1447\">socialitzaci\u00f3<\/strong> amb infants nous<\/p>\n<\/li>\n<li data-start=\"1467\" data-end=\"1499\">\n<p data-start=\"1469\" data-end=\"1499\">El respecte i la conviv\u00e8ncia<\/p>\n<\/li>\n<li data-start=\"1500\" data-end=\"1544\">\n<p data-start=\"1502\" data-end=\"1544\">L\u2019\u00fas real de l\u2019angl\u00e8s com a llengua comuna<\/p>\n<\/li>\n<\/ul>\n<p data-start=\"1546\" data-end=\"1745\">Per facilitar aquest primer contacte, abans de la jornada cada infant prepara un <strong data-start=\"1627\" data-end=\"1657\">petit v\u00eddeo de presentaci\u00f3<\/strong>, que permet comen\u00e7ar a con\u00e8ixer els companys i companyes abans de trobar-se en persona.<\/p>\n<p>&nbsp;<\/p>\n<h4 data-start=\"1747\" data-end=\"1790\">Participaci\u00f3 de l\u2019alumnat de secund\u00e0ria<\/h4>\n<p data-start=\"1791\" data-end=\"2072\">L\u2019English Day tamb\u00e9 compta amb la col\u00b7laboraci\u00f3 d\u2019<strong data-start=\"1841\" data-end=\"1864\">alumnes de 4t d\u2019ESO<\/strong> dels instituts de Sant Adri\u00e0 de Bes\u00f2s, que fan de <strong data-start=\"1915\" data-end=\"1939\">monitors i monitores<\/strong> durant la gimcana. Aquesta participaci\u00f3 crea un vincle molt positiu entre etapes educatives i ofereix als infants referents propers.<\/p>\n<p>&nbsp;<\/p>\n<h4 data-start=\"2074\" data-end=\"2112\">Una experi\u00e8ncia que deixa empremta<\/h4>\n<p data-start=\"2113\" data-end=\"2189\">L\u2019English Day \u00e9s molt m\u00e9s que una activitat puntual. \u00c9s una oportunitat per:<\/p>\n<ul data-start=\"2190\" data-end=\"2377\">\n<li data-start=\"2190\" data-end=\"2249\">\n<p data-start=\"2192\" data-end=\"2249\">Guanyar <strong data-start=\"2200\" data-end=\"2213\">confian\u00e7a<\/strong> a l\u2019hora d\u2019expressar-se en angl\u00e8s<\/p>\n<\/li>\n<li data-start=\"2250\" data-end=\"2322\">\n<p data-start=\"2252\" data-end=\"2322\">Viure l\u2019aprenentatge com una experi\u00e8ncia <strong data-start=\"2293\" data-end=\"2320\">motivadora i compartida<\/strong><\/p>\n<\/li>\n<li data-start=\"2323\" data-end=\"2377\">\n<p data-start=\"2325\" data-end=\"2377\">Entendre l\u2019angl\u00e8s com una eina de comunicaci\u00f3 real<\/p>\n<\/li>\n<\/ul>\n<p data-start=\"2379\" data-end=\"2490\">Una jornada diferent, din\u00e0mica i molt esperada per l\u2019alumnat, que combina aprenentatge, conviv\u00e8ncia i diversi\u00f3.<\/p>\n","protected":false},"excerpt":{"rendered":"<p>English Day: aprendre angl\u00e8s jugant i compartint<br \/>\nL\u2019English Day \u00e9s una jornada especial que reuneix l\u2019alumnat de 5\u00e8 de prim\u00e0ria de les escoles de Sant Adri\u00e0 de Bes\u00f2s en un entorn l\u00fadic, cooperatiu i totalment immers en la llengua anglesa.<br \/>\nA trav\u00e9s del joc, el teatre i&hellip;  <a href=\"https:\/\/agora.xtec.cat\/ceippompeufabrasantadria\/english-day\/\" title=\"Read English Day\">Llegeix m\u00e9s\u00bb<\/a><\/p>\n","protected":false},"author":8,"featured_media":0,"parent":0,"menu_order":0,"comment_status":"closed","ping_status":"closed","template":"","meta":{"_bbp_topic_count":0,"_bbp_reply_count":0,"_bbp_total_topic_count":0,"_bbp_total_reply_count":0,"_bbp_voice_count":0,"_bbp_anonymous_reply_count":0,"_bbp_topic_count_hidden":0,"_bbp_reply_count_hidden":0,"_bbp_forum_subforum_count":0,"footnotes":""},"class_list":["post-14244","page","type-page","status-publish","hentry"],"post_mailing_queue_ids":[],"_links":{"self":[{"href":"https:\/\/agora.xtec.cat\/ceippompeufabrasantadria\/wp-json\/wp\/v2\/pages\/14244","targetHints":{"allow":["GET"]}}],"collection":[{"href":"https:\/\/agora.xtec.cat\/ceippompeufabrasantadria\/wp-json\/wp\/v2\/pages"}],"about":[{"href":"https:\/\/agora.xtec.cat\/ceippompeufabrasantadria\/wp-json\/wp\/v2\/types\/page"}],"author":[{"embeddable":true,"href":"https:\/\/agora.xtec.cat\/ceippompeufabrasantadria\/wp-json\/wp\/v2\/users\/8"}],"replies":[{"embeddable":true,"href":"https:\/\/agora.xtec.cat\/ceippompeufabrasantadria\/wp-json\/wp\/v2\/comments?post=14244"}],"version-history":[{"count":3,"href":"https:\/\/agora.xtec.cat\/ceippompeufabrasantadria\/wp-json\/wp\/v2\/pages\/14244\/revisions"}],"predecessor-version":[{"id":14523,"href":"https:\/\/agora.xtec.cat\/ceippompeufabrasantadria\/wp-json\/wp\/v2\/pages\/14244\/revisions\/14523"}],"wp:attachment":[{"href":"https:\/\/agora.xtec.cat\/ceippompeufabrasantadria\/wp-json\/wp\/v2\/media?parent=14244"}],"curies":[{"name":"wp","href":"https:\/\/api.w.org\/{rel}","templated":true}]}}