{"id":14243,"date":"2026-01-23T15:32:34","date_gmt":"2026-01-23T14:32:34","guid":{"rendered":"https:\/\/agora.xtec.cat\/ceippompeufabrasantadria\/?page_id=14243"},"modified":"2026-01-25T20:19:09","modified_gmt":"2026-01-25T19:19:09","slug":"cantata","status":"publish","type":"page","link":"https:\/\/agora.xtec.cat\/ceippompeufabrasantadria\/cantata\/","title":{"rendered":"Cantata"},"content":{"rendered":"<p data-start=\"236\" data-end=\"394\">Cada any, a finals de curs, els infants de les escoles de <strong data-start=\"294\" data-end=\"317\">Sant Adri\u00e0 de Bes\u00f2s<\/strong> participen en una experi\u00e8ncia musical molt especial: la <strong data-start=\"374\" data-end=\"393\">Cantata escolar<\/strong>.<\/p>\n<p data-start=\"396\" data-end=\"579\">Es tracta d\u2019una activitat conjunta que reuneix alumnat de diferents centres de la ciutat i que converteix els nens i nenes en <strong data-start=\"522\" data-end=\"568\">protagonistes d\u2019un gran espectacle musical<\/strong> compartit.<\/p>\n<p>&nbsp;<\/p>\n<h3 data-start=\"581\" data-end=\"604\">Qu\u00e8 \u00e9s una cantata?<\/h3>\n<p data-start=\"605\" data-end=\"841\">Una <strong data-start=\"609\" data-end=\"620\">cantata<\/strong> \u00e9s una obra musical que explica una hist\u00f2ria a trav\u00e9s de can\u00e7ons. Les veus dels infants s\u2019acompanyen de m\u00fasica interpretada amb diversos instruments, creant un espectacle viu, emocionant i molt motivador per a l\u2019alumnat.<\/p>\n<p>&nbsp;<\/p>\n<h3 data-start=\"843\" data-end=\"863\">Qui l\u2019organitza?<\/h3>\n<p data-start=\"864\" data-end=\"917\">La Cantata est\u00e0 organitzada de manera coordinada per:<\/p>\n<ul data-start=\"918\" data-end=\"1150\">\n<li data-start=\"918\" data-end=\"995\">\n<p data-start=\"920\" data-end=\"995\">Els <strong data-start=\"924\" data-end=\"955\">mestres i mestres de m\u00fasica<\/strong> de les escoles de Sant Adri\u00e0 de Bes\u00f2s<\/p>\n<\/li>\n<li data-start=\"996\" data-end=\"1044\">\n<p data-start=\"998\" data-end=\"1044\">L\u2019<strong data-start=\"1000\" data-end=\"1042\">Escola Municipal de M\u00fasica Benet Bails<\/strong><\/p>\n<\/li>\n<li data-start=\"1045\" data-end=\"1150\">\n<p data-start=\"1047\" data-end=\"1150\">Amb la col\u00b7laboraci\u00f3 del <strong data-start=\"1072\" data-end=\"1105\">Centre de Recursos Pedag\u00f2gics<\/strong> i de l\u2019<strong data-start=\"1113\" data-end=\"1150\">Ajuntament de Sant Adri\u00e0 de Bes\u00f2s<\/strong><\/p>\n<\/li>\n<\/ul>\n<p data-start=\"1152\" data-end=\"1255\">Aquest treball conjunt permet oferir una proposta musical de qualitat i adaptada a l\u2019edat dels infants.<\/p>\n<p>&nbsp;<\/p>\n<h3 data-start=\"1257\" data-end=\"1279\">A qui va adre\u00e7ada?<\/h3>\n<p data-start=\"1280\" data-end=\"1474\">L\u2019activitat s\u2019adre\u00e7a habitualment a l\u2019alumnat de <strong data-start=\"1329\" data-end=\"1347\">2n de prim\u00e0ria<\/strong>, que durant el curs prepara les can\u00e7ons a l\u2019aula de m\u00fasica i culmina el projecte amb una actuaci\u00f3 conjunta amb altres escoles.<\/p>\n<p>&nbsp;<\/p>\n<h3 data-start=\"1476\" data-end=\"1517\">Per qu\u00e8 \u00e9s una experi\u00e8ncia important?<\/h3>\n<p data-start=\"1518\" data-end=\"1562\">Participar en la Cantata permet als infants:<\/p>\n<ul data-start=\"1563\" data-end=\"1818\">\n<li data-start=\"1563\" data-end=\"1618\">\n<p data-start=\"1565\" data-end=\"1618\">Viure la m\u00fasica de manera <strong data-start=\"1591\" data-end=\"1618\">col\u00b7lectiva i vivencial<\/strong><\/p>\n<\/li>\n<li data-start=\"1619\" data-end=\"1674\">\n<p data-start=\"1621\" data-end=\"1674\">Treballar la <strong data-start=\"1634\" data-end=\"1674\">veu, el ritme i l\u2019expressi\u00f3 corporal<\/strong><\/p>\n<\/li>\n<li data-start=\"1675\" data-end=\"1752\">\n<p data-start=\"1677\" data-end=\"1752\">Aprendre a <strong data-start=\"1688\" data-end=\"1718\">compartir un projecte com\u00fa<\/strong> amb nens i nenes d\u2019altres escoles<\/p>\n<\/li>\n<li data-start=\"1753\" data-end=\"1818\">\n<p data-start=\"1755\" data-end=\"1818\">Gaudir de l\u2019escenari i refor\u00e7ar la <strong data-start=\"1790\" data-end=\"1818\">confian\u00e7a i l\u2019autoestima<\/strong><\/p>\n<\/li>\n<\/ul>\n<p data-start=\"1820\" data-end=\"1946\">La Cantata \u00e9s, sens dubte, una activitat molt esperada que deixa un <strong data-start=\"1888\" data-end=\"1907\">record especial<\/strong> tant en l\u2019alumnat com en les fam\u00edlies.<\/p>\n","protected":false},"excerpt":{"rendered":"<p>Cada any, a finals de curs, els infants de les escoles de Sant Adri\u00e0 de Bes\u00f2s participen en una experi\u00e8ncia musical molt especial: la Cantata escolar.<br \/>\nEs tracta d\u2019una activitat conjunta que reuneix alumnat de diferents centres de la ciutat i que converteix els nens i&hellip;  <a href=\"https:\/\/agora.xtec.cat\/ceippompeufabrasantadria\/cantata\/\" title=\"Read Cantata\">Llegeix m\u00e9s\u00bb<\/a><\/p>\n","protected":false},"author":8,"featured_media":0,"parent":0,"menu_order":0,"comment_status":"closed","ping_status":"closed","template":"","meta":{"_bbp_topic_count":0,"_bbp_reply_count":0,"_bbp_total_topic_count":0,"_bbp_total_reply_count":0,"_bbp_voice_count":0,"_bbp_anonymous_reply_count":0,"_bbp_topic_count_hidden":0,"_bbp_reply_count_hidden":0,"_bbp_forum_subforum_count":0,"footnotes":""},"class_list":["post-14243","page","type-page","status-publish","hentry"],"post_mailing_queue_ids":[],"_links":{"self":[{"href":"https:\/\/agora.xtec.cat\/ceippompeufabrasantadria\/wp-json\/wp\/v2\/pages\/14243","targetHints":{"allow":["GET"]}}],"collection":[{"href":"https:\/\/agora.xtec.cat\/ceippompeufabrasantadria\/wp-json\/wp\/v2\/pages"}],"about":[{"href":"https:\/\/agora.xtec.cat\/ceippompeufabrasantadria\/wp-json\/wp\/v2\/types\/page"}],"author":[{"embeddable":true,"href":"https:\/\/agora.xtec.cat\/ceippompeufabrasantadria\/wp-json\/wp\/v2\/users\/8"}],"replies":[{"embeddable":true,"href":"https:\/\/agora.xtec.cat\/ceippompeufabrasantadria\/wp-json\/wp\/v2\/comments?post=14243"}],"version-history":[{"count":4,"href":"https:\/\/agora.xtec.cat\/ceippompeufabrasantadria\/wp-json\/wp\/v2\/pages\/14243\/revisions"}],"predecessor-version":[{"id":14520,"href":"https:\/\/agora.xtec.cat\/ceippompeufabrasantadria\/wp-json\/wp\/v2\/pages\/14243\/revisions\/14520"}],"wp:attachment":[{"href":"https:\/\/agora.xtec.cat\/ceippompeufabrasantadria\/wp-json\/wp\/v2\/media?parent=14243"}],"curies":[{"name":"wp","href":"https:\/\/api.w.org\/{rel}","templated":true}]}}