{"id":14242,"date":"2026-01-23T15:32:34","date_gmt":"2026-01-23T14:32:34","guid":{"rendered":"https:\/\/agora.xtec.cat\/ceippompeufabrasantadria\/?page_id=14242"},"modified":"2026-01-25T18:58:55","modified_gmt":"2026-01-25T17:58:55","slug":"badasport","status":"publish","type":"page","link":"https:\/\/agora.xtec.cat\/ceippompeufabrasantadria\/badasport\/","title":{"rendered":"Badasport"},"content":{"rendered":"<p data-start=\"396\" data-end=\"696\"><a href=\"https:\/\/agora.xtec.cat\/ceippompeufabrasantadria\/wp-content\/uploads\/usu271\/2026\/01\/BADASPORT_2025_Primaria_page-0001-1-scaled.jpg\"><img loading=\"lazy\" decoding=\"async\" class=\"alignright wp-image-14506\" src=\"https:\/\/agora.xtec.cat\/ceippompeufabrasantadria\/wp-content\/uploads\/usu271\/2026\/01\/BADASPORT_2025_Primaria_page-0001-1-212x300.jpg\" alt=\"\" width=\"276\" height=\"390\" srcset=\"https:\/\/agora.xtec.cat\/ceippompeufabrasantadria\/wp-content\/uploads\/usu271\/2026\/01\/BADASPORT_2025_Primaria_page-0001-1-212x300.jpg 212w, https:\/\/agora.xtec.cat\/ceippompeufabrasantadria\/wp-content\/uploads\/usu271\/2026\/01\/BADASPORT_2025_Primaria_page-0001-1-724x1024.jpg 724w, https:\/\/agora.xtec.cat\/ceippompeufabrasantadria\/wp-content\/uploads\/usu271\/2026\/01\/BADASPORT_2025_Primaria_page-0001-1-768x1086.jpg 768w, https:\/\/agora.xtec.cat\/ceippompeufabrasantadria\/wp-content\/uploads\/usu271\/2026\/01\/BADASPORT_2025_Primaria_page-0001-1-1086x1536.jpg 1086w, https:\/\/agora.xtec.cat\/ceippompeufabrasantadria\/wp-content\/uploads\/usu271\/2026\/01\/BADASPORT_2025_Primaria_page-0001-1-1448x2048.jpg 1448w, https:\/\/agora.xtec.cat\/ceippompeufabrasantadria\/wp-content\/uploads\/usu271\/2026\/01\/BADASPORT_2025_Primaria_page-0001-1-scaled.jpg 1810w\" sizes=\"auto, (max-width: 276px) 100vw, 276px\" \/><\/a>A l\u2019Escola Pompeu Fabra entenem l\u2019activitat f\u00edsica com una part fonamental de l\u2019educaci\u00f3 integral de l\u2019alumnat. Per aquest motiu, des de fa uns anys participem en una xarxa de mestres d\u2019Educaci\u00f3 F\u00edsica que impulsa activitats i trobades esportives adre\u00e7ades a infants de prim\u00e0ria de diferents centres.<\/p>\n<p data-start=\"703\" data-end=\"1079\">Aquesta col\u00b7laboraci\u00f3 ens permet oferir al nostre alumnat propostes esportives variades i ben organitzades, que complementen el treball que es duu a terme a l\u2019aula d\u2019Educaci\u00f3 F\u00edsica. Les sortides esportives formen part del projecte educatiu del centre i contribueixen al desenvolupament d\u2019h\u00e0bits saludables, al treball dels valors i a l\u2019aprenentatge a trav\u00e9s de l\u2019experi\u00e8ncia.<\/p>\n<p data-start=\"1086\" data-end=\"1386\">A m\u00e9s, aquestes activitats ofereixen un context privilegiat de relaci\u00f3 amb infants d\u2019altres escoles, afavorint la conviv\u00e8ncia, la socialitzaci\u00f3 i el respecte mutu. Compartir espais i reptes esportius amb alumnat d\u2019altres centres enriqueix les viv\u00e8ncies dels infants i amplia el seu entorn de relaci\u00f3.<\/p>\n<p data-start=\"1393\" data-end=\"1484\">Al llarg del curs escolar, les activitats esportives es distribueixen de la manera seg\u00fcent:<\/p>\n<ul>\n<li>\n<h6><strong>1r<\/strong>\u00a0de prim\u00e0ria:\u00a0<a href=\"https:\/\/badasport.wordpress.com\/badamotricitat\/\" target=\"_blank\" rel=\"noopener\">Badamotri<\/a><\/h6>\n<\/li>\n<li>\n<h6><strong>2n<\/strong>\u00a0de prim\u00e0ria:\u00a0<a href=\"https:\/\/badasport.wordpress.com\/activitats-a-la-platja\/\" target=\"_blank\" rel=\"noopener\">Badaplatja<\/a><\/h6>\n<\/li>\n<li>\n<h6><strong>3r<\/strong>\u00a0de prim\u00e0ria:\u00a0<a href=\"https:\/\/badasport.wordpress.com\/badajoc\/\" target=\"_blank\" rel=\"noopener\">Badajoc<\/a><\/h6>\n<\/li>\n<li>\n<h6><strong>4t<\/strong>\u00a0de prim\u00e0ria:\u00a0<a href=\"https:\/\/badasport.wordpress.com\/curses-dorientacio\/\" target=\"_blank\" rel=\"noopener\">Badaorientaci\u00f3<\/a><\/h6>\n<\/li>\n<li>\n<h6><strong>5\u00e8<\/strong>\u00a0de prim\u00e0ria:\u00a0<a href=\"https:\/\/badasport.wordpress.com\/badasport1\/\" target=\"_blank\" rel=\"noopener\">Badatletisme<\/a><\/h6>\n<\/li>\n<li>\n<h6><strong>6\u00e8<\/strong>\u00a0de prim\u00e0ria:\u00a0<a href=\"https:\/\/badasport.wordpress.com\/korbada\/\" target=\"_blank\" rel=\"noopener\">Badakorfball<\/a><\/h6>\n<\/li>\n<\/ul>\n","protected":false},"excerpt":{"rendered":"<p><a href=\"https:\/\/agora.xtec.cat\/ceippompeufabrasantadria\/wp-content\/uploads\/usu271\/2026\/01\/BADASPORT_2025_Primaria_page-0001-1-scaled.jpg\"><\/a>A l\u2019Escola Pompeu Fabra entenem l\u2019activitat f\u00edsica com una part fonamental de l\u2019educaci\u00f3 integral de l\u2019alumnat. Per aquest motiu, des de fa uns anys participem en una xarxa de mestres d\u2019Educaci\u00f3 F\u00edsica que impulsa activitats i trobades esportives adre\u00e7ades a infants de prim\u00e0ria de&hellip;  <a href=\"https:\/\/agora.xtec.cat\/ceippompeufabrasantadria\/badasport\/\" title=\"Read Badasport\">Llegeix m\u00e9s\u00bb<\/a><\/p>\n","protected":false},"author":8,"featured_media":0,"parent":0,"menu_order":0,"comment_status":"closed","ping_status":"closed","template":"","meta":{"_bbp_topic_count":0,"_bbp_reply_count":0,"_bbp_total_topic_count":0,"_bbp_total_reply_count":0,"_bbp_voice_count":0,"_bbp_anonymous_reply_count":0,"_bbp_topic_count_hidden":0,"_bbp_reply_count_hidden":0,"_bbp_forum_subforum_count":0,"footnotes":""},"class_list":["post-14242","page","type-page","status-publish","hentry"],"post_mailing_queue_ids":[],"_links":{"self":[{"href":"https:\/\/agora.xtec.cat\/ceippompeufabrasantadria\/wp-json\/wp\/v2\/pages\/14242","targetHints":{"allow":["GET"]}}],"collection":[{"href":"https:\/\/agora.xtec.cat\/ceippompeufabrasantadria\/wp-json\/wp\/v2\/pages"}],"about":[{"href":"https:\/\/agora.xtec.cat\/ceippompeufabrasantadria\/wp-json\/wp\/v2\/types\/page"}],"author":[{"embeddable":true,"href":"https:\/\/agora.xtec.cat\/ceippompeufabrasantadria\/wp-json\/wp\/v2\/users\/8"}],"replies":[{"embeddable":true,"href":"https:\/\/agora.xtec.cat\/ceippompeufabrasantadria\/wp-json\/wp\/v2\/comments?post=14242"}],"version-history":[{"count":4,"href":"https:\/\/agora.xtec.cat\/ceippompeufabrasantadria\/wp-json\/wp\/v2\/pages\/14242\/revisions"}],"predecessor-version":[{"id":14507,"href":"https:\/\/agora.xtec.cat\/ceippompeufabrasantadria\/wp-json\/wp\/v2\/pages\/14242\/revisions\/14507"}],"wp:attachment":[{"href":"https:\/\/agora.xtec.cat\/ceippompeufabrasantadria\/wp-json\/wp\/v2\/media?parent=14242"}],"curies":[{"name":"wp","href":"https:\/\/api.w.org\/{rel}","templated":true}]}}