{"id":14201,"date":"2026-01-23T13:52:37","date_gmt":"2026-01-23T12:52:37","guid":{"rendered":"https:\/\/agora.xtec.cat\/ceippompeufabrasantadria\/?page_id=14201"},"modified":"2026-01-24T12:24:57","modified_gmt":"2026-01-24T11:24:57","slug":"projecte-de-biblioteca","status":"publish","type":"page","link":"https:\/\/agora.xtec.cat\/ceippompeufabrasantadria\/projecte-de-biblioteca\/","title":{"rendered":"Projecte de Biblioteca"},"content":{"rendered":"<p data-start=\"520\" data-end=\"694\">La biblioteca del Pompeu \u00e9s molt m\u00e9s que un espai de llibres: \u00e9s un <strong data-start=\"588\" data-end=\"655\">centre de recursos per a l\u2019aprenentatge, la lectura i el lleure<\/strong>, integrat en el dia a dia de l\u2019escola.<\/p>\n<p data-start=\"696\" data-end=\"716\"><strong data-start=\"696\" data-end=\"716\">Qu\u00e8 hi trobareu?<\/strong><\/p>\n<ul data-start=\"717\" data-end=\"1160\">\n<li data-start=\"717\" data-end=\"805\">\n<p data-start=\"719\" data-end=\"805\">Espais diferenciats de <strong data-start=\"742\" data-end=\"772\">lectura, recerca i treball<\/strong>, adaptats a les diferents edats.<\/p>\n<\/li>\n<li data-start=\"806\" data-end=\"911\">\n<p data-start=\"808\" data-end=\"911\">La mascota de la biblioteca, <strong data-start=\"837\" data-end=\"847\">en Kuo<\/strong>, que acompanya i motiva els infants en les activitats lectores.<\/p>\n<\/li>\n<li data-start=\"912\" data-end=\"991\">\n<p data-start=\"914\" data-end=\"991\"><strong data-start=\"914\" data-end=\"935\">Servei de pr\u00e9stec<\/strong> perqu\u00e8 els nens i nenes puguin endur-se llibres a casa.<\/p>\n<\/li>\n<li data-start=\"992\" data-end=\"1063\">\n<p data-start=\"994\" data-end=\"1063\">Recursos digitals i recomanacions de lectura accessibles des del web.<\/p>\n<\/li>\n<li data-start=\"1064\" data-end=\"1160\">\n<p data-start=\"1066\" data-end=\"1160\">Oportunitats de <strong data-start=\"1082\" data-end=\"1114\">participaci\u00f3 de les fam\u00edlies<\/strong>, col\u00b7laborant en activitats i dinamitzacions.<\/p>\n<\/li>\n<\/ul>\n<p data-start=\"1162\" data-end=\"1270\">L\u2019objectiu principal \u00e9s fomentar el <strong data-start=\"1198\" data-end=\"1217\">gust per llegir<\/strong>, la compet\u00e8ncia informacional i l\u2019autonomia lectora.<\/p>\n<p data-start=\"1162\" data-end=\"1270\">\n<p data-start=\"1162\" data-end=\"1270\">\ud83d\udcce <strong data-start=\"2811\" data-end=\"2836\">Document disponible<\/strong><br data-start=\"2836\" data-end=\"2839\" \/>Tot i que es troba en fase de revisi\u00f3 i actualitzaci\u00f3, podeu consultar aquest document clicant la imatge seg\u00fcent:<\/p>\n<p data-start=\"1162\" data-end=\"1270\"><a href=\"https:\/\/agora.xtec.cat\/ceippompeufabrasantadria\/wp-content\/uploads\/usu271\/2026\/01\/NOU-PROJECTE-BIBLIOTECA-2018.pdf\" target=\"_blank\" rel=\"noopener\"><img loading=\"lazy\" decoding=\"async\" class=\"aligncenter wp-image-14440\" src=\"https:\/\/agora.xtec.cat\/ceippompeufabrasantadria\/wp-content\/uploads\/usu271\/2026\/01\/2-212x300.png\" alt=\"\" width=\"276\" height=\"390\" srcset=\"https:\/\/agora.xtec.cat\/ceippompeufabrasantadria\/wp-content\/uploads\/usu271\/2026\/01\/2-212x300.png 212w, https:\/\/agora.xtec.cat\/ceippompeufabrasantadria\/wp-content\/uploads\/usu271\/2026\/01\/2-724x1024.png 724w, https:\/\/agora.xtec.cat\/ceippompeufabrasantadria\/wp-content\/uploads\/usu271\/2026\/01\/2-768x1086.png 768w, https:\/\/agora.xtec.cat\/ceippompeufabrasantadria\/wp-content\/uploads\/usu271\/2026\/01\/2-1086x1536.png 1086w, https:\/\/agora.xtec.cat\/ceippompeufabrasantadria\/wp-content\/uploads\/usu271\/2026\/01\/2.png 1414w\" sizes=\"auto, (max-width: 276px) 100vw, 276px\" \/><\/a><\/p>\n","protected":false},"excerpt":{"rendered":"<p>La biblioteca del Pompeu \u00e9s molt m\u00e9s que un espai de llibres: \u00e9s un centre de recursos per a l\u2019aprenentatge, la lectura i el lleure, integrat en el dia a dia de l\u2019escola.<br \/>\nQu\u00e8 hi trobareu?<\/p>\n<ul data-start=\"717\" data-end=\"1160\">\n<li data-start=\"717\" data-end=\"805\">\nEspais diferenciats de lectura, recerca i treball,&hellip;  <a href=\"https:\/\/agora.xtec.cat\/ceippompeufabrasantadria\/projecte-de-biblioteca\/\" title=\"Read Projecte de Biblioteca\">Llegeix m\u00e9s\u00bb<\/a><\/p>\n","protected":false},"author":8,"featured_media":0,"parent":0,"menu_order":0,"comment_status":"closed","ping_status":"closed","template":"","meta":{"_bbp_topic_count":0,"_bbp_reply_count":0,"_bbp_total_topic_count":0,"_bbp_total_reply_count":0,"_bbp_voice_count":0,"_bbp_anonymous_reply_count":0,"_bbp_topic_count_hidden":0,"_bbp_reply_count_hidden":0,"_bbp_forum_subforum_count":0,"footnotes":""},"class_list":["post-14201","page","type-page","status-publish","hentry"],"post_mailing_queue_ids":[],"_links":{"self":[{"href":"https:\/\/agora.xtec.cat\/ceippompeufabrasantadria\/wp-json\/wp\/v2\/pages\/14201","targetHints":{"allow":["GET"]}}],"collection":[{"href":"https:\/\/agora.xtec.cat\/ceippompeufabrasantadria\/wp-json\/wp\/v2\/pages"}],"about":[{"href":"https:\/\/agora.xtec.cat\/ceippompeufabrasantadria\/wp-json\/wp\/v2\/types\/page"}],"author":[{"embeddable":true,"href":"https:\/\/agora.xtec.cat\/ceippompeufabrasantadria\/wp-json\/wp\/v2\/users\/8"}],"replies":[{"embeddable":true,"href":"https:\/\/agora.xtec.cat\/ceippompeufabrasantadria\/wp-json\/wp\/v2\/comments?post=14201"}],"version-history":[{"count":2,"href":"https:\/\/agora.xtec.cat\/ceippompeufabrasantadria\/wp-json\/wp\/v2\/pages\/14201\/revisions"}],"predecessor-version":[{"id":14444,"href":"https:\/\/agora.xtec.cat\/ceippompeufabrasantadria\/wp-json\/wp\/v2\/pages\/14201\/revisions\/14444"}],"wp:attachment":[{"href":"https:\/\/agora.xtec.cat\/ceippompeufabrasantadria\/wp-json\/wp\/v2\/media?parent=14201"}],"curies":[{"name":"wp","href":"https:\/\/api.w.org\/{rel}","templated":true}]}}