{"id":14200,"date":"2026-01-23T13:52:37","date_gmt":"2026-01-23T12:52:37","guid":{"rendered":"https:\/\/agora.xtec.cat\/ceippompeufabrasantadria\/?page_id=14200"},"modified":"2026-01-24T12:58:26","modified_gmt":"2026-01-24T11:58:26","slug":"pla-daccio-tutorial","status":"publish","type":"page","link":"https:\/\/agora.xtec.cat\/ceippompeufabrasantadria\/pla-daccio-tutorial\/","title":{"rendered":"Pla d&#8217;Acci\u00f3 Tutorial"},"content":{"rendered":"<p data-start=\"1312\" data-end=\"1518\">El <strong data-start=\"1315\" data-end=\"1339\">Pla d\u2019Acci\u00f3 Tutorial<\/strong> organitza l\u2019acompanyament personal i emocional de l\u2019alumnat. A l\u2019escola entenem la tutoria com una pe\u00e7a clau per garantir el <strong data-start=\"1465\" data-end=\"1502\">benestar i el creixement integral<\/strong> de cada infant.<\/p>\n<p data-start=\"1520\" data-end=\"1540\"><strong data-start=\"1520\" data-end=\"1540\">Qu\u00e8 hi trobareu?<\/strong><\/p>\n<ul data-start=\"1541\" data-end=\"1917\">\n<li data-start=\"1541\" data-end=\"1620\">\n<p data-start=\"1543\" data-end=\"1620\">Accions per refor\u00e7ar l\u2019<strong data-start=\"1566\" data-end=\"1619\">autoestima, l\u2019educaci\u00f3 emocional i la conviv\u00e8ncia<\/strong>.<\/p>\n<\/li>\n<li data-start=\"1621\" data-end=\"1725\">\n<p data-start=\"1623\" data-end=\"1725\">L\u2019<strong data-start=\"1625\" data-end=\"1644\">Hora de Tutoria<\/strong>, una sessi\u00f3 setmanal dedicada a la cohesi\u00f3 de grup i la resoluci\u00f3 de conflictes.<\/p>\n<\/li>\n<li data-start=\"1726\" data-end=\"1817\">\n<p data-start=\"1728\" data-end=\"1817\">Seguiment individualitzat per detectar necessitats i orientar adequadament cada alumne\/a.<\/p>\n<\/li>\n<li data-start=\"1818\" data-end=\"1917\">\n<p data-start=\"1820\" data-end=\"1917\">Espais de <strong data-start=\"1830\" data-end=\"1862\">comunicaci\u00f3 amb les fam\u00edlies<\/strong>, amb reunions d\u2019inici de curs i entrevistes personals.<\/p>\n<\/li>\n<\/ul>\n<p data-start=\"1919\" data-end=\"2010\">El PAT ens permet con\u00e8ixer millor cada infant i acompanyar-lo de manera propera i coherent.<\/p>\n<p data-start=\"1919\" data-end=\"2010\">\ud83d\udcce <strong data-start=\"2811\" data-end=\"2836\">Documents disponibles<\/strong><br data-start=\"2836\" data-end=\"2839\" \/>Aquest document, en fase de revisi\u00f3 i actualitzaci\u00f3, es pot consultar \u00edntegrament clicant la imatge que hi ha a continuaci\u00f3:<\/p>\n<p data-start=\"1919\" data-end=\"2010\"><a href=\"https:\/\/agora.xtec.cat\/ceippompeufabrasantadria\/wp-content\/uploads\/usu271\/2026\/01\/PAT-2013.pdf\" target=\"_blank\" rel=\"noopener\"><img loading=\"lazy\" decoding=\"async\" class=\"aligncenter wp-image-14439\" src=\"https:\/\/agora.xtec.cat\/ceippompeufabrasantadria\/wp-content\/uploads\/usu271\/2026\/01\/1-150x150.png\" alt=\"\" width=\"276\" height=\"390\" srcset=\"https:\/\/agora.xtec.cat\/ceippompeufabrasantadria\/wp-content\/uploads\/usu271\/2026\/01\/1-212x300.png 212w, https:\/\/agora.xtec.cat\/ceippompeufabrasantadria\/wp-content\/uploads\/usu271\/2026\/01\/1-724x1024.png 724w, https:\/\/agora.xtec.cat\/ceippompeufabrasantadria\/wp-content\/uploads\/usu271\/2026\/01\/1-768x1086.png 768w, https:\/\/agora.xtec.cat\/ceippompeufabrasantadria\/wp-content\/uploads\/usu271\/2026\/01\/1-1086x1536.png 1086w, https:\/\/agora.xtec.cat\/ceippompeufabrasantadria\/wp-content\/uploads\/usu271\/2026\/01\/1.png 1414w\" sizes=\"auto, (max-width: 276px) 100vw, 276px\" \/><\/a><\/p>\n","protected":false},"excerpt":{"rendered":"<p>El Pla d\u2019Acci\u00f3 Tutorial organitza l\u2019acompanyament personal i emocional de l\u2019alumnat. A l\u2019escola entenem la tutoria com una pe\u00e7a clau per garantir el benestar i el creixement integral de cada infant.<br \/>\nQu\u00e8 hi trobareu?<\/p>\n<ul data-start=\"1541\" data-end=\"1917\">\n<li data-start=\"1541\" data-end=\"1620\">\nAccions per refor\u00e7ar l\u2019autoestima, l\u2019educaci\u00f3 emocional i la conviv\u00e8ncia.\n<\/li>\n<li&hellip;  <a href=\"https:\/\/agora.xtec.cat\/ceippompeufabrasantadria\/pla-daccio-tutorial\/\" title=\"Read Pla d&#8217;Acci\u00f3 Tutorial\">Llegeix m\u00e9s\u00bb<\/a><br \/>\n","protected":false},"author":8,"featured_media":0,"parent":0,"menu_order":0,"comment_status":"closed","ping_status":"closed","template":"","meta":{"_bbp_topic_count":0,"_bbp_reply_count":0,"_bbp_total_topic_count":0,"_bbp_total_reply_count":0,"_bbp_voice_count":0,"_bbp_anonymous_reply_count":0,"_bbp_topic_count_hidden":0,"_bbp_reply_count_hidden":0,"_bbp_forum_subforum_count":0,"footnotes":""},"class_list":["post-14200","page","type-page","status-publish","hentry"],"post_mailing_queue_ids":[],"_links":{"self":[{"href":"https:\/\/agora.xtec.cat\/ceippompeufabrasantadria\/wp-json\/wp\/v2\/pages\/14200","targetHints":{"allow":["GET"]}}],"collection":[{"href":"https:\/\/agora.xtec.cat\/ceippompeufabrasantadria\/wp-json\/wp\/v2\/pages"}],"about":[{"href":"https:\/\/agora.xtec.cat\/ceippompeufabrasantadria\/wp-json\/wp\/v2\/types\/page"}],"author":[{"embeddable":true,"href":"https:\/\/agora.xtec.cat\/ceippompeufabrasantadria\/wp-json\/wp\/v2\/users\/8"}],"replies":[{"embeddable":true,"href":"https:\/\/agora.xtec.cat\/ceippompeufabrasantadria\/wp-json\/wp\/v2\/comments?post=14200"}],"version-history":[{"count":3,"href":"https:\/\/agora.xtec.cat\/ceippompeufabrasantadria\/wp-json\/wp\/v2\/pages\/14200\/revisions"}],"predecessor-version":[{"id":14451,"href":"https:\/\/agora.xtec.cat\/ceippompeufabrasantadria\/wp-json\/wp\/v2\/pages\/14200\/revisions\/14451"}],"wp:attachment":[{"href":"https:\/\/agora.xtec.cat\/ceippompeufabrasantadria\/wp-json\/wp\/v2\/media?parent=14200"}],"curies":[{"name":"wp","href":"https:\/\/api.w.org\/{rel}","templated":true}]}}