{"id":14199,"date":"2026-01-23T13:52:37","date_gmt":"2026-01-23T12:52:37","guid":{"rendered":"https:\/\/agora.xtec.cat\/ceippompeufabrasantadria\/?page_id=14199"},"modified":"2026-01-23T21:42:30","modified_gmt":"2026-01-23T20:42:30","slug":"projecte-de-coeducacio","status":"publish","type":"page","link":"https:\/\/agora.xtec.cat\/ceippompeufabrasantadria\/projecte-de-coeducacio\/","title":{"rendered":"Projecte de Coeducaci\u00f3"},"content":{"rendered":"<p data-start=\"2114\" data-end=\"2255\">El <strong data-start=\"2117\" data-end=\"2143\">Projecte de Coeducaci\u00f3<\/strong> expressa el comprom\u00eds del centre amb una educaci\u00f3 basada en la <strong data-start=\"2207\" data-end=\"2254\">igualtat, el respecte i la no-discriminaci\u00f3<\/strong>.<\/p>\n<p data-start=\"2257\" data-end=\"2302\">En aquest document, hi trobareu:<\/p>\n<ul data-start=\"2303\" data-end=\"2605\">\n<li data-start=\"2303\" data-end=\"2380\">\n<p data-start=\"2305\" data-end=\"2380\">Les accions per integrar la <strong data-start=\"2333\" data-end=\"2358\">perspectiva de g\u00e8nere<\/strong> a l\u2019aula i al centre.<\/p>\n<\/li>\n<li data-start=\"2381\" data-end=\"2454\">\n<p data-start=\"2383\" data-end=\"2454\">La revisi\u00f3 de materials i pr\u00e0ctiques educatives per evitar estereotips.<\/p>\n<\/li>\n<li data-start=\"2455\" data-end=\"2531\">\n<p data-start=\"2457\" data-end=\"2531\">Les activitats i propostes vinculades a diades com el <strong data-start=\"2511\" data-end=\"2517\">8M<\/strong> i el <strong data-start=\"2523\" data-end=\"2530\">25N<\/strong>.<\/p>\n<\/li>\n<li data-start=\"2532\" data-end=\"2605\">\n<p data-start=\"2534\" data-end=\"2605\">Iniciatives per fomentar espais i patis m\u00e9s <strong data-start=\"2578\" data-end=\"2604\">inclusius i equitatius<\/strong>.<\/p>\n<\/li>\n<\/ul>\n<p>&nbsp;<\/p>\n<p data-start=\"2607\" data-end=\"2704\">\ud83d\udcce <strong data-start=\"2610\" data-end=\"2629\">Document adjunt<\/strong><br data-start=\"2629\" data-end=\"2632\" \/>Podeu consultar el <strong data-start=\"2651\" data-end=\"2677\">Projecte de Coeducaci\u00f3<\/strong> complet clicant la imatge que teniu a continuaci\u00f3:<\/p>\n<p data-start=\"2607\" data-end=\"2704\"><a href=\"https:\/\/agora.xtec.cat\/ceippompeufabrasantadria\/wp-content\/uploads\/usu271\/2026\/01\/Projecte-Coeducacio-PF-25.pdf\" target=\"_blank\" rel=\"noopener\"><img loading=\"lazy\" decoding=\"async\" class=\"aligncenter wp-image-14420\" src=\"https:\/\/agora.xtec.cat\/ceippompeufabrasantadria\/wp-content\/uploads\/usu271\/2026\/01\/Projecte-de-coeduacio-212x300.png\" alt=\"\" width=\"276\" height=\"390\" srcset=\"https:\/\/agora.xtec.cat\/ceippompeufabrasantadria\/wp-content\/uploads\/usu271\/2026\/01\/Projecte-de-coeduacio-212x300.png 212w, https:\/\/agora.xtec.cat\/ceippompeufabrasantadria\/wp-content\/uploads\/usu271\/2026\/01\/Projecte-de-coeduacio-724x1024.png 724w, https:\/\/agora.xtec.cat\/ceippompeufabrasantadria\/wp-content\/uploads\/usu271\/2026\/01\/Projecte-de-coeduacio-768x1086.png 768w, https:\/\/agora.xtec.cat\/ceippompeufabrasantadria\/wp-content\/uploads\/usu271\/2026\/01\/Projecte-de-coeduacio-1086x1536.png 1086w, https:\/\/agora.xtec.cat\/ceippompeufabrasantadria\/wp-content\/uploads\/usu271\/2026\/01\/Projecte-de-coeduacio.png 1414w\" sizes=\"auto, (max-width: 276px) 100vw, 276px\" \/><\/a><\/p>\n","protected":false},"excerpt":{"rendered":"<p>El Projecte de Coeducaci\u00f3 expressa el comprom\u00eds del centre amb una educaci\u00f3 basada en la igualtat, el respecte i la no-discriminaci\u00f3.<br \/>\nEn aquest document, hi trobareu:<\/p>\n<ul data-start=\"2303\" data-end=\"2605\">\n<li data-start=\"2303\" data-end=\"2380\">\nLes accions per integrar la perspectiva de g\u00e8nere a l\u2019aula i al centre.\n<\/li>\n<li data-start=\"2381\" data-end=\"2454\">\nLa revisi\u00f3 de&hellip;  <a href=\"https:\/\/agora.xtec.cat\/ceippompeufabrasantadria\/projecte-de-coeducacio\/\" title=\"Read Projecte de Coeducaci\u00f3\">Llegeix m\u00e9s\u00bb<\/a><\/p>\n","protected":false},"author":8,"featured_media":0,"parent":0,"menu_order":0,"comment_status":"closed","ping_status":"closed","template":"","meta":{"_bbp_topic_count":0,"_bbp_reply_count":0,"_bbp_total_topic_count":0,"_bbp_total_reply_count":0,"_bbp_voice_count":0,"_bbp_anonymous_reply_count":0,"_bbp_topic_count_hidden":0,"_bbp_reply_count_hidden":0,"_bbp_forum_subforum_count":0,"footnotes":""},"class_list":["post-14199","page","type-page","status-publish","hentry"],"post_mailing_queue_ids":[],"_links":{"self":[{"href":"https:\/\/agora.xtec.cat\/ceippompeufabrasantadria\/wp-json\/wp\/v2\/pages\/14199","targetHints":{"allow":["GET"]}}],"collection":[{"href":"https:\/\/agora.xtec.cat\/ceippompeufabrasantadria\/wp-json\/wp\/v2\/pages"}],"about":[{"href":"https:\/\/agora.xtec.cat\/ceippompeufabrasantadria\/wp-json\/wp\/v2\/types\/page"}],"author":[{"embeddable":true,"href":"https:\/\/agora.xtec.cat\/ceippompeufabrasantadria\/wp-json\/wp\/v2\/users\/8"}],"replies":[{"embeddable":true,"href":"https:\/\/agora.xtec.cat\/ceippompeufabrasantadria\/wp-json\/wp\/v2\/comments?post=14199"}],"version-history":[{"count":2,"href":"https:\/\/agora.xtec.cat\/ceippompeufabrasantadria\/wp-json\/wp\/v2\/pages\/14199\/revisions"}],"predecessor-version":[{"id":14435,"href":"https:\/\/agora.xtec.cat\/ceippompeufabrasantadria\/wp-json\/wp\/v2\/pages\/14199\/revisions\/14435"}],"wp:attachment":[{"href":"https:\/\/agora.xtec.cat\/ceippompeufabrasantadria\/wp-json\/wp\/v2\/media?parent=14199"}],"curies":[{"name":"wp","href":"https:\/\/api.w.org\/{rel}","templated":true}]}}