{"id":14197,"date":"2026-01-23T13:52:37","date_gmt":"2026-01-23T12:52:37","guid":{"rendered":"https:\/\/agora.xtec.cat\/ceippompeufabrasantadria\/?page_id=14197"},"modified":"2026-01-23T21:32:32","modified_gmt":"2026-01-23T20:32:32","slug":"projecte-de-direccio-de-centre","status":"publish","type":"page","link":"https:\/\/agora.xtec.cat\/ceippompeufabrasantadria\/projecte-de-direccio-de-centre\/","title":{"rendered":"Projecte de Direcci\u00f3 de Centre"},"content":{"rendered":"<p data-start=\"1605\" data-end=\"1727\">El <strong data-start=\"1608\" data-end=\"1638\">Projecte de Direcci\u00f3 (PdD)<\/strong> marca les <strong data-start=\"1649\" data-end=\"1690\">l\u00ednies estrat\u00e8giques i les prioritats<\/strong> del centre per al per\u00edode 2024\u20132028.<\/p>\n<p data-start=\"1729\" data-end=\"1752\">Aquest document inclou:<\/p>\n<ul data-start=\"1753\" data-end=\"1974\">\n<li data-start=\"1753\" data-end=\"1800\">\n<p data-start=\"1755\" data-end=\"1800\">Una an\u00e0lisi de la situaci\u00f3 actual del centre.<\/p>\n<\/li>\n<li data-start=\"1801\" data-end=\"1906\">\n<p data-start=\"1803\" data-end=\"1906\">Els principals <strong data-start=\"1818\" data-end=\"1842\">objectius de millora<\/strong> en l\u2019\u00e0mbit pedag\u00f2gic, organitzatiu, de conviv\u00e8ncia i de gesti\u00f3.<\/p>\n<\/li>\n<li data-start=\"1907\" data-end=\"1974\">\n<p data-start=\"1909\" data-end=\"1974\">El marc de refer\u00e8ncia per a la planificaci\u00f3 de cada curs escolar.<\/p>\n<\/li>\n<\/ul>\n<p>&nbsp;<\/p>\n<p data-start=\"1976\" data-end=\"2077\">\ud83d\udcce <strong data-start=\"1979\" data-end=\"1998\">Document adjunt<\/strong><br data-start=\"1998\" data-end=\"2001\" \/>Podeu consultar el <strong data-start=\"2020\" data-end=\"2050\">Projecte de Direcci\u00f3 (PdD)<\/strong> complet clicant la seg\u00fcent imatge:<\/p>\n<p data-start=\"1976\" data-end=\"2077\"><a href=\"https:\/\/agora.xtec.cat\/ceippompeufabrasantadria\/wp-content\/uploads\/usu271\/2026\/01\/PdD-24-28.pdf\" target=\"_blank\" rel=\"noopener\"><img loading=\"lazy\" decoding=\"async\" class=\"aligncenter wp-image-14419\" src=\"https:\/\/agora.xtec.cat\/ceippompeufabrasantadria\/wp-content\/uploads\/usu271\/2026\/01\/PdD-24-28-a-212x300.png\" alt=\"\" width=\"276\" height=\"390\" srcset=\"https:\/\/agora.xtec.cat\/ceippompeufabrasantadria\/wp-content\/uploads\/usu271\/2026\/01\/PdD-24-28-a-212x300.png 212w, https:\/\/agora.xtec.cat\/ceippompeufabrasantadria\/wp-content\/uploads\/usu271\/2026\/01\/PdD-24-28-a-724x1024.png 724w, https:\/\/agora.xtec.cat\/ceippompeufabrasantadria\/wp-content\/uploads\/usu271\/2026\/01\/PdD-24-28-a-768x1086.png 768w, https:\/\/agora.xtec.cat\/ceippompeufabrasantadria\/wp-content\/uploads\/usu271\/2026\/01\/PdD-24-28-a-1086x1536.png 1086w, https:\/\/agora.xtec.cat\/ceippompeufabrasantadria\/wp-content\/uploads\/usu271\/2026\/01\/PdD-24-28-a.png 1414w\" sizes=\"auto, (max-width: 276px) 100vw, 276px\" \/><\/a><\/p>\n","protected":false},"excerpt":{"rendered":"<p>El Projecte de Direcci\u00f3 (PdD) marca les l\u00ednies estrat\u00e8giques i les prioritats del centre per al per\u00edode 2024\u20132028.<br \/>\nAquest document inclou:<\/p>\n<ul data-start=\"1753\" data-end=\"1974\">\n<li data-start=\"1753\" data-end=\"1800\">\nUna an\u00e0lisi de la situaci\u00f3 actual del centre.\n<\/li>\n<li data-start=\"1801\" data-end=\"1906\">\nEls principals objectius de millora en l\u2019\u00e0mbit pedag\u00f2gic, organitzatiu, de conviv\u00e8ncia i de&hellip;  <a href=\"https:\/\/agora.xtec.cat\/ceippompeufabrasantadria\/projecte-de-direccio-de-centre\/\" title=\"Read Projecte de Direcci\u00f3 de Centre\">Llegeix m\u00e9s\u00bb<\/a><\/p>\n","protected":false},"author":8,"featured_media":0,"parent":0,"menu_order":0,"comment_status":"closed","ping_status":"closed","template":"","meta":{"_bbp_topic_count":0,"_bbp_reply_count":0,"_bbp_total_topic_count":0,"_bbp_total_reply_count":0,"_bbp_voice_count":0,"_bbp_anonymous_reply_count":0,"_bbp_topic_count_hidden":0,"_bbp_reply_count_hidden":0,"_bbp_forum_subforum_count":0,"footnotes":""},"class_list":["post-14197","page","type-page","status-publish","hentry"],"post_mailing_queue_ids":[],"_links":{"self":[{"href":"https:\/\/agora.xtec.cat\/ceippompeufabrasantadria\/wp-json\/wp\/v2\/pages\/14197","targetHints":{"allow":["GET"]}}],"collection":[{"href":"https:\/\/agora.xtec.cat\/ceippompeufabrasantadria\/wp-json\/wp\/v2\/pages"}],"about":[{"href":"https:\/\/agora.xtec.cat\/ceippompeufabrasantadria\/wp-json\/wp\/v2\/types\/page"}],"author":[{"embeddable":true,"href":"https:\/\/agora.xtec.cat\/ceippompeufabrasantadria\/wp-json\/wp\/v2\/users\/8"}],"replies":[{"embeddable":true,"href":"https:\/\/agora.xtec.cat\/ceippompeufabrasantadria\/wp-json\/wp\/v2\/comments?post=14197"}],"version-history":[{"count":4,"href":"https:\/\/agora.xtec.cat\/ceippompeufabrasantadria\/wp-json\/wp\/v2\/pages\/14197\/revisions"}],"predecessor-version":[{"id":14432,"href":"https:\/\/agora.xtec.cat\/ceippompeufabrasantadria\/wp-json\/wp\/v2\/pages\/14197\/revisions\/14432"}],"wp:attachment":[{"href":"https:\/\/agora.xtec.cat\/ceippompeufabrasantadria\/wp-json\/wp\/v2\/media?parent=14197"}],"curies":[{"name":"wp","href":"https:\/\/api.w.org\/{rel}","templated":true}]}}