{"id":11928,"date":"2023-05-31T11:46:17","date_gmt":"2023-05-31T09:46:17","guid":{"rendered":"https:\/\/agora.xtec.cat\/ceippompeufabrasantadria\/?page_id=11928"},"modified":"2023-05-31T12:27:03","modified_gmt":"2023-05-31T10:27:03","slug":"glossari","status":"publish","type":"page","link":"https:\/\/agora.xtec.cat\/ceippompeufabrasantadria\/coeducacio\/glossari\/","title":{"rendered":"GLOSSARI"},"content":{"rendered":"<p><span style=\"text-decoration: underline;\">FEMINISME I MASCULINITATS<\/span><\/p>\n<p><b>Masclisme<\/b>: Seguit d\u2019actituds per les quals els homes imposen certs privilegis envers les dones, les quals no gaudeixen, legalment o de facte, dels mateixos drets, oportunitats ni estatus que ells.<\/p>\n<p><b>Patriarcat<\/b>: Sistema social on l\u2019home se situa en el centre cultural i relacional, per sobre de la dona i en una posici\u00f3 de domini envers aquesta, ja sigui de forma expl\u00edcita o impl\u00edcita.<\/p>\n<p><b>Heteronormativitat<\/b>: Conjunt de components (socials, culturals, relacionals, etc.) que s\u2019identifiquen amb les relacions sexoafectives tradicionals entre homes i dones: heterosexuals, mon\u00f2games i amb els rols tradicionalment assignats a cadascun dels g\u00e8neres.<\/p>\n<p><b>Hegem\u00f2nic\/a<\/b>: Adjectiu que indica l\u2019acceptaci\u00f3 generalitzada, l\u2019extensi\u00f3 dominant, l\u2019arrelament sociocultural, etc. d\u2019un terme, una actitud, una percepci\u00f3, un sistema, etc.<\/p>\n<p><b>Masculinitat t\u00f2xica<\/b>: Conjunt d\u2019actituds i formes d\u2019actuar associades al masclisme, l\u2019homof\u00f2bia i la intoler\u00e0ncia de g\u00e8nere en general, que identifiquen l\u2019home com a una persona superior a la dona, legitimat a controlar-la, decidir per ella i coaccionar-la quan ho trobi convenient, aix\u00ed com a exercir viol\u00e8ncia f\u00edsica i verbal contra la dona i el col\u00b7lectiu LGBTIQ+, junt amb el seguit de comportaments que, essencialment, deriven de la creen\u00e7a que els homes s\u00f3n superiors a les dones i que cal demostrar-ho constantment i a qualsevol preu. Tamb\u00e9 inclou el rebuig a actituds hist\u00f2ricament associades a les dones (feblesa, dol\u00e7or, empatia, tendresa, cura de la llar i la fam\u00edlia, etc.) i la sobredimensi\u00f3, justificaci\u00f3 i exclusivitzaci\u00f3 en el g\u00e8nere mascul\u00ed d\u2019altres hist\u00f2ricament associades a l\u2019home \u201cexemplar\u201d (for\u00e7a, valentia, duresa, egocentrisme, impermisibilitat, rigidesa, etc.).<\/p>\n<hr \/>\n<p><span style=\"text-decoration: underline;\">ORIENTACIONS SEXUALS<\/span><\/p>\n<p><b>Heterosexual<\/b>: Persona que sent atracci\u00f3 sexual per persones de l\u2019altre g\u00e8nere (en termes binaris).<\/p>\n<p><b>Homosexual<\/b>: Persona que sent atracci\u00f3 sexual per persones del mateix g\u00e8nere (en termes binaris).<\/p>\n<p><b>Bisexual<\/b>: Persona que sent atracci\u00f3 sexual per persones d\u2019ambd\u00f3s g\u00e8neres (en termes binaris). No es tracta necess\u00e0riament d\u2019un terme absolut, podent sentir-se m\u00e9s atracci\u00f3 cap al mateix g\u00e8nere o viceversa (escala Kinsey).<\/p>\n<p><b>Asexual<\/b>: Persona que no sent atracci\u00f3 sexual envers altres persones.<\/p>\n<p><i>Les orientacions sexuals habitualment es defineixen durant la inf\u00e0ncia i l\u2019adolesc\u00e8ncia, per\u00f2 no s\u00f3n necess\u00e0riament est\u00e0tiques, i per tant poden variar durant el descobriment de la sexualitat al llarg de la vida (especialment en sistemes socioculturals o entorns familiars on se solen vetar o desligitimar les opcions no heteronormatives).<\/i><\/p>\n<hr \/>\n<p><span style=\"text-decoration: underline;\">VINCLES SEXOAFECTIUS<\/span><\/p>\n<p><b>Poliamor<\/b>: Terme gen\u00e8ric utilitzat per a encabir les diferents formes de relacions sexoafectives no mon\u00f2games (en el sentit m\u00e9s normatiu del terme), on m\u00e9s d\u2019una persona s\u2019implica en la vida sexual i\/o afectiva d\u2019una altra (simult\u00e0niament o no). Generalitzant, es tracta d\u2019una relaci\u00f3 sexoafectiva sense una exclusivitat sexual entre els seus membres.<\/p>\n<p><b>Monog\u00e0mia<\/b>: Relaci\u00f3 sexoafectiva entre dues persones en un r\u00e8gim d\u2019exclusivitat, amb un grau rellevant d\u2019enteniment, establiment d\u2019acords i comprom\u00eds envers aquests. Fora de l&#8217;accepci\u00f3 m\u00e9s tradicional, i segons el context, el terme pot obrir-se redefinint el concepte d\u2019exclusivitat sexoafectiva.<\/p>\n<p><b>Polig\u00e0mia<\/b>: Relaci\u00f3 sexoafectiva entre tres o m\u00e9s persones en un r\u00e8gim d\u2019exclusivitat, amb un grau rellevant d\u2019enteniment, establiment d\u2019acords i comprom\u00eds envers aquests. Fora de l&#8217;accepci\u00f3 m\u00e9s tradicional, i segons el context, el terme pot obrir-se redefinint el concepte d\u2019exclusivitat sexoafectiva.<\/p>\n<p><b>Ag\u00e0mia<\/b>: Forma poliamorosa d\u2019establir relacions sexoafectives, tendint espec\u00edficament a la no perman\u00e8ncia ni la construcci\u00f3 d\u2019un projecte de vida com\u00fa amb aquestes.<\/p>\n<p><i>Les vinculacions sexoafectives s\u00f3n l\u00edquides i poden variar amb freq\u00fc\u00e8ncia segons el moment vital, la maduresa o la mentalitat evolutiva de cadasc\u00fa. En qualsevol dels casos anteriors, l\u2019\u00e8tica n\u2019\u00e9s l\u2019eix transversal i, per tant, la comunicaci\u00f3 esdev\u00e9 l\u2019element indispensable per al seu bon funcionament. En cap cas l&#8217;etiqueta d\u2019un vincle sexoafectiu legitima una praxis basada en la tergiversaci\u00f3, la mentida o la manca de responsabilitat afectiva sin\u00f3 que, de fet, en perverteix la seva concepci\u00f3 social.<\/i><\/p>\n<hr \/>\n<p><span style=\"text-decoration: underline;\">IDENTITATS DE G\u00c8NERE<\/span><\/p>\n<p><b>Cis<\/b> (o cisg\u00e8nere): Persona el g\u00e8nere amb el qual s\u2019identifica \u00e9s el mateix que l\u2019assignat al n\u00e9ixer (coincideixen sexe i g\u00e8nere).<\/p>\n<p><b>Trans<\/b> (o transg\u00e8nere): Persona el g\u00e8nere amb el qual s\u2019identifica no correspon a l\u2019assignat pel seu sexe (ha transicionat d\u2019un g\u00e8nere a l\u2019altre).<\/p>\n<p><b>No-binari\/\u00e0ria<\/b>: Persona que no s\u2019identifica ni com a dona ni com a home. Pot no voler cap categoritzaci\u00f3 o ser de g\u00e8nere fluid (transiciona d\u2019un a l\u2019altre), i el seu aspecte f\u00edsic pot evidenciar o no aquesta desvinculaci\u00f3 amb els g\u00e8neres hegem\u00f2nics.<\/p>\n<p><b><i>Queer<\/i><\/b>: Nom gen\u00e8ric assignat al col\u00b7lectiu que no representa les identitats sexuals i de g\u00e8nere tradicionalment establertes quant a sexualitat i g\u00e8nere. Habitualment, es refereix a aquelles dif\u00edcilment definibles dins el col\u00b7lectiu LGBT (actualment, LGBTIQ+).<\/p>\n<p><b>Transexual<\/b>: Persona que no nom\u00e9s ha transicionat quant al g\u00e8nere, sin\u00f3 tamb\u00e9 en la seva morfologia sexual (hormonaci\u00f3, \u00f2rgans sexuals, etc.); biol\u00f2gicament, de mascle a femella o viceversa.<\/p>\n<p><b>Intersexual<\/b>: Persona amb el sistema hormonal i els genitals, tant masculins com femenins, en proporcions, formes i funcionalitats variables segons el cas. Aproximadament un 1,7% de la poblaci\u00f3 neix amb trets intersexuals.<\/p>\n<p><i>Cal diferenciar entre el g\u00e8nere (identitat, expressi\u00f3 culturalment associada; home\/dona) i el sexe (caracter\u00edstiques biol\u00f2giques: genitals, g\u00f2nades i sistemes hormonals; mascle\/femella).<\/i><\/p>\n","protected":false},"excerpt":{"rendered":"<p>FEMINISME I MASCULINITATS<br \/>\nMasclisme: Seguit d\u2019actituds per les quals els homes imposen certs privilegis envers les dones, les quals no gaudeixen, legalment o de facte, dels mateixos drets, oportunitats ni estatus que ells.<br \/>\nPatriarcat: Sistema social on l\u2019home se situa en el centre cultural i relacional, per&hellip;  <a href=\"https:\/\/agora.xtec.cat\/ceippompeufabrasantadria\/coeducacio\/glossari\/\" title=\"Read GLOSSARI\">Llegeix m\u00e9s\u00bb<\/a><\/p>\n","protected":false},"author":44,"featured_media":0,"parent":11805,"menu_order":1,"comment_status":"closed","ping_status":"closed","template":"page-templates\/side-menu.php","meta":{"_bbp_topic_count":0,"_bbp_reply_count":0,"_bbp_total_topic_count":0,"_bbp_total_reply_count":0,"_bbp_voice_count":0,"_bbp_anonymous_reply_count":0,"_bbp_topic_count_hidden":0,"_bbp_reply_count_hidden":0,"_bbp_forum_subforum_count":0,"footnotes":""},"class_list":["post-11928","page","type-page","status-publish","hentry"],"post_mailing_queue_ids":[],"_links":{"self":[{"href":"https:\/\/agora.xtec.cat\/ceippompeufabrasantadria\/wp-json\/wp\/v2\/pages\/11928","targetHints":{"allow":["GET"]}}],"collection":[{"href":"https:\/\/agora.xtec.cat\/ceippompeufabrasantadria\/wp-json\/wp\/v2\/pages"}],"about":[{"href":"https:\/\/agora.xtec.cat\/ceippompeufabrasantadria\/wp-json\/wp\/v2\/types\/page"}],"author":[{"embeddable":true,"href":"https:\/\/agora.xtec.cat\/ceippompeufabrasantadria\/wp-json\/wp\/v2\/users\/44"}],"replies":[{"embeddable":true,"href":"https:\/\/agora.xtec.cat\/ceippompeufabrasantadria\/wp-json\/wp\/v2\/comments?post=11928"}],"version-history":[{"count":3,"href":"https:\/\/agora.xtec.cat\/ceippompeufabrasantadria\/wp-json\/wp\/v2\/pages\/11928\/revisions"}],"predecessor-version":[{"id":11931,"href":"https:\/\/agora.xtec.cat\/ceippompeufabrasantadria\/wp-json\/wp\/v2\/pages\/11928\/revisions\/11931"}],"up":[{"embeddable":true,"href":"https:\/\/agora.xtec.cat\/ceippompeufabrasantadria\/wp-json\/wp\/v2\/pages\/11805"}],"wp:attachment":[{"href":"https:\/\/agora.xtec.cat\/ceippompeufabrasantadria\/wp-json\/wp\/v2\/media?parent=11928"}],"curies":[{"name":"wp","href":"https:\/\/api.w.org\/{rel}","templated":true}]}}