{"id":11908,"date":"2023-05-30T16:10:19","date_gmt":"2023-05-30T14:10:19","guid":{"rendered":"https:\/\/agora.xtec.cat\/ceippompeufabrasantadria\/?page_id=11908"},"modified":"2023-05-31T12:34:37","modified_gmt":"2023-05-31T10:34:37","slug":"infografies-i-imatges","status":"publish","type":"page","link":"https:\/\/agora.xtec.cat\/ceippompeufabrasantadria\/coeducacio\/infografies-i-imatges\/","title":{"rendered":"INFOGRAFIES I IMATGES"},"content":{"rendered":"<p>Infografia <em>Qu\u00e8 \u00e9s la coeducaci\u00f3?<\/em><\/p>\n<hr \/>\n<p><img loading=\"lazy\" decoding=\"async\" class=\"alignnone size-full wp-image-11909\" src=\"https:\/\/agora.xtec.cat\/ceippompeufabrasantadria\/wp-content\/uploads\/usu271\/2023\/05\/Infografia-Coeducacio-1.png\" alt=\"\" width=\"800\" height=\"2000\" srcset=\"https:\/\/agora.xtec.cat\/ceippompeufabrasantadria\/wp-content\/uploads\/usu271\/2023\/05\/Infografia-Coeducacio-1.png 800w, https:\/\/agora.xtec.cat\/ceippompeufabrasantadria\/wp-content\/uploads\/usu271\/2023\/05\/Infografia-Coeducacio-1-120x300.png 120w, https:\/\/agora.xtec.cat\/ceippompeufabrasantadria\/wp-content\/uploads\/usu271\/2023\/05\/Infografia-Coeducacio-1-410x1024.png 410w, https:\/\/agora.xtec.cat\/ceippompeufabrasantadria\/wp-content\/uploads\/usu271\/2023\/05\/Infografia-Coeducacio-1-768x1920.png 768w, https:\/\/agora.xtec.cat\/ceippompeufabrasantadria\/wp-content\/uploads\/usu271\/2023\/05\/Infografia-Coeducacio-1-614x1536.png 614w\" sizes=\"auto, (max-width: 800px) 100vw, 800px\" \/><\/p>\n<hr \/>\n<p>Il\u00b7lustracions del Guille: <em>Viol\u00e8ncies masclistes a l&#8217;escola<\/em><\/p>\n<p><img loading=\"lazy\" decoding=\"async\" class=\"alignnone size-full wp-image-11912\" src=\"https:\/\/agora.xtec.cat\/ceippompeufabrasantadria\/wp-content\/uploads\/usu271\/2023\/05\/V1.jpg\" alt=\"\" width=\"1500\" height=\"1060\" srcset=\"https:\/\/agora.xtec.cat\/ceippompeufabrasantadria\/wp-content\/uploads\/usu271\/2023\/05\/V1.jpg 1500w, https:\/\/agora.xtec.cat\/ceippompeufabrasantadria\/wp-content\/uploads\/usu271\/2023\/05\/V1-300x212.jpg 300w, https:\/\/agora.xtec.cat\/ceippompeufabrasantadria\/wp-content\/uploads\/usu271\/2023\/05\/V1-1024x724.jpg 1024w, https:\/\/agora.xtec.cat\/ceippompeufabrasantadria\/wp-content\/uploads\/usu271\/2023\/05\/V1-768x543.jpg 768w\" sizes=\"auto, (max-width: 1500px) 100vw, 1500px\" \/><\/p>\n<p><img loading=\"lazy\" decoding=\"async\" class=\"alignnone size-full wp-image-11913\" src=\"https:\/\/agora.xtec.cat\/ceippompeufabrasantadria\/wp-content\/uploads\/usu271\/2023\/05\/V2.jpg\" alt=\"\" width=\"1500\" height=\"1060\" srcset=\"https:\/\/agora.xtec.cat\/ceippompeufabrasantadria\/wp-content\/uploads\/usu271\/2023\/05\/V2.jpg 1500w, https:\/\/agora.xtec.cat\/ceippompeufabrasantadria\/wp-content\/uploads\/usu271\/2023\/05\/V2-300x212.jpg 300w, https:\/\/agora.xtec.cat\/ceippompeufabrasantadria\/wp-content\/uploads\/usu271\/2023\/05\/V2-1024x724.jpg 1024w, https:\/\/agora.xtec.cat\/ceippompeufabrasantadria\/wp-content\/uploads\/usu271\/2023\/05\/V2-768x543.jpg 768w\" sizes=\"auto, (max-width: 1500px) 100vw, 1500px\" \/><\/p>\n<p><img loading=\"lazy\" decoding=\"async\" class=\"alignnone size-full wp-image-11914\" src=\"https:\/\/agora.xtec.cat\/ceippompeufabrasantadria\/wp-content\/uploads\/usu271\/2023\/05\/V3.jpg\" alt=\"\" width=\"1500\" height=\"1060\" srcset=\"https:\/\/agora.xtec.cat\/ceippompeufabrasantadria\/wp-content\/uploads\/usu271\/2023\/05\/V3.jpg 1500w, https:\/\/agora.xtec.cat\/ceippompeufabrasantadria\/wp-content\/uploads\/usu271\/2023\/05\/V3-300x212.jpg 300w, https:\/\/agora.xtec.cat\/ceippompeufabrasantadria\/wp-content\/uploads\/usu271\/2023\/05\/V3-1024x724.jpg 1024w, https:\/\/agora.xtec.cat\/ceippompeufabrasantadria\/wp-content\/uploads\/usu271\/2023\/05\/V3-768x543.jpg 768w\" sizes=\"auto, (max-width: 1500px) 100vw, 1500px\" \/><\/p>\n<p><img loading=\"lazy\" decoding=\"async\" class=\"alignnone size-full wp-image-11915\" src=\"https:\/\/agora.xtec.cat\/ceippompeufabrasantadria\/wp-content\/uploads\/usu271\/2023\/05\/V4.jpg\" alt=\"\" width=\"1500\" height=\"1060\" srcset=\"https:\/\/agora.xtec.cat\/ceippompeufabrasantadria\/wp-content\/uploads\/usu271\/2023\/05\/V4.jpg 1500w, https:\/\/agora.xtec.cat\/ceippompeufabrasantadria\/wp-content\/uploads\/usu271\/2023\/05\/V4-300x212.jpg 300w, https:\/\/agora.xtec.cat\/ceippompeufabrasantadria\/wp-content\/uploads\/usu271\/2023\/05\/V4-1024x724.jpg 1024w, https:\/\/agora.xtec.cat\/ceippompeufabrasantadria\/wp-content\/uploads\/usu271\/2023\/05\/V4-768x543.jpg 768w\" sizes=\"auto, (max-width: 1500px) 100vw, 1500px\" \/><\/p>\n<hr \/>\n<p>Logotip de la <a href=\"https:\/\/blocs.xtec.cat\/xarxacoeducasab\/\" target=\"_blank\" rel=\"noopener\">Xarxa de Coeducaci\u00f3 de Sant Adri\u00e0<\/a><\/p>\n<p><img loading=\"lazy\" decoding=\"async\" class=\"alignnone size-full wp-image-11941\" src=\"https:\/\/agora.xtec.cat\/ceippompeufabrasantadria\/wp-content\/uploads\/usu271\/2023\/05\/Imatge_Logo_Coeducacio.png\" alt=\"\" width=\"4488\" height=\"6496\" srcset=\"https:\/\/agora.xtec.cat\/ceippompeufabrasantadria\/wp-content\/uploads\/usu271\/2023\/05\/Imatge_Logo_Coeducacio.png 4488w, https:\/\/agora.xtec.cat\/ceippompeufabrasantadria\/wp-content\/uploads\/usu271\/2023\/05\/Imatge_Logo_Coeducacio-207x300.png 207w, https:\/\/agora.xtec.cat\/ceippompeufabrasantadria\/wp-content\/uploads\/usu271\/2023\/05\/Imatge_Logo_Coeducacio-707x1024.png 707w, https:\/\/agora.xtec.cat\/ceippompeufabrasantadria\/wp-content\/uploads\/usu271\/2023\/05\/Imatge_Logo_Coeducacio-768x1112.png 768w, https:\/\/agora.xtec.cat\/ceippompeufabrasantadria\/wp-content\/uploads\/usu271\/2023\/05\/Imatge_Logo_Coeducacio-1061x1536.png 1061w, https:\/\/agora.xtec.cat\/ceippompeufabrasantadria\/wp-content\/uploads\/usu271\/2023\/05\/Imatge_Logo_Coeducacio-1415x2048.png 1415w\" sizes=\"auto, (max-width: 4488px) 100vw, 4488px\" \/><\/p>\n<hr \/>\n","protected":false},"excerpt":{"rendered":"<p>Infografia Qu\u00e8 \u00e9s la coeducaci\u00f3?<\/p>\n<p>Il\u00b7lustracions del Guille: Viol\u00e8ncies masclistes a l&#8217;escola<\/p>\n<p>Logotip de la <a href=\"https:\/\/blocs.xtec.cat\/xarxacoeducasab\/\" target=\"_blank\" rel=\"noopener\">Xarxa de Coeducaci\u00f3 de Sant Adri\u00e0<\/a><\/p>\n","protected":false},"author":44,"featured_media":0,"parent":11805,"menu_order":2,"comment_status":"closed","ping_status":"closed","template":"page-templates\/side-menu.php","meta":{"_bbp_topic_count":0,"_bbp_reply_count":0,"_bbp_total_topic_count":0,"_bbp_total_reply_count":0,"_bbp_voice_count":0,"_bbp_anonymous_reply_count":0,"_bbp_topic_count_hidden":0,"_bbp_reply_count_hidden":0,"_bbp_forum_subforum_count":0,"footnotes":""},"class_list":["post-11908","page","type-page","status-publish","hentry"],"post_mailing_queue_ids":[],"_links":{"self":[{"href":"https:\/\/agora.xtec.cat\/ceippompeufabrasantadria\/wp-json\/wp\/v2\/pages\/11908","targetHints":{"allow":["GET"]}}],"collection":[{"href":"https:\/\/agora.xtec.cat\/ceippompeufabrasantadria\/wp-json\/wp\/v2\/pages"}],"about":[{"href":"https:\/\/agora.xtec.cat\/ceippompeufabrasantadria\/wp-json\/wp\/v2\/types\/page"}],"author":[{"embeddable":true,"href":"https:\/\/agora.xtec.cat\/ceippompeufabrasantadria\/wp-json\/wp\/v2\/users\/44"}],"replies":[{"embeddable":true,"href":"https:\/\/agora.xtec.cat\/ceippompeufabrasantadria\/wp-json\/wp\/v2\/comments?post=11908"}],"version-history":[{"count":3,"href":"https:\/\/agora.xtec.cat\/ceippompeufabrasantadria\/wp-json\/wp\/v2\/pages\/11908\/revisions"}],"predecessor-version":[{"id":11942,"href":"https:\/\/agora.xtec.cat\/ceippompeufabrasantadria\/wp-json\/wp\/v2\/pages\/11908\/revisions\/11942"}],"up":[{"embeddable":true,"href":"https:\/\/agora.xtec.cat\/ceippompeufabrasantadria\/wp-json\/wp\/v2\/pages\/11805"}],"wp:attachment":[{"href":"https:\/\/agora.xtec.cat\/ceippompeufabrasantadria\/wp-json\/wp\/v2\/media?parent=11908"}],"curies":[{"name":"wp","href":"https:\/\/api.w.org\/{rel}","templated":true}]}}