{"id":11898,"date":"2023-05-30T15:55:00","date_gmt":"2023-05-30T13:55:00","guid":{"rendered":"https:\/\/agora.xtec.cat\/ceippompeufabrasantadria\/?page_id=11898"},"modified":"2023-06-14T14:22:57","modified_gmt":"2023-06-14T12:22:57","slug":"recursosaudiovisuals","status":"publish","type":"page","link":"https:\/\/agora.xtec.cat\/ceippompeufabrasantadria\/coeducacio\/recursosaudiovisuals\/","title":{"rendered":"V\u00cdDEO I \u00c0UDIO"},"content":{"rendered":"<p><a href=\"https:\/\/www.ivoox.com\/pensanens-2-el-dia-dona-audios-mp3_rf_83178236_1.html\" target=\"_blank\" rel=\"noopener\">Enlla\u00e7 al <strong>Pensanens 2: <em>El dia de la dona<\/em><\/strong><\/a><\/p>\n<p><img loading=\"lazy\" decoding=\"async\" class=\" wp-image-11904 alignleft\" src=\"https:\/\/agora.xtec.cat\/ceippompeufabrasantadria\/wp-content\/uploads\/usu271\/2023\/05\/Icona_Pensanens.jpg\" alt=\"\" width=\"100\" height=\"100\" srcset=\"https:\/\/agora.xtec.cat\/ceippompeufabrasantadria\/wp-content\/uploads\/usu271\/2023\/05\/Icona_Pensanens.jpg 1000w, https:\/\/agora.xtec.cat\/ceippompeufabrasantadria\/wp-content\/uploads\/usu271\/2023\/05\/Icona_Pensanens-300x300.jpg 300w, https:\/\/agora.xtec.cat\/ceippompeufabrasantadria\/wp-content\/uploads\/usu271\/2023\/05\/Icona_Pensanens-150x150.jpg 150w, https:\/\/agora.xtec.cat\/ceippompeufabrasantadria\/wp-content\/uploads\/usu271\/2023\/05\/Icona_Pensanens-768x768.jpg 768w\" sizes=\"auto, (max-width: 100px) 100vw, 100px\" \/>PENSANENS \u00e9s un projecte radiof\u00f2nic on es pret\u00e9n oferir un espai d\u2019opini\u00f3, viv\u00e8ncia, debat i expressi\u00f3 als nens i nenes, protagonistes del podcast.<br \/>\nEn aquest segon episodi, escoltarem qu\u00e8 opinen 10 alumnes de 5\u00e8 (10-11 anys) de l\u2019Escola Pompeu Fabra de Sant Adri\u00e0 de Bes\u00f2s (Barcelona) sobre el 8 de Mar\u00e7 (dia de la dona), el masclisme, els rols i els prejudicis, aix\u00ed com algunes propostes i missatges que ens volen deixar des d&#8217;una mirada no adultoc\u00e8ntrica.<\/p>\n<hr \/>\n<p><a href=\"https:\/\/youtu.be\/md4NmCzSHaA\" target=\"_blank\" rel=\"noopener\">Can\u00e7\u00f3 <strong><em>La veu de la por<\/em><\/strong> (Malestar Social)<\/a><\/p>\n<p><img loading=\"lazy\" decoding=\"async\" class=\"alignleft wp-image-11973\" src=\"https:\/\/agora.xtec.cat\/ceippompeufabrasantadria\/wp-content\/uploads\/usu271\/2023\/06\/malestar-social-el-nostre-crit.jpg\" alt=\"\" width=\"100\" height=\"100\" srcset=\"https:\/\/agora.xtec.cat\/ceippompeufabrasantadria\/wp-content\/uploads\/usu271\/2023\/06\/malestar-social-el-nostre-crit.jpg 1417w, https:\/\/agora.xtec.cat\/ceippompeufabrasantadria\/wp-content\/uploads\/usu271\/2023\/06\/malestar-social-el-nostre-crit-300x300.jpg 300w, https:\/\/agora.xtec.cat\/ceippompeufabrasantadria\/wp-content\/uploads\/usu271\/2023\/06\/malestar-social-el-nostre-crit-1024x1024.jpg 1024w, https:\/\/agora.xtec.cat\/ceippompeufabrasantadria\/wp-content\/uploads\/usu271\/2023\/06\/malestar-social-el-nostre-crit-150x150.jpg 150w, https:\/\/agora.xtec.cat\/ceippompeufabrasantadria\/wp-content\/uploads\/usu271\/2023\/06\/malestar-social-el-nostre-crit-768x768.jpg 768w\" sizes=\"auto, (max-width: 100px) 100vw, 100px\" \/>Aquesta can\u00e7\u00f3 de Malestar Social (grup de Punk de Cerdanyola del Vall\u00e8s) envia un missatge de suport clar a les dones: no calleu davant del maltracte, busqueu ajuda, denuncieu, no aguanteu cap tipus de maltracte. &#8220;Lligada est\u00e0s de peus i mans a un amor que t&#8217;est\u00e0 matant. Pensaves que seria tot com quan et vas enamorar. I recordes els bons moments, oblidant que est\u00e0 rajant sang. Pensa que, en qualsevol moment, un cop podria ser el final. No escoltis la veu de la por, que immobilitza el teu cos! Batega fort un altre cop, treu la r\u00e0bia i surt ja de l&#8217;ou&#8221;.<\/p>\n<hr \/>\n<p>&nbsp;<\/p>\n","protected":false},"excerpt":{"rendered":"<p><a href=\"https:\/\/www.ivoox.com\/pensanens-2-el-dia-dona-audios-mp3_rf_83178236_1.html\" target=\"_blank\" rel=\"noopener\">Enlla\u00e7 al Pensanens 2: El dia de la dona<\/a><br \/>\nPENSANENS \u00e9s un projecte radiof\u00f2nic on es pret\u00e9n oferir un espai d\u2019opini\u00f3, viv\u00e8ncia, debat i expressi\u00f3 als nens i nenes, protagonistes del podcast.<br \/>\nEn aquest segon episodi, escoltarem qu\u00e8 opinen 10 alumnes de 5\u00e8 (10-11&hellip;  <a href=\"https:\/\/agora.xtec.cat\/ceippompeufabrasantadria\/coeducacio\/recursosaudiovisuals\/\" title=\"Read V\u00cdDEO I \u00c0UDIO\">Llegeix m\u00e9s\u00bb<\/a><\/p>\n","protected":false},"author":44,"featured_media":0,"parent":11805,"menu_order":3,"comment_status":"closed","ping_status":"closed","template":"page-templates\/side-menu.php","meta":{"_bbp_topic_count":0,"_bbp_reply_count":0,"_bbp_total_topic_count":0,"_bbp_total_reply_count":0,"_bbp_voice_count":0,"_bbp_anonymous_reply_count":0,"_bbp_topic_count_hidden":0,"_bbp_reply_count_hidden":0,"_bbp_forum_subforum_count":0,"footnotes":""},"class_list":["post-11898","page","type-page","status-publish","hentry"],"post_mailing_queue_ids":[],"_links":{"self":[{"href":"https:\/\/agora.xtec.cat\/ceippompeufabrasantadria\/wp-json\/wp\/v2\/pages\/11898","targetHints":{"allow":["GET"]}}],"collection":[{"href":"https:\/\/agora.xtec.cat\/ceippompeufabrasantadria\/wp-json\/wp\/v2\/pages"}],"about":[{"href":"https:\/\/agora.xtec.cat\/ceippompeufabrasantadria\/wp-json\/wp\/v2\/types\/page"}],"author":[{"embeddable":true,"href":"https:\/\/agora.xtec.cat\/ceippompeufabrasantadria\/wp-json\/wp\/v2\/users\/44"}],"replies":[{"embeddable":true,"href":"https:\/\/agora.xtec.cat\/ceippompeufabrasantadria\/wp-json\/wp\/v2\/comments?post=11898"}],"version-history":[{"count":3,"href":"https:\/\/agora.xtec.cat\/ceippompeufabrasantadria\/wp-json\/wp\/v2\/pages\/11898\/revisions"}],"predecessor-version":[{"id":11903,"href":"https:\/\/agora.xtec.cat\/ceippompeufabrasantadria\/wp-json\/wp\/v2\/pages\/11898\/revisions\/11903"}],"up":[{"embeddable":true,"href":"https:\/\/agora.xtec.cat\/ceippompeufabrasantadria\/wp-json\/wp\/v2\/pages\/11805"}],"wp:attachment":[{"href":"https:\/\/agora.xtec.cat\/ceippompeufabrasantadria\/wp-json\/wp\/v2\/media?parent=11898"}],"curies":[{"name":"wp","href":"https:\/\/api.w.org\/{rel}","templated":true}]}}