{"id":11805,"date":"2023-05-03T12:45:57","date_gmt":"2023-05-03T10:45:57","guid":{"rendered":"https:\/\/agora.xtec.cat\/ceippompeufabrasantadria\/?page_id=11805"},"modified":"2026-01-25T20:03:50","modified_gmt":"2026-01-25T19:03:50","slug":"coeducacio","status":"publish","type":"page","link":"https:\/\/agora.xtec.cat\/ceippompeufabrasantadria\/coeducacio\/","title":{"rendered":"Coeducaci\u00f3"},"content":{"rendered":"<h4 data-start=\"345\" data-end=\"369\">Qu\u00e8 \u00e9s la coeducaci\u00f3?<\/h4>\n<p data-start=\"371\" data-end=\"713\">La <strong data-start=\"374\" data-end=\"388\">coeducaci\u00f3<\/strong> promou la igualtat real entre dones i homes, elimina qualsevol forma de discriminaci\u00f3 i reconeix la diversitat com un valor fonamental de la societat. Coeducar vol dir educar des del respecte, la just\u00edcia social i la igualtat d\u2019oportunitats, oferint a infants i joves eines per cr\u00e9ixer lliures d\u2019estereotips i rols imposats.<\/p>\n<p>&nbsp;<\/p>\n<h4 data-start=\"715\" data-end=\"754\">Qu\u00e8 vol dir educar en la sexualitat?<\/h4>\n<p data-start=\"756\" data-end=\"1070\">A l\u2019Escola Pompeu Fabra entenem que l\u2019<strong data-start=\"794\" data-end=\"826\">educaci\u00f3 sexual \u00e9s essencial<\/strong> per al desenvolupament personal i social de totes les persones. Educar en la sexualitat no significa parlar de sexualitat adulta ni reduir-la a pr\u00e0ctiques er\u00f2tiques o parts \u00edntimes del cos, sin\u00f3 abordar-la des d\u2019una mirada integral que inclou:<\/p>\n<ol data-start=\"1072\" data-end=\"1612\">\n<li data-start=\"1072\" data-end=\"1117\">\n<p data-start=\"1075\" data-end=\"1117\">Con\u00e8ixer, anomenar i sentir el propi cos<\/p>\n<\/li>\n<li data-start=\"1118\" data-end=\"1194\">\n<p data-start=\"1121\" data-end=\"1194\">Identificar qu\u00e8 ens agrada i qu\u00e8 no, quan ens sentim estimats i quan no<\/p>\n<\/li>\n<li data-start=\"1195\" data-end=\"1250\">\n<p data-start=\"1198\" data-end=\"1250\">Aprendre a dir \u201cs\u00ed\u201d i \u201cno\u201d amb criteri i seguretat<\/p>\n<\/li>\n<li data-start=\"1251\" data-end=\"1302\">\n<p data-start=\"1254\" data-end=\"1302\">Respectar la pr\u00f2pia intimitat i la dels altres<\/p>\n<\/li>\n<li data-start=\"1303\" data-end=\"1381\">\n<p data-start=\"1306\" data-end=\"1381\">Trencar tab\u00fas i estigmes per poder-ne parlar obertament i amb coneixement<\/p>\n<\/li>\n<li data-start=\"1382\" data-end=\"1476\">\n<p data-start=\"1385\" data-end=\"1476\">Normalitzar tots els tipus de fam\u00edlies, rols de g\u00e8nere, orientacions sexuals i identitats<\/p>\n<\/li>\n<li data-start=\"1477\" data-end=\"1545\">\n<p data-start=\"1480\" data-end=\"1545\">Acceptar com a igualment v\u00e0lids tots els cossos i formes de ser<\/p>\n<\/li>\n<li data-start=\"1546\" data-end=\"1612\">\n<p data-start=\"1549\" data-end=\"1612\">Prevenir abusos, aprenent a identificar-los i a comunicar-los<\/p>\n<\/li>\n<\/ol>\n<p data-start=\"1614\" data-end=\"1805\">Cal tenir present que <strong data-start=\"1636\" data-end=\"1665\">sempre eduquem sexualment<\/strong>: si no ho fem des de l\u2019escola i la fam\u00edlia, ho faran altres fonts com les xarxes socials, la pornografia o continguts no adequats a l\u2019edat.<\/p>\n<p>&nbsp;<\/p>\n<h4 data-start=\"1807\" data-end=\"1863\">Com constru\u00efm una escola i una societat coeducatives?<\/h4>\n<p data-start=\"1865\" data-end=\"2208\">Des de fa anys, a l\u2019Escola Pompeu Fabra de Sant Adri\u00e0 de Bes\u00f2s, mestres i alumnat treballem la coeducaci\u00f3 de manera continuada mitjan\u00e7ant activitats, contes, din\u00e0miques, il\u00b7lustracions, jocs i espais de di\u00e0leg. Aquest treball permet normalitzar la diversitat, fomentar el pensament cr\u00edtic i generar empatia cap als col\u00b7lectius m\u00e9s vulnerables.<\/p>\n<p data-start=\"2210\" data-end=\"2584\">Acompanyem els infants perqu\u00e8 reflexionin, es deconstrueixin, expressin all\u00f2 que els desperta curiositat o incomoditat i aprenguin a comunicar-se de manera respectuosa. Tot plegat contribueix al desenvolupament del seu autoconcepte, l\u2019autoestima, la cultura i l\u2019empatia, alhora que els dota d\u2019eines de <strong data-start=\"2512\" data-end=\"2583\">prevenci\u00f3 d\u2019abusos i de promoci\u00f3 del benestar personal i col\u00b7lectiu<\/strong>.<\/p>\n<p data-start=\"2586\" data-end=\"2836\">Aquest enfocament est\u00e0 plenament alineat amb el <strong data-start=\"2634\" data-end=\"2668\">Curr\u00edculum d\u2019Educaci\u00f3 Infantil<\/strong>, el <strong data-start=\"2673\" data-end=\"2707\">Curr\u00edculum d\u2019Educaci\u00f3 Prim\u00e0ria<\/strong> i la normativa vigent, que reconeixen la necessitat de treballar una sexualitat sana i una educaci\u00f3 coeducativa des de l\u2019escola.<\/p>\n<p><a href=\"https:\/\/portaldogc.gencat.cat\/utilsEADOP\/PDF\/8762\/1928585.pdf\" target=\"_blank\" rel=\"noopener\">Enlla\u00e7 al Curr\u00edculum d&#8217;Educaci\u00f3 Prim\u00e0ria<\/a><\/p>\n<p><a href=\"https:\/\/portaldogc.gencat.cat\/utilsEADOP\/PDF\/8851\/1955221.pdf\" target=\"_blank\" rel=\"noopener\">Enlla\u00e7 al Curr\u00edculum d&#8217;Educaci\u00f3 Infantil<\/a><\/p>\n<p><a href=\"https:\/\/www.boe.es\/boe\/dias\/2008\/05\/30\/pdfs\/A25174-25194.pdf\" target=\"_blank\" rel=\"noopener\">Enlla\u00e7 a la Llei 5\/2008 del dret a les dones a eradicar al viol\u00e8ncia masclista<\/a><\/p>\n<p>&nbsp;<\/p>\n<h4 data-start=\"2912\" data-end=\"2939\">Una reflexi\u00f3 per acabar\u2026<\/h4>\n<p data-start=\"2941\" data-end=\"3279\">La coeducaci\u00f3 no respon \u00fanicament a una necessitat emp\u00edrica relacionada amb la viol\u00e8ncia envers les dones. Representa tamb\u00e9 una transformaci\u00f3 profunda del model social cisheteropatriarcal encara dominant, arrelat en formes de masculinitat t\u00f2xica que generen gran part de les conductes nocives per a les persones, la societat i el planeta.<\/p>\n<p data-start=\"3281\" data-end=\"3773\">Fer de la coeducaci\u00f3 un <strong data-start=\"3305\" data-end=\"3324\">eix transversal<\/strong> de les nostres propostes pedag\u00f2giques dona sentit als aprenentatges dels infants i obre la porta a un model de conviv\u00e8ncia m\u00e9s just, amable i cooperatiu. Les nenes i els nens, amb unes \u201cments-esponja\u201d encara en construcci\u00f3, tenen una gran capacitat per q\u00fcestionar estereotips i prejudicis. Oferir-los referents i alternatives diverses \u00e9s una de les maneres m\u00e9s eficients de millorar el seu present i, en conseq\u00fc\u00e8ncia, el futur de tota la comunitat.<\/p>\n","protected":false},"excerpt":{"rendered":"<p>Qu\u00e8 \u00e9s la coeducaci\u00f3?<br \/>\nLa coeducaci\u00f3 promou la igualtat real entre dones i homes, elimina qualsevol forma de discriminaci\u00f3 i reconeix la diversitat com un valor fonamental de la societat. Coeducar vol dir educar des del respecte, la just\u00edcia social i la igualtat d\u2019oportunitats, oferint a&hellip;  <a href=\"https:\/\/agora.xtec.cat\/ceippompeufabrasantadria\/coeducacio\/\" title=\"Read Coeducaci\u00f3\">Llegeix m\u00e9s\u00bb<\/a><\/p>\n","protected":false},"author":39,"featured_media":0,"parent":0,"menu_order":0,"comment_status":"closed","ping_status":"closed","template":"page-templates\/side-menu.php","meta":{"_bbp_topic_count":0,"_bbp_reply_count":0,"_bbp_total_topic_count":0,"_bbp_total_reply_count":0,"_bbp_voice_count":0,"_bbp_anonymous_reply_count":0,"_bbp_topic_count_hidden":0,"_bbp_reply_count_hidden":0,"_bbp_forum_subforum_count":0,"footnotes":""},"class_list":["post-11805","page","type-page","status-publish","hentry"],"post_mailing_queue_ids":[],"_links":{"self":[{"href":"https:\/\/agora.xtec.cat\/ceippompeufabrasantadria\/wp-json\/wp\/v2\/pages\/11805","targetHints":{"allow":["GET"]}}],"collection":[{"href":"https:\/\/agora.xtec.cat\/ceippompeufabrasantadria\/wp-json\/wp\/v2\/pages"}],"about":[{"href":"https:\/\/agora.xtec.cat\/ceippompeufabrasantadria\/wp-json\/wp\/v2\/types\/page"}],"author":[{"embeddable":true,"href":"https:\/\/agora.xtec.cat\/ceippompeufabrasantadria\/wp-json\/wp\/v2\/users\/39"}],"replies":[{"embeddable":true,"href":"https:\/\/agora.xtec.cat\/ceippompeufabrasantadria\/wp-json\/wp\/v2\/comments?post=11805"}],"version-history":[{"count":7,"href":"https:\/\/agora.xtec.cat\/ceippompeufabrasantadria\/wp-json\/wp\/v2\/pages\/11805\/revisions"}],"predecessor-version":[{"id":14517,"href":"https:\/\/agora.xtec.cat\/ceippompeufabrasantadria\/wp-json\/wp\/v2\/pages\/11805\/revisions\/14517"}],"wp:attachment":[{"href":"https:\/\/agora.xtec.cat\/ceippompeufabrasantadria\/wp-json\/wp\/v2\/media?parent=11805"}],"curies":[{"name":"wp","href":"https:\/\/api.w.org\/{rel}","templated":true}]}}