{"id":6583,"date":"2021-02-16T19:44:15","date_gmt":"2021-02-16T18:44:15","guid":{"rendered":"http:\/\/agora.xtec.cat\/ceippoetafoix\/?page_id=6583"},"modified":"2025-09-29T16:14:13","modified_gmt":"2025-09-29T14:14:13","slug":"equip-huma","status":"publish","type":"page","link":"https:\/\/agora.xtec.cat\/ceippoetafoix\/lescola\/equip-huma\/","title":{"rendered":"Equip hum\u00e0"},"content":{"rendered":"<p>&nbsp;<\/p>\n<h3><b>Equip Directiu<\/b><\/h3>\n<ul>\n<li><b>Directora:<\/b>\u00a0Laia<\/li>\n<li><b>Cap d&#8217;estudis:<\/b>\u00a0Marcela<\/li>\n<li><b>Secret\u00e0ria:<\/b>\u00a0Laura<\/li>\n<\/ul>\n<h3><b>Coordinacions Pedag\u00f2giques<\/b><\/h3>\n<ul>\n<li><b>Coordinadora de la Comunitat de Petits (Infantil):<\/b>\u00a0Sofia<\/li>\n<li><b>Coordinador de la Comunitat de Mitjans (1r 2n i 3r):<\/b>\u00a0Pablo<\/li>\n<li><b>Coordinador de la Comunitat de Grans (4t 5\u00e8 i 6\u00e8):<\/b>\u00a0Joan<\/li>\n<\/ul>\n<p>&nbsp;<\/p>\n<h3><b>Tutories<\/b><\/h3>\n<h4><b>Educaci\u00f3 Infantil<\/b><\/h4>\n<ul>\n<li><b>I3:<\/b> N\u00faria<\/li>\n<li><b>I4:<\/b>\u00a0M\u00f2nica<\/li>\n<li><b>I5:<\/b>\u00a0Anna<\/li>\n<\/ul>\n<h4><b>Educaci\u00f3 Prim\u00e0ria<\/b><\/h4>\n<ul>\n<li><b>1r:<\/b>\u00a0Gemma<\/li>\n<li><b>2n:<\/b>\u00a0Coral<\/li>\n<li><b>3r:<\/b>\u00a0Eva<\/li>\n<li><b>4t:<\/b>\u00a0N\u00faria<\/li>\n<li><b>5\u00e8:<\/b> Mar\u00eda Jos\u00e9<\/li>\n<li><b>6\u00e8:<\/b>\u00a0Joan<\/li>\n<\/ul>\n<h3><b>Especialistes i Suports<\/b><\/h3>\n<ul>\n<li><b>Suport a l&#8217;Educaci\u00f3 Infantil:<\/b> Sofia i Maria B.<\/li>\n<li><b>Angl\u00e8s:<\/b> Eva, Marta, Laura i Laia.<\/li>\n<li><b>Rob\u00f2tica:<\/b>\u00a0Joan, Pablo, M\u00f2nica i Marcela<\/li>\n<li><b>Educaci\u00f3 F\u00edsica:<\/b>\u00a0Pablo<\/li>\n<li><strong>Psicomotricitat infantil:\u00a0<\/strong>Maria.<\/li>\n<li><b>M\u00fasica:<\/b>\u00a0N\u00faria<\/li>\n<li><b>Religi\u00f3:<\/b>\u00a0Estrella<\/li>\n<li><b>Suport Intensiu a l&#8217;Escola Inclusiva (SIEI):<\/b> Ana<\/li>\n<li><b>Educaci\u00f3 Especial (EE):<\/b> Mar\u00eda \u00c1ngela.<\/li>\n<li><b>T\u00e8cnica d&#8217;Educaci\u00f3 Infantil (TEEI):<\/b>\u00a0N\u00faria<\/li>\n<li><b>Educadores:<\/b>\u00a0Merc\u00e8 B. i Merc\u00e8 A.<\/li>\n<li><strong>Vetlladores:<\/strong> Mar i Lucien.<\/li>\n<\/ul>\n<h3><b>Personal d&#8217;Administraci\u00f3 i Serveis (PAS)<\/b><\/h3>\n<ul>\n<li><b>Administrativa:<\/b>\u00a0Eva<\/li>\n<\/ul>\n<div>\n<h3><b>Monitoratge\u00a0 Menjador<\/b><\/h3>\n<ul>\n<li><strong>Coordinadora del menjador:<\/strong> Noemi<\/li>\n<li><strong>Dinamitzaci\u00f3 de patis:<\/strong> \u00c0ngeles<\/li>\n<li><strong>SIEI<\/strong>: Anna<\/li>\n<li><strong>Suport infantil:<\/strong> Marta<\/li>\n<li><strong>I3:<\/strong> Nat\u00e0lia i Adriana<\/li>\n<li><strong>I4:<\/strong> Lucien<\/li>\n<li><strong>I5:<\/strong>\u00a0In\u00e9s<\/li>\n<li><strong>1r:<\/strong> Mar<\/li>\n<li><strong>2n:<\/strong> Montse<\/li>\n<li><strong>3r:<\/strong> Naomi<\/li>\n<li><strong>4t:<\/strong> Iolanda<\/li>\n<li><strong>5\u00e8:<\/strong> Dani<\/li>\n<li><strong>6\u00e8:<\/strong> Cleo<\/li>\n<\/ul>\n<h3><b>Servei Cuina<\/b><\/h3>\n<ul>\n<li><strong>Cuinera:<\/strong> Encarna<\/li>\n<li><strong>Auxiliar de cuina:<\/strong> Montse<\/li>\n<\/ul>\n<\/div>\n","protected":false},"excerpt":{"rendered":"<p>&nbsp;<br \/>\nEquip Directiu<\/p>\n<ul>\n<li>Directora:\u00a0Laia<\/li>\n<li>Cap d&#8217;estudis:\u00a0Marcela<\/li>\n<li>Secret\u00e0ria:\u00a0Laura<\/li>\n<\/ul>\n<p>Coordinacions Pedag\u00f2giques<\/p>\n<ul>\n<li>Coordinadora de la Comunitat de Petits (Infantil):\u00a0Sofia<\/li>\n<li>Coordinador de la Comunitat de Mitjans (1r 2n i 3r):\u00a0Pablo<\/li>\n<li>Coordinador de la Comunitat de Grans (4t 5\u00e8 i 6\u00e8):\u00a0Joan<\/li>\n<\/ul>\n<p>&nbsp;<br \/>\nTutories<br \/>\nEducaci\u00f3 Infantil<\/p>\n<ul>\n<li>I3: N\u00faria<\/li>\n<li>I4:\u00a0M\u00f2nica<\/li>\n<li>I5:\u00a0Anna<\/li>\n<\/ul>\n<p>Educaci\u00f3 Prim\u00e0ria<\/p>\n<ul>\n<li>1r:\u00a0Gemma<\/li>\n<li>2n:\u00a0Coral<\/li>\n<li>3r:\u00a0Eva<\/li>\n<li>4t:\u00a0N\u00faria<\/li>\n<li>5\u00e8: Mar\u00eda Jos\u00e9<\/li>\n<li>6\u00e8:\u00a0Joan<\/li>\n<\/ul>\n<p>Especialistes i Suports<\/p>\n<ul>\n<li>Suport a l&#8217;Educaci\u00f3 Infantil: Sofia i Maria B.<\/li>\n<li>Angl\u00e8s: Eva, Marta, Laura&hellip;  <a href=\"https:\/\/agora.xtec.cat\/ceippoetafoix\/lescola\/equip-huma\/\" title=\"Read Equip hum\u00e0\">Llegeix m\u00e9s\u00bb<\/a><br \/>\n","protected":false},"author":1,"featured_media":0,"parent":3554,"menu_order":3,"comment_status":"closed","ping_status":"closed","template":"page-templates\/side-menu.php","meta":{"_bbp_topic_count":0,"_bbp_reply_count":0,"_bbp_total_topic_count":0,"_bbp_total_reply_count":0,"_bbp_voice_count":0,"_bbp_anonymous_reply_count":0,"_bbp_topic_count_hidden":0,"_bbp_reply_count_hidden":0,"_bbp_forum_subforum_count":0,"footnotes":""},"class_list":["post-6583","page","type-page","status-publish","hentry"],"post_mailing_queue_ids":[],"_links":{"self":[{"href":"https:\/\/agora.xtec.cat\/ceippoetafoix\/wp-json\/wp\/v2\/pages\/6583","targetHints":{"allow":["GET"]}}],"collection":[{"href":"https:\/\/agora.xtec.cat\/ceippoetafoix\/wp-json\/wp\/v2\/pages"}],"about":[{"href":"https:\/\/agora.xtec.cat\/ceippoetafoix\/wp-json\/wp\/v2\/types\/page"}],"author":[{"embeddable":true,"href":"https:\/\/agora.xtec.cat\/ceippoetafoix\/wp-json\/wp\/v2\/users\/1"}],"replies":[{"embeddable":true,"href":"https:\/\/agora.xtec.cat\/ceippoetafoix\/wp-json\/wp\/v2\/comments?post=6583"}],"version-history":[{"count":6,"href":"https:\/\/agora.xtec.cat\/ceippoetafoix\/wp-json\/wp\/v2\/pages\/6583\/revisions"}],"predecessor-version":[{"id":11337,"href":"https:\/\/agora.xtec.cat\/ceippoetafoix\/wp-json\/wp\/v2\/pages\/6583\/revisions\/11337"}],"up":[{"embeddable":true,"href":"https:\/\/agora.xtec.cat\/ceippoetafoix\/wp-json\/wp\/v2\/pages\/3554"}],"wp:attachment":[{"href":"https:\/\/agora.xtec.cat\/ceippoetafoix\/wp-json\/wp\/v2\/media?parent=6583"}],"curies":[{"name":"wp","href":"https:\/\/api.w.org\/{rel}","templated":true}]}}