{"id":3878,"date":"2016-01-03T19:49:20","date_gmt":"2016-01-03T18:49:20","guid":{"rendered":"http:\/\/agora.xtec.cat\/ceippoetafoix\/?page_id=3878"},"modified":"2023-12-01T15:10:42","modified_gmt":"2023-12-01T14:10:42","slug":"pla-per-la-salut","status":"publish","type":"page","link":"https:\/\/agora.xtec.cat\/ceippoetafoix\/projectes\/pla-per-la-salut\/","title":{"rendered":"Salut escolar"},"content":{"rendered":"<ul style=\"list-style-type: disc;\">\n<li><strong>Vacunaci\u00f3 a 6\u00e8<\/strong><\/li>\n<\/ul>\n<p>Seguint el programa de &#8220;Salut Escolar de Catalunya&#8221; l&#8217;equip pedi\u00e0tric del CAP Adri\u00e0 ofereix a l&#8217;alumnat de 6\u00e8 el servei de vacunaci\u00f3 durant el curs. Es desplacen professionals sanitaris de l&#8217;Equip d&#8217;Atenci\u00f3 Prim\u00e0ria al nostre centre escolar per garantir el correcte compliment del calendari vacunal.<\/p>\n<p>&nbsp;<\/p>\n","protected":false},"excerpt":{"rendered":"<ul style=\"list-style-type: disc;\">\n<li>Vacunaci\u00f3 a 6\u00e8<\/li>\n<\/ul>\n<p>Seguint el programa de &#8220;Salut Escolar de Catalunya&#8221; l&#8217;equip pedi\u00e0tric del CAP Adri\u00e0 ofereix a l&#8217;alumnat de 6\u00e8 el servei de vacunaci\u00f3 durant el curs. Es desplacen professionals sanitaris de l&#8217;Equip d&#8217;Atenci\u00f3 Prim\u00e0ria al nostre centre escolar per garantir el correcte&hellip;  <a href=\"https:\/\/agora.xtec.cat\/ceippoetafoix\/projectes\/pla-per-la-salut\/\" title=\"Read Salut escolar\">Llegeix m\u00e9s\u00bb<\/a><\/p>\n","protected":false},"author":1,"featured_media":0,"parent":2452,"menu_order":3,"comment_status":"closed","ping_status":"closed","template":"page-templates\/side-menu.php","meta":{"_bbp_topic_count":0,"_bbp_reply_count":0,"_bbp_total_topic_count":0,"_bbp_total_reply_count":0,"_bbp_voice_count":0,"_bbp_anonymous_reply_count":0,"_bbp_topic_count_hidden":0,"_bbp_reply_count_hidden":0,"_bbp_forum_subforum_count":0,"footnotes":""},"class_list":["post-3878","page","type-page","status-publish","hentry"],"post_mailing_queue_ids":[],"_links":{"self":[{"href":"https:\/\/agora.xtec.cat\/ceippoetafoix\/wp-json\/wp\/v2\/pages\/3878","targetHints":{"allow":["GET"]}}],"collection":[{"href":"https:\/\/agora.xtec.cat\/ceippoetafoix\/wp-json\/wp\/v2\/pages"}],"about":[{"href":"https:\/\/agora.xtec.cat\/ceippoetafoix\/wp-json\/wp\/v2\/types\/page"}],"author":[{"embeddable":true,"href":"https:\/\/agora.xtec.cat\/ceippoetafoix\/wp-json\/wp\/v2\/users\/1"}],"replies":[{"embeddable":true,"href":"https:\/\/agora.xtec.cat\/ceippoetafoix\/wp-json\/wp\/v2\/comments?post=3878"}],"version-history":[{"count":4,"href":"https:\/\/agora.xtec.cat\/ceippoetafoix\/wp-json\/wp\/v2\/pages\/3878\/revisions"}],"predecessor-version":[{"id":10301,"href":"https:\/\/agora.xtec.cat\/ceippoetafoix\/wp-json\/wp\/v2\/pages\/3878\/revisions\/10301"}],"up":[{"embeddable":true,"href":"https:\/\/agora.xtec.cat\/ceippoetafoix\/wp-json\/wp\/v2\/pages\/2452"}],"wp:attachment":[{"href":"https:\/\/agora.xtec.cat\/ceippoetafoix\/wp-json\/wp\/v2\/media?parent=3878"}],"curies":[{"name":"wp","href":"https:\/\/api.w.org\/{rel}","templated":true}]}}