{"id":3846,"date":"2016-01-03T17:53:30","date_gmt":"2016-01-03T16:53:30","guid":{"rendered":"http:\/\/agora.xtec.cat\/ceippoetafoix\/?page_id=3846"},"modified":"2024-04-08T16:09:08","modified_gmt":"2024-04-08T14:09:08","slug":"continuitat-a-secundaria","status":"publish","type":"page","link":"https:\/\/agora.xtec.cat\/ceippoetafoix\/lescola\/continuitat-a-secundaria\/","title":{"rendered":"Continu\u00eftat a Secund\u00e0ria"},"content":{"rendered":"<p>Els nostres alumnes en acabar l&#8217;educaci\u00f3 prim\u00e0ria, tenen continu\u00eftat a l&#8217;ensenyament secundari a tres instituts de la nostra zona educativa:<br \/>\n-Institut Montserrat. C\/ Cop\u00e8rnic,84.<br \/>\n-Institut Men\u00e9ndez y Pelayo. C\/ Via Augusta, 140-142.<\/p>\n<p>A fi d\u2019assegurar la coher\u00e8ncia del proc\u00e9s educatiu es porten a terme un seguit d\u2019actuacions:<br \/>\n-Informaci\u00f3 a les fam\u00edlies sobre les dates de Portes Obertes dels instituts.<br \/>\n-Trasp\u00e0s d\u2019informaci\u00f3 de tot l\u2019alumnat de sis\u00e8, de manera individualitzada, amb els\/les tutors\/es de 1r d\u2019ESO dels instituts.<br \/>\n-Estada matinal dels i de les alumnes de 6\u00e8 en un dels instituts de la zona.<br \/>\n-Trobada de direccions de centres p\u00fablics de prim\u00e0ria i secund\u00e0ria del districte\u00a0 amb els representants de les AFAs dels centres de prim\u00e0ria, a fi i efecte de comentar i resoldre dubtes sobre el pas de l\u2019alumnat de prim\u00e0ria a secund\u00e0ria .<br \/>\n-Xerrada informativa dirigida a l\u2019alumnat del centre.<\/p>\n","protected":false},"excerpt":{"rendered":"<p>Els nostres alumnes en acabar l&#8217;educaci\u00f3 prim\u00e0ria, tenen continu\u00eftat a l&#8217;ensenyament secundari a tres instituts de la nostra zona educativa:<br \/>\n-Institut Montserrat. C\/ Cop\u00e8rnic,84.<br \/>\n-Institut Men\u00e9ndez y Pelayo. C\/ Via Augusta, 140-142.<br \/>\nA fi d\u2019assegurar la coher\u00e8ncia del proc\u00e9s educatiu es porten a terme un seguit d\u2019actuacions:<br \/>\n-Informaci\u00f3 a&hellip;  <a href=\"https:\/\/agora.xtec.cat\/ceippoetafoix\/lescola\/continuitat-a-secundaria\/\" title=\"Read Continu\u00eftat a Secund\u00e0ria\">Llegeix m\u00e9s\u00bb<\/a><\/p>\n","protected":false},"author":1,"featured_media":0,"parent":3554,"menu_order":8,"comment_status":"closed","ping_status":"closed","template":"page-templates\/side-menu.php","meta":{"_bbp_topic_count":0,"_bbp_reply_count":0,"_bbp_total_topic_count":0,"_bbp_total_reply_count":0,"_bbp_voice_count":0,"_bbp_anonymous_reply_count":0,"_bbp_topic_count_hidden":0,"_bbp_reply_count_hidden":0,"_bbp_forum_subforum_count":0,"footnotes":""},"class_list":["post-3846","page","type-page","status-publish","hentry"],"post_mailing_queue_ids":[],"_links":{"self":[{"href":"https:\/\/agora.xtec.cat\/ceippoetafoix\/wp-json\/wp\/v2\/pages\/3846","targetHints":{"allow":["GET"]}}],"collection":[{"href":"https:\/\/agora.xtec.cat\/ceippoetafoix\/wp-json\/wp\/v2\/pages"}],"about":[{"href":"https:\/\/agora.xtec.cat\/ceippoetafoix\/wp-json\/wp\/v2\/types\/page"}],"author":[{"embeddable":true,"href":"https:\/\/agora.xtec.cat\/ceippoetafoix\/wp-json\/wp\/v2\/users\/1"}],"replies":[{"embeddable":true,"href":"https:\/\/agora.xtec.cat\/ceippoetafoix\/wp-json\/wp\/v2\/comments?post=3846"}],"version-history":[{"count":4,"href":"https:\/\/agora.xtec.cat\/ceippoetafoix\/wp-json\/wp\/v2\/pages\/3846\/revisions"}],"predecessor-version":[{"id":8100,"href":"https:\/\/agora.xtec.cat\/ceippoetafoix\/wp-json\/wp\/v2\/pages\/3846\/revisions\/8100"}],"up":[{"embeddable":true,"href":"https:\/\/agora.xtec.cat\/ceippoetafoix\/wp-json\/wp\/v2\/pages\/3554"}],"wp:attachment":[{"href":"https:\/\/agora.xtec.cat\/ceippoetafoix\/wp-json\/wp\/v2\/media?parent=3846"}],"curies":[{"name":"wp","href":"https:\/\/api.w.org\/{rel}","templated":true}]}}