{"id":3439,"date":"2015-05-11T19:42:39","date_gmt":"2015-05-11T18:42:39","guid":{"rendered":"http:\/\/agora.xtec.cat\/ceippoetafoix\/?page_id=3439"},"modified":"2023-11-29T18:19:34","modified_gmt":"2023-11-29T17:19:34","slug":"caracteristiques-de-lescola","status":"publish","type":"page","link":"https:\/\/agora.xtec.cat\/ceippoetafoix\/lescola\/caracteristiques-de-lescola\/","title":{"rendered":"Caracter\u00edstiques de l&#8217;escola"},"content":{"rendered":"<ol>\n<li style=\"text-align: justify;\"><span style=\"color: #0000ff;\"><strong><span style=\"color: #000000;\">Oferta<\/span><span style=\"color: #000000;\"> educativa:<\/span><\/strong>\u00a0<\/span>La nostra oferta educativa inclou l\u2019educaci\u00f3 infantil (de 3 a 5 anys) i l\u2019educaci\u00f3 prim\u00e0ria (de 6 a 11 anys).<\/li>\n<\/ol>\n<p style=\"text-align: justify;\"><span style=\"color: #000000;\"><strong>2. Horari:<\/strong>\u00a0<\/span>L&#8217;horari lectiu a l\u2019Educaci\u00f3 Infantil i Prim\u00e0ria \u00e9s de 9:00 a 12:30h i de 15:00 a 16:30h. L\u2019alumnat de menjador fa l\u2019entrada a les 9:00h i surt a les 16:30h.<\/p>\n<p style=\"text-align: justify;\"><strong><span style=\"color: #000000;\">3. Servei d&#8217;Acollida:<\/span><\/strong> L\u2019AMPA oferta a les fam\u00edlies un servei d\u2019acollida per a tots els nens i nenes de l\u2019escola de les 7:45 a les 9:00h i un servei de ludoteca, de les 16:30 a les 18:30h.<\/p>\n<p style=\"text-align: justify;\"><strong><span style=\"color: #000000;\">4. Horari de visites<\/span><\/strong><br \/>\n-Direcci\u00f3:\u00a0Dilluns, dijous i divendres de les 9:15 a les 10h i, hores concertades\u00a0pr\u00e8viament.<br \/>\n-Secretaria: Dimarts i dijous de 9:00 a 10h.<br \/>\n-Administraci\u00f3: de dilluns a divendres de 9 a 13h i de 15 a 16.30h i hores concertades pr\u00e8viament.<br \/>\n-Mestres: Tots el dimecres els\/les mestres rebran a les fam\u00edlies dels seus alumnes.<\/p>\n<p style=\"text-align: justify;\"><strong><span style=\"color: #000000;\">5. Reunions d&#8217;inici de curs:<\/span><\/strong> Cada tutor\/a far\u00e0 una reuni\u00f3 informativa amb les fam\u00edlies del seu grup a principi de curs. A I3 es far\u00e0 una reuni\u00f3 el dia 4 de setembre, abans de comen\u00e7ar el curs. En aquestes reunions s\u2019informa sobre diferents aspectes del curs: objectius a assolir, compet\u00e8ncies b\u00e0siques, continguts a treballar, aspectes organitzatius i de funcionament de l\u2019aula i \/o del cicle, sortides did\u00e0ctiques&#8230;<\/p>\n<p style=\"text-align: justify;\"><strong><span style=\"color: #000000;\">6. Personal docent<\/span><\/strong><br \/>\n-Equip Directiu: Directora, Cap d\u2019Estudis i Secret\u00e0ria.<br \/>\n-Tutories d&#8217;I3 a 6\u00e8 curs i especialistes seg\u00fcents: Angl\u00e8s, M\u00fasica, Educaci\u00f3 F\u00edsica, Educaci\u00f3 Especial i SIEI.<br \/>\n-Personal de Suport Socioeducatiu: Educadora i dues monitores de suport.<br \/>\n-Personal del Servei Educatiu de Sarri\u00e0-Sant Gervasi: Psicopedagoga, treballadora social, coordinadora LIC, fisioterapeuta, CRP.<br \/>\n-Logopeda del CREDA.<br \/>\n-Mestra especialista de Religi\u00f3 Cat\u00f2lica per a les fam\u00edlies que demanin aquesta opci\u00f3.<\/p>\n<p style=\"text-align: justify;\"><strong><span style=\"color: #000000;\">7. Personal de serveis<\/span><\/strong><br \/>\n-Administraci\u00f3 i Consergeria. Administraci\u00f3 AMPA.<br \/>\n-Equip de monitors\/es de l\u2019espai de migdia. Equip de cuina. Equip de neteja.<\/p>\n<p><span style=\"color: #000000;\"><strong>8. Sortides i Col\u00f2nies: <\/strong><\/span>Es fan sortides did\u00e0ctiques durant el curs escolar. Aquestes sortides s\u00f3n per a completar els objectius de nivell. Les col\u00f2nies escolars s\u00f3n un bon moment per a contextualitzar molts dels continguts apresos a l&#8217;escola, per aproximar-se a diferents paisatges (mar, muntanya, rural&#8230;) mitjan\u00e7ant l&#8217;observaci\u00f3 directa i per a fomentar la conviv\u00e8ncia. Participar en les col\u00f2nies afavoreix que els\/les alumnes gaudeixin d&#8217;una bona experi\u00e8ncia pedag\u00f2gica, amb un conjunt d&#8217;activitats educatives que es realitzen a l&#8217;aire lliure i que ajuden a potenciar la pertinen\u00e7a al grup-classe i el desenvolupament de l&#8217;autonomia personal.<\/p>\n<p style=\"text-align: justify;\"><strong><span style=\"color: #000000;\">9. Activitats en xarxa. <\/span><\/strong>Les activitats en xarxa es fan amb la participaci\u00f3 dels mestres de l&#8217;escola i el professorat de centres educatius p\u00fablics de Sarri\u00e0 -Sant Gervasi.<\/p>\n<p>-Activitats en xarxa en col\u00b7laboraci\u00f3 amb els centres i entitats de l\u2019entorn:<\/p>\n<ul>\n<li>Activitats de dinamitzaci\u00f3: <em>Racons musicals de Santa Cec\u00edlia, Jocs Florals\u00a0<\/em><em>escolars, Audicions musicals, Jornada d\u2019esport inclusiu,<\/em><em> Marat\u00f3 de lectura, etc.<\/em><\/li>\n<li>Visita als instituts de la zona i trobada de l\u2019alumnat de 6\u00e8 amb el de 1r ESO. Trobada de les direccions amb representants de les AFAs (pas de prim\u00e0ria a secund\u00e0ria).<\/li>\n<\/ul>\n<p>&#8211; Seminaris de Coordinaci\u00f3 Prim\u00e0ria &#8211; Secund\u00e0ria de la Zona:<\/p>\n<ul>\n<li>Coordinaci\u00f3 direccions de centres p\u00fablics. P\/S<\/li>\n<li>Coordinaci\u00f3 caps d\u2019estudis de centres p\u00fablics. P\/S<\/li>\n<li>Coordinaci\u00f3 de biblioteques escolars<\/li>\n<li>Coordinaci\u00f3 d\u2019escola inclusiva i atenci\u00f3 a la diversitat.<\/li>\n<li>Audici\u00f3 i llenguatge.<\/li>\n<li>Coordinaci\u00f3 M\u00fasica i creativitat.<\/li>\n<li>Coordinaci\u00f3 Digital.<\/li>\n<li>Coordinaci\u00f3 escola bressol &#8211; escoles p\u00fabliques.<\/li>\n<\/ul>\n<p><strong><span style=\"color: #000000;\">10. Activitats de participaci\u00f3 i col\u00b7laboraci\u00f3<\/span><\/strong><br \/>\n\u2022 El \u201cPunt verd m\u00f2bil visita l\u2019escola\u201d, dins del projecte Escola+Sostenible.<br \/>\n\u2022 Programa \u201c A la nostra escola mengem+fruita\u201d.<br \/>\n\u2022 Jornada esportiva escolar.<br \/>\n\u2022 Xerrades per als alumnes i per a les fam\u00edlies.<br \/>\n\u2022 Col\u00b7laboraci\u00f3 de l&#8217;alumnat en activitats d\u2019 Aprenentatge i Servei: Racons musicals de Santa Cec\u00edlia, la Festa dels Sentits, Jornada d\u2019esport inclusiu.<br \/>\n\u2022 Implicaci\u00f3 de fam\u00edlies en activitats educatives: Comissions mixtes de Festes, Jocs Florals i Sant Jordi i Escola verda; delegats\/es de curs, activitats a l&#8217;aula com a complement del curr\u00edculum.<br \/>\n\u2022 Curs de catal\u00e0 b\u00e0sic per a fam\u00edlies.<br \/>\n\u2022 Escola a temps complet integrant l&#8217;espai de migdia i les activitats extraescolars com activitats educatives.<br \/>\n\u2022 Vincle fam\u00edlia- escola: Setmana multicultural, motxilles viatgeres, etc.<br \/>\n\u2022 Vincle amb les EBM i llars d&#8217;infants del barri.<br \/>\n\u2022 Relaci\u00f3 amb l&#8217;AV Farr\u00f3:\u00a0Festa solid\u00e0ria del Farr\u00f3.<\/p>\n<p style=\"text-align: justify;\"><strong><span style=\"color: #000000;\">11. Festivitats. <\/span><\/strong>Les festivitats que celebrem a nivell escolar s\u00f3n: \u2022 La Castanyada \u2022 Nadal \u2022 Carnestoltes \u2022 Sant Jordi i Jocs Florals.<\/p>\n<p style=\"text-align: justify;\"><strong><span style=\"color: #000000;\">12. Pla de Salut Escolar. <\/span><\/strong>L\u2019Equip d\u2019Atenci\u00f3 Prim\u00e0ria CAP Adri\u00e0 ofereix el seg\u00fcent servei: vacunaci\u00f3 a l\u2019alumnat de 6\u00e8 contra la varicel\u00b7la, papil\u00b7loma, MCC i hepatitis A. Tamb\u00e9 s\u2019administra a les alumnes de 6\u00e8 curs, la vacuna contra el virus del papil\u00b7loma hum\u00e0.<\/p>\n<p><strong>13. Canal de comunicaci\u00f3. <\/strong>Comunicacions de l&#8217;escola amb l&#8217;app <a href=\"https:\/\/www.youtube.com\/watch?v=ZYGYWcsuwGU\">Edugesti\u00f3<\/a> per comunicaci\u00f3 fam\u00edlies i escola (notificacions, informes).<\/p>\n","protected":false},"excerpt":{"rendered":"<ol>\n<li style=\"text-align: justify;\">Oferta educativa:\u00a0La nostra oferta educativa inclou l\u2019educaci\u00f3 infantil (de 3 a 5 anys) i l\u2019educaci\u00f3 prim\u00e0ria (de 6 a 11 anys).<\/li>\n<\/ol>\n<p>2. Horari:\u00a0L&#8217;horari lectiu a l\u2019Educaci\u00f3 Infantil i Prim\u00e0ria \u00e9s de 9:00 a 12:30h i de 15:00 a 16:30h. L\u2019alumnat de menjador fa l\u2019entrada&hellip;  <a href=\"https:\/\/agora.xtec.cat\/ceippoetafoix\/lescola\/caracteristiques-de-lescola\/\" title=\"Read Caracter\u00edstiques de l&#8217;escola\">Llegeix m\u00e9s\u00bb<\/a><\/p>\n","protected":false},"author":1,"featured_media":0,"parent":3554,"menu_order":7,"comment_status":"closed","ping_status":"closed","template":"page-templates\/side-menu.php","meta":{"_bbp_topic_count":0,"_bbp_reply_count":0,"_bbp_total_topic_count":0,"_bbp_total_reply_count":0,"_bbp_voice_count":0,"_bbp_anonymous_reply_count":0,"_bbp_topic_count_hidden":0,"_bbp_reply_count_hidden":0,"_bbp_forum_subforum_count":0,"footnotes":""},"class_list":["post-3439","page","type-page","status-publish","hentry"],"post_mailing_queue_ids":[],"_links":{"self":[{"href":"https:\/\/agora.xtec.cat\/ceippoetafoix\/wp-json\/wp\/v2\/pages\/3439","targetHints":{"allow":["GET"]}}],"collection":[{"href":"https:\/\/agora.xtec.cat\/ceippoetafoix\/wp-json\/wp\/v2\/pages"}],"about":[{"href":"https:\/\/agora.xtec.cat\/ceippoetafoix\/wp-json\/wp\/v2\/types\/page"}],"author":[{"embeddable":true,"href":"https:\/\/agora.xtec.cat\/ceippoetafoix\/wp-json\/wp\/v2\/users\/1"}],"replies":[{"embeddable":true,"href":"https:\/\/agora.xtec.cat\/ceippoetafoix\/wp-json\/wp\/v2\/comments?post=3439"}],"version-history":[{"count":5,"href":"https:\/\/agora.xtec.cat\/ceippoetafoix\/wp-json\/wp\/v2\/pages\/3439\/revisions"}],"predecessor-version":[{"id":10300,"href":"https:\/\/agora.xtec.cat\/ceippoetafoix\/wp-json\/wp\/v2\/pages\/3439\/revisions\/10300"}],"up":[{"embeddable":true,"href":"https:\/\/agora.xtec.cat\/ceippoetafoix\/wp-json\/wp\/v2\/pages\/3554"}],"wp:attachment":[{"href":"https:\/\/agora.xtec.cat\/ceippoetafoix\/wp-json\/wp\/v2\/media?parent=3439"}],"curies":[{"name":"wp","href":"https:\/\/api.w.org\/{rel}","templated":true}]}}