{"id":3393,"date":"2015-05-06T10:18:03","date_gmt":"2015-05-06T09:18:03","guid":{"rendered":"http:\/\/blocs.xtec.cat\/ceippoetafoix\/?page_id=3393"},"modified":"2024-07-01T10:48:07","modified_gmt":"2024-07-01T08:48:07","slug":"projecte-educatiu","status":"publish","type":"page","link":"https:\/\/agora.xtec.cat\/ceippoetafoix\/documents-2\/projecte-educatiu\/","title":{"rendered":"Projecte Educatiu de Centre"},"content":{"rendered":"<p><span style=\"font-weight: 400; font-size: 12pt;\">El <\/span><span style=\"font-size: 12pt;\"><a href=\"https:\/\/drive.google.com\/file\/d\/1PivexxQqSZhQL6S9UyZnopWcXIYlrBwP\/view?usp=sharing\"><span style=\"color: #4ca49c;\"><strong>PROJECTE EDUCATIU (PEC) <\/strong><\/span><\/a><\/span><span style=\"font-weight: 400; font-size: 12pt;\">de l\u2019Escola Poeta Foix defineix els nostres trets d\u2019identitat, objectius i projecci\u00f3 de futur del centre. L\u2019entenem com un document viu, obert a noves actualitzacions per donar una resposta de qualitat a les necessitats actuals dels nostres infants, de tota la comunitat educativa i la societat en general, sense perdre de vista la millora continuada com a cam\u00ed cap a l\u2019excel\u00b7l\u00e8ncia.<\/span><\/p>\n<p><span style=\"font-weight: 400; font-size: 12pt;\">El PEC ha estat elaborat en el marc d\u2019un debat participatiu i s\u2019ha presentat en claustre i Consell Escolar. \u00c9s deure de l\u2019Equip Directiu donar-lo a con\u00e8ixer i fomentar-ne la difusi\u00f3 entre els membres de la comunitat educativa. El respecte i aplicaci\u00f3 d\u2019aquest esdev\u00e9 una obligaci\u00f3 i responsabilitat de tots els agents: claustre, infants, fam\u00edlies i personal d\u2019administraci\u00f3 i serveis; sens perjudici dels drets i deures reconeguts per la normativa en mat\u00e8ria de legislaci\u00f3 educativa.<\/span><\/p>\n","protected":false},"excerpt":{"rendered":"<p>El <a href=\"https:\/\/drive.google.com\/file\/d\/1PivexxQqSZhQL6S9UyZnopWcXIYlrBwP\/view?usp=sharing\">PROJECTE EDUCATIU (PEC) <\/a>de l\u2019Escola Poeta Foix defineix els nostres trets d\u2019identitat, objectius i projecci\u00f3 de futur del centre. L\u2019entenem com un document viu, obert a noves actualitzacions per donar una resposta de qualitat a les necessitats actuals dels nostres infants, de tota&hellip;  <a href=\"https:\/\/agora.xtec.cat\/ceippoetafoix\/documents-2\/projecte-educatiu\/\" title=\"Read Projecte Educatiu de Centre\">Llegeix m\u00e9s\u00bb<\/a><\/p>\n","protected":false},"author":1,"featured_media":0,"parent":5064,"menu_order":1,"comment_status":"closed","ping_status":"closed","template":"page-templates\/side-menu.php","meta":{"_bbp_topic_count":0,"_bbp_reply_count":0,"_bbp_total_topic_count":0,"_bbp_total_reply_count":0,"_bbp_voice_count":0,"_bbp_anonymous_reply_count":0,"_bbp_topic_count_hidden":0,"_bbp_reply_count_hidden":0,"_bbp_forum_subforum_count":0,"footnotes":""},"class_list":["post-3393","page","type-page","status-publish","hentry"],"post_mailing_queue_ids":[],"_links":{"self":[{"href":"https:\/\/agora.xtec.cat\/ceippoetafoix\/wp-json\/wp\/v2\/pages\/3393","targetHints":{"allow":["GET"]}}],"collection":[{"href":"https:\/\/agora.xtec.cat\/ceippoetafoix\/wp-json\/wp\/v2\/pages"}],"about":[{"href":"https:\/\/agora.xtec.cat\/ceippoetafoix\/wp-json\/wp\/v2\/types\/page"}],"author":[{"embeddable":true,"href":"https:\/\/agora.xtec.cat\/ceippoetafoix\/wp-json\/wp\/v2\/users\/1"}],"replies":[{"embeddable":true,"href":"https:\/\/agora.xtec.cat\/ceippoetafoix\/wp-json\/wp\/v2\/comments?post=3393"}],"version-history":[{"count":7,"href":"https:\/\/agora.xtec.cat\/ceippoetafoix\/wp-json\/wp\/v2\/pages\/3393\/revisions"}],"predecessor-version":[{"id":10749,"href":"https:\/\/agora.xtec.cat\/ceippoetafoix\/wp-json\/wp\/v2\/pages\/3393\/revisions\/10749"}],"up":[{"embeddable":true,"href":"https:\/\/agora.xtec.cat\/ceippoetafoix\/wp-json\/wp\/v2\/pages\/5064"}],"wp:attachment":[{"href":"https:\/\/agora.xtec.cat\/ceippoetafoix\/wp-json\/wp\/v2\/media?parent=3393"}],"curies":[{"name":"wp","href":"https:\/\/api.w.org\/{rel}","templated":true}]}}