{"id":30,"date":"2014-09-18T12:30:23","date_gmt":"2014-09-18T11:30:23","guid":{"rendered":"http:\/\/agora.xtec.cat\/ceippoetafoix\/\/?page_id=30"},"modified":"2023-11-24T14:59:40","modified_gmt":"2023-11-24T13:59:40","slug":"instal%c2%b7lacions","status":"publish","type":"page","link":"https:\/\/agora.xtec.cat\/ceippoetafoix\/lescola\/instal%c2%b7lacions\/","title":{"rendered":"Instal\u00b7lacions"},"content":{"rendered":"<p>L&#8217;escola est\u00e0 ubicada al C\/ Balmes, 298 i hi ha dues entrades: la del carrer Balmes i la del carrer Sant Guillem. Els nens i nenes entren per diferents portes en funci\u00f3 del seu grup. L&#8217;escola no t\u00e9 barreres arquitect\u00f2niques.<\/p>\n<p>El\u00a0 centre\u00a0 est\u00e0\u00a0 constitu\u00eft per l&#8217;edifici \u00a0modernista i dues ales de construcci\u00f3 moderna, tot unit i comunicat per dins. El pati de l\u2019escola \u00e9s una pista poliesportiva amb roc\u00f2drom. El sorral i l\u2019espai de tobogans s\u00f3n zones d&#8217;esbarjo d\u2019\u00fas dels grups d&#8217;infantil.<\/p>\n<p>Disposem dels seg\u00fcents espais i equipaments:<\/p>\n<ul>\n<li>Laboratori Digital.<\/li>\n<li>Aula de M\u00fasica.<\/li>\n<li>Aula de Ci\u00e8ncies i laboratori.<\/li>\n<li>Aula d\u2019Angl\u00e8s.<\/li>\n<li>Aula de Suport.<\/li>\n<li>Biblioteca amb dos espais (infantil i prim\u00e0ria).<\/li>\n<li>Sala de Psicomotricitat.<\/li>\n<li>Aula fosca.<\/li>\n<li>Aula Chill-out (polivalent per din\u00e0miques i activitats tranquil\u00b7les).<\/li>\n<li>Gimn\u00e0s cobert.<\/li>\n<li>Aula-taller (reciclart).<\/li>\n<li>Hort.<\/li>\n<li>Aula de joc simb\u00f2lic per infantil.<\/li>\n<li>Aula de joc simb\u00f2lic per prim\u00e0ria.<\/li>\n<li>Pista poliesportiva oberta al barri.<\/li>\n<li>Menjador diferenciat: 3-6 anys \/ 6-12 anys.<\/li>\n<li>Cuina pr\u00f2pia.<\/li>\n<li>Ascensor.<\/li>\n<\/ul>\n<p>&nbsp;<\/p>\n","protected":false},"excerpt":{"rendered":"<p>L&#8217;escola est\u00e0 ubicada al C\/ Balmes, 298 i hi ha dues entrades: la del carrer Balmes i la del carrer Sant Guillem. Els nens i nenes entren per diferents portes en funci\u00f3 del seu grup. L&#8217;escola no t\u00e9 barreres arquitect\u00f2niques.<br \/>\nEl\u00a0 centre\u00a0 est\u00e0\u00a0 constitu\u00eft per l&#8217;edifici&hellip;  <a href=\"https:\/\/agora.xtec.cat\/ceippoetafoix\/lescola\/instal%c2%b7lacions\/\" title=\"Read Instal\u00b7lacions\">Llegeix m\u00e9s\u00bb<\/a><\/p>\n","protected":false},"author":2,"featured_media":0,"parent":3554,"menu_order":6,"comment_status":"closed","ping_status":"closed","template":"page-templates\/side-menu.php","meta":{"_bbp_topic_count":0,"_bbp_reply_count":0,"_bbp_total_topic_count":0,"_bbp_total_reply_count":0,"_bbp_voice_count":0,"_bbp_anonymous_reply_count":0,"_bbp_topic_count_hidden":0,"_bbp_reply_count_hidden":0,"_bbp_forum_subforum_count":0,"footnotes":""},"class_list":["post-30","page","type-page","status-publish","hentry"],"post_mailing_queue_ids":[],"_links":{"self":[{"href":"https:\/\/agora.xtec.cat\/ceippoetafoix\/wp-json\/wp\/v2\/pages\/30","targetHints":{"allow":["GET"]}}],"collection":[{"href":"https:\/\/agora.xtec.cat\/ceippoetafoix\/wp-json\/wp\/v2\/pages"}],"about":[{"href":"https:\/\/agora.xtec.cat\/ceippoetafoix\/wp-json\/wp\/v2\/types\/page"}],"author":[{"embeddable":true,"href":"https:\/\/agora.xtec.cat\/ceippoetafoix\/wp-json\/wp\/v2\/users\/2"}],"replies":[{"embeddable":true,"href":"https:\/\/agora.xtec.cat\/ceippoetafoix\/wp-json\/wp\/v2\/comments?post=30"}],"version-history":[{"count":5,"href":"https:\/\/agora.xtec.cat\/ceippoetafoix\/wp-json\/wp\/v2\/pages\/30\/revisions"}],"predecessor-version":[{"id":10271,"href":"https:\/\/agora.xtec.cat\/ceippoetafoix\/wp-json\/wp\/v2\/pages\/30\/revisions\/10271"}],"up":[{"embeddable":true,"href":"https:\/\/agora.xtec.cat\/ceippoetafoix\/wp-json\/wp\/v2\/pages\/3554"}],"wp:attachment":[{"href":"https:\/\/agora.xtec.cat\/ceippoetafoix\/wp-json\/wp\/v2\/media?parent=30"}],"curies":[{"name":"wp","href":"https:\/\/api.w.org\/{rel}","templated":true}]}}