{"id":26,"date":"2014-09-18T12:24:32","date_gmt":"2014-09-18T11:24:32","guid":{"rendered":"http:\/\/agora.xtec.cat\/ceippoetafoix\/\/?page_id=26"},"modified":"2023-06-22T17:22:38","modified_gmt":"2023-06-22T15:22:38","slug":"historia","status":"publish","type":"page","link":"https:\/\/agora.xtec.cat\/ceippoetafoix\/lescola\/historia\/","title":{"rendered":"Hist\u00f2ria"},"content":{"rendered":"<p>El 1895 els futurs marquesos de Juli\u00e0 van construir una torre d\u2019estiueig a Sant\u00a0Gervasi, a l\u2019actual carrer Balmes 298.<\/p>\n<p style=\"text-align: justify;\">L&#8217;any 1929 els marquesos de Juli\u00e0 van llogar la torre i jardins a un grup d&#8217;intel\u00b7lectuals vinculats al m\u00f3n de l&#8217;educaci\u00f3 per a posar en marxa una escola de p\u00e0rvuls de car\u00e0cter progressista anomenada <em>Instituci\u00f3n Cultural Pedagogium. <\/em>L\u2019escola seguia els m\u00e8todes Montessori i Decroly i es preocupava per incorporar a les aules les metodologies did\u00e0ctiques que potenciaven l\u2019ensenyament actiu.<\/p>\n<p style=\"text-align: justify;\">El 1941, es va obrir el grup escolar de nenes i p\u00e0rvuls <em>Argentina,<\/em> com a escola p\u00fablica municipal.<\/p>\n<p style=\"text-align: justify;\">El 1976 es va voler enderrocar i fer-ne blocs de pisos. La reacci\u00f3 de les fam\u00edlies, de l\u2019Associaci\u00f3 de ve\u00efns de Sant Gervasi i de diferents grups pol\u00edtics, sindicats i entitats de tota mena ho van impedir.<\/p>\n<p style=\"text-align: justify;\">El 1987 es va inaugurar el nou centre amb una nova edificaci\u00f3 que respectava la torre modernista on va comen\u00e7ar l\u2019escola. M\u00e9s endavant, l&#8217;escola Rep\u00fablica Argentina es va fusionar, de forma progressiva, amb l\u2019escola Uruguay, situada al c\/Vallirana n.2, passant a denominar-se Rep\u00fablica Argentina-Uruguay (Ordre 16-6-89)<\/p>\n<p>A partir de la Resoluci\u00f3 del 13 d\u2019abril de 1999 (DOCG 9\/12\/1996) s&#8217;anomena\u00a0<strong>\u00a0Escola Poeta Foix<\/strong>.<\/p>\n","protected":false},"excerpt":{"rendered":"<p>El 1895 els futurs marquesos de Juli\u00e0 van construir una torre d\u2019estiueig a Sant\u00a0Gervasi, a l\u2019actual carrer Balmes 298.<br \/>\nL&#8217;any 1929 els marquesos de Juli\u00e0 van llogar la torre i jardins a un grup d&#8217;intel\u00b7lectuals vinculats al m\u00f3n de l&#8217;educaci\u00f3 per a posar en marxa una&hellip;  <a href=\"https:\/\/agora.xtec.cat\/ceippoetafoix\/lescola\/historia\/\" title=\"Read Hist\u00f2ria\">Llegeix m\u00e9s\u00bb<\/a><\/p>\n","protected":false},"author":2,"featured_media":0,"parent":3554,"menu_order":2,"comment_status":"closed","ping_status":"closed","template":"page-templates\/side-menu.php","meta":{"_bbp_topic_count":0,"_bbp_reply_count":0,"_bbp_total_topic_count":0,"_bbp_total_reply_count":0,"_bbp_voice_count":0,"_bbp_anonymous_reply_count":0,"_bbp_topic_count_hidden":0,"_bbp_reply_count_hidden":0,"_bbp_forum_subforum_count":0,"footnotes":""},"class_list":["post-26","page","type-page","status-publish","hentry"],"post_mailing_queue_ids":[],"_links":{"self":[{"href":"https:\/\/agora.xtec.cat\/ceippoetafoix\/wp-json\/wp\/v2\/pages\/26","targetHints":{"allow":["GET"]}}],"collection":[{"href":"https:\/\/agora.xtec.cat\/ceippoetafoix\/wp-json\/wp\/v2\/pages"}],"about":[{"href":"https:\/\/agora.xtec.cat\/ceippoetafoix\/wp-json\/wp\/v2\/types\/page"}],"author":[{"embeddable":true,"href":"https:\/\/agora.xtec.cat\/ceippoetafoix\/wp-json\/wp\/v2\/users\/2"}],"replies":[{"embeddable":true,"href":"https:\/\/agora.xtec.cat\/ceippoetafoix\/wp-json\/wp\/v2\/comments?post=26"}],"version-history":[{"count":3,"href":"https:\/\/agora.xtec.cat\/ceippoetafoix\/wp-json\/wp\/v2\/pages\/26\/revisions"}],"predecessor-version":[{"id":10082,"href":"https:\/\/agora.xtec.cat\/ceippoetafoix\/wp-json\/wp\/v2\/pages\/26\/revisions\/10082"}],"up":[{"embeddable":true,"href":"https:\/\/agora.xtec.cat\/ceippoetafoix\/wp-json\/wp\/v2\/pages\/3554"}],"wp:attachment":[{"href":"https:\/\/agora.xtec.cat\/ceippoetafoix\/wp-json\/wp\/v2\/media?parent=26"}],"curies":[{"name":"wp","href":"https:\/\/api.w.org\/{rel}","templated":true}]}}