{"id":2173,"date":"2013-09-12T14:29:09","date_gmt":"2013-09-12T13:29:09","guid":{"rendered":"http:\/\/blocs.xtec.cat\/ceippoetafoix\/?page_id=2173"},"modified":"2024-01-26T15:19:12","modified_gmt":"2024-01-26T14:19:12","slug":"j-v-foix","status":"publish","type":"page","link":"https:\/\/agora.xtec.cat\/ceippoetafoix\/aliances\/j-v-foix\/","title":{"rendered":"J.V.FOIX"},"content":{"rendered":"<p>&nbsp;<\/p>\n<p style=\"text-align: center;\"><span style=\"color: #4ca49c; font-size: 14pt;\">J. V. Foix (1893-1987)<\/span><\/p>\n<p>Neix a Sarri\u00e0 (Barcelona).<br \/>\nJ. V. Foix comen\u00e7a la carrera de dret, per\u00f2 l&#8217;abandona per la seva afici\u00f3 a la lectura. El 1917, J. Folguera l&#8217;incorpora a<em> La Revista<\/em> i, l&#8217;any seg\u00fcent \u00e9s director de<em> Trossos<\/em>, que havia fundat J. M. Junoy.<br \/>\nL&#8217;any 1927 publica <strong><em>Gertrudis<\/em> <\/strong>i el 1932 <strong>KRTU<\/strong>, dos llibres de prosa poem\u00e0tica que s\u00f3n part integrant d&#8217;un extens diari que Foix data el 1918. Quan <em>La<\/em> <em>Publicitat<\/em> esdev\u00e9 catalanista, en dirigeix la secci\u00f3 liter\u00e0ria i hi col\u00b7labora di\u00e0riament amb el pseud\u00f2nim de <em>Focius<\/em>. Despr\u00e9s d&#8217;un llarg per\u00edode de silenci, l&#8217;any 1947 apareix la seva primera obra po\u00e8tica <strong>Sol, i de dol<\/strong>, que havia estat impresa el 1936.<\/p>\n<p>Foix combina la tradici\u00f3 human\u00edstica catalana amb els corrents literaris m\u00e9s nous, els quals adapta amb una originalitat singular. S&#8217;autodefineix com un &#8220;investigador en poesia&#8221;. La seva actitud la resumeix ell mateix amb el conegut vers <em>M&#8217;exalta el nou i m&#8217;enamora el<\/em> <em>vell.<\/em><\/p>\n<p>Foix publica poesia molt tardanament. De fet, la difusi\u00f3 del poeta no comen\u00e7a fins a la d\u00e8cada de 1950. Gimferrer considera &#8220;Sol, i de dol&#8221; -un recull que consta de setanta sonets dividits en cinc seccions-, un dels grans llibres de la poesia catalana moderna. Combinaci\u00f3 de poesia doctrinal, did\u00e0ctica i de meditaci\u00f3 sobre el m\u00f3n, l&#8217;autor hi presenta el seu ideal art\u00edstic: L&#8217;equilibri, suprem, classicista.<\/p>\n<p>El 1956 publica<strong> Del &#8220;Diari 1918&#8221;<\/strong>, una continuaci\u00f3 de Gertrudis o KRTU, per\u00f2, alhora, una evoluci\u00f3 pel que fa a la concepci\u00f3 filos\u00f2fica del m\u00f3n o a les idees del poeta. A partir d&#8217;aqu\u00ed, comen\u00e7a a publicar amb regularitat poemes diversos i proses po\u00e8tiques.<\/p>\n<p>El seu \u00faltim llibre po\u00e8tic \u00e9s<strong> Cr\u00f2niques d&#8217;ultrason<\/strong>, en prosa, publicat el 1985. Mor a casa seva el 29 de gener de 1987, l&#8217;endem\u00e0 d&#8217;haver fet 94 anys.<br \/>\nFOIX<\/p>\n<p>&nbsp;<\/p>\n<p>Si vols saber m\u00e9s fes clic <a href=\"https:\/\/agora.xtec.cat\/ceippoetafoix\/categoria\/j-v-foix\/\" target=\"_blank\" rel=\"noopener\">aqu\u00ed<\/a> i llegeix els articles de la web sobre el J.V. Foix. Tamb\u00e9 pots fer clic <a href=\"https:\/\/fundaciojvfoix.org\/ca\/?v=04c19fa1e772\" target=\"_blank\" rel=\"noopener\">aqu\u00ed <\/a>per visitar la web de la fundaci\u00f3.<\/p>\n","protected":false},"excerpt":{"rendered":"<p>&nbsp;<br \/>\nJ. V. Foix (1893-1987)<br \/>\nNeix a Sarri\u00e0 (Barcelona).<br \/>\nJ. V. Foix comen\u00e7a la carrera de dret, per\u00f2 l&#8217;abandona per la seva afici\u00f3 a la lectura. El 1917, J. Folguera l&#8217;incorpora a La Revista i, l&#8217;any seg\u00fcent \u00e9s director de Trossos, que havia fundat J. M. Junoy.<br \/>\nL&#8217;any 1927&hellip;  <a href=\"https:\/\/agora.xtec.cat\/ceippoetafoix\/aliances\/j-v-foix\/\" title=\"Read J.V.FOIX\">Llegeix m\u00e9s\u00bb<\/a><\/p>\n","protected":false},"author":3,"featured_media":0,"parent":6344,"menu_order":2,"comment_status":"closed","ping_status":"closed","template":"","meta":{"_bbp_topic_count":0,"_bbp_reply_count":0,"_bbp_total_topic_count":0,"_bbp_total_reply_count":0,"_bbp_voice_count":0,"_bbp_anonymous_reply_count":0,"_bbp_topic_count_hidden":0,"_bbp_reply_count_hidden":0,"_bbp_forum_subforum_count":0,"footnotes":""},"class_list":["post-2173","page","type-page","status-publish","hentry"],"post_mailing_queue_ids":[],"_links":{"self":[{"href":"https:\/\/agora.xtec.cat\/ceippoetafoix\/wp-json\/wp\/v2\/pages\/2173","targetHints":{"allow":["GET"]}}],"collection":[{"href":"https:\/\/agora.xtec.cat\/ceippoetafoix\/wp-json\/wp\/v2\/pages"}],"about":[{"href":"https:\/\/agora.xtec.cat\/ceippoetafoix\/wp-json\/wp\/v2\/types\/page"}],"author":[{"embeddable":true,"href":"https:\/\/agora.xtec.cat\/ceippoetafoix\/wp-json\/wp\/v2\/users\/3"}],"replies":[{"embeddable":true,"href":"https:\/\/agora.xtec.cat\/ceippoetafoix\/wp-json\/wp\/v2\/comments?post=2173"}],"version-history":[{"count":4,"href":"https:\/\/agora.xtec.cat\/ceippoetafoix\/wp-json\/wp\/v2\/pages\/2173\/revisions"}],"predecessor-version":[{"id":10407,"href":"https:\/\/agora.xtec.cat\/ceippoetafoix\/wp-json\/wp\/v2\/pages\/2173\/revisions\/10407"}],"up":[{"embeddable":true,"href":"https:\/\/agora.xtec.cat\/ceippoetafoix\/wp-json\/wp\/v2\/pages\/6344"}],"wp:attachment":[{"href":"https:\/\/agora.xtec.cat\/ceippoetafoix\/wp-json\/wp\/v2\/media?parent=2173"}],"curies":[{"name":"wp","href":"https:\/\/api.w.org\/{rel}","templated":true}]}}