{"id":11162,"date":"2025-04-03T14:01:21","date_gmt":"2025-04-03T12:01:21","guid":{"rendered":"https:\/\/agora.xtec.cat\/ceippoetafoix\/?page_id=11162"},"modified":"2025-04-03T14:01:21","modified_gmt":"2025-04-03T12:01:21","slug":"projecte-patis-inclusius","status":"publish","type":"page","link":"https:\/\/agora.xtec.cat\/ceippoetafoix\/projecte-patis-inclusius\/","title":{"rendered":"Projecte Patis Inclusius"},"content":{"rendered":"<p>A l\u2019Escola Poeta Foix entenem que l\u2019educaci\u00f3 no nom\u00e9s es produeix dins les aules. Els espais d\u2019esbarjo s\u00f3n moments fonamentals per al desenvolupament emocional, social i relacional dels infants. \u00c9s per aix\u00f2 que hem posat en marxa el projecte <a href=\"https:\/\/docs.google.com\/document\/d\/1qMoClfpAH02p3O-0PcZSCeb6Q7_qyV1PEm4H-NW7j_M\/edit?usp=sharing\">\u201cUn pati per a tothom\u201d<\/a>, una iniciativa que vol transformar el pati en un espai realment inclusiu, segur, acollidor i estimulant per a tots els infants, amb especial atenci\u00f3 a aquells que presenten necessitats educatives diverses.<\/p>\n","protected":false},"excerpt":{"rendered":"<p>A l\u2019Escola Poeta Foix entenem que l\u2019educaci\u00f3 no nom\u00e9s es produeix dins les aules. Els espais d\u2019esbarjo s\u00f3n moments fonamentals per al desenvolupament emocional, social i relacional dels infants. \u00c9s per aix\u00f2 que hem posat en marxa el projecte <a href=\"https:\/\/docs.google.com\/document\/d\/1qMoClfpAH02p3O-0PcZSCeb6Q7_qyV1PEm4H-NW7j_M\/edit?usp=sharing\">\u201cUn pati per a tothom\u201d<\/a>,&hellip;  <a href=\"https:\/\/agora.xtec.cat\/ceippoetafoix\/projecte-patis-inclusius\/\" title=\"Read Projecte Patis Inclusius\">Llegeix m\u00e9s\u00bb<\/a><\/p>\n","protected":false},"author":1,"featured_media":0,"parent":0,"menu_order":0,"comment_status":"closed","ping_status":"closed","template":"","meta":{"_bbp_topic_count":0,"_bbp_reply_count":0,"_bbp_total_topic_count":0,"_bbp_total_reply_count":0,"_bbp_voice_count":0,"_bbp_anonymous_reply_count":0,"_bbp_topic_count_hidden":0,"_bbp_reply_count_hidden":0,"_bbp_forum_subforum_count":0,"footnotes":""},"class_list":["post-11162","page","type-page","status-publish","hentry"],"post_mailing_queue_ids":[],"_links":{"self":[{"href":"https:\/\/agora.xtec.cat\/ceippoetafoix\/wp-json\/wp\/v2\/pages\/11162","targetHints":{"allow":["GET"]}}],"collection":[{"href":"https:\/\/agora.xtec.cat\/ceippoetafoix\/wp-json\/wp\/v2\/pages"}],"about":[{"href":"https:\/\/agora.xtec.cat\/ceippoetafoix\/wp-json\/wp\/v2\/types\/page"}],"author":[{"embeddable":true,"href":"https:\/\/agora.xtec.cat\/ceippoetafoix\/wp-json\/wp\/v2\/users\/1"}],"replies":[{"embeddable":true,"href":"https:\/\/agora.xtec.cat\/ceippoetafoix\/wp-json\/wp\/v2\/comments?post=11162"}],"version-history":[{"count":4,"href":"https:\/\/agora.xtec.cat\/ceippoetafoix\/wp-json\/wp\/v2\/pages\/11162\/revisions"}],"predecessor-version":[{"id":11170,"href":"https:\/\/agora.xtec.cat\/ceippoetafoix\/wp-json\/wp\/v2\/pages\/11162\/revisions\/11170"}],"wp:attachment":[{"href":"https:\/\/agora.xtec.cat\/ceippoetafoix\/wp-json\/wp\/v2\/media?parent=11162"}],"curies":[{"name":"wp","href":"https:\/\/api.w.org\/{rel}","templated":true}]}}