{"id":10285,"date":"2023-11-24T15:32:34","date_gmt":"2023-11-24T14:32:34","guid":{"rendered":"https:\/\/agora.xtec.cat\/ceippoetafoix\/?page_id=10285"},"modified":"2025-11-20T11:27:44","modified_gmt":"2025-11-20T10:27:44","slug":"pla-demergencia","status":"publish","type":"page","link":"https:\/\/agora.xtec.cat\/ceippoetafoix\/pla-demergencia\/","title":{"rendered":"Pla d&#8217;Emerg\u00e8ncia"},"content":{"rendered":"<p>El <a href=\"https:\/\/drive.google.com\/file\/d\/1s8qCJjohrF2M50qFGTwOSbY3hmrCkpQW\/view?usp=drive_link\" target=\"_blank\" rel=\"noopener\">Pla d&#8217;Emerg\u00e8ncia<\/a> \u00e9s un document que recull totes les actuacions que han de dur a terme els professors, els alumnes i el personal de serveis davant d&#8217;una emerg\u00e8ncia, tot fent \u00e8mfasi en la col\u00b7laboraci\u00f3 de tots els implicats, tant del centre educatiu com de les administracions p\u00fabliques i dels serveis de protecci\u00f3.<\/p>\n","protected":false},"excerpt":{"rendered":"<p>El <a href=\"https:\/\/drive.google.com\/file\/d\/1s8qCJjohrF2M50qFGTwOSbY3hmrCkpQW\/view?usp=drive_link\" target=\"_blank\" rel=\"noopener\">Pla d&#8217;Emerg\u00e8ncia<\/a> \u00e9s un document que recull totes les actuacions que han de dur a terme els professors, els alumnes i el personal de serveis davant d&#8217;una emerg\u00e8ncia, tot fent \u00e8mfasi en la col\u00b7laboraci\u00f3 de tots els implicats, tant del centre&hellip;  <a href=\"https:\/\/agora.xtec.cat\/ceippoetafoix\/pla-demergencia\/\" title=\"Read Pla d&#8217;Emerg\u00e8ncia\">Llegeix m\u00e9s\u00bb<\/a><\/p>\n","protected":false},"author":1,"featured_media":0,"parent":0,"menu_order":0,"comment_status":"closed","ping_status":"closed","template":"","meta":{"_bbp_topic_count":0,"_bbp_reply_count":0,"_bbp_total_topic_count":0,"_bbp_total_reply_count":0,"_bbp_voice_count":0,"_bbp_anonymous_reply_count":0,"_bbp_topic_count_hidden":0,"_bbp_reply_count_hidden":0,"_bbp_forum_subforum_count":0,"footnotes":""},"class_list":["post-10285","page","type-page","status-publish","hentry"],"post_mailing_queue_ids":[],"_links":{"self":[{"href":"https:\/\/agora.xtec.cat\/ceippoetafoix\/wp-json\/wp\/v2\/pages\/10285","targetHints":{"allow":["GET"]}}],"collection":[{"href":"https:\/\/agora.xtec.cat\/ceippoetafoix\/wp-json\/wp\/v2\/pages"}],"about":[{"href":"https:\/\/agora.xtec.cat\/ceippoetafoix\/wp-json\/wp\/v2\/types\/page"}],"author":[{"embeddable":true,"href":"https:\/\/agora.xtec.cat\/ceippoetafoix\/wp-json\/wp\/v2\/users\/1"}],"replies":[{"embeddable":true,"href":"https:\/\/agora.xtec.cat\/ceippoetafoix\/wp-json\/wp\/v2\/comments?post=10285"}],"version-history":[{"count":4,"href":"https:\/\/agora.xtec.cat\/ceippoetafoix\/wp-json\/wp\/v2\/pages\/10285\/revisions"}],"predecessor-version":[{"id":11392,"href":"https:\/\/agora.xtec.cat\/ceippoetafoix\/wp-json\/wp\/v2\/pages\/10285\/revisions\/11392"}],"wp:attachment":[{"href":"https:\/\/agora.xtec.cat\/ceippoetafoix\/wp-json\/wp\/v2\/media?parent=10285"}],"curies":[{"name":"wp","href":"https:\/\/api.w.org\/{rel}","templated":true}]}}