{"id":10078,"date":"2023-06-22T10:45:49","date_gmt":"2023-06-22T08:45:49","guid":{"rendered":"https:\/\/agora.xtec.cat\/ceippoetafoix\/?page_id=10078"},"modified":"2024-01-26T15:16:25","modified_gmt":"2024-01-26T14:16:25","slug":"estrategia-digital-de-centre-edc","status":"publish","type":"page","link":"https:\/\/agora.xtec.cat\/ceippoetafoix\/documents-2\/estrategia-digital-de-centre-edc\/","title":{"rendered":"Estrat\u00e8gia Digital de Centre (EDC)"},"content":{"rendered":"<p style=\"text-align: justify;\">\u00c9s el projecte on es defineixen i concreten les l\u00ednies d&#8217;actuaci\u00f3 en relaci\u00f3 amb la compet\u00e8ncia digital de l&#8217;alumnat i els\/les docents. La seva finalitat \u00e9s formalitzar quin \u00fas fem de les eines i tecnologies digitals a l&#8217;escola i com aquestes ens serveixen com a eines d&#8217;aprenentatge. Els objectius s\u00f3n que l&#8217;alumnat pugui anar desenvolupant el pensament computacional i la compet\u00e8ncia digital.<\/p>\n<p style=\"text-align: justify;\">Un dels eixos que vertebra aquest projecte digital al Poeta Foix \u00e9s la <strong>rob\u00f2tica<\/strong>, que es fa des d&#8217;I3 fins a 6\u00e8 amb diferents robots i materials. A la comunitat de petits\/es es comencen a plantejar petits reptes a resoldre, comprendre les direccions i experimentar amb els primers robots com poden fer les Beebots o el Coding Express. A la comunitat de mitjans\/es, es treballa principalment amb robots (com el Matatalab) i iPads que permeten resoldre i programar reptes m\u00e9s complexos amb Scratch Jr. A la comunitat de grans, tenen el repte de crear el seu propi robot amb Lego Wedo 2.0 per fer, a l\u2019\u00faltima sessi\u00f3, una exposici\u00f3 i intercanvi de robots. A m\u00e9s a m\u00e9s, una representaci\u00f3 de l&#8217;alumnat de 6\u00e8 participa en la <a href=\"https:\/\/firstlegoleague.soy\/\" target=\"_blank\" rel=\"noopener\">First Lego League<\/a> on es desenvolupa un projecte STEAM.<\/p>\n<p style=\"text-align: justify;\">L&#8217;alumnat de 5\u00e8 i 6\u00e8 tamb\u00e9 tenen el seu ordinador que l&#8217;escola deixa en pr\u00e9stec com una eina m\u00e9s per l&#8217;aprenentatge, aix\u00ed com per la resta d&#8217;alumnat comptem amb iPads.<br \/>\nA l&#8217;escola donem tamb\u00e9 molta import\u00e0ncia dels riscos que ens podem trobar a la xarxa educant, conjuntament amb les fam\u00edlies, en un bon \u00fas dels dispositius i una bona higiene digital.<\/p>\n<p dir=\"ltr\" style=\"text-align: justify;\">Fent <a href=\"https:\/\/sites.google.com\/xtec.cat\/edc-escola-poeta-foix?usp=sharing\" target=\"_blank\" rel=\"noopener\">clic aqu\u00ed<\/a>, podeu consultar el site de l&#8217;EDC.<\/p>\n<p dir=\"ltr\">\n","protected":false},"excerpt":{"rendered":"<p>\u00c9s el projecte on es defineixen i concreten les l\u00ednies d&#8217;actuaci\u00f3 en relaci\u00f3 amb la compet\u00e8ncia digital de l&#8217;alumnat i els\/les docents. La seva finalitat \u00e9s formalitzar quin \u00fas fem de les eines i tecnologies digitals a l&#8217;escola i com aquestes ens serveixen com a&hellip;  <a href=\"https:\/\/agora.xtec.cat\/ceippoetafoix\/documents-2\/estrategia-digital-de-centre-edc\/\" title=\"Read Estrat\u00e8gia Digital de Centre (EDC)\">Llegeix m\u00e9s\u00bb<\/a><\/p>\n","protected":false},"author":1,"featured_media":0,"parent":5064,"menu_order":2,"comment_status":"closed","ping_status":"closed","template":"","meta":{"_bbp_topic_count":0,"_bbp_reply_count":0,"_bbp_total_topic_count":0,"_bbp_total_reply_count":0,"_bbp_voice_count":0,"_bbp_anonymous_reply_count":0,"_bbp_topic_count_hidden":0,"_bbp_reply_count_hidden":0,"_bbp_forum_subforum_count":0,"footnotes":""},"class_list":["post-10078","page","type-page","status-publish","hentry"],"post_mailing_queue_ids":[],"_links":{"self":[{"href":"https:\/\/agora.xtec.cat\/ceippoetafoix\/wp-json\/wp\/v2\/pages\/10078","targetHints":{"allow":["GET"]}}],"collection":[{"href":"https:\/\/agora.xtec.cat\/ceippoetafoix\/wp-json\/wp\/v2\/pages"}],"about":[{"href":"https:\/\/agora.xtec.cat\/ceippoetafoix\/wp-json\/wp\/v2\/types\/page"}],"author":[{"embeddable":true,"href":"https:\/\/agora.xtec.cat\/ceippoetafoix\/wp-json\/wp\/v2\/users\/1"}],"replies":[{"embeddable":true,"href":"https:\/\/agora.xtec.cat\/ceippoetafoix\/wp-json\/wp\/v2\/comments?post=10078"}],"version-history":[{"count":6,"href":"https:\/\/agora.xtec.cat\/ceippoetafoix\/wp-json\/wp\/v2\/pages\/10078\/revisions"}],"predecessor-version":[{"id":10401,"href":"https:\/\/agora.xtec.cat\/ceippoetafoix\/wp-json\/wp\/v2\/pages\/10078\/revisions\/10401"}],"up":[{"embeddable":true,"href":"https:\/\/agora.xtec.cat\/ceippoetafoix\/wp-json\/wp\/v2\/pages\/5064"}],"wp:attachment":[{"href":"https:\/\/agora.xtec.cat\/ceippoetafoix\/wp-json\/wp\/v2\/media?parent=10078"}],"curies":[{"name":"wp","href":"https:\/\/api.w.org\/{rel}","templated":true}]}}