{"id":7408,"date":"2019-10-01T20:43:20","date_gmt":"2019-10-01T18:43:20","guid":{"rendered":"http:\/\/agora.xtec.cat\/ceippladelesvinyes\/?page_id=7408"},"modified":"2025-10-02T10:49:12","modified_gmt":"2025-10-02T08:49:12","slug":"autoritzacions","status":"publish","type":"page","link":"https:\/\/agora.xtec.cat\/ceippladelesvinyes\/autoritzacions\/","title":{"rendered":"Autoritzacions"},"content":{"rendered":"\n\n\n<div data-wp-interactive=\"core\/file\" class=\"wp-block-file\"><object data-wp-bind--hidden=\"!state.hasPdfPreview\" hidden class=\"wp-block-file__embed\" data=\"https:\/\/agora.xtec.cat\/ceippladelesvinyes\/wp-content\/uploads\/usu1439\/2025\/10\/Autoritzacio-dades-bancaries.pdf\" type=\"application\/pdf\" style=\"width:100%;height:600px\" aria-label=\"Incrustaci\u00f3 del fitxer Autoritzaci\u00f3 dades banc\u00e0ries.\"><\/object><a id=\"wp-block-file--media-b74a62ab-06c0-4f3f-997d-bcfa9c4d2df7\" href=\"https:\/\/agora.xtec.cat\/ceippladelesvinyes\/wp-content\/uploads\/usu1439\/2025\/10\/Autoritzacio-dades-bancaries.pdf\">Autoritzaci\u00f3 dades banc\u00e0ries<\/a><a href=\"https:\/\/agora.xtec.cat\/ceippladelesvinyes\/wp-content\/uploads\/usu1439\/2025\/10\/Autoritzacio-dades-bancaries.pdf\" class=\"wp-block-file__button wp-element-button\" download aria-describedby=\"wp-block-file--media-b74a62ab-06c0-4f3f-997d-bcfa9c4d2df7\">Baixa<\/a><\/div>\n\n\n\n<div data-wp-interactive=\"core\/file\" class=\"wp-block-file\"><object data-wp-bind--hidden=\"!state.hasPdfPreview\" hidden class=\"wp-block-file__embed\" data=\"https:\/\/agora.xtec.cat\/ceippladelesvinyes\/wp-content\/uploads\/usu1439\/2025\/10\/Autoritzacio-mail-i-telefons.pdf\" type=\"application\/pdf\" style=\"width:100%;height:600px\" aria-label=\"Incrustaci\u00f3 del fitxer Autoritzaci\u00f3 mail i tel\u00e8fons.\"><\/object><a id=\"wp-block-file--media-286a9f47-4932-46e4-8e91-4f26595728c0\" href=\"https:\/\/agora.xtec.cat\/ceippladelesvinyes\/wp-content\/uploads\/usu1439\/2025\/10\/Autoritzacio-mail-i-telefons.pdf\">Autoritzaci\u00f3 mail i tel\u00e8fons<\/a><a href=\"https:\/\/agora.xtec.cat\/ceippladelesvinyes\/wp-content\/uploads\/usu1439\/2025\/10\/Autoritzacio-mail-i-telefons.pdf\" class=\"wp-block-file__button wp-element-button\" download aria-describedby=\"wp-block-file--media-286a9f47-4932-46e4-8e91-4f26595728c0\">Baixa<\/a><\/div>\n\n\n\n<div data-wp-interactive=\"core\/file\" class=\"wp-block-file\"><object data-wp-bind--hidden=\"!state.hasPdfPreview\" hidden class=\"wp-block-file__embed\" data=\"https:\/\/agora.xtec.cat\/ceippladelesvinyes\/wp-content\/uploads\/usu1439\/2025\/10\/Autoritzacio-Paracetamol.pdf\" type=\"application\/pdf\" style=\"width:100%;height:600px\" aria-label=\"Incrustaci\u00f3 del fitxer Autoritzaci\u00f3 Paracetamol.\"><\/object><a id=\"wp-block-file--media-501a320a-fc00-473b-a296-c6ce2cbfab45\" href=\"https:\/\/agora.xtec.cat\/ceippladelesvinyes\/wp-content\/uploads\/usu1439\/2025\/10\/Autoritzacio-Paracetamol.pdf\">Autoritzaci\u00f3 Paracetamol<\/a><a href=\"https:\/\/agora.xtec.cat\/ceippladelesvinyes\/wp-content\/uploads\/usu1439\/2025\/10\/Autoritzacio-Paracetamol.pdf\" class=\"wp-block-file__button wp-element-button\" download aria-describedby=\"wp-block-file--media-501a320a-fc00-473b-a296-c6ce2cbfab45\">Baixa<\/a><\/div>\n\n\n\n<div data-wp-interactive=\"core\/file\" class=\"wp-block-file\"><object data-wp-bind--hidden=\"!state.hasPdfPreview\" hidden class=\"wp-block-file__embed\" data=\"https:\/\/agora.xtec.cat\/ceippladelesvinyes\/wp-content\/uploads\/usu1439\/2025\/10\/Autoritzacio-per-marxar-sol-o-sola.pdf\" type=\"application\/pdf\" style=\"width:100%;height:600px\" aria-label=\"Incrustaci\u00f3 del fitxer Autoritzaci\u00f3 per marxar sol o sola.\"><\/object><a id=\"wp-block-file--media-7d70f2cd-59ac-44af-bade-f22c4c26856b\" href=\"https:\/\/agora.xtec.cat\/ceippladelesvinyes\/wp-content\/uploads\/usu1439\/2025\/10\/Autoritzacio-per-marxar-sol-o-sola.pdf\">Autoritzaci\u00f3 per marxar sol o sola<\/a><a href=\"https:\/\/agora.xtec.cat\/ceippladelesvinyes\/wp-content\/uploads\/usu1439\/2025\/10\/Autoritzacio-per-marxar-sol-o-sola.pdf\" class=\"wp-block-file__button wp-element-button\" download aria-describedby=\"wp-block-file--media-7d70f2cd-59ac-44af-bade-f22c4c26856b\">Baixa<\/a><\/div>\n\n\n\n<div data-wp-interactive=\"core\/file\" class=\"wp-block-file\"><object data-wp-bind--hidden=\"!state.hasPdfPreview\" hidden class=\"wp-block-file__embed\" data=\"https:\/\/agora.xtec.cat\/ceippladelesvinyes\/wp-content\/uploads\/usu1439\/2025\/10\/Autoritzacio-recollida-dinfants-per-menors.pdf\" type=\"application\/pdf\" style=\"width:100%;height:600px\" aria-label=\"Incrustaci\u00f3 del fitxer Autoritzaci\u00f3 recollida d&#039;infants per menors.\"><\/object><a id=\"wp-block-file--media-08ff8d21-5a04-4b32-b0f6-105138c24453\" href=\"https:\/\/agora.xtec.cat\/ceippladelesvinyes\/wp-content\/uploads\/usu1439\/2025\/10\/Autoritzacio-recollida-dinfants-per-menors.pdf\">Autoritzaci\u00f3 recollida d&#8217;infants per menors<\/a><a href=\"https:\/\/agora.xtec.cat\/ceippladelesvinyes\/wp-content\/uploads\/usu1439\/2025\/10\/Autoritzacio-recollida-dinfants-per-menors.pdf\" class=\"wp-block-file__button wp-element-button\" download aria-describedby=\"wp-block-file--media-08ff8d21-5a04-4b32-b0f6-105138c24453\">Baixa<\/a><\/div>\n\n\n\n<div data-wp-interactive=\"core\/file\" class=\"wp-block-file\"><object data-wp-bind--hidden=\"!state.hasPdfPreview\" hidden class=\"wp-block-file__embed\" data=\"https:\/\/agora.xtec.cat\/ceippladelesvinyes\/wp-content\/uploads\/usu1439\/2025\/10\/Canvi-email.pdf\" type=\"application\/pdf\" style=\"width:100%;height:600px\" aria-label=\"Incrustaci\u00f3 del fitxer Canvi email.\"><\/object><a id=\"wp-block-file--media-d65ee850-a6dc-4899-b6a4-a374873efc67\" href=\"https:\/\/agora.xtec.cat\/ceippladelesvinyes\/wp-content\/uploads\/usu1439\/2025\/10\/Canvi-email.pdf\">Canvi email<\/a><a href=\"https:\/\/agora.xtec.cat\/ceippladelesvinyes\/wp-content\/uploads\/usu1439\/2025\/10\/Canvi-email.pdf\" class=\"wp-block-file__button wp-element-button\" download aria-describedby=\"wp-block-file--media-d65ee850-a6dc-4899-b6a4-a374873efc67\">Baixa<\/a><\/div>\n\n\n\n<div data-wp-interactive=\"core\/file\" class=\"wp-block-file\"><object data-wp-bind--hidden=\"!state.hasPdfPreview\" hidden class=\"wp-block-file__embed\" data=\"https:\/\/agora.xtec.cat\/ceippladelesvinyes\/wp-content\/uploads\/usu1439\/2025\/10\/Fitxa-salut-i-enquesta-inicial.pdf\" type=\"application\/pdf\" style=\"width:100%;height:600px\" aria-label=\"Incrustaci\u00f3 del fitxer Fitxa salut i enquesta inicial.\"><\/object><a id=\"wp-block-file--media-5a68ccf8-5311-4eaf-bec3-ce3dd0081b1a\" href=\"https:\/\/agora.xtec.cat\/ceippladelesvinyes\/wp-content\/uploads\/usu1439\/2025\/10\/Fitxa-salut-i-enquesta-inicial.pdf\">Fitxa salut i enquesta inicial<\/a><a href=\"https:\/\/agora.xtec.cat\/ceippladelesvinyes\/wp-content\/uploads\/usu1439\/2025\/10\/Fitxa-salut-i-enquesta-inicial.pdf\" class=\"wp-block-file__button wp-element-button\" download aria-describedby=\"wp-block-file--media-5a68ccf8-5311-4eaf-bec3-ce3dd0081b1a\">Baixa<\/a><\/div>\n","protected":false},"excerpt":{"rendered":"","protected":false},"author":1,"featured_media":0,"parent":0,"menu_order":0,"comment_status":"closed","ping_status":"closed","template":"","meta":{"_bbp_topic_count":0,"_bbp_reply_count":0,"_bbp_total_topic_count":0,"_bbp_total_reply_count":0,"_bbp_voice_count":0,"_bbp_anonymous_reply_count":0,"_bbp_topic_count_hidden":0,"_bbp_reply_count_hidden":0,"_bbp_forum_subforum_count":0,"site-sidebar-layout":"default","site-content-layout":"","ast-site-content-layout":"default","site-content-style":"default","site-sidebar-style":"default","ast-global-header-display":"","ast-banner-title-visibility":"","ast-main-header-display":"","ast-hfb-above-header-display":"","ast-hfb-below-header-display":"","ast-hfb-mobile-header-display":"","site-post-title":"","ast-breadcrumbs-content":"","ast-featured-img":"","footer-sml-layout":"","theme-transparent-header-meta":"","adv-header-id-meta":"","stick-header-meta":"","header-above-stick-meta":"","header-main-stick-meta":"","header-below-stick-meta":"","astra-migrate-meta-layouts":"set","ast-page-background-enabled":"default","ast-page-background-meta":{"desktop":{"background-color":"var(--ast-global-color-4)","background-image":"","background-repeat":"repeat","background-position":"center center","background-size":"auto","background-attachment":"scroll","background-type":"","background-media":"","overlay-type":"","overlay-color":"","overlay-opacity":"","overlay-gradient":""},"tablet":{"background-color":"","background-image":"","background-repeat":"repeat","background-position":"center center","background-size":"auto","background-attachment":"scroll","background-type":"","background-media":"","overlay-type":"","overlay-color":"","overlay-opacity":"","overlay-gradient":""},"mobile":{"background-color":"","background-image":"","background-repeat":"repeat","background-position":"center center","background-size":"auto","background-attachment":"scroll","background-type":"","background-media":"","overlay-type":"","overlay-color":"","overlay-opacity":"","overlay-gradient":""}},"ast-content-background-meta":{"desktop":{"background-color":"var(--ast-global-color-5)","background-image":"","background-repeat":"repeat","background-position":"center center","background-size":"auto","background-attachment":"scroll","background-type":"","background-media":"","overlay-type":"","overlay-color":"","overlay-opacity":"","overlay-gradient":""},"tablet":{"background-color":"var(--ast-global-color-5)","background-image":"","background-repeat":"repeat","background-position":"center center","background-size":"auto","background-attachment":"scroll","background-type":"","background-media":"","overlay-type":"","overlay-color":"","overlay-opacity":"","overlay-gradient":""},"mobile":{"background-color":"var(--ast-global-color-5)","background-image":"","background-repeat":"repeat","background-position":"center center","background-size":"auto","background-attachment":"scroll","background-type":"","background-media":"","overlay-type":"","overlay-color":"","overlay-opacity":"","overlay-gradient":""}},"footnotes":""},"class_list":["post-7408","page","type-page","status-publish","hentry"],"post_mailing_queue_ids":[],"_links":{"self":[{"href":"https:\/\/agora.xtec.cat\/ceippladelesvinyes\/wp-json\/wp\/v2\/pages\/7408","targetHints":{"allow":["GET"]}}],"collection":[{"href":"https:\/\/agora.xtec.cat\/ceippladelesvinyes\/wp-json\/wp\/v2\/pages"}],"about":[{"href":"https:\/\/agora.xtec.cat\/ceippladelesvinyes\/wp-json\/wp\/v2\/types\/page"}],"author":[{"embeddable":true,"href":"https:\/\/agora.xtec.cat\/ceippladelesvinyes\/wp-json\/wp\/v2\/users\/1"}],"replies":[{"embeddable":true,"href":"https:\/\/agora.xtec.cat\/ceippladelesvinyes\/wp-json\/wp\/v2\/comments?post=7408"}],"version-history":[{"count":6,"href":"https:\/\/agora.xtec.cat\/ceippladelesvinyes\/wp-json\/wp\/v2\/pages\/7408\/revisions"}],"predecessor-version":[{"id":14229,"href":"https:\/\/agora.xtec.cat\/ceippladelesvinyes\/wp-json\/wp\/v2\/pages\/7408\/revisions\/14229"}],"wp:attachment":[{"href":"https:\/\/agora.xtec.cat\/ceippladelesvinyes\/wp-json\/wp\/v2\/media?parent=7408"}],"curies":[{"name":"wp","href":"https:\/\/api.w.org\/{rel}","templated":true}]}}